{"id":10039,"date":"2021-06-07T14:33:42","date_gmt":"2021-06-07T12:33:42","guid":{"rendered":"https:\/\/www.ericfavre.com\/lifestyle\/es\/?page_id=10039"},"modified":"2021-09-22T11:29:49","modified_gmt":"2021-09-22T09:29:49","slug":"la-isoleucina","status":"publish","type":"page","link":"https:\/\/www.ericfavre.com\/lifestyle\/es\/bienvenida\/nutricion-deportiva\/nutrientes\/zoom-sobre-macronutrientes-y-micronutrientes\/macronutrientes\/proteinas\/aminoacidos\/lista-de-aminoacidos\/la-isoleucina\/","title":{"rendered":"LA ISOLEUCINA"},"content":{"rendered":"\t\t<div data-elementor-type=\"wp-page\" data-elementor-id=\"10039\" class=\"elementor elementor-10039\" data-elementor-settings=\"[]\">\n\t\t\t\t\t\t\t<div class=\"elementor-section-wrap\">\n\t\t\t\t\t\t\t<section class=\"penci-section penci-disSticky penci-structure-10 elementor-section elementor-top-section elementor-element elementor-element-3c4813d elementor-section-boxed elementor-section-height-default elementor-section-height-default\" data-id=\"3c4813d\" data-element_type=\"section\">\n\t\t\t\t\t\t<div class=\"elementor-container elementor-column-gap-default\">\n\t\t\t\t\t<div class=\"penci-ercol-100 penci-ercol-order-1 penci-sticky-ct  elementor-column elementor-col-100 elementor-top-column elementor-element elementor-element-0b4f746\" data-id=\"0b4f746\" data-element_type=\"column\">\n\t\t\t<div class=\"elementor-widget-wrap elementor-element-populated\">\n\t\t\t\t\t\t\t\t<div class=\"elementor-element elementor-element-fab8759 elementor-widget elementor-widget-html\" data-id=\"fab8759\" data-element_type=\"widget\" data-widget_type=\"html.default\">\n\t\t\t\t<div class=\"elementor-widget-container\">\n\t\t\t<p>\r\n      La ISOLEUCINA descubierta en 1904 por Felix Ehrlich es uno de los&nbsp;&nbsp;9<b>amino\u00e1cidos<\/b>&nbsp;&nbsp;esenciales \r\n      para el hombre. Este amino\u00e1cido no puede ser sintetizado por el \r\n      organismo, por lo que debe ser aportada por la alimentaci\u00f3n. Junto con \r\n      la leucina y la valina pertenece a los BCAA (amino\u00e1cidos de cadena \r\n      ramificada). Es un amino\u00e1cido glucoformador, es decir, su degradaci\u00f3n \r\n      puede formar hidratos de carbono al pasar por el ciclo de Krebs.\r\n    <\/p>\r\n    <h2>\r\n      SU PAPEL\r\n    <\/h2>\r\n    <ul>\r\n      <li>\r\n        Fuente de energ\u00eda muscular\r\n      <\/li>\r\n      <li>\r\n        Previene el catabolismo muscular\r\n      <\/li>\r\n      <li>\r\n        Mejora la resistencia al ejercicio\r\n      <\/li>\r\n      <li>\r\n        Necesario para la formaci\u00f3n de hemoglobina\r\n      <\/li>\r\n      <li>\r\n        Estabiliza y regula los niveles de glucosa en sangre\r\n      <\/li>\r\n      <li>\r\n        Mejora la recuperaci\u00f3n de los deportistas\r\n      <\/li>\r\n      <li>\r\n        Antiestr\u00e9s\r\n      <\/li>\r\n      <li>\r\n        Quema grasa*\r\n      <\/li>\r\n    <\/ul>\r\n    <p>\r\n      <em>* Los BCAA's han demostrado mejorar la quema de grasa, particularmente \r\n      la Leucina, pero estudios japoneses recientes, (1) han encontrado que la \r\n      suplementaci\u00f3n con isoleucina tambi\u00e9n puede resultar en la p\u00e9rdida de \r\n      peso y la disminuci\u00f3n del crecimiento del tejido graso en ratones. Las \r\n      cantidades de \u00e1cidos grasos en los m\u00fasculos y el h\u00edgado se redujeron, lo \r\n      que indica que estos \u00f3rganos quemaron m\u00e1s grasa.<\/em>\r\n    <\/p>\r\n    <h2>\r\n      Requisitos de la Isoleucina\r\n    <\/h2>\r\n    <p>\r\n      Las necesidades se estiman entre 1 y 20g por d\u00eda, por lo general, se \r\n      recomienda entre 10 y 12 mg por kilo de peso corporal y ciertamente un \r\n      poco m\u00e1s para los deportistas.\r\n    <\/p>\r\n    <h2>\r\n      USOS TERAP\u00c9UTICOS\r\n    <\/h2>\r\n    <p>\r\n      La isoleucina puede tener valor en el tratamiento de ciertas \r\n      enfermedades mentales cr\u00f3nicas.\r\n    <\/p>\r\n    <h2>\r\n      ELEMENTOS COACTIVOS\r\n    <\/h2>\r\n    <ul>\r\n      <li>\r\n        Minerales: Cobre, magnesio, rubidio\r\n      <\/li>\r\n      <li>\r\n        Vitaminas: B1, B2, B6, B8\r\n      <\/li>\r\n      <li>\r\n        Amino\u00e1cidos: \u00c1cido glut\u00e1mico\r\n      <\/li>\r\n    <\/ul>\r\n    <h2>\r\n      FUENTES DE ALIMENTACI\u00d3N\r\n    <\/h2>\r\n    <ul>\r\n      <li>\r\n        Carne y aves\r\n      <\/li>\r\n      <li>\r\n        H\u00edgado\r\n      <\/li>\r\n      <li>\r\n        Pescado\r\n      <\/li>\r\n      <li>\r\n        Huevos\r\n      <\/li>\r\n      <li>\r\n        Leche y queso\r\n      <\/li>\r\n      <li>\r\n        Cereales integrales (trigo, arroz, centeno, soja)\r\n      <\/li>\r\n      <li>\r\n        Jud\u00edas, garbanzos, lentejas\r\n      <\/li>\r\n    <\/ul>\t\t<\/div>\n\t\t\t\t<\/div>\n\t\t\t\t\t<\/div>\n\t\t<\/div>\n\t\t\t\t\t\t\t<\/div>\n\t\t<\/section>\n\t\t\t\t\t\t<\/div>\n\t\t\t\t\t<\/div>\n\t\t","protected":false},"excerpt":{"rendered":"<p>La ISOLEUCINA descubierta en 1904 por Felix Ehrlich es uno de los&nbsp;&nbsp;9amino\u00e1cidos&nbsp;&nbsp;esenciales para el hombre.&hellip;<\/p>\n","protected":false},"author":71,"featured_media":35197,"parent":9213,"menu_order":0,"comment_status":"closed","ping_status":"closed","template":"template_ES.php","meta":[],"_links":{"self":[{"href":"https:\/\/www.ericfavre.com\/lifestyle\/es\/wp-json\/wp\/v2\/pages\/10039"}],"collection":[{"href":"https:\/\/www.ericfavre.com\/lifestyle\/es\/wp-json\/wp\/v2\/pages"}],"about":[{"href":"https:\/\/www.ericfavre.com\/lifestyle\/es\/wp-json\/wp\/v2\/types\/page"}],"author":[{"embeddable":true,"href":"https:\/\/www.ericfavre.com\/lifestyle\/es\/wp-json\/wp\/v2\/users\/71"}],"replies":[{"embeddable":true,"href":"https:\/\/www.ericfavre.com\/lifestyle\/es\/wp-json\/wp\/v2\/comments?post=10039"}],"version-history":[{"count":6,"href":"https:\/\/www.ericfavre.com\/lifestyle\/es\/wp-json\/wp\/v2\/pages\/10039\/revisions"}],"predecessor-version":[{"id":10081,"href":"https:\/\/www.ericfavre.com\/lifestyle\/es\/wp-json\/wp\/v2\/pages\/10039\/revisions\/10081"}],"up":[{"embeddable":true,"href":"https:\/\/www.ericfavre.com\/lifestyle\/es\/wp-json\/wp\/v2\/pages\/9213"}],"wp:featuredmedia":[{"embeddable":true,"href":"https:\/\/www.ericfavre.com\/lifestyle\/es\/wp-json\/wp\/v2\/media\/35197"}],"wp:attachment":[{"href":"https:\/\/www.ericfavre.com\/lifestyle\/es\/wp-json\/wp\/v2\/media?parent=10039"}],"curies":[{"name":"wp","href":"https:\/\/api.w.org\/{rel}","templated":true}]}}