{"id":10088,"date":"2021-06-07T14:34:30","date_gmt":"2021-06-07T12:34:30","guid":{"rendered":"https:\/\/www.ericfavre.com\/lifestyle\/es\/?page_id=10088"},"modified":"2021-09-22T11:30:21","modified_gmt":"2021-09-22T09:30:21","slug":"la-prolina","status":"publish","type":"page","link":"https:\/\/www.ericfavre.com\/lifestyle\/es\/bienvenida\/nutricion-deportiva\/nutrientes\/zoom-sobre-macronutrientes-y-micronutrientes\/macronutrientes\/proteinas\/aminoacidos\/lista-de-aminoacidos\/la-prolina\/","title":{"rendered":"LA PROLINA"},"content":{"rendered":"\t\t<div data-elementor-type=\"wp-page\" data-elementor-id=\"10088\" class=\"elementor elementor-10088\" data-elementor-settings=\"[]\">\n\t\t\t\t\t\t\t<div class=\"elementor-section-wrap\">\n\t\t\t\t\t\t\t<section class=\"penci-section penci-disSticky penci-structure-10 elementor-section elementor-top-section elementor-element elementor-element-d60dc68 elementor-section-boxed elementor-section-height-default elementor-section-height-default\" data-id=\"d60dc68\" data-element_type=\"section\">\n\t\t\t\t\t\t<div class=\"elementor-container elementor-column-gap-default\">\n\t\t\t\t\t<div class=\"penci-ercol-100 penci-ercol-order-1 penci-sticky-ct  elementor-column elementor-col-100 elementor-top-column elementor-element elementor-element-dd2ea2a\" data-id=\"dd2ea2a\" data-element_type=\"column\">\n\t\t\t<div class=\"elementor-widget-wrap elementor-element-populated\">\n\t\t\t\t\t\t\t\t<div class=\"elementor-element elementor-element-502724b elementor-widget elementor-widget-html\" data-id=\"502724b\" data-element_type=\"widget\" data-widget_type=\"html.default\">\n\t\t\t\t<div class=\"elementor-widget-container\">\n\t\t\t<p>\r\n      La prolina es uno de los <b>22 amino\u00e1cidos <\/b>protein\u00f3genos, no esencial, \r\n      se sintetiza naturalmente en el h\u00edgado (a partir de L-glutamato o \r\n      L-ornitina). Es un componente del Col\u00e1geno*\r\n    <\/p>\r\n    <h2>\r\n      SU PAPEL\r\n    <\/h2>\r\n    <ul>\r\n      <li>\r\n        Esencial para la s\u00edntesis de col\u00e1geno\r\n      <\/li>\r\n      <li>\r\n        Refuerza la caspa (pelo, u\u00f1as, piel)\r\n      <\/li>\r\n      <li>\r\n        Protege el tejido conectivo (huesos, ligamentos, tendones)\r\n      <\/li>\r\n      <li>\r\n        Estimula la producci\u00f3n de col\u00e1genos espec\u00edficos utilizados en las \r\n        paredes arteriales.\r\n      <\/li>\r\n      <li>\r\n        Participa en la lucha contra la aterosclerosis\r\n      <\/li>\r\n      <li>\r\n        Precursor de la hidroxiprolina**\r\n      <\/li>\r\n      <li>\r\n        Estimula la curaci\u00f3n\r\n      <\/li>\r\n      <li>\r\n        Contribuye al buen funcionamiento del coraz\u00f3n\r\n      <\/li>\r\n    <\/ul>\r\n    <h2>\r\n      USOS TERAP\u00c9UTICOS\r\n    <\/h2>\r\n    <p>\r\n      Para luchar contra la placa de ateroma, Linus PAULING (Premio Nobel) \r\n      recomendaba una ingesta diaria de 5 g de vitamina C y al menos 3 gramos \r\n      de cada uno de los amino\u00e1cidos Lisina y Prolina. El trabajo del \r\n      Dr.Mathias RATH confirm\u00f3 las intuiciones de L.PAULING\r\n    <\/p>\r\n    <h2>\r\n      CARENCIAS\r\n    <\/h2>\r\n    <ul>\r\n      <li>\r\n        Trastornos card\u00edacos\r\n      <\/li>\r\n      <li>\r\n        P\u00e9rdida de elasticidad de los tejidos\r\n      <\/li>\r\n      <li>\r\n        Problemas de curaci\u00f3n\r\n      <\/li>\r\n    <\/ul>\r\n    <h2>\r\n      Necesidades\r\n    <\/h2>\r\n    <p>\r\n      500 a 3000mg \/ d\u00eda.\r\n    <\/p>\r\n    <h2>\r\n      Elementos coactivos\r\n    <\/h2>\r\n    <ul>\r\n      <li>\r\n        Vitaminas: B6 - C\r\n      <\/li>\r\n      <li>\r\n        Minerales: Zinc - Manganeso\r\n      <\/li>\r\n    <\/ul>\t\t<\/div>\n\t\t\t\t<\/div>\n\t\t\t\t\t<\/div>\n\t\t<\/div>\n\t\t\t\t\t\t\t<\/div>\n\t\t<\/section>\n\t\t\t\t\t\t<\/div>\n\t\t\t\t\t<\/div>\n\t\t","protected":false},"excerpt":{"rendered":"<p>La prolina es uno de los 22 amino\u00e1cidos protein\u00f3genos, no esencial, se sintetiza naturalmente en&hellip;<\/p>\n","protected":false},"author":71,"featured_media":35204,"parent":9213,"menu_order":0,"comment_status":"closed","ping_status":"closed","template":"template_ES.php","meta":[],"_links":{"self":[{"href":"https:\/\/www.ericfavre.com\/lifestyle\/es\/wp-json\/wp\/v2\/pages\/10088"}],"collection":[{"href":"https:\/\/www.ericfavre.com\/lifestyle\/es\/wp-json\/wp\/v2\/pages"}],"about":[{"href":"https:\/\/www.ericfavre.com\/lifestyle\/es\/wp-json\/wp\/v2\/types\/page"}],"author":[{"embeddable":true,"href":"https:\/\/www.ericfavre.com\/lifestyle\/es\/wp-json\/wp\/v2\/users\/71"}],"replies":[{"embeddable":true,"href":"https:\/\/www.ericfavre.com\/lifestyle\/es\/wp-json\/wp\/v2\/comments?post=10088"}],"version-history":[{"count":9,"href":"https:\/\/www.ericfavre.com\/lifestyle\/es\/wp-json\/wp\/v2\/pages\/10088\/revisions"}],"predecessor-version":[{"id":10151,"href":"https:\/\/www.ericfavre.com\/lifestyle\/es\/wp-json\/wp\/v2\/pages\/10088\/revisions\/10151"}],"up":[{"embeddable":true,"href":"https:\/\/www.ericfavre.com\/lifestyle\/es\/wp-json\/wp\/v2\/pages\/9213"}],"wp:featuredmedia":[{"embeddable":true,"href":"https:\/\/www.ericfavre.com\/lifestyle\/es\/wp-json\/wp\/v2\/media\/35204"}],"wp:attachment":[{"href":"https:\/\/www.ericfavre.com\/lifestyle\/es\/wp-json\/wp\/v2\/media?parent=10088"}],"curies":[{"name":"wp","href":"https:\/\/api.w.org\/{rel}","templated":true}]}}