{"id":10207,"date":"2021-06-07T14:36:08","date_gmt":"2021-06-07T12:36:08","guid":{"rendered":"https:\/\/www.ericfavre.com\/lifestyle\/es\/?page_id=10207"},"modified":"2021-09-29T12:36:14","modified_gmt":"2021-09-29T10:36:14","slug":"cual-es-la-funcion-de-los-aminoacidos-en-la-dieta","status":"publish","type":"page","link":"https:\/\/www.ericfavre.com\/lifestyle\/es\/bienvenida\/nutricion-deportiva\/nutrientes\/zoom-sobre-macronutrientes-y-micronutrientes\/macronutrientes\/proteinas\/aminoacidos\/cual-es-la-funcion-de-los-aminoacidos-en-la-dieta\/","title":{"rendered":"\u00bfCUAL ES LA FUNCION DE LOS AMINOACIDOS EN LA DIETA?"},"content":{"rendered":"\t\t<div data-elementor-type=\"wp-page\" data-elementor-id=\"10207\" class=\"elementor elementor-10207\" data-elementor-settings=\"[]\">\n\t\t\t\t\t\t\t<div class=\"elementor-section-wrap\">\n\t\t\t\t\t\t\t<section class=\"penci-section penci-disSticky penci-structure-10 elementor-section elementor-top-section elementor-element elementor-element-52ae412 elementor-section-boxed elementor-section-height-default elementor-section-height-default\" data-id=\"52ae412\" data-element_type=\"section\">\n\t\t\t\t\t\t<div class=\"elementor-container elementor-column-gap-default\">\n\t\t\t\t\t<div class=\"penci-ercol-100 penci-ercol-order-1 penci-sticky-ct  elementor-column elementor-col-100 elementor-top-column elementor-element elementor-element-01430bb\" data-id=\"01430bb\" data-element_type=\"column\">\n\t\t\t<div class=\"elementor-widget-wrap elementor-element-populated\">\n\t\t\t\t\t\t\t\t<div class=\"elementor-element elementor-element-8e6521b elementor-widget elementor-widget-html\" data-id=\"8e6521b\" data-element_type=\"widget\" data-widget_type=\"html.default\">\n\t\t\t\t<div class=\"elementor-widget-container\">\n\t\t\t<p>\r\n      <b>Los amino\u00e1cidos<\/b>&nbsp;juegan un gran papel en la dieta. En una dieta, hay \r\n      que conocer varias bases de conocimiento para poder encontrar buenos \r\n      resultados. Peque\u00f1os pero \u00fatiles, los amino\u00e1cidos desempe\u00f1an un gran \r\n      papel en esta actividad que interesa a la mayor\u00eda. Hablando de \r\n      fundamentos, hay que ver en detalle el principio del desengrase.\r\n    <\/p>\r\n    <h2>\r\n      La quema de grasas requiere la acci\u00f3n de los amino\u00e1cidos\r\n    <\/h2>\r\n    &nbsp;\r\n\r\n    <p>\r\n      Los amino\u00e1cidos tienen una gran familia de 22 componentes en total. \r\n      Desempe\u00f1an un papel importante porque ya promueven la buena salud, \r\n      incluida la condici\u00f3n f\u00edsica. Cada uno de ellos desempe\u00f1a una funci\u00f3n \r\n      espec\u00edfica en cada compartimento del cuerpo. Si no est\u00e1n presentes o \r\n      act\u00faan mal, causar\u00e1n problemas de salud. Al servir como tejidos, \r\n      promueven la producci\u00f3n de energ\u00eda y hormonas \u00fatiles para el buen \r\n      funcionamiento del cuerpo humano.<br>Para los culturistas, el \r\n      mantenimiento de los m\u00fasculos es un tema sensible, adem\u00e1s los \r\n      amino\u00e1cidos entran en juego para reanimarlos, repar\u00e1ndolos y \r\n      favoreciendo su desarrollo.<br>Adem\u00e1s, los amino\u00e1cidos tienen un impacto \r\n      en todos los actos reguladores como el PH y las actividades de las \r\n      gl\u00e1ndulas endocrinas.<br>La generaci\u00f3n excesiva de estr\u00e9s puede evitarse \r\n      gracias a ciertas hormonas producidas por los amino\u00e1cidos. Eliminar el \r\n      estr\u00e9s significa deshacerse de los bloqueos psicol\u00f3gicos que afectan a \r\n      la dieta. La mayor\u00eda de las veces los deportistas tienden a quemar \r\n      calor\u00edas para eliminar la grasa o incluso reducir su consumo. Esta es, \r\n      en efecto, una buena soluci\u00f3n, pero no hay que llegar a los extremos \r\n      para acabar deteriorando la salud. Si la ingesta de amino\u00e1cidos es \r\n      buena, la solapa estar\u00e1 en ellos y se notar\u00e1 menos la fatiga y las \r\n      grietas en los m\u00fasculos. El contenido se conservar\u00e1 y la forma \r\n      permanecer\u00e1.\r\n    <\/p>\r\n    <h2>\r\n      Las hormonas act\u00faan en el proceso de perder o ganar peso\r\n    <\/h2>\r\n    &nbsp;\r\n\r\n    <p>\r\n      Las hormonas act\u00faan bien en los cambios asociados con el aumento de peso \r\n      o la p\u00e9rdida de peso. En particular, como ejemplo concreto, la hormona \r\n      del crecimiento favorece la transformaci\u00f3n de las prote\u00ednas y asegura \r\n      una reducci\u00f3n de la grasa en el cuerpo.<br>Esta hormona del crecimiento se \r\n      segrega principalmente durante el sue\u00f1o. L\u00f3gicamente, el insomnio \r\n      provocar\u00e1 entonces un aumento de peso porque no habr\u00e1 descomposici\u00f3n de \r\n      las grasas.<br>La producci\u00f3n de la hormona del crecimiento debe entonces \r\n      ser promovida mediante la satisfacci\u00f3n de los requerimientos de \r\n      amino\u00e1cidos necesarios. En todos los casos, estas hormonas necesarias \r\n      facilitar\u00e1n la circulaci\u00f3n y la condensaci\u00f3n de la grasa. La forma en \r\n      que se administran los suplementos fomentar\u00e1 una buena dieta.<br>De lo \r\n      contrario, puede producirse fatiga y depresi\u00f3n.<br>Hay varios amino\u00e1cidos \r\n      que merecen ser conocidos y que son muy \u00fatiles para el cuerpo humano.\r\n    <\/p>\r\n    <h2>\r\n      Algunos tipos de amino\u00e1cidos y su importancia\r\n    <\/h2>\r\n    &nbsp;\r\n\r\n    <h3>\r\n      L'arginina\r\n    <\/h3>\r\n    &nbsp;\r\n\r\n    <p>\r\n      La oxidaci\u00f3n puede generar estr\u00e9s y enfermedades graves, y la arginina \r\n      es una soluci\u00f3n eficaz.<br>La mayor\u00eda de las enfermedades relacionadas con \r\n      la hipertensi\u00f3n se deben a la oxidaci\u00f3n. La arginina favorece entonces \r\n      la creaci\u00f3n de c\u00e9lulas y previene varios tipos de enfermedades \r\n      peligrosas. Gracias a su acci\u00f3n, el cuerpo es menos susceptible a las \r\n      enfermedades y la circulaci\u00f3n sangu\u00ednea se realiza correctamente.\r\n    <\/p>\r\n    <h3>\r\n      L\u2019ornithine\r\n    <\/h3>\r\n    &nbsp;\r\n\r\n    <p>\r\n      Derivado de la prolina, un agente que act\u00faa eficazmente en el desarrollo \r\n      de la masa muscular, favorece la reducci\u00f3n de la grasa.<br>Glumatina<br>Hay \r\n      varias enfermedades que se deben a la alta acumulaci\u00f3n de insulina, por \r\n      lo tanto el nivel de grasa. La glumatina se convierte en glucosa en el \r\n      organismo sin afectar al nivel de glucag\u00f3n e insulina. Por lo tanto, es \r\n      un buen c\u00e1lculo de la gesti\u00f3n de los amino\u00e1cidos y la base o el az\u00facar. \r\n      Adem\u00e1s, con su buen funcionamiento la piel se reafirma.\r\n    <\/p>\r\n    <h3>\r\n      Metionina\r\n    <\/h3>\r\n    &nbsp;\r\n\r\n    <p>\r\n      Ayuda a la transformaci\u00f3n de prote\u00ednas importantes como la carnitina y \r\n      la melatonina. Su \u00e1rea de actividad ser\u00e1 m\u00e1s bien el h\u00edgado, donde \r\n      elimina la grasa y establece un l\u00edmite de grasa que entra.\r\n    <\/p>\r\n    <h3>\r\n      Tript\u00f3fano\r\n    <\/h3>\r\n    &nbsp;\r\n\r\n    <p>\r\n      Tiene una funci\u00f3n antiestr\u00e9s que le permite tener un buen sue\u00f1o. Act\u00faa \r\n      sobre la serotonina, un neurotransmisor que tiene un efecto calmante. \r\n      Tambi\u00e9n favorece la acci\u00f3n de las vitaminas B.<br>. En conclusi\u00f3n, hay que \r\n      se\u00f1alar que lo que favorece una buena alimentaci\u00f3n es la forma en que se \r\n      elige la ingesta de amino\u00e1cidos. En efecto, las hormonas segregadas \r\n      actuar\u00e1n conjuntamente para el bien del organismo. As\u00ed, los \r\n      conocimientos aportados en este art\u00edculo har\u00e1n que todo el mundo sea \r\n      consciente del impacto de los amino\u00e1cidos, por lo que su consumo depende \r\n      de cada persona.\r\n    <\/p>\r\n    <br>\t\t<\/div>\n\t\t\t\t<\/div>\n\t\t\t\t\t<\/div>\n\t\t<\/div>\n\t\t\t\t\t\t\t<\/div>\n\t\t<\/section>\n\t\t\t\t\t\t<\/div>\n\t\t\t\t\t<\/div>\n\t\t","protected":false},"excerpt":{"rendered":"<p>Los amino\u00e1cidos&nbsp;juegan un gran papel en la dieta. En una dieta, hay que conocer varias&hellip;<\/p>\n","protected":false},"author":71,"featured_media":35655,"parent":8870,"menu_order":0,"comment_status":"closed","ping_status":"closed","template":"template_ES.php","meta":[],"_links":{"self":[{"href":"https:\/\/www.ericfavre.com\/lifestyle\/es\/wp-json\/wp\/v2\/pages\/10207"}],"collection":[{"href":"https:\/\/www.ericfavre.com\/lifestyle\/es\/wp-json\/wp\/v2\/pages"}],"about":[{"href":"https:\/\/www.ericfavre.com\/lifestyle\/es\/wp-json\/wp\/v2\/types\/page"}],"author":[{"embeddable":true,"href":"https:\/\/www.ericfavre.com\/lifestyle\/es\/wp-json\/wp\/v2\/users\/71"}],"replies":[{"embeddable":true,"href":"https:\/\/www.ericfavre.com\/lifestyle\/es\/wp-json\/wp\/v2\/comments?post=10207"}],"version-history":[{"count":6,"href":"https:\/\/www.ericfavre.com\/lifestyle\/es\/wp-json\/wp\/v2\/pages\/10207\/revisions"}],"predecessor-version":[{"id":10249,"href":"https:\/\/www.ericfavre.com\/lifestyle\/es\/wp-json\/wp\/v2\/pages\/10207\/revisions\/10249"}],"up":[{"embeddable":true,"href":"https:\/\/www.ericfavre.com\/lifestyle\/es\/wp-json\/wp\/v2\/pages\/8870"}],"wp:featuredmedia":[{"embeddable":true,"href":"https:\/\/www.ericfavre.com\/lifestyle\/es\/wp-json\/wp\/v2\/media\/35655"}],"wp:attachment":[{"href":"https:\/\/www.ericfavre.com\/lifestyle\/es\/wp-json\/wp\/v2\/media?parent=10207"}],"curies":[{"name":"wp","href":"https:\/\/api.w.org\/{rel}","templated":true}]}}