{"id":10627,"date":"2021-06-07T15:07:35","date_gmt":"2021-06-07T13:07:35","guid":{"rendered":"https:\/\/www.ericfavre.com\/lifestyle\/es\/?page_id=10627"},"modified":"2021-09-29T12:41:54","modified_gmt":"2021-09-29T10:41:54","slug":"vitaminas-las-consecuencias-directas-de-las-carencias-en-el-organismo","status":"publish","type":"page","link":"https:\/\/www.ericfavre.com\/lifestyle\/es\/bienvenida\/nutricion-deportiva\/nutrientes\/zoom-sobre-macronutrientes-y-micronutrientes\/micronutrientes\/las-vitaminas-los-mejores-aliados-de-los-deportistas\/vitaminas-las-consecuencias-directas-de-las-carencias-en-el-organismo\/","title":{"rendered":"VITAMINAS, LAS CONSECUENCIAS DIRECTAS DE LAS CARENCIAS EN EL ORGANISMO"},"content":{"rendered":"\t\t<div data-elementor-type=\"wp-page\" data-elementor-id=\"10627\" class=\"elementor elementor-10627\" data-elementor-settings=\"[]\">\n\t\t\t\t\t\t\t<div class=\"elementor-section-wrap\">\n\t\t\t\t\t\t\t<section class=\"penci-section penci-disSticky penci-structure-10 elementor-section elementor-top-section elementor-element elementor-element-eaeea62 elementor-section-boxed elementor-section-height-default elementor-section-height-default\" data-id=\"eaeea62\" data-element_type=\"section\">\n\t\t\t\t\t\t<div class=\"elementor-container elementor-column-gap-default\">\n\t\t\t\t\t<div class=\"penci-ercol-100 penci-ercol-order-1 penci-sticky-ct  elementor-column elementor-col-100 elementor-top-column elementor-element elementor-element-c5a8cd1\" data-id=\"c5a8cd1\" data-element_type=\"column\">\n\t\t\t<div class=\"elementor-widget-wrap elementor-element-populated\">\n\t\t\t\t\t\t\t\t<div class=\"elementor-element elementor-element-014f445 elementor-widget elementor-widget-html\" data-id=\"014f445\" data-element_type=\"widget\" data-widget_type=\"html.default\">\n\t\t\t\t<div class=\"elementor-widget-container\">\n\t\t\t<p>\r\n      La primera regla b\u00e1sica que hay que seguir para llenarse de vitaminas a \r\n      diario es llevar una dieta variada y equilibrada. Cada alimento aporta \r\n      vitaminas espec\u00edficas, y es comiendo de todo lo que m\u00e1s posibilidades \r\n      tiene de satisfacer sus necesidades diarias.\r\n    <\/p>\r\n    <h2>\r\n      \u00bfQU\u00c9 ES UNA VITAMINA?\r\n    <\/h2>\r\n    <p>\r\n      Las vitaminas son sustancias org\u00e1nicas sin valor energ\u00e9tico propio que \r\n      son necesarias para el organismo y que el ser humano no puede \r\n      sintetizar, por lo que deben ser aportadas por la alimentaci\u00f3n.\r\n    <\/p>\r\n    <p>\r\n      Hay dos tipos de vitaminas:<br>\r\n    <\/p>\r\n    <p>\r\n      \r\n    <\/p>\r\n    <p>\r\n      - Vitaminas liposolubles: A, D, E, K\r\n    <\/p>\r\n    <p>\r\n      - Las vitaminas hidrosolubles: B1, B2, B3, B5, B6, B9, B12 y C\r\n    <\/p>\r\n    <p>\r\n      - Las vitaminas son un grupo muy diverso de mol\u00e9culas y su aplicaci\u00f3n lo \r\n      es a\u00fan m\u00e1s. Algunas vitaminas desempe\u00f1an un papel especialmente \r\n      importante en la creaci\u00f3n y el mantenimiento de los tejidos corporales.<br>\r\n    <\/p>\r\n    <p>\r\n      \r\n    <\/p>\r\n    <ul>\r\n      <li>\r\n        La vitamina a es altamente antioxidante y desempe\u00f1a un papel en varias \r\n        funciones corporales. Es esencial para la buena visi\u00f3n, el crecimiento \r\n        y el sistema inmunol\u00f3gico. Mantiene la piel sana y protege el cuerpo \r\n        contra las infecciones, tambi\u00e9n previene el riesgo de c\u00e1ncer y tiene \r\n        una acci\u00f3n antienvejecimiento.\r\n      <\/li>\r\n      <li>\r\n        Las vitaminas del grupo B son un grupo de ocho vitaminas hidrosolubles \r\n        que desempe\u00f1an un papel importante en el metabolismo celular, todos \r\n        ellos tienen propiedades propias, pero han demostrado ser eficaces por \r\n        s\u00ed mismos:\r\n      <\/li>\r\n    <\/ul>\r\n    <p>\r\n      - Aumenta el metabolismo;\r\n    <\/p>\r\n    <p>\r\n      - Ayuda a mantener la piel y los m\u00fasculos sanos;\r\n    <\/p>\r\n    <p>\r\n      - Mejora el sistema inmunol\u00f3gico;\r\n    <\/p>\r\n    <p>\r\n      -Mejorar el sistema nervioso y retrasar el deterioro cognitivo del \r\n      Alzheimer;\r\n    <\/p>\r\n    <p>\r\n      - Promueve el crecimiento y la divisi\u00f3n celular.\r\n    <\/p>\r\n    <ul>\r\n      <li>\r\n        Las vitaminas C y D aseguran y preservan la estructura \u00f3sea. La \r\n        vitamina C tambi\u00e9n preserva la integridad y la elasticidad de la piel, \r\n        las mucosas y los vasos sangu\u00edneos .Aumenta la resistencia del \r\n        organismo, retrasa el envejecimiento y ayuda a prevenir el c\u00e1ncer.\r\n      <\/li>\r\n      <li>\r\n        La vitamina E, previene el envejecimiento, el c\u00e1ncer y las \r\n        enfermedades cardiovasculares.\r\n      <\/li>\r\n    <\/ul>\r\n    <h2>\r\n      EN CASO DE FALLO\r\n    <\/h2>\r\n    <p>\r\n      <em>LA VITAMINA A<\/em>\r\n    <\/p>\r\n    <p>\r\n      \r\n    <\/p>\r\n    <p>\r\n      La vitamina a o retinol es una vitamina antifatiga, antiinfecciosa, \r\n      permite la visi\u00f3n crepuscular y su deficiencia puede provocar \r\n      ceguera.Las necesidades m\u00ednimas de vitamina a son de 0,75 a 0,90 mg al \r\n      d\u00eda.<br>\r\n    <\/p>\r\n    <p>\r\n      \r\n    <\/p>\r\n    <p>\r\n      <em>LA VITAMINA D<\/em>\r\n    <\/p>\r\n    <p>\r\n      \r\n    <\/p>\r\n    <p>\r\n      La vitamina d es necesaria para la asimilaci\u00f3n del calcio y del f\u00f3sforo. \r\n      La mayor parte de la vitamina D es sintetizada por la piel como \r\n      resultado de la exposici\u00f3n a la luz solar. Su deficiencia puede causar \r\n      raquitismo pero tambi\u00e9n osteoporosis. Las necesidades m\u00ednimas de \r\n      vitamina d son de 0,0025 mg al d\u00eda.<br>\r\n    <\/p>\r\n    <p>\r\n      \r\n    <\/p>\r\n    <p>\r\n      <em>LA VITAMINA E<\/em>\r\n    <\/p>\r\n    <p>\r\n      \r\n    <\/p>\r\n    <p>\r\n      La vitamina E o tocoferol es un excelente antioxidante que tiene un \r\n      efecto preventivo sobre las enfermedades cardiovasculares, su \r\n      deficiencia puede provocar el endurecimiento de las vainas de los \r\n      tendones e incluso la esterilidad. Las necesidades de vitamina e son de \r\n      10 a 15 mg al d\u00eda.<br>\r\n    <\/p>\r\n    <p>\r\n      \r\n    <\/p>\r\n    <p>\r\n      <em>LA VITAMINA K<\/em>\r\n    <\/p>\r\n    <p>\r\n      \r\n    <\/p>\r\n    <p>\r\n      La vitamina K es una vitamina antihemorr\u00e1gica que interviene en la \r\n      formaci\u00f3n de factores esenciales para la coagulaci\u00f3n de la sangre. Su \r\n      deficiencia puede provocar una enfermedad hemorr\u00e1gica. Las necesidades \r\n      son de 4 mg al d\u00eda\r\n    <\/p>\t\t<\/div>\n\t\t\t\t<\/div>\n\t\t\t\t\t<\/div>\n\t\t<\/div>\n\t\t\t\t\t\t\t<\/div>\n\t\t<\/section>\n\t\t\t\t\t\t<\/div>\n\t\t\t\t\t<\/div>\n\t\t","protected":false},"excerpt":{"rendered":"<p>La primera regla b\u00e1sica que hay que seguir para llenarse de vitaminas a diario es&hellip;<\/p>\n","protected":false},"author":71,"featured_media":34532,"parent":10529,"menu_order":0,"comment_status":"closed","ping_status":"closed","template":"template_ES.php","meta":[],"_links":{"self":[{"href":"https:\/\/www.ericfavre.com\/lifestyle\/es\/wp-json\/wp\/v2\/pages\/10627"}],"collection":[{"href":"https:\/\/www.ericfavre.com\/lifestyle\/es\/wp-json\/wp\/v2\/pages"}],"about":[{"href":"https:\/\/www.ericfavre.com\/lifestyle\/es\/wp-json\/wp\/v2\/types\/page"}],"author":[{"embeddable":true,"href":"https:\/\/www.ericfavre.com\/lifestyle\/es\/wp-json\/wp\/v2\/users\/71"}],"replies":[{"embeddable":true,"href":"https:\/\/www.ericfavre.com\/lifestyle\/es\/wp-json\/wp\/v2\/comments?post=10627"}],"version-history":[{"count":7,"href":"https:\/\/www.ericfavre.com\/lifestyle\/es\/wp-json\/wp\/v2\/pages\/10627\/revisions"}],"predecessor-version":[{"id":35667,"href":"https:\/\/www.ericfavre.com\/lifestyle\/es\/wp-json\/wp\/v2\/pages\/10627\/revisions\/35667"}],"up":[{"embeddable":true,"href":"https:\/\/www.ericfavre.com\/lifestyle\/es\/wp-json\/wp\/v2\/pages\/10529"}],"wp:featuredmedia":[{"embeddable":true,"href":"https:\/\/www.ericfavre.com\/lifestyle\/es\/wp-json\/wp\/v2\/media\/34532"}],"wp:attachment":[{"href":"https:\/\/www.ericfavre.com\/lifestyle\/es\/wp-json\/wp\/v2\/media?parent=10627"}],"curies":[{"name":"wp","href":"https:\/\/api.w.org\/{rel}","templated":true}]}}