{"id":12461,"date":"2021-06-08T11:36:26","date_gmt":"2021-06-08T09:36:26","guid":{"rendered":"https:\/\/www.ericfavre.com\/lifestyle\/es\/?page_id=12461"},"modified":"2021-09-22T11:46:54","modified_gmt":"2021-09-22T09:46:54","slug":"comer-carbohidratos-por-la-noche-y-pierde-peso","status":"publish","type":"page","link":"https:\/\/www.ericfavre.com\/lifestyle\/es\/bienvenida\/nutricion-deportiva\/nutricion-por-objectivos\/fase-de-definicion-muscular\/comer-carbohidratos-por-la-noche-y-pierde-peso\/","title":{"rendered":"COMER CARBOHIDRATOS POR LA NOCHE Y PIERDE PESO"},"content":{"rendered":"\t\t<div data-elementor-type=\"wp-page\" data-elementor-id=\"12461\" class=\"elementor elementor-12461\" data-elementor-settings=\"[]\">\n\t\t\t\t\t\t\t<div class=\"elementor-section-wrap\">\n\t\t\t\t\t\t\t<section class=\"penci-section penci-disSticky penci-structure-10 elementor-section elementor-top-section elementor-element elementor-element-68670c1 elementor-section-boxed elementor-section-height-default elementor-section-height-default\" data-id=\"68670c1\" data-element_type=\"section\">\n\t\t\t\t\t\t<div class=\"elementor-container elementor-column-gap-default\">\n\t\t\t\t\t<div class=\"penci-ercol-100 penci-ercol-order-1 penci-sticky-ct  elementor-column elementor-col-100 elementor-top-column elementor-element elementor-element-be282b1\" data-id=\"be282b1\" data-element_type=\"column\">\n\t\t\t<div class=\"elementor-widget-wrap elementor-element-populated\">\n\t\t\t\t\t\t\t\t<div class=\"elementor-element elementor-element-a89e76f elementor-widget elementor-widget-html\" data-id=\"a89e76f\" data-element_type=\"widget\" data-widget_type=\"html.default\">\n\t\t\t\t<div class=\"elementor-widget-container\">\n\t\t\t<p>\r\n      Una idea err\u00f3nea que suele estar arraigada en la mente de las personas y \r\n      que es objeto de rumores es la de comer carbohidratos por la noche. \r\n      Algunos dicen que engorda, otros suponen que no. Ahora es el momento de \r\n      conocer la verdad sobre el consumo de carbohidratos por la noche. \r\n      \u00bfEngorda o adelgaza? Y en la<b>seca<\/b>&nbsp;\u00bfimporta? Para saber lo que es \r\n      realmente cierto, hay que saber algunas cosas sobre \u00e9l.\r\n    <\/p>\r\n    <h2>\r\n      Diferenciar lo real de lo mito\r\n    <\/h2>\r\n    <p>\r\n      La afirmaci\u00f3n de que comer carbohidratos por la noche engorda es falsa, \r\n      comer carbohidratos por la noche no retrasa la p\u00e9rdida de peso. Es \r\n      cierto que no es realmente el momento adecuado para comer carbohidratos, \r\n      es m\u00e1s bien la cantidad total de calor\u00edas la que debe contarse.\r\n    <\/p>\r\n    <p>\r\n      Y esta cuota es el n\u00famero total de calor\u00edas consumidas durante todo el \r\n      d\u00eda, pero no s\u00f3lo por la noche. Es necesario saber c\u00f3mo distribuir todas \r\n      las calor\u00edas del d\u00eda para las tres comidas, disfrutar comiendo por tu \r\n      bienestar.\r\n    <\/p>\r\n    <p>\r\n      Se aceptan algunas golosinas a lo largo del d\u00eda, ciertamente si no se \r\n      supera la cantidad de calor\u00edas del d\u00eda, tras un exceso de calor\u00edas, la \r\n      seca se cuestiona.\r\n    <\/p>\r\n    <p>\r\n      Esta es una muy buena noticia para las personas que se han estado \r\n      privando de carbohidratos todas las noches para evitar engordar. Ahora \r\n      todo lo que tienes que hacer es empezar con una dieta buena y \r\n      equilibrada para permitirte tomar una buena cantidad de carbohidratos \r\n      por la noche. Llevar una dieta mucho m\u00e1s flexible es una pura delicia.\r\n    <\/p>\r\n    <p>\r\n      Saber gestionar la ingesta de calor\u00edas y carbohidratos a lo largo del \r\n      d\u00eda es importante. Combinar una dieta sana y divertirse a lo largo del \r\n      d\u00eda es posible seg\u00fan los profesionales.\r\n    <\/p>\r\n    <p>\r\n      Una cierta cantidad de hidratos de carbono al final del d\u00eda ser\u00e1 \r\n      beneficiosa para evitar los impulsos de relajaci\u00f3n al final del d\u00eda, \r\n      estos impulsos abren el apetito y a veces te hacen olvidar tus l\u00edmites.\r\n    <\/p>\r\n    <h2>\r\n      Consejos para impulsar su secadora\r\n    <\/h2>\r\n    <p>\r\n      Varios estudios demuestran que la ingesta de carbohidratos unas horas \r\n      antes de la sesi\u00f3n de cardio aumenta la utilizaci\u00f3n de las grasas.No se \r\n      recomienda volver a comer carbohidratos despu\u00e9s del ejercicio.\r\n    <\/p>\r\n    <p>\r\n      En este caso, es aconsejable comer carbohidratos antes del \r\n      entrenamiento, la grasa se reducir\u00e1 autom\u00e1ticamente y se utilizar\u00e1 \r\n      durante el esfuerzo f\u00edsico.\r\n    <\/p>\r\n    <h2>\r\n      C\u00f3mo secarse y perder peso\r\n    <\/h2>\r\n    <p>\r\n      El m\u00e9todo m\u00e1s adecuado y eficaz es, por supuesto, el reequilibrio \r\n      alimentario. Si se come un tentempi\u00e9, debe contener la menor cantidad de \r\n      carbohidratos posible. Hay que elegir los alimentos ricos en fibra y \r\n      bajos en calor\u00edas, se debe evitar en lo posible picar despu\u00e9s de las \r\n      sesiones de entrenamiento para optimizar la sequedad.\r\n    <\/p>\r\n    <p>\r\n      Si es necesario, se deben consumir preferentemente alimentos que \r\n      contengan grasas y prote\u00ednas. La alimentaci\u00f3n es importante cuando se \r\n      quiere perder peso. Saber administrar la cantidad y calcular el n\u00famero \r\n      de calor\u00edas de vez en cuando ayuda a mantenerlo seco. Siempre se \r\n      recomienda comer alimentos de calidad y no de cantidad.\r\n    <\/p>\r\n    <p>\r\n      Los resultados se obtienen f\u00e1cilmente cuando se controla sin sufrir \r\n      siguiendo una dieta equilibrada con sesiones de entrenamiento dirigidas \r\n      a las zonas donde persiste la grasa.\r\n    <\/p>\r\n    <h2>\r\n      Algunos consejos eficaces para dormir\r\n    <\/h2>\r\n    <p>\r\n      Antes de acostarse, es aconsejable tomar una peque\u00f1a cantidad de \r\n      hidratos de carbono de \u00edndice gluc\u00e9mico, medio-alto en la cena y \r\n      alimentos con gran cantidad de tript\u00f3fano como huevos, carne de vacuno, \r\n      aves, pescado, productos l\u00e1cteos, semillas oleaginosas, semillas, \r\n      levadura de cerveza. Todos los alimentos de la lista potencian el sue\u00f1o \r\n      a trav\u00e9s de la secreci\u00f3n de serotonina.\r\n    <\/p>\r\n    <p>\r\n      Aparte de la larga lista de alimentos, tambi\u00e9n hay que tener buenos \r\n      h\u00e1bitos para poder disfrutar de un sue\u00f1o reparador. Se sugieren algunos \r\n      consejos sencillos pero eficaces: dormir a una hora regular o fija, para \r\n      que este m\u00e9todo sea eficaz, tambi\u00e9n es importante especificar la hora de \r\n      despertarse, para que el cuerpo pueda prepararse para ello con \r\n      suficiente antelaci\u00f3n.\r\n    <\/p>\r\n    <p>\r\n      Esto no parece normal, pero la exposici\u00f3n a la luz favorece el sue\u00f1o, \r\n      ahora existe lo que se llama tratamiento de terapia de luz, una t\u00e9cnica \r\n      que consiste en exponer al paciente a una intensidad de luz, no se \r\n      siente la necesidad de dormir.\r\n    <\/p>\r\n    <p>\r\n      Lo mejor es salir de la habitaci\u00f3n y tratar de relajarse en otro lugar \r\n      tranquilo con luz relajante. Otra cosa que todo el mundo acostumbra a \r\n      hacer, mirar la hora en la noche, no es aconsejable fijarse en la hora \r\n      de la noche, hay que centrarse totalmente en el sue\u00f1o.\r\n    <\/p>\r\n    <p>\r\n      Comer y consumir estimulantes todo el d\u00eda puede provocar insomnio.Estas \r\n      sustancias pueden ser el caf\u00e9, los refrescos, el chocolate y las bebidas \r\n      energ\u00e9ticas. Es aconsejable consumir este tipo de alimentos al menos 5 \r\n      horas antes de acostarse. Otra forma de favorecer el sue\u00f1o es \r\n      simplemente el ambiente del dormitorio.Debe ser tranquilo, oscuro, \r\n      templado y bien ventilado.\r\n    <\/p>\r\n    <p>\r\n      Para favorecer el sue\u00f1o, tambi\u00e9n es necesario tomar las medidas \r\n      adecuadas: descanso, ocio y actividad f\u00edsica a realizar en la medida de \r\n      lo posible. El buen h\u00e1bito de comer alimentos saludables contribuye \r\n      enormemente al sue\u00f1o r\u00e1pido.\r\n    <\/p>\r\n    <p>\r\n      Y como ya se ha explicado, los carbohidratos no engordan en absoluto si \r\n      una persona come una cantidad moderada de ellos por la noche. S\u00f3lo hay \r\n      que echar cuentas con la cantidad ya ingerida a lo largo del d\u00eda para \r\n      saber si a\u00fan pueden permitirse tomar unos cuantos carbohidratos por la \r\n      noche sin engordar ni alterar su sequedad. No olvides que es mejor \r\n      consumir grasas y prote\u00ednas un poco m\u00e1s que carbohidratos.\r\n    <\/p>\t\t<\/div>\n\t\t\t\t<\/div>\n\t\t\t\t\t<\/div>\n\t\t<\/div>\n\t\t\t\t\t\t\t<\/div>\n\t\t<\/section>\n\t\t\t\t\t\t<\/div>\n\t\t\t\t\t<\/div>\n\t\t","protected":false},"excerpt":{"rendered":"<p>Una idea err\u00f3nea que suele estar arraigada en la mente de las personas y que&hellip;<\/p>\n","protected":false},"author":71,"featured_media":34518,"parent":12412,"menu_order":0,"comment_status":"closed","ping_status":"closed","template":"template_ES.php","meta":[],"_links":{"self":[{"href":"https:\/\/www.ericfavre.com\/lifestyle\/es\/wp-json\/wp\/v2\/pages\/12461"}],"collection":[{"href":"https:\/\/www.ericfavre.com\/lifestyle\/es\/wp-json\/wp\/v2\/pages"}],"about":[{"href":"https:\/\/www.ericfavre.com\/lifestyle\/es\/wp-json\/wp\/v2\/types\/page"}],"author":[{"embeddable":true,"href":"https:\/\/www.ericfavre.com\/lifestyle\/es\/wp-json\/wp\/v2\/users\/71"}],"replies":[{"embeddable":true,"href":"https:\/\/www.ericfavre.com\/lifestyle\/es\/wp-json\/wp\/v2\/comments?post=12461"}],"version-history":[{"count":6,"href":"https:\/\/www.ericfavre.com\/lifestyle\/es\/wp-json\/wp\/v2\/pages\/12461\/revisions"}],"predecessor-version":[{"id":12503,"href":"https:\/\/www.ericfavre.com\/lifestyle\/es\/wp-json\/wp\/v2\/pages\/12461\/revisions\/12503"}],"up":[{"embeddable":true,"href":"https:\/\/www.ericfavre.com\/lifestyle\/es\/wp-json\/wp\/v2\/pages\/12412"}],"wp:featuredmedia":[{"embeddable":true,"href":"https:\/\/www.ericfavre.com\/lifestyle\/es\/wp-json\/wp\/v2\/media\/34518"}],"wp:attachment":[{"href":"https:\/\/www.ericfavre.com\/lifestyle\/es\/wp-json\/wp\/v2\/media?parent=12461"}],"curies":[{"name":"wp","href":"https:\/\/api.w.org\/{rel}","templated":true}]}}