{"id":13462,"date":"2021-06-08T17:48:54","date_gmt":"2021-06-08T15:48:54","guid":{"rendered":"https:\/\/www.ericfavre.com\/lifestyle\/es\/?page_id=13462"},"modified":"2021-09-22T12:26:00","modified_gmt":"2021-09-22T10:26:00","slug":"alimentos-reguladores-de-la-glucosa-en-sangre","status":"publish","type":"page","link":"https:\/\/www.ericfavre.com\/lifestyle\/es\/bienvenida\/nutricion-deportiva\/conceptos-basicos-de-nutricion\/indice-y-carga-glucemica-2\/alimentos-reguladores-de-la-glucosa-en-sangre\/","title":{"rendered":"ALIMENTOS REGULADORES DE LA GLUCOSA EN SANGRE"},"content":{"rendered":"\t\t<div data-elementor-type=\"wp-page\" data-elementor-id=\"13462\" class=\"elementor elementor-13462\" data-elementor-settings=\"[]\">\n\t\t\t\t\t\t\t<div class=\"elementor-section-wrap\">\n\t\t\t\t\t\t\t<section class=\"penci-section penci-disSticky penci-structure-10 elementor-section elementor-top-section elementor-element elementor-element-ec1f3e3 elementor-section-boxed elementor-section-height-default elementor-section-height-default\" data-id=\"ec1f3e3\" data-element_type=\"section\">\n\t\t\t\t\t\t<div class=\"elementor-container elementor-column-gap-default\">\n\t\t\t\t\t<div class=\"penci-ercol-100 penci-ercol-order-1 penci-sticky-ct  elementor-column elementor-col-100 elementor-top-column elementor-element elementor-element-a34a954\" data-id=\"a34a954\" data-element_type=\"column\">\n\t\t\t<div class=\"elementor-widget-wrap elementor-element-populated\">\n\t\t\t\t\t\t\t\t<div class=\"elementor-element elementor-element-b872bbe elementor-widget elementor-widget-html\" data-id=\"b872bbe\" data-element_type=\"widget\" data-widget_type=\"html.default\">\n\t\t\t\t<div class=\"elementor-widget-container\">\n\t\t\t<p>\r\n      Cada alimento tiene su propio \u00edndice gluc\u00e9mico (bajo, moderado, \r\n      alto).C\u00f3mo hacer la elecci\u00f3n correcta ?\r\n    <\/p>\r\n    &nbsp;\r\n\r\n    <h2>\r\n      A \u00bfPARA QU\u00c9 SIRVEN LOS ALIMENTOS REGULADORES DE LA GLUCOSA EN SANGRE?\r\n    <\/h2>\r\n    &nbsp;\r\n\r\n    <p>\r\n      Se ha demostrado que un exceso de az\u00facar en la sangre favorece el \r\n      aumento de peso y aumenta el riesgo de enfermedades cardiovasculares.\r\n    <\/p>\r\n    <p>\r\n      &gt; El \u00edndice gluc\u00e9mico (IG) de cada alimento, que los clasifica seg\u00fan la \r\n      subida de az\u00facar en sangre que producen al consumirlos. Cuanto m\u00e1s alto \r\n      sea el \u00edndice, m\u00e1s r\u00e1pido har\u00e1 que el alimento aumente el nivel de \r\n      az\u00facar.\r\n    <\/p>\r\n    <p>\r\n      Para regular este nivel de az\u00facar en nuestra sangre, es por tanto \r\n      aconsejable favorecer la ingesta de alimentos a IG bajos a moderados y \r\n      limitar el consumo de alimentos con un IG alto.\r\n    <\/p>\r\n    <p>\r\n      Especialmente porque los alimentos con un bajo IG sienten mejor la \r\n      saciedad en general, por lo que no siempre se siente hambre o se come \r\n      demasiado\r\n    <\/p>\r\n    <h2>\r\n      ELEGIR BIEN LOS ALIMENTOS\r\n    <\/h2>\r\n    &nbsp;\r\n\r\n    <p>\r\n      Fuentes de prote\u00ednas - PREVENIR. Como la carne, los huevos, el marisco \r\n      son alimentos que tienen poco efecto en los niveles de az\u00facar en sangre \r\n      porque contienen pocos o ning\u00fan carbohidrato.\r\n    <\/p>\r\n    <p>\r\n      <br>\r\n      \r\n    <\/p>\r\n    <p>\r\n      Cereales y productos derivados - A ELEGIR.Los m\u00e1s bajos IG son el muesli \r\n      natural, el pan integral, el arroz integral, el arroz salvaje, la \r\n      polenta, el arroz basmati, el pan integral, etc.\r\n    <\/p>\r\n    <p>\r\n      <br>\r\n      \r\n    <\/p>\r\n    <p>\r\n      Legumbres - A PRIVILEGIAR.Las legumbres en general tienen un IG menor \r\n      recuento de lentejas verdes, lentejas de coral, lentejas en conserva, \r\n      garbanzos secos cocidos en agua, guisantes.\r\n    <\/p>\r\n    <p>\r\n      <br>\r\n      \r\n    <\/p>\r\n    <p>\r\n      Semillas oleaginosas - DEBEN SER PRIVILEGIADAS con moderaci\u00f3n.Las \r\n      semillas oleaginosas suelen tener un bajo IG bas, por ejemplo, las \r\n      almendras, las avellanas, los anacardos, la mantequilla de cacahuete \r\n      (sin az\u00facar a\u00f1adido).\r\n    <\/p>\r\n    <p>\r\n      <br>\r\n      \r\n    <\/p>\r\n    <p>\r\n      Frutas - A ELEGIR\r\n    <\/p>\r\n    <p>\r\n      Las frutas se deben consumir a diario como parte de una dieta \r\n      equilibrada, pero para comer las que tienen un IG m\u00e1s bajo sin \r\n      equivocarse, elegimos bayas y frutos rojos como grosellas, grosellas \r\n      negras, frambuesas, fresas, moras.\r\n    <\/p>\r\n    <p>\r\n      <br>\r\n      \r\n    <\/p>\r\n    <p>\r\n      Las verduras - A PRIVILEGIAR Y ELEGIR.Las verduras verdes tienen en \r\n      principio un IG bas como calabacines, espinacas, br\u00f3coli, pepinos pero \r\n      tambi\u00e9n esp\u00e1rragos, aguacates, berenjenas, setas, coles...\r\n    <\/p>\r\n    <p>\r\n      <br>\r\n      \r\n    <\/p>\r\n    <p>\r\n      Y AZ\u00daCAR ...\r\n    <\/p>\r\n    <p>\r\n      Como parte de una dieta equilibrada, se recomienda a\u00f1adir \r\n      sistem\u00e1ticamente az\u00facar a la dieta.\r\n    <\/p>\r\n    <p>\r\n      El az\u00facar y todos los alimentos con un fuerte IG deben consumirse \r\n      preferentemente justo antes del esfuerzo f\u00edsico para constituir una \r\n      reserva de energ\u00eda r\u00e1pidamente utilizable\r\n    <\/p>\t\t<\/div>\n\t\t\t\t<\/div>\n\t\t\t\t\t<\/div>\n\t\t<\/div>\n\t\t\t\t\t\t\t<\/div>\n\t\t<\/section>\n\t\t\t\t\t\t<\/div>\n\t\t\t\t\t<\/div>\n\t\t","protected":false},"excerpt":{"rendered":"<p>Cada alimento tiene su propio \u00edndice gluc\u00e9mico (bajo, moderado, alto).C\u00f3mo hacer la elecci\u00f3n correcta ?&hellip;<\/p>\n","protected":false},"author":71,"featured_media":35393,"parent":13413,"menu_order":0,"comment_status":"closed","ping_status":"closed","template":"template_ES.php","meta":[],"_links":{"self":[{"href":"https:\/\/www.ericfavre.com\/lifestyle\/es\/wp-json\/wp\/v2\/pages\/13462"}],"collection":[{"href":"https:\/\/www.ericfavre.com\/lifestyle\/es\/wp-json\/wp\/v2\/pages"}],"about":[{"href":"https:\/\/www.ericfavre.com\/lifestyle\/es\/wp-json\/wp\/v2\/types\/page"}],"author":[{"embeddable":true,"href":"https:\/\/www.ericfavre.com\/lifestyle\/es\/wp-json\/wp\/v2\/users\/71"}],"replies":[{"embeddable":true,"href":"https:\/\/www.ericfavre.com\/lifestyle\/es\/wp-json\/wp\/v2\/comments?post=13462"}],"version-history":[{"count":9,"href":"https:\/\/www.ericfavre.com\/lifestyle\/es\/wp-json\/wp\/v2\/pages\/13462\/revisions"}],"predecessor-version":[{"id":13525,"href":"https:\/\/www.ericfavre.com\/lifestyle\/es\/wp-json\/wp\/v2\/pages\/13462\/revisions\/13525"}],"up":[{"embeddable":true,"href":"https:\/\/www.ericfavre.com\/lifestyle\/es\/wp-json\/wp\/v2\/pages\/13413"}],"wp:featuredmedia":[{"embeddable":true,"href":"https:\/\/www.ericfavre.com\/lifestyle\/es\/wp-json\/wp\/v2\/media\/35393"}],"wp:attachment":[{"href":"https:\/\/www.ericfavre.com\/lifestyle\/es\/wp-json\/wp\/v2\/media?parent=13462"}],"curies":[{"name":"wp","href":"https:\/\/api.w.org\/{rel}","templated":true}]}}