{"id":13637,"date":"2021-06-08T18:01:10","date_gmt":"2021-06-08T16:01:10","guid":{"rendered":"https:\/\/www.ericfavre.com\/lifestyle\/es\/?page_id=13637"},"modified":"2021-09-22T12:27:29","modified_gmt":"2021-09-22T10:27:29","slug":"periodizacion-dietetica","status":"publish","type":"page","link":"https:\/\/www.ericfavre.com\/lifestyle\/es\/bienvenida\/nutricion-deportiva\/conceptos-basicos-de-nutricion\/periodizacion-dietetica\/","title":{"rendered":"PERIODIZACI\u00d3N DIET\u00c9TICA"},"content":{"rendered":"\t\t<div data-elementor-type=\"wp-page\" data-elementor-id=\"13637\" class=\"elementor elementor-13637\" data-elementor-settings=\"[]\">\n\t\t\t\t\t\t\t<div class=\"elementor-section-wrap\">\n\t\t\t\t\t\t\t<section class=\"penci-section penci-disSticky penci-structure-10 elementor-section elementor-top-section elementor-element elementor-element-306dc03 elementor-section-boxed elementor-section-height-default elementor-section-height-default\" data-id=\"306dc03\" data-element_type=\"section\">\n\t\t\t\t\t\t<div class=\"elementor-container elementor-column-gap-default\">\n\t\t\t\t\t<div class=\"penci-ercol-100 penci-ercol-order-1 penci-sticky-ct  elementor-column elementor-col-100 elementor-top-column elementor-element elementor-element-2ea7bfd\" data-id=\"2ea7bfd\" data-element_type=\"column\">\n\t\t\t<div class=\"elementor-widget-wrap elementor-element-populated\">\n\t\t\t\t\t\t\t\t<div class=\"elementor-element elementor-element-ef69bfe elementor-widget elementor-widget-html\" data-id=\"ef69bfe\" data-element_type=\"widget\" data-widget_type=\"html.default\">\n\t\t\t\t<div class=\"elementor-widget-container\">\n\t\t\t<p>\r\n      La variaci\u00f3n de los accionamientos es esencial para garantizar un \r\n      progreso constante y evitar el estancamiento.\r\n    <\/p>\r\n    <p>\r\n      Pero para ir a\u00fan m\u00e1s lejos en la optimizaci\u00f3n de los resultados, es \r\n      necesario adaptar su alimentaci\u00f3n a cada ciclo de trabajo en paralelo.\r\n    <\/p>\r\n    <p>\r\n      En este art\u00edculo, explicamos esta base en la nutrici\u00f3n.\r\n    <\/p>\r\n    <h2>\r\n      VARIAR LA DIETA: UNA NECESIDAD\r\n    <\/h2>\r\n    <p>\r\n      Sabemos que la nutrici\u00f3n es esencial para optimizar la respuesta \r\n      metab\u00f3lica al ejercicio y, por tanto, a la progresi\u00f3n. Cada ciclo de \r\n      entrenamiento representa unas necesidades nutricionales espec\u00edficas que \r\n      deben ser adaptadas, por lo tanto, la variaci\u00f3n de las proporciones \r\n      nutricionales debe estar en consonancia con la de las diferentes formas \r\n      de trabajo muscular, por lo tanto, si queremos sacar el m\u00e1ximo provecho \r\n      del trabajo de series largas, es importante fomentar una ingesta elevada \r\n      de hidratos de carbono para provocar una sobrecompensaci\u00f3n glucog\u00e9nica \r\n      que permita un aumento significativo del volumen muscular, por otro \r\n      lado, una fase de trabajo intenso requiere un aumento de la ingesta de \r\n      prote\u00ednas para reparar el &quot;da\u00f1o muscular&quot; causado y permitir la s\u00edntesis \r\n      de nuevas prote\u00ednas contr\u00e1ctiles que conduzcan al &quot;engrosamiento&quot; de las \r\n      fibras.\r\n    <\/p>\r\n    <h2>\r\n      LAS DIFERENTES FASES\r\n    <\/h2>\r\n    <p>\r\n      FUERZA FASE\r\n    <\/p>\r\n    <p>\r\n      Pero: para aumentar la fuerza, por la solicitaci\u00f3n de los factores \r\n      nerviosos y estructurales del m\u00fasculo, para mejorar la densidad muscular.\r\n    <\/p>\r\n    <p>\r\n      FASE DE HIPERTROFIA MIOFIBRILAR\r\n    <\/p>\r\n    <p>\r\n      Pero: aumentar la masa muscular, estimular el sistema hormonal.\r\n    <\/p>\r\n    <p>\r\n      FASE DE HIPERTROFIA SARCOPL\u00c1SMICA\r\n    <\/p>\r\n    <p>\r\n      Pero: para aumentar el volumen muscular a trav\u00e9s de la sobrecompensaci\u00f3n \r\n      de gluc\u00f3geno y secundariamente a trav\u00e9s del aumento de la \r\n      vascularizaci\u00f3n.\r\n    <\/p>\r\n    <p>\r\n      RESISTENCIA \/ FASE MUSCULAR GENERALIZADA\r\n    <\/p>\r\n    <p>\r\n      Objetivo: aumentar el potencial aer\u00f3bico, mejorar la red vascular, la \r\n      mitocondria, la activaci\u00f3n de los procesos oxidativos, mejorar la \r\n      recuperaci\u00f3n (que siempre es aer\u00f3bica).\r\n    <\/p>\r\n    <p>\r\n      FASE DE FUERZA &gt; FASE DE HIPERTROFIA MIOFIBRILAR &gt; FASE DE HIPERTROFIA \r\n      SARCOPL\u00c1SMICA &gt; FASE DE RESISTENCIA\r\n    <\/p>\r\n    <p>\r\n      Equilibrar la entrada de energ\u00eda\r\n    <\/p>\r\n    <p>\r\n      +5 a 10% +10 a 15% +10 a 20% +2 a 5%\r\n    <\/p>\r\n    <p>\r\n      PROTE\u00cdNAS\r\n    <\/p>\r\n    <p>\r\n      Carne roja, Carne blanca, Pescado, Huevos, Leche\r\n    <\/p>\r\n    <p>\r\n      25 a 30% 20 a 25% 15 a 20% 15 a 20%\r\n    <\/p>\r\n    <p>\r\n      HIDRATOS DE CARBONO\r\n    <\/p>\r\n    <p>\r\n      Cereales, Pan, Pasta, Arroz, Frutas secas\r\n    <\/p>\r\n    <p>\r\n      40 a 50% 45 a 55% 55 a 65% 50 a 60%\r\n    <\/p>\r\n    <p>\r\n      L\u00cdPIDOS\r\n    <\/p>\r\n    <p>\r\n      Aceites vegetales, Mantequilla, Frutos secos, Pescado azul\r\n    <\/p>\r\n    <p>\r\n      25 a 30% 20 a 25% 20% 20 a 25%\r\n    <\/p>\r\n    <h2>\r\n      Ejemplo de ciclos\r\n    <\/h2>\r\n    <p>\r\n      Damos un ejemplo de periodizaci\u00f3n correspondiente a un atleta de 85 kg \r\n      con un requerimiento energ\u00e9tico b\u00e1sico estimado de 3500 kcalor\u00edas.\r\n    <\/p>\r\n    \r\n    \r\n\r\n    <p>\r\n      \r\n    <\/p>\r\n    <td width=\"812\">\r\n      \r\n      \r\n      \r\n      \r\n      \r\n    <\/td>\r\n    <td width=\"102\">\r\n      <p>\r\n        Ciclo\r\n      <\/p>\r\n      \r\n      \r\n    <\/td>\r\n    <td width=\"87\">\r\n      <p>\r\n        Duraci\u00f3n\r\n      <\/p>\r\n      \r\n      \r\n    <\/td>\r\n    <td width=\"87\">\r\n      <p>\r\n        AET*\r\n      <\/p>\r\n      \r\n      \r\n    <\/td>\r\n    <td width=\"87\">\r\n      <p>\r\n        Prote\u00ednas\r\n      <\/p>\r\n      \r\n      \r\n    <\/td>\r\n    <td width=\"87\">\r\n      <p>\r\n        Gl\u00facidos\r\n      <\/p>\r\n      \r\n      \r\n    <\/td>\r\n    <td width=\"87\">\r\n      <p>\r\n        L\u00edpidos\r\n      <\/p>\r\n      \r\n      \r\n\r\n      <p>\r\n        No lo s\u00e9. \r\n      <\/p>\r\n    <\/td>\r\n    <td width=\"102\">\r\n      <p>\r\n        Formaci\u00f3n en circuitos\r\n      <\/p>\r\n      \r\n      \r\n    <\/td>\r\n    <td width=\"87\">\r\n      <p>\r\n        2 semanas\r\n      <\/p>\r\n      \r\n      \r\n    <\/td>\r\n    <td width=\"87\">\r\n      <p>\r\n        35\r\n      <\/p>\r\n      \r\n      \r\n    <\/td>\r\n    <td width=\"87\">\r\n      <p>\r\n        175 g\r\n      <\/p>\r\n      \r\n      \r\n    <\/td>\r\n    <td width=\"87\">\r\n      <p>\r\n        481 g\r\n      <\/p>\r\n      \r\n      \r\n    <\/td>\r\n    <td width=\"87\">\r\n      <p>\r\n        97 g\r\n      <\/p>\r\n      \r\n      \r\n\r\n      <p>\r\n        No lo s\u00e9. \r\n      <\/p>\r\n    <\/td>\r\n    <td width=\"102\">\r\n      <p>\r\n        Fuerza\r\n      <\/p>\r\n      \r\n      \r\n    <\/td>\r\n    <td width=\"87\">\r\n      <p>\r\n        2 semanas\r\n      <\/p>\r\n      \r\n      \r\n    <\/td>\r\n    <td width=\"87\">\r\n      <p>\r\n        37\r\n      <\/p>\r\n      \r\n      \r\n    <\/td>\r\n    <td width=\"87\">\r\n      <p>\r\n        231 g\r\n      <\/p>\r\n      \r\n      \r\n    <\/td>\r\n    <td width=\"87\">\r\n      <p>\r\n        416 g\r\n      <\/p>\r\n      \r\n      \r\n    <\/td>\r\n    <td width=\"87\">\r\n      <p>\r\n        120 g\r\n      <\/p>\r\n      \r\n      \r\n\r\n      <p>\r\n        No lo s\u00e9. \r\n      <\/p>\r\n    <\/td>\r\n    <td width=\"102\">\r\n      <p>\r\n        Mass\r\n      <\/p>\r\n      \r\n      \r\n    <\/td>\r\n    <td width=\"87\">\r\n      <p>\r\n        3 semanas\r\n      <\/p>\r\n      \r\n      \r\n    <\/td>\r\n    <td width=\"87\">\r\n      <p>\r\n        39\r\n      <\/p>\r\n      \r\n      \r\n    <\/td>\r\n    <td width=\"87\">\r\n      <p>\r\n        224 g\r\n      <\/p>\r\n      \r\n      \r\n    <\/td>\r\n    <td width=\"87\">\r\n      <p>\r\n        507 g\r\n      <\/p>\r\n      \r\n      \r\n    <\/td>\r\n    <td width=\"87\">\r\n      <p>\r\n        108 g\r\n      <\/p>\r\n      \r\n      \r\n\r\n      <p>\r\n        No lo s\u00e9. \r\n      <\/p>\r\n    <\/td>\r\n    <td width=\"102\">\r\n      <p>\r\n        Volumen\r\n      <\/p>\r\n      \r\n      \r\n    <\/td>\r\n    <td width=\"87\">\r\n      <p>\r\n        2 semanas\r\n      <\/p>\r\n      \r\n      \r\n    <\/td>\r\n    <td width=\"87\">\r\n      <p>\r\n        4\r\n      <\/p>\r\n      \r\n      \r\n    <\/td>\r\n    <td width=\"87\">\r\n      <p>\r\n        180 g\r\n      <\/p>\r\n      \r\n      \r\n    <\/td>\r\n    <td width=\"87\">\r\n      <p>\r\n        620 g\r\n      <\/p>\r\n      \r\n      \r\n    <\/td>\r\n    <td width=\"87\">\r\n      <p>\r\n        89 g\r\n      <\/p>\r\n      \r\n      \r\n\r\n      <p>\r\n        No lo s\u00e9. \r\n      <\/p>\r\n    <\/td>\r\n    <td width=\"102\">\r\n      <p>\r\n        Recuperaci\u00f3n\r\n      <\/p>\r\n      \r\n      \r\n    <\/td>\r\n    <td width=\"87\">\r\n      <p>\r\n        1 semana\r\n      <\/p>\r\n      \r\n      \r\n    <\/td>\r\n    <td width=\"87\">\r\n      <p>\r\n        38\r\n      <\/p>\r\n      \r\n      \r\n    <\/td>\r\n    <td width=\"87\">\r\n      <p>\r\n        190 g\r\n      <\/p>\r\n      \r\n      \r\n    <\/td>\r\n    <td width=\"87\">\r\n      <p>\r\n        520 g\r\n      <\/p>\r\n      \r\n      \r\n    <\/td>\r\n    <td width=\"87\">\r\n      <p>\r\n        105 g\r\n      <\/p>\r\n      \r\n      \r\n\r\n      <p>\r\n        No lo s\u00e9.\r\n      <\/p>\r\n      <ul>\r\n        <li>\r\n          Tabla. \r\n\r\n          <p>\r\n            No lo s\u00e9.\r\n          <\/p>\r\n        <\/li>\r\n        <li>\r\n          Tabla.\r\n\r\n          <p>\r\n            \r\n          <\/p>\r\n        <\/li>\r\n      <\/ul>\r\n    <\/td>\r\n    <ul>\r\n      <li>\r\n        <h2>\r\n          Conclusi\u00f3n\r\n        <\/h2>\r\n        <p>\r\n          La progresi\u00f3n muscular \u00f3ptima pasa necesariamente por la \r\n          manipulaci\u00f3n de las variables de entrenamiento y de los aportes \r\n          nutricionales, ya que cada ciclo de trabajo impone necesidades \r\n          espec\u00edficas. Necesidades que determinar\u00e1n el ajuste de las \r\n          proporciones de nutrientes energ\u00e9ticos y permitir\u00e1n as\u00ed la mejor \r\n          respuesta muscular.\r\n        <\/p>\r\n        <h2>\r\n          Bibliograf\u00eda\r\n        <\/h2>\r\n        <p>\r\n          Por Emilio SANCHEZ\r\n        <\/p>\r\n        <p>\r\n          Nutricionista diplomado en nutrici\u00f3n deportiva\r\n        <\/p>\r\n        <p>\r\n          (Facultad de Medicina de Toulouse)\r\n        <\/p>\r\n        <p>\r\n          Preparador f\u00edsico\r\n        <\/p>\r\n        <p>\r\n          Formador, conferenciante en la UFR STAPS\r\n        <\/p>\r\n      <\/li>\r\n    <\/ul>\t\t<\/div>\n\t\t\t\t<\/div>\n\t\t\t\t\t<\/div>\n\t\t<\/div>\n\t\t\t\t\t\t\t<\/div>\n\t\t<\/section>\n\t\t\t\t\t\t<\/div>\n\t\t\t\t\t<\/div>\n\t\t","protected":false},"excerpt":{"rendered":"<p>La variaci\u00f3n de los accionamientos es esencial para garantizar un progreso constante y evitar el&hellip;<\/p>\n","protected":false},"author":71,"featured_media":35414,"parent":13364,"menu_order":0,"comment_status":"closed","ping_status":"closed","template":"template_ES.php","meta":[],"_links":{"self":[{"href":"https:\/\/www.ericfavre.com\/lifestyle\/es\/wp-json\/wp\/v2\/pages\/13637"}],"collection":[{"href":"https:\/\/www.ericfavre.com\/lifestyle\/es\/wp-json\/wp\/v2\/pages"}],"about":[{"href":"https:\/\/www.ericfavre.com\/lifestyle\/es\/wp-json\/wp\/v2\/types\/page"}],"author":[{"embeddable":true,"href":"https:\/\/www.ericfavre.com\/lifestyle\/es\/wp-json\/wp\/v2\/users\/71"}],"replies":[{"embeddable":true,"href":"https:\/\/www.ericfavre.com\/lifestyle\/es\/wp-json\/wp\/v2\/comments?post=13637"}],"version-history":[{"count":6,"href":"https:\/\/www.ericfavre.com\/lifestyle\/es\/wp-json\/wp\/v2\/pages\/13637\/revisions"}],"predecessor-version":[{"id":13679,"href":"https:\/\/www.ericfavre.com\/lifestyle\/es\/wp-json\/wp\/v2\/pages\/13637\/revisions\/13679"}],"up":[{"embeddable":true,"href":"https:\/\/www.ericfavre.com\/lifestyle\/es\/wp-json\/wp\/v2\/pages\/13364"}],"wp:featuredmedia":[{"embeddable":true,"href":"https:\/\/www.ericfavre.com\/lifestyle\/es\/wp-json\/wp\/v2\/media\/35414"}],"wp:attachment":[{"href":"https:\/\/www.ericfavre.com\/lifestyle\/es\/wp-json\/wp\/v2\/media?parent=13637"}],"curies":[{"name":"wp","href":"https:\/\/api.w.org\/{rel}","templated":true}]}}