{"id":14078,"date":"2021-06-08T18:10:22","date_gmt":"2021-06-08T16:10:22","guid":{"rendered":"https:\/\/www.ericfavre.com\/lifestyle\/es\/?page_id=14078"},"modified":"2021-09-29T12:30:39","modified_gmt":"2021-09-29T10:30:39","slug":"ubiquinol-el-futuro-de-su-salud","status":"publish","type":"page","link":"https:\/\/www.ericfavre.com\/lifestyle\/es\/bienvenida\/nutricion-deportiva\/conceptos-basicos-de-nutricion\/sobre-radicales-libres-y-los-antioxidante\/ubiquinol-el-futuro-de-su-salud\/","title":{"rendered":"UBIQUINOL, EL FUTURO DE SU SALUD"},"content":{"rendered":"\t\t<div data-elementor-type=\"wp-page\" data-elementor-id=\"14078\" class=\"elementor elementor-14078\" data-elementor-settings=\"[]\">\n\t\t\t\t\t\t\t<div class=\"elementor-section-wrap\">\n\t\t\t\t\t\t\t<section class=\"penci-section penci-disSticky penci-structure-10 elementor-section elementor-top-section elementor-element elementor-element-4057bfb elementor-section-boxed elementor-section-height-default elementor-section-height-default\" data-id=\"4057bfb\" data-element_type=\"section\">\n\t\t\t\t\t\t<div class=\"elementor-container elementor-column-gap-default\">\n\t\t\t\t\t<div class=\"penci-ercol-100 penci-ercol-order-1 penci-sticky-ct  elementor-column elementor-col-100 elementor-top-column elementor-element elementor-element-e01b734\" data-id=\"e01b734\" data-element_type=\"column\">\n\t\t\t<div class=\"elementor-widget-wrap elementor-element-populated\">\n\t\t\t\t\t\t\t\t<div class=\"elementor-element elementor-element-60bd2f8 elementor-widget elementor-widget-html\" data-id=\"60bd2f8\" data-element_type=\"widget\" data-widget_type=\"html.default\">\n\t\t\t\t<div class=\"elementor-widget-container\">\n\t\t\t<p>\r\n      Desde hace 10 a\u00f1os, Jap\u00f3n celebra el Q10 cada 10 de septiembre. La raz\u00f3n \r\n      es fon\u00e9tica: &quot;kyu ten&quot; significa 10 de septiembre. La Q, que se \r\n      pronuncia &quot;Kyu&quot; en japon\u00e9s, corresponde al mes n\u00famero 9 del a\u00f1o.\r\n    <\/p>\r\n    <p>\r\n      Fueron los japoneses, poseedores del r\u00e9cord de longevidad, quienes \r\n      descubrieron las propiedades terap\u00e9uticas de la coenzima Q10 a \r\n      principios de los a\u00f1os 60, tras observar que las personas con \r\n      insuficiencia card\u00edaca ten\u00edan niveles bajos de la misma. Desde entonces, \r\n      se han publicado m\u00e1s de 5.000 estudios. Descubra el ubiquinol y su \r\n      funci\u00f3n en el sistema inmunitario.\r\n    <\/p>\r\n    <h2>\r\n      UBIQUINOL, LA FORMA ACTIVA DE COCK10 PRODUCIDA NATURALMENTE POR EL \r\n      ORGANISMO\r\n    <\/h2>\r\n    &nbsp;\r\n\r\n    <p>\r\n      La coenzima Q10 (CoQ10), tambi\u00e9n llamada Ubiquinona, debe convertirse en \r\n      Ubiquinol para ser activa. La edad y ciertos estilos de vida o \r\n      enfermedades reducen las existencias de CoQ10 y, por tanto, la capacidad \r\n      del organismo para convertirla en Ubiquinol. A los 40 a\u00f1os, su nivel \r\n      disminuy\u00f3 un 30%.\r\n    <\/p>\r\n    &nbsp;\r\n\r\n    <p>\r\n      Ninguna otra sustancia puede sustituirla, ya que la ingesta diet\u00e9tica es \r\n      insuficiente.\r\n    <\/p>\r\n    <p>\r\n      Altamente sensible al ox\u00edgeno, durante mucho tiempo ha sido imposible \r\n      aislar el Ubiquinol para su uso en suplementos nutricionales.\r\n    <\/p>\r\n    &nbsp;\r\n\r\n    <p>\r\n      La forma oxidada, llamada ubiquinona (Coenzima Q10 que se encuentra en \r\n      la mayor\u00eda de los cosm\u00e9ticos y suplementos diet\u00e9ticos), se encontraba \r\n      anteriormente, pero necesitaba ser convertida por el cuerpo en Ubiquinol \r\n      para ser activa.\r\n    <\/p>\r\n    &nbsp;\r\n\r\n    <p>\r\n      Tras m\u00e1s de diez a\u00f1os de investigaci\u00f3n, el grupo japon\u00e9s Kaneka ha \r\n      desarrollado un proceso \u00fanico capaz de producir Ubiquinol bioid\u00e9ntico al \r\n      producido por el organismo.\u2028Los estudios han demostrado que este \r\n      Ubiquinol es 6 veces m\u00e1s asimilable por el cuerpo porque ya est\u00e1 en su \r\n      forma activa.\r\n    <\/p>\r\n    <h2>\r\n      UBIQUINOL, \u00bfEL NUTRIENTE DEL FUTURO?\r\n    <\/h2>\r\n    &nbsp;\r\n\r\n    <p>\r\n      Sus m\u00faltiples propiedades, en particular en la regulaci\u00f3n del uso del \r\n      ox\u00edgeno y antioxidante, lo convierten en un candidato potencial para el \r\n      tratamiento de muchas patolog\u00edas y es&nbsp;cada vez m\u00e1s utilizado por los \r\n      atletas de alto nivel para aumentar el rendimiento y promover la \r\n      recuperaci\u00f3n.<br>\r\n    <\/p>\r\n    <p>\r\n      \r\n    <\/p>\r\n    <p>\r\n      Los estudios han demostrado que la ingesta de 100 mg\/d\u00eda&nbsp;&nbsp;de Ubiquinol \r\n      aumenta muy significativamente la energ\u00eda producida por el organismo, al \r\n      tiempo que reduce la oxidaci\u00f3n celular inducida por los radicales libres \r\n      producidos durante el esfuerzo f\u00edsico intenso.\r\n    <\/p>\r\n    &nbsp;\r\n\r\n    <p>\r\n      La ingesta regular de Ubiquinol a una dosis de 100 a 300 mg\/d\u00eda permite, \r\n      por tanto, incrementar el rendimiento actuando tanto sobre la potencia \r\n      como sobre la recuperaci\u00f3n.\r\n    <\/p>\t\t<\/div>\n\t\t\t\t<\/div>\n\t\t\t\t\t<\/div>\n\t\t<\/div>\n\t\t\t\t\t\t\t<\/div>\n\t\t<\/section>\n\t\t\t\t\t\t<\/div>\n\t\t\t\t\t<\/div>\n\t\t","protected":false},"excerpt":{"rendered":"<p>Desde hace 10 a\u00f1os, Jap\u00f3n celebra el Q10 cada 10 de septiembre. La raz\u00f3n es&hellip;<\/p>\n","protected":false},"author":71,"featured_media":35629,"parent":13882,"menu_order":0,"comment_status":"closed","ping_status":"closed","template":"template_ES.php","meta":[],"_links":{"self":[{"href":"https:\/\/www.ericfavre.com\/lifestyle\/es\/wp-json\/wp\/v2\/pages\/14078"}],"collection":[{"href":"https:\/\/www.ericfavre.com\/lifestyle\/es\/wp-json\/wp\/v2\/pages"}],"about":[{"href":"https:\/\/www.ericfavre.com\/lifestyle\/es\/wp-json\/wp\/v2\/types\/page"}],"author":[{"embeddable":true,"href":"https:\/\/www.ericfavre.com\/lifestyle\/es\/wp-json\/wp\/v2\/users\/71"}],"replies":[{"embeddable":true,"href":"https:\/\/www.ericfavre.com\/lifestyle\/es\/wp-json\/wp\/v2\/comments?post=14078"}],"version-history":[{"count":6,"href":"https:\/\/www.ericfavre.com\/lifestyle\/es\/wp-json\/wp\/v2\/pages\/14078\/revisions"}],"predecessor-version":[{"id":14120,"href":"https:\/\/www.ericfavre.com\/lifestyle\/es\/wp-json\/wp\/v2\/pages\/14078\/revisions\/14120"}],"up":[{"embeddable":true,"href":"https:\/\/www.ericfavre.com\/lifestyle\/es\/wp-json\/wp\/v2\/pages\/13882"}],"wp:featuredmedia":[{"embeddable":true,"href":"https:\/\/www.ericfavre.com\/lifestyle\/es\/wp-json\/wp\/v2\/media\/35629"}],"wp:attachment":[{"href":"https:\/\/www.ericfavre.com\/lifestyle\/es\/wp-json\/wp\/v2\/media?parent=14078"}],"curies":[{"name":"wp","href":"https:\/\/api.w.org\/{rel}","templated":true}]}}