{"id":14127,"date":"2021-06-08T18:11:11","date_gmt":"2021-06-08T16:11:11","guid":{"rendered":"https:\/\/www.ericfavre.com\/lifestyle\/es\/?page_id=14127"},"modified":"2021-09-22T12:34:46","modified_gmt":"2021-09-22T10:34:46","slug":"los-aminoacidos-y-sus-benficios-contra-la-fatiga-y-el-estres","status":"publish","type":"page","link":"https:\/\/www.ericfavre.com\/lifestyle\/es\/bienvenida\/nutricion-deportiva\/conceptos-basicos-de-nutricion\/sobre-radicales-libres-y-los-antioxidante\/los-aminoacidos-y-sus-benficios-contra-la-fatiga-y-el-estres\/","title":{"rendered":"LOS AMINO\u00c1CIDOS Y SUS BENFICIOS CONTRA LA FATIGA Y EL ESTR\u00c9S"},"content":{"rendered":"\t\t<div data-elementor-type=\"wp-page\" data-elementor-id=\"14127\" class=\"elementor elementor-14127\" data-elementor-settings=\"[]\">\n\t\t\t\t\t\t\t<div class=\"elementor-section-wrap\">\n\t\t\t\t\t\t\t<section class=\"penci-section penci-disSticky penci-structure-10 elementor-section elementor-top-section elementor-element elementor-element-01ae13b elementor-section-boxed elementor-section-height-default elementor-section-height-default\" data-id=\"01ae13b\" data-element_type=\"section\">\n\t\t\t\t\t\t<div class=\"elementor-container elementor-column-gap-default\">\n\t\t\t\t\t<div class=\"penci-ercol-100 penci-ercol-order-1 penci-sticky-ct  elementor-column elementor-col-100 elementor-top-column elementor-element elementor-element-46bce7b\" data-id=\"46bce7b\" data-element_type=\"column\">\n\t\t\t<div class=\"elementor-widget-wrap elementor-element-populated\">\n\t\t\t\t\t\t\t\t<div class=\"elementor-element elementor-element-88f2299 elementor-widget elementor-widget-html\" data-id=\"88f2299\" data-element_type=\"widget\" data-widget_type=\"html.default\">\n\t\t\t\t<div class=\"elementor-widget-container\">\n\t\t\t<p>\r\n      Los amino\u00e1cidos son imprescindible para el cuerpo humano. Hay 22 tipos \r\n      de amino\u00e1cidos de los cuales 8 son muy esenciales porque el cuerpo no \r\n      puede producirlos. Los amino\u00e1cidos son muy importantes sobre todo para \r\n      evitar la fatiga. Una deficiencia de amino\u00e1cidos puede provocar una \r\n      falta de forma, es decir, agotamiento, p\u00e9rdida de forma, etc. Por lo \r\n      tanto, desempe\u00f1an un papel en el<b>sistema inmunitario y antioxidante<\/b>. \r\n      Es necesario tomar suplementos o alimentos ricos en amino\u00e1cidos.\r\n    <\/p>\r\n    <h2>\r\n      \u00bfC\u00f3mo funcionan los amino\u00e1cidos?\r\n    <\/h2>\r\n    <p>\r\n      Para el cuerpo de una persona adulta, se necesitan de 2 a 3 kg de \r\n      prote\u00ednas para tener un suministro suficiente de amino\u00e1cidos. La mayor\u00eda \r\n      de los amino\u00e1cidos son producidos naturalmente por el cuerpo. Los \r\n      amino\u00e1cidos esenciales se aportan mediante suplementos y alimentos.\r\n    <\/p>\r\n    <p>\r\n      Las prote\u00ednas se transforman durante la digesti\u00f3n y se convierten en \r\n      amino\u00e1cidos. Luego se reparten en la sangre y en las c\u00e9lulas para \r\n      transformarse de nuevo en prote\u00ednas espec\u00edficas de cada amino\u00e1cido.\r\n    <\/p>\r\n    <h2>\r\n      \u00bfCu\u00e1les son los diferentes tipos de amino\u00e1cidos?\r\n    <\/h2>\r\n    <p>\r\n      No es dif\u00edcil encontrar las ingestas de amino\u00e1cidos. He aqu\u00ed una lista \r\n      de amino\u00e1cidos, as\u00ed como de los suplementos y alimentos m\u00e1s ricos en \r\n      esta materia :\r\n    <\/p>\r\n    <ul>\r\n      <li>\r\n        Isoleucina: queso, mantequilla\r\n      <\/li>\r\n      <li>\r\n        Leucina: carne, pescado, todos los productos l\u00e1cteos\r\n      <\/li>\r\n      <li>\r\n        Valina: soja, frutos secos, cacao, berenjenas, cebollas, etc.\r\n      <\/li>\r\n      <li>\r\n        Lisina: at\u00fan cocido, semillas de calabaza, huevos, jud\u00edas blancas, etc.\r\n      <\/li>\r\n      <li>\r\n        Metionina: huevos, nueces de Brasil, sardinas, queso, etc.\r\n      <\/li>\r\n      <li>\r\n        Fenilalanina: carne, chasquear\u00eda, harina, verduras, huevos, etc.\r\n      <\/li>\r\n      <li>\r\n        Tript\u00f3fano: almendra, pl\u00e1tano, aves de corral, chocolate, etc.\r\n      <\/li>\r\n      <li>\r\n        Treonina: aguacate, setas, cebada, nueces, etc.\r\n      <\/li>\r\n      <li>\r\n        Tirosina: leche, pescado, berenjena, frutos secos, soja, etc.\r\n      <\/li>\r\n    <\/ul>\r\n    <h2>\r\n      \u00bfCu\u00e1les son las ventajas de los amino\u00e1cidos?\r\n    <\/h2>\r\n    <p>\r\n      Cada amino\u00e1cido desempe\u00f1a una funci\u00f3n espec\u00edfica en el organismo, pero \r\n      en general son muy esenciales para el buen funcionamiento del organismo, \r\n      en particular para mantener unas buenas capacidades intelectuales. \r\n      Tienen efectos positivos sobre la capacidad mental.\r\n    <\/p>\r\n    <p>\r\n      Pero lo m\u00e1s importante tambi\u00e9n es que:\r\n    <\/p>\r\n    <h3>\r\n      Luchan contra el cansancio\r\n    <\/h3>\r\n    <p>\r\n      Los amino\u00e1cidos tienen funciones que act\u00faan directamente sobre la forma \r\n      f\u00edsica y la vitalidad. Protegen el cuerpo especialmente contra la \r\n      fatiga. El sue\u00f1o, el estado de \u00e1nimo y la vitalidad son tres cosas \r\n      interdependientes.\r\n    <\/p>\r\n    <p>\r\n      Cuando el cuerpo est\u00e1 cansado, las capacidades se reducen, y a la larga \r\n      el cuerpo se vuelve moroso. Esto puede causar alucinaciones e insomnio. \r\n      Es importante no dejar el cuerpo carente de amino\u00e1cidos para evitar los \r\n      s\u00edntomas relacionados con la fatiga.\r\n    <\/p>\r\n    <p>\r\n      La tirosina es el amino\u00e1cido que desempe\u00f1a un papel importante en la \r\n      lucha contra la fatiga. En caso de actividad f\u00edsica intensa, puede \r\n      utilizarse como suplemento para estimular la producci\u00f3n de dopamina, \r\n      tambi\u00e9n ayuda a tener una mejor recuperaci\u00f3n.\r\n    <\/p>\r\n    <h3>\r\n      Tienen un efecto calmante y combaten el estr\u00e9s\r\n    <\/h3>\r\n    <p>\r\n      La glutamina es uno de los amino\u00e1cidos que tiene la funci\u00f3n de \r\n      estabilizar el sistema inmunitario y fortalecer las c\u00e9lulas \r\n      intestinales. Tiene un efecto positivo sobre el estr\u00e9s y los cambios de \r\n      humor.N umerosos estudios demuestran que la deficiencia de glutamina \r\n      puede causar cargas f\u00edsicas e intelectuales, por lo tanto, garantiza la \r\n      serenidad.\r\n    <\/p>\r\n    <h3>\r\n      Calman y refuerzan la actividad mental\r\n    <\/h3>\r\n    <p>\r\n      Tambi\u00e9n con la glutamina, combate los estados de agotamiento y los \r\n      trastornos de las funciones cerebrales como la inquietud, el insomnio y \r\n      la falta de concentraci\u00f3n.\r\n    <\/p>\r\n    <p>\r\n      Es una fuente de calma interior, de equilibrio f\u00edsico incluso en una \r\n      situaci\u00f3n de estr\u00e9s. Puede ser un factor de reparaci\u00f3n del sue\u00f1o, \r\n      especialmente cuando el cuerpo est\u00e1 cansado o estresado.\r\n    <\/p>\r\n    <p>\r\n      La glutamina puede ser un tratamiento complementario para la depresi\u00f3n. \r\n      Mejora la funci\u00f3n cerebral.\r\n    <\/p>\r\n    <h3>\r\n      Ayudan a desintoxicar el cuerpo y facilitan el sue\u00f1o\r\n    <\/h3>\r\n    <p>\r\n      La glutamina, la arginina y la ornitina ayudan a conciliar el sue\u00f1o y a \r\n      dormir mejor. El abundante suministro de estos amino\u00e1cidos tambi\u00e9n ayuda \r\n      a desintoxicar el h\u00edgado, tambi\u00e9n transforman el amon\u00edaco en urea, y \r\n      aceleran la cicatrizaci\u00f3n de las heridas, como las operaciones en el \r\n      cuerpo.\r\n    <\/p>\r\n    <h3>\r\n      Mejora el rendimiento y la memoria\r\n    <\/h3>\r\n    <p>\r\n      La carnitina tiene muchas funciones en el funcionamiento del organismo, \r\n      favorece todas las funciones cerebrales. Este amino\u00e1cido asegura la \r\n      capacidad de tener una buena memoria, tambi\u00e9n ayuda a resistir el \r\n      estr\u00e9s, que a menudo es causado por la fatiga excesiva. La deficiencia \r\n      de carnitina puede provocar el s\u00edndrome de fatiga cr\u00f3nica o el \r\n      agotamiento f\u00edsico y mental, que puede causar problemas de humor y \r\n      p\u00e9rdida de memoria.\r\n    <\/p>\r\n    <h2>\r\n      \u00bfC\u00f3mo mantener las capacidades intelectuales?\r\n    <\/h2>\r\n    <p>\r\n      Para mantener la capacidad intelectual, basta con mezclar los \r\n      amino\u00e1cidos con \u00e1cido f\u00f3lico, vitamina B12 y vitamina B6.\r\n    <\/p>\r\n    <p>\r\n      Estos elementos pueden encontrarse en alimentos ricos en vitamina B, \r\n      como las verduras de hoja verde (lechuga, br\u00e8des, etc.). Sin embargo, \r\n      hay que tener en cuenta que puede ser dif\u00edcil obtener suficientes \r\n      vitaminas si la comida no est\u00e1 en buenas condiciones. Las vitaminas son \r\n      muy sensibles al calor y al ox\u00edgeno.\r\n    <\/p>\r\n    <p>\r\n      En consecuencia, si los alimentos se almacenan o transportan durante \r\n      demasiado tiempo o no se preparan adecuadamente, pueden perder las \r\n      vitaminas que contienen. Esto tambi\u00e9n puede reducir el contenido de \r\n      \u00e1cido f\u00f3lico.\r\n    <\/p>\r\n    <p>\r\n      Los expertos en nutrici\u00f3n de la Gesellschaft f\u00fcr Ern\u00e4hrungsmedizin und \r\n      Di\u00e4tetik (Sociedad de Medicina Nutricional y Diet\u00e9tica) recomiendan \r\n      tomar \u00e1cido f\u00f3lico junto con las vitaminas B6 y B12 en forma de \r\n      suplementos diet\u00e9ticos para evitar una deficiencia de estas \u00faltimas.\r\n    <\/p>\r\n    <h2>\r\n      Para concluir\r\n    <\/h2>\r\n    <p>\r\n      La presencia abundante de amino\u00e1cidos en el organismo es muy importante. \r\n      Desempe\u00f1an un papel fundamental para el buen funcionamiento del \r\n      organismo, tambi\u00e9n estabilizan las capacidades intelectuales.\r\n    <\/p>\r\n    <p>\r\n      Los amino\u00e1cidos ayudan a dormir bien y a luchar contra el estr\u00e9s, para \r\n      evitar la fatiga, debe asegurarse siempre de tener suficientes \r\n      amino\u00e1cidos en su cuerpo.\r\n    <\/p>\t\t<\/div>\n\t\t\t\t<\/div>\n\t\t\t\t\t<\/div>\n\t\t<\/div>\n\t\t\t\t\t\t\t<\/div>\n\t\t<\/section>\n\t\t\t\t\t\t<\/div>\n\t\t\t\t\t<\/div>\n\t\t","protected":false},"excerpt":{"rendered":"<p>Los amino\u00e1cidos son imprescindible para el cuerpo humano. Hay 22 tipos de amino\u00e1cidos de los&hellip;<\/p>\n","protected":false},"author":71,"featured_media":35470,"parent":13882,"menu_order":0,"comment_status":"closed","ping_status":"closed","template":"template_ES.php","meta":[],"_links":{"self":[{"href":"https:\/\/www.ericfavre.com\/lifestyle\/es\/wp-json\/wp\/v2\/pages\/14127"}],"collection":[{"href":"https:\/\/www.ericfavre.com\/lifestyle\/es\/wp-json\/wp\/v2\/pages"}],"about":[{"href":"https:\/\/www.ericfavre.com\/lifestyle\/es\/wp-json\/wp\/v2\/types\/page"}],"author":[{"embeddable":true,"href":"https:\/\/www.ericfavre.com\/lifestyle\/es\/wp-json\/wp\/v2\/users\/71"}],"replies":[{"embeddable":true,"href":"https:\/\/www.ericfavre.com\/lifestyle\/es\/wp-json\/wp\/v2\/comments?post=14127"}],"version-history":[{"count":6,"href":"https:\/\/www.ericfavre.com\/lifestyle\/es\/wp-json\/wp\/v2\/pages\/14127\/revisions"}],"predecessor-version":[{"id":14169,"href":"https:\/\/www.ericfavre.com\/lifestyle\/es\/wp-json\/wp\/v2\/pages\/14127\/revisions\/14169"}],"up":[{"embeddable":true,"href":"https:\/\/www.ericfavre.com\/lifestyle\/es\/wp-json\/wp\/v2\/pages\/13882"}],"wp:featuredmedia":[{"embeddable":true,"href":"https:\/\/www.ericfavre.com\/lifestyle\/es\/wp-json\/wp\/v2\/media\/35470"}],"wp:attachment":[{"href":"https:\/\/www.ericfavre.com\/lifestyle\/es\/wp-json\/wp\/v2\/media?parent=14127"}],"curies":[{"name":"wp","href":"https:\/\/api.w.org\/{rel}","templated":true}]}}