{"id":14421,"date":"2021-06-08T18:17:10","date_gmt":"2021-06-08T16:17:10","guid":{"rendered":"https:\/\/www.ericfavre.com\/lifestyle\/es\/?page_id=14421"},"modified":"2021-09-22T12:38:21","modified_gmt":"2021-09-22T10:38:21","slug":"calorias-en-todos-sus-estados","status":"publish","type":"page","link":"https:\/\/www.ericfavre.com\/lifestyle\/es\/bienvenida\/nutricion-deportiva\/conceptos-basicos-de-nutricion\/calorias\/calorias-en-todos-sus-estados\/","title":{"rendered":"CALOR\u00cdAS EN TODOS SUS ESTADOS"},"content":{"rendered":"\t\t<div data-elementor-type=\"wp-page\" data-elementor-id=\"14421\" class=\"elementor elementor-14421\" data-elementor-settings=\"[]\">\n\t\t\t\t\t\t\t<div class=\"elementor-section-wrap\">\n\t\t\t\t\t\t\t<section class=\"penci-section penci-disSticky penci-structure-10 elementor-section elementor-top-section elementor-element elementor-element-334d060 elementor-section-boxed elementor-section-height-default elementor-section-height-default\" data-id=\"334d060\" data-element_type=\"section\">\n\t\t\t\t\t\t<div class=\"elementor-container elementor-column-gap-default\">\n\t\t\t\t\t<div class=\"penci-ercol-100 penci-ercol-order-1 penci-sticky-ct  elementor-column elementor-col-100 elementor-top-column elementor-element elementor-element-ed2815a\" data-id=\"ed2815a\" data-element_type=\"column\">\n\t\t\t<div class=\"elementor-widget-wrap elementor-element-populated\">\n\t\t\t\t\t\t\t\t<div class=\"elementor-element elementor-element-cdcbde2 elementor-widget elementor-widget-html\" data-id=\"cdcbde2\" data-element_type=\"widget\" data-widget_type=\"html.default\">\n\t\t\t\t<div class=\"elementor-widget-container\">\n\t\t\t<p>\r\n      \u00bfQui\u00e9n no se ha molestado nunca en contar <b>las calor\u00edas<\/b>&nbsp;ingeridas \r\n      durante el d\u00eda? Muchos profesionales ya lo han hecho y no s\u00f3lo una vez. \r\n      Esta acci\u00f3n permite a los practicantes tener autocontrol, un control que \r\n      provoca una cierta ventaja. Este autocontrol es importante en este \r\n      \u00e1mbito.\r\n    <\/p>\r\n    <p>\r\n      Es hora de trabajar de forma diferente. Los seguimientos diet\u00e9ticos son \r\n      numerosos, pero el concepto de recuento de calor\u00edas es otra historia, \r\n      antes de empezar, es importante saber que no son las calor\u00edas las que \r\n      hacen que se gane o se pierda peso, sino que los alimentos son la fuente \r\n      de sus part\u00edculas, ahora es el momento de ver las cosas de otra manera.\r\n    <\/p>\r\n    <p>\r\n      Ver m\u00e1s all\u00e1 de esas pocas calor\u00edas que a algunas personas les cuesta \r\n      cuando est\u00e1n en exceso.\r\n    <\/p>\r\n    <p>\r\n      Para ello, hay que introducir en estas rutinas un ejercicio sencillo y \r\n      eficaz, antes de cada comida, es bueno conocer la ingesta de cada \r\n      alimento, hay que analizar cada elemento del plato, empezando por el \r\n      desayuno, siguiendo por el almuerzo hasta la cena. Ojo, tambi\u00e9n es \r\n      importante conocer la acci\u00f3n que proporcionan los bocadillos.\r\n    <\/p>\r\n    <h2>\r\n      \u00bfCu\u00e1les son los impactos de cada alimento en el organismo?\r\n    <\/h2>\r\n    <p>\r\n      En un plato, seguramente, habr\u00e1 un poco de todo. Una dieta equilibrada \r\n      es imprescindible, a veces es posible hacer una excepci\u00f3n a la regla y \r\n      comer lo que se nos ocurra, pero cuidado, al menor descuido, ciertas \r\n      c\u00e9lulas del organismo recuperan el exceso y favorecen el aumento de \r\n      peso, por ejemplo.\r\n    <\/p>\r\n    <p>\r\n      \u00bfQu\u00e9 tipos de fuentes de alimentaci\u00f3n se aconsejan entonces? Los \r\n      alimentos ricos en fibra deben consumirse en abundancia, en efecto, la \r\n      fibra procede generalmente de alimentos de origen vegetal, tiene un \r\n      papel muy importante en el organismo, contribuye a facilitar el tr\u00e1nsito \r\n      intestinal.\r\n    <\/p>\r\n    <p>\r\n      Que es muy beneficioso para todos los \u00f3rganos de la digesti\u00f3n, la fibra \r\n      no tiene realmente ning\u00fan valor nutricional, por lo que es realmente \r\n      ideal e indispensable en cada comida, contribuye enormemente a la \r\n      absorci\u00f3n de sales minerales y especialmente a la retenci\u00f3n de calcio.\r\n    <\/p>\r\n    <p>\r\n      Informaci\u00f3n importante, la fibra diet\u00e9tica no se une a las vitaminas ni \r\n      a los minerales y, por lo tanto, no perjudica su absorci\u00f3n, a pesar de \r\n      ello, hay algunos alimentos que escapan a la regla.\r\n    <\/p>\r\n    <p>\r\n      Las distintas vitaminas son tambi\u00e9n nutrientes esenciales para el \r\n      organismo Es importante saber gestionar el nivel de vitaminas que se \r\n      ingiere durante el d\u00eda, de hecho, seg\u00fan una conocida cita: cualquier \r\n      abuso es reprobable, no hay que exagerar sobre la cantidad de vitaminas. \r\n      De hecho, hay varios tipos de vitaminas, cada tipo aporta algunas cosas.\r\n    <\/p>\r\n    <p>\r\n      En cuanto al az\u00facar, existe una tasa que debe respetarse \r\n      escrupulosamente. El exceso de az\u00facar puede provocar muchas cosas en el \r\n      cuerpo, como el sobrepeso, diversas enfermedades, etc. Tambi\u00e9n es bueno \r\n      saber que hay az\u00facar bueno y az\u00facar malo o, m\u00e1s com\u00fanmente, az\u00facar lento \r\n      y az\u00facar r\u00e1pido.\r\n    <\/p>\r\n    <p>\r\n      Estos dos tipos de az\u00facar son esenciales para el organismo, pero deben \r\n      consumirse con moderaci\u00f3n.\r\n    <\/p>\r\n    <p>\r\n      Aparte de estos pocos ejemplos, hay muchos otros elementos que pueden \r\n      transportar toneladas de calor\u00edas por el cuerpo, por eso es importante \r\n      conocer el valor energ\u00e9tico de cada plato.\r\n    <\/p>\r\n    <h2>\r\n      Impacto de su dieta en su cuerpo\r\n    <\/h2>\r\n    <p>\r\n      Por lo general, las preocupaciones por el sobrepeso o la p\u00e9rdida de peso \r\n      son el resultado de lo que la gente come, es necesario saber qu\u00e9 aporta \r\n      el contenido de la placa a las c\u00e9lulas del cuerpo. Conocer y reconocer \r\n      los beneficios e inconvenientes obliga sistem\u00e1ticamente a evitar el \r\n      consumo de ciertos alimentos en exceso.\r\n    <\/p>\r\n    <p>\r\n      En la l\u00f3gica de la naturaleza, se supone que los alimentos aportan \r\n      fuerza a la persona que los consume. Su funci\u00f3n es regenerar las c\u00e9lulas \r\n      del organismo, y as\u00ed, si la gente no se alimenta correctamente, las \r\n      c\u00e9lulas se degradan y voil\u00e0, se produce el aumento o la p\u00e9rdida de peso.\r\n    <\/p>\r\n    <p>\r\n      Para remediarlo, se necesita una mente aguda y un buen sentido del \r\n      detalle, porque no todos los alimentos aportan siempre beneficios al \r\n      organismo, hay que pens\u00e1rselo dos veces antes de abalanzarse sobre un \r\n      buen plato de comida.\r\n    <\/p>\r\n    <p>\r\n      Los alimentos se componen de varios nutrientes dise\u00f1ados para regenerar \r\n      las c\u00e9lulas del cuerpo. Cada uno de estos nutrientes corresponde a una \r\n      parte del cuerpo. El nivel de nutrientes que cada organismo necesita \r\n      diariamente est\u00e1 bien determinado. Cualquier exceso de calor\u00edas favorece \r\n      el aumento de peso, la falta de calor\u00edas acelera la p\u00e9rdida de peso. \r\n      Tanto el exceso como la carencia provocan consecuencias perjudiciales \r\n      para el organismo.\r\n    <\/p>\r\n    <p>\r\n      Entrar en acci\u00f3n en el conteo de calor\u00edas y saber exactamente cu\u00e1ntas \r\n      calor\u00edas son \u00fatiles para el cuerpo ofrece la ventaja de familiarizarse \r\n      con su cuerpo. Conocer las necesidades de su cuerpo en t\u00e9rminos de \r\n      ingesta de alimentos le permite gestionar autom\u00e1ticamente su recuento de \r\n      calor\u00edas diarias.\r\n    <\/p>\r\n    <p>\r\n      Con este m\u00e9todo, ya no es necesario hacer esfuerzos para quemar \r\n      calor\u00edas, ya que s\u00f3lo hay que tomar las que se necesitan. Come \r\n      suficientes calor\u00edas del d\u00eda para no tener que hacer el esfuerzo de \r\n      disolverlas con toneladas de ejercicio.\r\n    <\/p>\r\n    <p>\r\n      Hay que reconocer que esta buena gesti\u00f3n de las calor\u00edas es una buena \r\n      acci\u00f3n para el organismo. Es un placer cuidar de tu cuerpo, te ves bien, \r\n      un aspecto f\u00edsico bueno, lleva a la autoconfianza y al autocontrol, \r\n      tambi\u00e9n te hace m\u00e1s fuerte y te da energ\u00eda. La salud f\u00edsica y el \r\n      bienestar mental est\u00e1n al alcance de la mano.\r\n    <\/p>\r\n    <p>\r\n      Hay que tratarse a s\u00ed mismo de forma correcta, ofrecerse momentos de \r\n      placer con moderaci\u00f3n en relaci\u00f3n con la comida. Piensa en el impacto \r\n      sobre las c\u00e9lulas del cuerpo antes de tomar una cucharada de comida, por \r\n      ejemplo. Comer no es un delito, pero saber comer es a\u00fan mejor.\r\n    <\/p>\r\n    <br>\t\t<\/div>\n\t\t\t\t<\/div>\n\t\t\t\t\t<\/div>\n\t\t<\/div>\n\t\t\t\t\t\t\t<\/div>\n\t\t<\/section>\n\t\t\t\t\t\t<\/div>\n\t\t\t\t\t<\/div>\n\t\t","protected":false},"excerpt":{"rendered":"<p>\u00bfQui\u00e9n no se ha molestado nunca en contar las calor\u00edas&nbsp;ingeridas durante el d\u00eda? Muchos profesionales&hellip;<\/p>\n","protected":false},"author":71,"featured_media":35512,"parent":14372,"menu_order":0,"comment_status":"closed","ping_status":"closed","template":"template_ES.php","meta":[],"_links":{"self":[{"href":"https:\/\/www.ericfavre.com\/lifestyle\/es\/wp-json\/wp\/v2\/pages\/14421"}],"collection":[{"href":"https:\/\/www.ericfavre.com\/lifestyle\/es\/wp-json\/wp\/v2\/pages"}],"about":[{"href":"https:\/\/www.ericfavre.com\/lifestyle\/es\/wp-json\/wp\/v2\/types\/page"}],"author":[{"embeddable":true,"href":"https:\/\/www.ericfavre.com\/lifestyle\/es\/wp-json\/wp\/v2\/users\/71"}],"replies":[{"embeddable":true,"href":"https:\/\/www.ericfavre.com\/lifestyle\/es\/wp-json\/wp\/v2\/comments?post=14421"}],"version-history":[{"count":6,"href":"https:\/\/www.ericfavre.com\/lifestyle\/es\/wp-json\/wp\/v2\/pages\/14421\/revisions"}],"predecessor-version":[{"id":14463,"href":"https:\/\/www.ericfavre.com\/lifestyle\/es\/wp-json\/wp\/v2\/pages\/14421\/revisions\/14463"}],"up":[{"embeddable":true,"href":"https:\/\/www.ericfavre.com\/lifestyle\/es\/wp-json\/wp\/v2\/pages\/14372"}],"wp:featuredmedia":[{"embeddable":true,"href":"https:\/\/www.ericfavre.com\/lifestyle\/es\/wp-json\/wp\/v2\/media\/35512"}],"wp:attachment":[{"href":"https:\/\/www.ericfavre.com\/lifestyle\/es\/wp-json\/wp\/v2\/media?parent=14421"}],"curies":[{"name":"wp","href":"https:\/\/api.w.org\/{rel}","templated":true}]}}