{"id":14918,"date":"2021-06-09T15:52:00","date_gmt":"2021-06-09T13:52:00","guid":{"rendered":"https:\/\/www.ericfavre.com\/lifestyle\/es\/?page_id=14918"},"modified":"2021-09-30T17:23:30","modified_gmt":"2021-09-30T15:23:30","slug":"la-actuacion-pasa-por-una-buena-recuperacion","status":"publish","type":"page","link":"https:\/\/www.ericfavre.com\/lifestyle\/es\/bienvenida\/tu-guia-de-recuperacion\/la-actuacion-pasa-por-una-buena-recuperacion\/","title":{"rendered":"LA ACTUACI\u00d3N  PASA POR UNA BUENA RECUPERACI\u00d3N"},"content":{"rendered":"\t\t<div data-elementor-type=\"wp-page\" data-elementor-id=\"14918\" class=\"elementor elementor-14918\" data-elementor-settings=\"[]\">\n\t\t\t\t\t\t\t<div class=\"elementor-section-wrap\">\n\t\t\t\t\t\t\t<section class=\"penci-section penci-disSticky penci-structure-10 elementor-section elementor-top-section elementor-element elementor-element-33ce409 elementor-section-boxed elementor-section-height-default elementor-section-height-default\" data-id=\"33ce409\" data-element_type=\"section\">\n\t\t\t\t\t\t<div class=\"elementor-container elementor-column-gap-default\">\n\t\t\t\t\t<div class=\"penci-ercol-100 penci-ercol-order-1 penci-sticky-ct  elementor-column elementor-col-100 elementor-top-column elementor-element elementor-element-42449d8\" data-id=\"42449d8\" data-element_type=\"column\">\n\t\t\t<div class=\"elementor-widget-wrap elementor-element-populated\">\n\t\t\t\t\t\t\t\t<div class=\"elementor-element elementor-element-268cfaa elementor-widget elementor-widget-html\" data-id=\"268cfaa\" data-element_type=\"widget\" data-widget_type=\"html.default\">\n\t\t\t\t<div class=\"elementor-widget-container\">\n\t\t\t<p>\r\n      Encadenar las repeticiones, acortar los periodos de descanso entre \r\n      series o entre sesiones, empujar m\u00e1s fuerte, correr m\u00e1s r\u00e1pido, la \r\n      b\u00fasqueda del rendimiento est\u00e1 omnipresente en la vida cotidiana del \r\n      deportista. Adem\u00e1s de un entrenamiento adaptado a los objetivos \r\n      marcados, es importante llevar una correcta alimentaci\u00f3n y dormir bien \r\n      para favorecer una \u00f3ptima recuperaci\u00f3n y contribuir tambi\u00e9n a la salud.\r\n    <\/p>\r\n    <h2>\r\n      RECUPERACI\u00d3N, LA FASE PRIMORDIAL DEL CRECIMIENTO MUSCULAR\r\n    <\/h2>\r\n    <p>\r\n      Durante esta fase, los m\u00fasculos se adaptan al traumatismo que han \r\n      sufrido y aumentan de tama\u00f1o.\r\n    <\/p>\r\n    <p>\r\n      La recuperaci\u00f3n es un punto que no debe descuidarse en ning\u00fan caso \r\n      porque, al igual que el entrenamiento, es el punto central de una buena \r\n      progresi\u00f3n. Ya no est\u00e1 demostrado que los deportistas necesiten una \r\n      ingesta de prote\u00ednas muy elevada para promover el crecimiento muscular, \r\n      sin embargo, cada vez m\u00e1s investigaciones indican que existen v\u00ednculos \r\n      entre el anabolismo muscular y la suplementaci\u00f3n de amino\u00e1cidos, en \r\n      particular los BCAA, por lo tanto, es aconsejable proporcionar al cuerpo \r\n      una dosis de BCAA para promover la m\u00e1xima respuesta anab\u00f3lica y as\u00ed \r\n      iniciar el proceso de recuperaci\u00f3n.\r\n    <\/p>\r\n    <p>\r\n      Uno de los pasos m\u00e1s importantes en la fase de recuperaci\u00f3n es restaurar \r\n      las reservas de energ\u00eda intramuscular, para ello, es imprescindible \r\n      aportar un suplemento de hidratos de carbono para recargar las reservas \r\n      hep\u00e1ticas y musculares.<br>Por \u00faltimo, hay que restablecer un estado \r\n      correcto de vitaminas y minerales. El inter\u00e9s es compensar la p\u00e9rdida de \r\n      oligoelementos espec\u00edficamente relacionados con la actividad f\u00edsica, \r\n      pero tambi\u00e9n aportar los necesarios para la recuperaci\u00f3n y la lucha \r\n      contra los radicales mediante antioxidantes. En estos dos objetivos, el \r\n      lugar de la vitamina C es mayor y justifica un producto afrutado para la \r\n      recuperaci\u00f3n.\r\n    <\/p>\r\n    <p>\r\n      <b>La fase de recuperaci\u00f3n tambi\u00e9n incluye un buen sue\u00f1o.<\/b>\r\n    <\/p>\r\n    <h2>\r\n      RECUPERARSE PARA EVITAR EL DOLOR\r\n    <\/h2>\r\n    <p>\r\n      Al empezar o retomar un deporte, muchas personas sufren dolor tras un \r\n      esfuerzo. Calambres, dolores,<b>fatiga<\/b>, anquilosis; aparecen muchas \r\n      lesiones en los m\u00fasculos,<b>cansando<\/b>&nbsp;y minando el cuerpo en los d\u00edas \r\n      siguientes. Para evitar estos estados de fatiga, nunca descuides la \r\n      recuperaci\u00f3n, tanto durante la sesi\u00f3n deportiva (<b>con periodos de \r\n      descanso<\/b>) como entre dos sesiones deportivas.\r\n    <\/p>\r\n    <p>\r\n      <em>Realizar una actividad f\u00edsica regular puede ser estresante para el \r\n      organismo. Afortunadamente, hoy en d\u00eda existen muchas soluciones para \r\n      ayudarte a disfrutar de tu pasi\u00f3n por el deporte.<\/em>\r\n    <\/p>\t\t<\/div>\n\t\t\t\t<\/div>\n\t\t\t\t\t<\/div>\n\t\t<\/div>\n\t\t\t\t\t\t\t<\/div>\n\t\t<\/section>\n\t\t\t\t\t\t<\/div>\n\t\t\t\t\t<\/div>\n\t\t","protected":false},"excerpt":{"rendered":"<p>Encadenar las repeticiones, acortar los periodos de descanso entre series o entre sesiones, empujar m\u00e1s&hellip;<\/p>\n","protected":false},"author":71,"featured_media":33202,"parent":14869,"menu_order":0,"comment_status":"closed","ping_status":"closed","template":"template_ES.php","meta":[],"_links":{"self":[{"href":"https:\/\/www.ericfavre.com\/lifestyle\/es\/wp-json\/wp\/v2\/pages\/14918"}],"collection":[{"href":"https:\/\/www.ericfavre.com\/lifestyle\/es\/wp-json\/wp\/v2\/pages"}],"about":[{"href":"https:\/\/www.ericfavre.com\/lifestyle\/es\/wp-json\/wp\/v2\/types\/page"}],"author":[{"embeddable":true,"href":"https:\/\/www.ericfavre.com\/lifestyle\/es\/wp-json\/wp\/v2\/users\/71"}],"replies":[{"embeddable":true,"href":"https:\/\/www.ericfavre.com\/lifestyle\/es\/wp-json\/wp\/v2\/comments?post=14918"}],"version-history":[{"count":7,"href":"https:\/\/www.ericfavre.com\/lifestyle\/es\/wp-json\/wp\/v2\/pages\/14918\/revisions"}],"predecessor-version":[{"id":35725,"href":"https:\/\/www.ericfavre.com\/lifestyle\/es\/wp-json\/wp\/v2\/pages\/14918\/revisions\/35725"}],"up":[{"embeddable":true,"href":"https:\/\/www.ericfavre.com\/lifestyle\/es\/wp-json\/wp\/v2\/pages\/14869"}],"wp:featuredmedia":[{"embeddable":true,"href":"https:\/\/www.ericfavre.com\/lifestyle\/es\/wp-json\/wp\/v2\/media\/33202"}],"wp:attachment":[{"href":"https:\/\/www.ericfavre.com\/lifestyle\/es\/wp-json\/wp\/v2\/media?parent=14918"}],"curies":[{"name":"wp","href":"https:\/\/api.w.org\/{rel}","templated":true}]}}