{"id":15219,"date":"2021-06-09T16:01:29","date_gmt":"2021-06-09T14:01:29","guid":{"rendered":"https:\/\/www.ericfavre.com\/lifestyle\/es\/?page_id=15219"},"modified":"2021-09-17T10:57:32","modified_gmt":"2021-09-17T08:57:32","slug":"entender-el-sistema-nervioso","status":"publish","type":"page","link":"https:\/\/www.ericfavre.com\/lifestyle\/es\/bienvenida\/tu-guia-de-recuperacion\/entender-el-sistema-nervioso\/","title":{"rendered":"ENTENDER EL SISTEMA NERVIOSO"},"content":{"rendered":"\t\t<div data-elementor-type=\"wp-page\" data-elementor-id=\"15219\" class=\"elementor elementor-15219\" data-elementor-settings=\"[]\">\n\t\t\t\t\t\t\t<div class=\"elementor-section-wrap\">\n\t\t\t\t\t\t\t<section class=\"penci-section penci-disSticky penci-structure-10 elementor-section elementor-top-section elementor-element elementor-element-c9095dd elementor-section-boxed elementor-section-height-default elementor-section-height-default\" data-id=\"c9095dd\" data-element_type=\"section\">\n\t\t\t\t\t\t<div class=\"elementor-container elementor-column-gap-default\">\n\t\t\t\t\t<div class=\"penci-ercol-100 penci-ercol-order-1 penci-sticky-ct  elementor-column elementor-col-100 elementor-top-column elementor-element elementor-element-856b974\" data-id=\"856b974\" data-element_type=\"column\">\n\t\t\t<div class=\"elementor-widget-wrap elementor-element-populated\">\n\t\t\t\t\t\t\t\t<div class=\"elementor-element elementor-element-12f610b elementor-widget elementor-widget-html\" data-id=\"12f610b\" data-element_type=\"widget\" data-widget_type=\"html.default\">\n\t\t\t\t<div class=\"elementor-widget-container\">\n\t\t\t<p>\r\n      Entender el sistema nervioso permite comprender mejor c\u00f3mo funciona el \r\n      cuerpo, c\u00f3mo funcionan los m\u00fasculos, la recuperaci\u00f3n, etc...y \r\n      as\u00ed,&nbsp;contribuir al bienestar y la salud del propio cuerpo.\r\n    <\/p>\r\n    <p>\r\n      Las neuronas son las c\u00e9lulas que conforman el funcionamiento b\u00e1sico del \r\n      sistema nervioso. Permiten la transmisi\u00f3n de impulsos, tambi\u00e9n llamados \r\n      mensajes nerviosos. Su fisiolog\u00eda est\u00e1 compuesta por un cuerpo celular \r\n      que contiene el citoplasma, un n\u00facleo y dos prolongaciones: el ax\u00f3n y \r\n      las dendritas. Los diferentes tipos de c\u00e9lulas nerviosas se distribuyen \r\n      seg\u00fan sus extensiones citoplasm\u00e1ticas. Las dendritas son las \r\n      prolongaciones m\u00e1s cortas y ramificadas; su funci\u00f3n es asegurar la \r\n      recepci\u00f3n de los mensajes nerviosos, y el ax\u00f3n, la segunda extensi\u00f3n, es \r\n      \u00fanica y muy larga, su longitud puede superar el metro.\r\n    <\/p>\r\n    <p>\r\n      Este alargamiento at\u00f3nico de la neurona se caracteriza por un \u00e1rbol \r\n      terminal con numerosas ramas cubiertas de botones sin\u00e1pticos. Gracias a \r\n      estos botones, las neuronas transmiten mensajes nerviosos a otra neurona \r\n      o m\u00fasculo. Al liberar transmisores qu\u00edmicos, el receptor podr\u00e1 \r\n      reaccionar a los impulsos. Los axones tambi\u00e9n est\u00e1n cubiertos por una \r\n      vaina de mielina para aislarlo y una vaina de Shawn. El recubrimiento de \r\n      los axones con la vaina de mielina garantiza una transmisi\u00f3n m\u00e1s r\u00e1pida \r\n      de los mensajes nerviosos a los receptores.\r\n    <\/p>\r\n    <h2>\r\n      FUNCI\u00d3N DEL SISTEMA NERVIOSO\r\n    <\/h2>\r\n    <p>\r\n      El hombre est\u00e1 dotado de varios miles de millones de neuronas. Cada uno \r\n      de ellos tiene un papel importante en el funcionamiento del sistema \r\n      nervioso. Las neuronas pueden clasificarse seg\u00fan su funci\u00f3n.\r\n    <\/p>\r\n    <p>\r\n      Distinguimos :\r\n    <\/p>\r\n    <ul>\r\n      <li>\r\n        neuronas sensoriales: se trata de una clase de neuronas que llevan los \r\n        impulsos desde los receptores hasta el sistema nervioso central.\r\n      <\/li>\r\n      <li>\r\n        neuronas eferentes: son las c\u00e9lulas que se encargan de transmitir la \r\n        informaci\u00f3n del sistema nervioso central a los receptores: m\u00fasculos o \r\n        gl\u00e1ndulas. En cuanto se reciba el mensaje, \u00e9ste podr\u00e1 responder.\r\n      <\/li>\r\n      <li>\r\n        las neuronas de asociaci\u00f3n se encuentran en el sistema nervioso, \r\n        completan la red neuronal, ya que son responsables de la comunicaci\u00f3n \r\n        entre las neuronas sensoriales y las motoras.\r\n      <\/li>\r\n      <li>\r\n        Nervios: conjunto de axones envueltos en tejido conectivo.\r\n      <\/li>\r\n      <li>\r\n        Nodos: el conjunto de c\u00e9lulas neuronales fuera del sistema nervioso \r\n        central.\r\n      <\/li>\r\n    <\/ul>\r\n    <h2>\r\n      La base de la relaci\u00f3n entre los nervios y los m\u00fasculos\r\n    <\/h2>\r\n    <p>\r\n      Todas las \u00f3rdenes e informaciones salen del cerebro y de la m\u00e9dula \r\n      espinal. Cuando se reciben los mensajes, como respuesta, los m\u00fasculos se \r\n      manifiestan realizando acciones.\r\n    <\/p>\r\n    <p>\r\n      Para proporcionar cada informaci\u00f3n, la mielina asegura la limitaci\u00f3n del \r\n      intercambio de iones a nivel de las fibras mielinizadas. Estas acciones \r\n      se manifiestan en los nodos de Ranvier con una acci\u00f3n r\u00e1pida hacia el \r\n      siguiente: es la conducci\u00f3n saltatoria. Cuanto m\u00e1s gruesa es la vaina de \r\n      mielina, m\u00e1s r\u00e1pido se produce el cambio de iones en los nodos de \r\n      Ranvier hacia el siguiente.\r\n    <\/p>\r\n    <p>\r\n      La presencia de la sinapsis en este nivel de transmisi\u00f3n permitir\u00e1 el \r\n      encaminamiento de los mensajes hacia los receptores. El espacio entre \r\n      los tejidos nerviosos se llenar\u00e1 por esta regi\u00f3n de interacci\u00f3n.\r\n    <\/p>\r\n    <p>\r\n      La acetilcolina, una mol\u00e9cula qu\u00edmica neurotransmisora, es la \r\n      responsable del paso de los flujos. El nacimiento y la propagaci\u00f3n de un \r\n      potencial de acci\u00f3n en la superficie de la fibra muscular permite la \r\n      liberaci\u00f3n del calcio presente en el ret\u00edculo. El ret\u00edculo viajar\u00e1 al \r\n      interior de la c\u00e9lula muscular para recibir la informaci\u00f3n, as\u00ed, la \r\n      orden realizada por la neurona en la m\u00e9dula espinal, se transmitir\u00e1 \r\n      correctamente a los m\u00fasculos esquel\u00e9ticos.\r\n    <\/p>\r\n    <p>\r\n      Las neuronas motoras se encargan de controlar los movimientos \r\n      musculares. Funcionan como todas las dem\u00e1s c\u00e9lulas con un n\u00facleo y \r\n      extensiones, pero es gracias a su estructura que pueden desempe\u00f1ar su \r\n      funci\u00f3n de transmisi\u00f3n. Se componen de:\r\n    <\/p>\r\n    <p>\r\n      - un cuerpo celular que contiene el n\u00facleo y est\u00e1 formado por dendritas, \r\n      se encuentran en la m\u00e9dula espinal a nivel de la materia gris.\r\n    <\/p>\r\n    <p>\r\n      - de un ax\u00f3n que se extiende hacia los m\u00fasculos esquel\u00e9ticos y est\u00e1 \r\n      cubierto por una vaina de mielina\r\n    <\/p>\r\n    <p>\r\n      - ramas terminales que se unen a las fibras musculares en la placa \r\n      motora neuromuscular o sinapsis.\r\n    <\/p>\r\n    <p>\r\n      Formando una unidad motora, todas las ramas procedentes de la misma \r\n      motoneurona responden uniformemente al mensaje enviado por esta misma \r\n      motoneurona. Esto significa que una unidad motora es independiente y \r\n      puede realizar una acci\u00f3n en respuesta a un est\u00edmulo.\r\n    <\/p>\r\n    <h2>\r\n      La red de bucles en las neuronas\r\n    <\/h2>\r\n    <p>\r\n      La red neuronal es sencilla gracias a un circuito sin bucles. La \r\n      disposici\u00f3n de las fibras nerviosas en un determinado circuito puede \r\n      generar diferentes tipos de respuestas. Este es el caso de una red \r\n      neuronal en bucle.\r\n    <\/p>\r\n    <p>\r\n      Un circuito en bucle es el resultado de una sinapsis entre una rama \r\n      colateral de la segunda neurona, con una neurona de asociaci\u00f3n que, a su \r\n      vez, hace sinapsis con la primera neurona de la cadena.\r\n    <\/p>\r\n    <p>\r\n      Las respuestas dependen de la disposici\u00f3n de las fibras nerviosas en las \r\n      redes neuronales. En una red en bucle, puede producirse una \r\n      transformaci\u00f3n de un dispositivo simple en una combinaci\u00f3n compleja que \r\n      puede dar lugar a diferentes tipos de comportamiento. Esto significa que \r\n      los mensajes recibidos generar\u00e1n una respuesta seg\u00fan una l\u00f3gica \r\n      diferente, terminando en una interconexi\u00f3n entre cadenas de neuronas, \r\n      con neuronas de asociaci\u00f3n.\r\n    <\/p>\r\n    <h2>\r\n      Capacidad de un m\u00fasculo de responder a la informaci\u00f3n nerviosa\r\n    <\/h2>\r\n    <p>\r\n      Para comprender la capacidad de un m\u00fasculo, hay que analizar su \r\n      rendimiento en relaci\u00f3n con el trabajo requerido, esto permite conocer \r\n      en el momento la respuesta de un m\u00fasculo seg\u00fan la orden ejercida.\r\n    <\/p>\r\n    <p>\r\n      La pregunta es: \u00bfC\u00f3mo se puede determinar el n\u00famero de unidades de \r\n      potencia adicionales que deben activarse para levantar una carga de 200 \r\n      kg en lugar de 100 kg?\r\n    <\/p>\r\n    <p>\r\n      Para obtener la respuesta a esta pregunta, hay que analizar la actividad \r\n      de los husos neuromusculares. Esto equivale a ver la contracci\u00f3n de las \r\n      estructuras unidas a la envoltura muscular cuando el m\u00fasculo voluntario \r\n      se contrae.\r\n    <\/p>\r\n    <p>\r\n      Hay que diferenciar entre las fibras intrafusales y las otras fibras \r\n      musculares. Las fibras musculares intrafusales no contienen \r\n      miofilamentos, sino muchos n\u00facleos que se encuentran en el centro de las \r\n      terminaciones primarias o anuloespinales .Cuando hay un estiramiento, \r\n      las fibras se deforman en una contracci\u00f3n anisom\u00e9trica e isot\u00f3nica que \r\n      mantiene una tensi\u00f3n baja y se encuentra a nivel de las c\u00e9lulas. Lo \r\n      importante es recordar que estas fibras realizan los mismos movimientos \r\n      que las dem\u00e1s: contracci\u00f3n y estiramiento, pero con una tensi\u00f3n \r\n      constante y baja, las terminaciones nerviosas se excitan poco.\r\n    <\/p>\r\n    <p>\r\n      En el caso de que haya una mayor resistencia a la contracci\u00f3n que se \r\n      hace cada vez m\u00e1s isom\u00e9trica, la tensi\u00f3n y el estiramiento de las fibras \r\n      fusoriales aumentar\u00e1n y transmitir\u00e1n mucha informaci\u00f3n al sistema \r\n      nervioso central. En respuesta a estos diferentes impulsos, el sistema \r\n      nervioso central aumentar\u00e1 la tensi\u00f3n muscular hasta alcanzar una fuerza \r\n      adecuada para permitir el esfuerzo o restringir la contracci\u00f3n. Si la \r\n      resistencia es demasiado grande, la contracci\u00f3n puede causar lesiones.\r\n    <\/p>\r\n    <p>\r\n      El estiramiento pasivo de las fibras del huso tambi\u00e9n es posible \r\n      mediante una contracci\u00f3n refleja llamada reflejo miot\u00e1tico. En caso de \r\n      exceso, de estiramiento excesivo de los m\u00fasculos, son los receptores \r\n      propioceptivos de los tendones los que realizar\u00e1n una respuesta \r\n      inhibiendo la contracci\u00f3n. El reflejo miot\u00e1tico desempe\u00f1a aqu\u00ed un papel \r\n      protector, que puede considerarse un reflejo postural.\r\n    <\/p>\r\n    <p>\r\n      La respuesta a la informaci\u00f3n nerviosa depende especialmente de las \r\n      fibras fusoriales y de los receptores propioceptivos de los tendones. \r\n      Estos dos elementos aseguran la contracci\u00f3n isom\u00e9trica que garantiza el \r\n      tono muscular y el control de la postura.\r\n    <\/p>\r\n    <h2>\r\n      Estructuras que entran en juego durante los reflejos\r\n    <\/h2>\r\n    <p>\r\n      La respuesta adecuada a la informaci\u00f3n del sistema nervioso central es \r\n      el reflejo. En general, los est\u00edmulos provocan actos reflejos a nivel de \r\n      los mecanismos internos del organismo. Por ejemplo, en un cambio de \r\n      temperatura corporal, el cuerpo actuar\u00e1 en consecuencia, esto significa \r\n      que la informaci\u00f3n sube al sistema nervioso y obliga al centro \r\n      hipotal\u00e1mico de regulaci\u00f3n t\u00e9rmica a poner en marcha un mecanismo que \r\n      controle la temperatura hasta alcanzar la normalidad. Debido a lo que \r\n      rodea al cuerpo humano, hay muchas reacciones reflejas a un est\u00edmulo. La \r\n      sensaci\u00f3n de quemaz\u00f3n provocar\u00e1 una retirada inmediata de la mano hacia \r\n      el origen del fuego.\r\n    <\/p>\r\n    <p>\r\n      Adem\u00e1s de estos reflejos innatos, que se manifiestan ante la presencia \r\n      de un est\u00edmulo, existen tambi\u00e9n reflejos adquiridos que requieren un \r\n      aprendizaje. Caminar, conducir o trabajar con el teclado del ordenador, \r\n      por ejemplo, son reflejos adquiridos, porque hay que aprenderlos poco a \r\n      poco para dominarlos, como resultado del aprendizaje, ciertos \r\n      movimientos ya no requieren una intervenci\u00f3n consciente, s\u00f3lo hay que \r\n      empezar, y el ritmo contin\u00faa, como llevar una cuchara en la boca para \r\n      comer. Para los ni\u00f1os de 2 a\u00f1os, realizar esta acci\u00f3n requiere un gran \r\n      esfuerzo y una mayor concentraci\u00f3n. Mediante la repetici\u00f3n y la \r\n      educaci\u00f3n, ciertos gestos se integran en las v\u00edas nerviosas y se vuelven \r\n      autom\u00e1ticos.\r\n    <\/p>\r\n    <p>\r\n      Para que haya reflejo, adquirido o innato, debe respetarse la sucesi\u00f3n \r\n      de 4 fen\u00f3menos, a saber:\r\n    <\/p>\r\n    <p>\r\n      - recepci\u00f3n: por las terminaciones fusoriales\r\n    <\/p>\r\n    <p>\r\n      - transmisi\u00f3n: a trav\u00e9s de la m\u00e9dula espinal y las neuronas sensoriales\r\n    <\/p>\r\n    <p>\r\n      - integraci\u00f3n: a trav\u00e9s del sistema nervioso central\r\n    <\/p>\r\n    <p>\r\n      - el efecto: por las neuronas motoras y los m\u00fasculos\r\n    <\/p>\r\n    <h2>\r\n      El arco reflejo\r\n    <\/h2>\r\n    <p>\r\n      El arco reflejo m\u00e1s conocido es el rotuliano o patelar, practicado a \r\n      menudo por los m\u00e9dicos, que implica dos grupos de neuronas. Cuando el \r\n      m\u00e9dico env\u00eda un est\u00edmulo sobre la rodilla del paciente, el tend\u00f3n \r\n      rotuliano del cu\u00e1driceps femoral realiza un estiramiento de los \r\n      m\u00fasculos, para esta acci\u00f3n, los receptores especializados en los \r\n      m\u00fasculos -los husos neuromusculares- env\u00edan un mensaje a trav\u00e9s de las \r\n      neuronas sensoriales a la m\u00e9dula espinal. All\u00ed se produce una sinapsis \r\n      con las neuronas motoras para asegurar la continuidad de la informaci\u00f3n, \r\n      es en este momento, cuando la m\u00e9dula espinal responde y env\u00eda una \r\n      respuesta al cu\u00e1driceps que provocar\u00e1 la contracci\u00f3n: la elevaci\u00f3n de la \r\n      pierna. En este tipo de reflejo entran en juego tanto las neuronas \r\n      sensoriales como las motoras, pero s\u00f3lo se produce una sinapsis, un \r\n      reflejo monosin\u00e1ptico.\r\n    <\/p>\r\n    <p>\r\n      Como el reflejo rotuliano forma parte de las v\u00edas reflejas, tambi\u00e9n \r\n      sigue 4 fases funcionales:\r\n    <\/p>\r\n    <p>\r\n      - recepci\u00f3n proporcionada por las terminaciones fusoriales que son \r\n      sensibles al estiramiento\r\n    <\/p>\r\n    <p>\r\n      - la v\u00eda de transmisi\u00f3n o relacionada por las neuronas sensoriales que \r\n      transfiere mensajes a la m\u00e9dula espinal\r\n    <\/p>\r\n    <p>\r\n      - integraci\u00f3n por el sistema nervioso central en las sinapsis de la \r\n      m\u00e9dula espinal\r\n    <\/p>\r\n    <p>\r\n      - la v\u00eda eferente a trav\u00e9s de las motoneuronas que transmite la \r\n      respuesta al \u00f3rgano efector, el m\u00fasculo.\r\n    <\/p>\r\n    <p>\r\n      En el caso del reflejo de abstinencia, hay participaci\u00f3n de 3 grupos de \r\n      neuronas y dos sinapsis, por eso se llama: reflejo multisin\u00e1ptico. \r\n      Cuando la mano siente una sensaci\u00f3n de ardor, se retira \r\n      instant\u00e1neamente, esta acci\u00f3n es la consecuencia de la entrada en juego \r\n      de los receptores sensibles al dolor llamados nociceptores, de las \r\n      dendritas de las neuronas sensibles y de las sinapsis entre las neuronas \r\n      de asociaci\u00f3n. Primero se produce la recepci\u00f3n, luego la transmisi\u00f3n del \r\n      mensaje por parte de las neuronas, que realizan una sinapsis con las \r\n      interneuronas, despu\u00e9s la integraci\u00f3n por parte de la m\u00e9dula espinal y, \r\n      finalmente, la contracci\u00f3n de los m\u00fasculos de la mano y el brazo \r\n      provocada por las neuronas motoras. Al mismo tiempo, hay una resistencia \r\n      rec\u00edproca de las neuronas que bloquean los m\u00fasculos antagonistas.\r\n    <\/p>\r\n    <p>\r\n      Tambi\u00e9n hay casos en los que el reflejo no requiere la intervenci\u00f3n del \r\n      cerebro. Estas situaciones son el resultado de una inhibici\u00f3n o \r\n      facilitaci\u00f3n consciente de los actos reflejos. En un beb\u00e9, vaciar la \r\n      vejiga es un reflejo en el que el cerebro no est\u00e1 presente. El hecho es \r\n      que cuando la vejiga est\u00e1 llena, se vac\u00eda, con el aprendizaje, el ni\u00f1o \r\n      aprende a controlar su vejiga. En un umbral cr\u00edtico, la vejiga env\u00eda una \r\n      se\u00f1al al sistema nervioso y \u00e9ste responde para evitar el reflejo de \r\n      facilitaci\u00f3n. El desarrollo de una resistencia consciente del reflejo \r\n      miccional tambi\u00e9n asegura este control.\r\n    <\/p>\r\n    <p>\r\n      La inhibici\u00f3n consciente es aprendida y permite a un hombre pensar antes \r\n      de retirar la mano cuando se quema, conscientemente, no retiras las \r\n      manos si llevas un objeto muy caliente mientras hay alguien cerca. Se \r\n      mantiene el objeto hasta que la otra persona est\u00e9 a salvo, incluso si la \r\n      respuesta al est\u00edmulo requiere que se retiren las manos inmediatamente. \r\n      Los deportistas suelen practicar esta inhibici\u00f3n consciente durante el \r\n      entrenamiento, es dif\u00edcil, pero con perseverancia y repetici\u00f3n, a pesar \r\n      del dolor, el cuerpo se acostumbra.\r\n    <\/p>\r\n    <h2>\r\n      El movimiento autom\u00e1tico\r\n    <\/h2>\r\n    <p>\r\n      El movimiento autom\u00e1tico es el resultado de un entrenamiento reflejo. Un \r\n      automovilista frena su coche cuando se encuentra en un cruce y el \r\n      sem\u00e1foro est\u00e1 en rojo, es una ejecuci\u00f3n repetida de gestos de forma \r\n      mec\u00e1nica sin la intervenci\u00f3n del pensamiento. El funcionamiento del \r\n      sistema nervioso se basa en los pasos de las reacciones simples.\r\n    <\/p>\r\n    <p>\r\n      En este ejemplo, la aprobaci\u00f3n es la constataci\u00f3n del cambio del \r\n      sem\u00e1foro a rojo. Esta informaci\u00f3n se recibe por los ojos y, gracias a \r\n      las fibras sensoriales, se env\u00eda al sistema nervioso central para \r\n      obtener una respuesta. Es durante la integraci\u00f3n cuando el sistema \r\n      nervioso central analiza, clasifica e interpreta la informaci\u00f3n. Al \r\n      final de esta fase, las neuronas motoras adecuadas se excitan para \r\n      enviar la respuesta a los m\u00fasculos implicados. El impulso recibido se \r\n      interpretar\u00e1 al retirar el pie del acelerador y pisar el pedal del \r\n      freno: el efecto .\r\n    <\/p>\r\n    .\r\n\r\n    <p>\r\n      Como se mencion\u00f3 anteriormente, todas las respuestas que requieren la \r\n      intervenci\u00f3n del cerebro se basan en 4 fases: recepci\u00f3n, transmisi\u00f3n, \r\n      integraci\u00f3n y efecto. La informaci\u00f3n se transmite a los receptores de \r\n      forma secuencial: se produce el encaminamiento de la informaci\u00f3n a las \r\n      interneuronas del SNC y luego la transmisi\u00f3n de la respuesta por parte \r\n      de las neuronas motoras.\r\n    <\/p>\r\n    <p>\r\n      Para permitir la transmisi\u00f3n de la informaci\u00f3n y los reflejos, el \r\n      sistema nervioso est\u00e1 compuesto por millones de secuencias de elementos \r\n      neuronales: es el circuito nervioso. Este circuito est\u00e1 asegurado por la \r\n      sinapsis: el contacto de una neurona, gracias al ax\u00f3n, con las dendritas \r\n      o el cuerpo celular de otra neurona. La hendidura sin\u00e1ptica condiciona \r\n      el contacto de las neuronas entre s\u00ed. Es esencial se\u00f1alar la diferencia \r\n      entre las neuronas presin\u00e1pticas y las postsin\u00e1pticas. Las neuronas \r\n      presin\u00e1pticas son las que tienen una terminaci\u00f3n de ax\u00f3n que termina en \r\n      una sinapsis espec\u00edfica y las postsin\u00e1pticas tienen una membrana densa \r\n      que ancla los receptores a los que se unen los neurotransmisores.\r\n    <\/p>\r\n    <h2>\r\n      Control del movimiento voluntario y de la postura\r\n    <\/h2>\r\n    <p>\r\n      Las acciones musculares son las consecuencias de la estimulaci\u00f3n \r\n      el\u00e9ctrica en la superficie cortical. Las neuronas que controlan los \r\n      movimientos de la cara, la mano y el tronco son diferentes. En el \r\n      tronco, entran en juego las neuronas del \u00e1rea motora primaria, mientras \r\n      que en la cara, son las neuronas de la base las que act\u00faan, con \r\n      movimientos m\u00e1s precisos de uno o m\u00e1s m\u00fasculos, la superficie de \r\n      incentivo cortical es mayor. Las neuronas implicadas en la cara y la \r\n      mano son mucho m\u00e1s numerosas, para emitir informaci\u00f3n m\u00e1s precisa, lo \r\n      que no ocurre en el tronco.\r\n    <\/p>\r\n    <p>\r\n      En la programaci\u00f3n, planificaci\u00f3n, control y ejecuci\u00f3n de un gesto o \r\n      movimiento voluntario, es necesaria la participaci\u00f3n de las \u00e1reas \r\n      motoras adyacentes al \u00e1rea primaria. En lo m\u00e1s profundo de los \r\n      hemisferios cerebrales, los n\u00facleos grises centrales son tambi\u00e9n \r\n      elementos importantes a tener en cuenta cuando se trata de un movimiento \r\n      voluntario.\r\n    <\/p>\r\n    <p>\r\n      El responsable de los gestos precisos y controlados es la dopamina, un \r\n      neurotransmisor que desempe\u00f1a un papel esencial en la funci\u00f3n motora. Su \r\n      ausencia en el caso de un n\u00facleo angulado se caracteriza por movimientos \r\n      espasm\u00f3dicos y vacilantes.\r\n    <\/p>\r\n    <p>\r\n      Las v\u00edas piramidales y extrapiramidales que aseguran la transferencia de \r\n      la respuesta de la m\u00e9dula a las neuronas motoras son tambi\u00e9n muy \r\n      importantes, garantizan movimientos precisos y h\u00e1biles (haces \r\n      piramidales), tambi\u00e9n, diversas posturas corporales (haces \r\n      extrapiramidales).\r\n    <\/p>\r\n    <br>\t\t<\/div>\n\t\t\t\t<\/div>\n\t\t\t\t\t<\/div>\n\t\t<\/div>\n\t\t\t\t\t\t\t<\/div>\n\t\t<\/section>\n\t\t\t\t\t\t<\/div>\n\t\t\t\t\t<\/div>\n\t\t","protected":false},"excerpt":{"rendered":"<p>Entender el sistema nervioso permite comprender mejor c\u00f3mo funciona el cuerpo, c\u00f3mo funcionan los m\u00fasculos,&hellip;<\/p>\n","protected":false},"author":71,"featured_media":33195,"parent":14869,"menu_order":0,"comment_status":"closed","ping_status":"closed","template":"template_ES.php","meta":[],"_links":{"self":[{"href":"https:\/\/www.ericfavre.com\/lifestyle\/es\/wp-json\/wp\/v2\/pages\/15219"}],"collection":[{"href":"https:\/\/www.ericfavre.com\/lifestyle\/es\/wp-json\/wp\/v2\/pages"}],"about":[{"href":"https:\/\/www.ericfavre.com\/lifestyle\/es\/wp-json\/wp\/v2\/types\/page"}],"author":[{"embeddable":true,"href":"https:\/\/www.ericfavre.com\/lifestyle\/es\/wp-json\/wp\/v2\/users\/71"}],"replies":[{"embeddable":true,"href":"https:\/\/www.ericfavre.com\/lifestyle\/es\/wp-json\/wp\/v2\/comments?post=15219"}],"version-history":[{"count":6,"href":"https:\/\/www.ericfavre.com\/lifestyle\/es\/wp-json\/wp\/v2\/pages\/15219\/revisions"}],"predecessor-version":[{"id":15261,"href":"https:\/\/www.ericfavre.com\/lifestyle\/es\/wp-json\/wp\/v2\/pages\/15219\/revisions\/15261"}],"up":[{"embeddable":true,"href":"https:\/\/www.ericfavre.com\/lifestyle\/es\/wp-json\/wp\/v2\/pages\/14869"}],"wp:featuredmedia":[{"embeddable":true,"href":"https:\/\/www.ericfavre.com\/lifestyle\/es\/wp-json\/wp\/v2\/media\/33195"}],"wp:attachment":[{"href":"https:\/\/www.ericfavre.com\/lifestyle\/es\/wp-json\/wp\/v2\/media?parent=15219"}],"curies":[{"name":"wp","href":"https:\/\/api.w.org\/{rel}","templated":true}]}}