{"id":15366,"date":"2021-06-09T16:04:53","date_gmt":"2021-06-09T14:04:53","guid":{"rendered":"https:\/\/www.ericfavre.com\/lifestyle\/es\/?page_id=15366"},"modified":"2021-09-17T11:05:24","modified_gmt":"2021-09-17T09:05:24","slug":"una-mejor-fase-de-definicion-con-la-meditacion","status":"publish","type":"page","link":"https:\/\/www.ericfavre.com\/lifestyle\/es\/bienvenida\/tu-guia-de-recuperacion\/meditacion-y-alternativas-de-relajacion\/una-mejor-fase-de-definicion-con-la-meditacion\/","title":{"rendered":"UNA MEJOR FASE DE DEFINICI\u00d3N CON LA MEDITACI\u00d3N"},"content":{"rendered":"\t\t<div data-elementor-type=\"wp-page\" data-elementor-id=\"15366\" class=\"elementor elementor-15366\" data-elementor-settings=\"[]\">\n\t\t\t\t\t\t\t<div class=\"elementor-section-wrap\">\n\t\t\t\t\t\t\t<section class=\"penci-section penci-disSticky penci-structure-10 elementor-section elementor-top-section elementor-element elementor-element-459ac1c elementor-section-boxed elementor-section-height-default elementor-section-height-default\" data-id=\"459ac1c\" data-element_type=\"section\">\n\t\t\t\t\t\t<div class=\"elementor-container elementor-column-gap-default\">\n\t\t\t\t\t<div class=\"penci-ercol-100 penci-ercol-order-1 penci-sticky-ct  elementor-column elementor-col-100 elementor-top-column elementor-element elementor-element-782a7ff\" data-id=\"782a7ff\" data-element_type=\"column\">\n\t\t\t<div class=\"elementor-widget-wrap elementor-element-populated\">\n\t\t\t\t\t\t\t\t<div class=\"elementor-element elementor-element-f13c0f9 elementor-widget elementor-widget-html\" data-id=\"f13c0f9\" data-element_type=\"widget\" data-widget_type=\"html.default\">\n\t\t\t\t<div class=\"elementor-widget-container\">\n\t\t\t<p>\r\n      Para tener un f\u00edsico seco, hay que evitar todas las fuentes de estr\u00e9s \r\n      porque la mayor\u00eda de las veces, este tipo de situaciones provocan \r\n      retenci\u00f3n de agua e incluso impiden que los m\u00fasculos se llenen de \r\n      gluc\u00f3geno. Para mejorar su f\u00edsico a diario, es importante probar y \r\n      adoptar un protocolo sencillo y seguro. Esta es la<b>meditaci\u00f3n<\/b>.\r\n    <\/p>\r\n    <h2>\r\n      \u00bfEs la meditaci\u00f3n una buena soluci\u00f3n?\r\n    <\/h2>\r\n    &nbsp;\r\n\r\n    <p>\r\n      Seg\u00fan la creencia popular, la pr\u00e1ctica de meditaci\u00f3n ayuda a regular el \r\n      estr\u00e9s, el sue\u00f1o y la secreci\u00f3n de cortisol. Se ha demostrado a los \r\n      practicantes que ocho semanas de meditaci\u00f3n ya traen consigo la plena \r\n      conciencia y la buena forma, adem\u00e1s, ayuda a entregar los pensamientos y \r\n      la mente con el fin de encontrar el sue\u00f1o correctamente, tambi\u00e9n da la \r\n      posibilidad de dar un mejor paso atr\u00e1s.\r\n    <\/p>\r\n    <h2>\r\n      \u00bfEs la meditaci\u00f3n ideal para los estudiantes?\r\n    <\/h2>\r\n    &nbsp;\r\n\r\n    <p>\r\n      Como ayuda a todo el mundo a mejorar, es obvio que la meditaci\u00f3n tambi\u00e9n \r\n      es adecuada para los estudiantes. Tanto para los j\u00f3venes estudiantes \r\n      como para los adultos, este tipo de actividad produce un estado de \r\n      relajaci\u00f3n. La meditaci\u00f3n reduce el estr\u00e9s psicol\u00f3gico y fisiol\u00f3gico.\r\n    <\/p>\r\n    <h2>\r\n      \u00bfCu\u00e1l es la relaci\u00f3n entre la meditaci\u00f3n y los trastornos alimentarios?\r\n    <\/h2>\r\n    &nbsp;\r\n\r\n    <p>\r\n      Es esencial saber que la meditaci\u00f3n permite enviar mensajes al cerebro \r\n      de una manera diferente pero natural. Para las personas que no tienen \r\n      ganas de comer algo, la meditaci\u00f3n es un buen remedio. Ayuda a recuperar \r\n      el apetito mientras se aprecia el sabor y la textura de cada bocado. \r\n      Comer con atenci\u00f3n plena restablece una buena relaci\u00f3n con la comida y \r\n      con el cuerpo a lo largo del tiempo.\r\n    <\/p>\r\n    <h2>\r\n      \u00bfC\u00f3mo meditar entonces?\r\n    <\/h2>\r\n    &nbsp;\r\n\r\n    <p>\r\n      Dadas estas aportaciones, es obvio que la meditaci\u00f3n de atenci\u00f3n plena \r\n      tiene algunos ejercicios a seguir.\r\n    <\/p>\r\n    <p>\r\n      1- Meditaci\u00f3n de monta\u00f1a\r\n    <\/p>\r\n    <p>\r\n      En este tipo de ejercicio, se deben seguir los siguientes pasos:\r\n    <\/p>\r\n    <p>\r\n      - Para empezar, es esencial sentarse con la espalda recta y con \r\n      dignidad. En este primer paso, comprobar la postura es crucial.\r\n    <\/p>\r\n    <p>\r\n      - Despu\u00e9s, hay que visualizar una monta\u00f1a imaginando su cima, sus \r\n      flancos y su base\r\n    <\/p>\r\n    <p>\r\n      - Con el paso del tiempo, tienes que ponerte en el lugar de esta \r\n      monta\u00f1a, para ello, considere la cabeza como la cima de la monta\u00f1a, los \r\n      espacios en blanco, sus lados y el asiento como su base.\r\n    <\/p>\r\n    <p>\r\n      - Despu\u00e9s, sentir la fuerza de la monta\u00f1a adoptando los fen\u00f3menos \r\n      meteorol\u00f3gicos como fen\u00f3menos ps\u00edquicos. Ocupando el lugar de la \r\n      monta\u00f1a, es esencial mantenerse fuerte ante los problemas que atraviesan \r\n      la mente.\r\n    <\/p>\r\n    <p>\r\n      - Frente a la variaci\u00f3n de la estaci\u00f3n, la persona bajo la plaza de la \r\n      monta\u00f1a tendr\u00e1 que ser dura y paciente\r\n    <\/p>\r\n    <p>\r\n      - Cuando estas etapas terminan, permanecer 10 minutos con la serenidad y \r\n      la fuerza de la monta\u00f1a es importante.\r\n    <\/p>\r\n    <p>\r\n      \r\n    <\/p>\r\n    <p>\r\n      2- Embellece tu actividad diaria\r\n    <\/p>\r\n    <p>\r\n      En este tipo de actividad tambi\u00e9n hay que seguir algunos pasos:\r\n    <\/p>\r\n    <p>\r\n      - Desde que te levantas hasta que te acuestas, anota en un papel tu \r\n      actividad a lo largo del d\u00eda. Las notas deben mencionar las actividades \r\n      realizadas por la ma\u00f1ana, en el desayuno, en el aseo, en la preparaci\u00f3n \r\n      de los ni\u00f1os, la salida al colegio, etc.\r\n    <\/p>\r\n    <p>\r\n      - Delante de cada actividad, escriba una R si aporta un recurso, por \r\n      otro lado, menciona una P si bombea energ\u00eda y cuesta mucho.\r\n    <\/p>\r\n    <p>\r\n      - Despu\u00e9s de haber escrito todo esto, piensa en c\u00f3mo bajar estas P y \r\n      subir las R a cambio. La mejor soluci\u00f3n es reducir al m\u00e1ximo la fuente \r\n      de fatiga.\r\n    <\/p>\r\n    <p>\r\n      3- La actividad del recurso\r\n    <\/p>\r\n    <p>\r\n      En caso de un estado de \u00e1nimo abrumador o tambi\u00e9n de un golpe duro, este \r\n      tipo de ejercicio es un buen recurso, pero para ello, debes seguir unos \r\n      pasos como siempre:\r\n    <\/p>\r\n    <p>\r\n      - Escoge una actividad que traiga el bien. Ya sea escuchando m\u00fasica, con \r\n      un masaje u otros, es esencial elegir una actividad que sea relajante y \r\n      divertida. El ejercicio que da una sensaci\u00f3n de autocontrol y control \r\n      tambi\u00e9n es apropiado. Es el caso de guardar un caj\u00f3n, hacer un poco de \r\n      trabajo dom\u00e9stico,...\r\n    <\/p>\r\n    <p>\r\n      De hecho, haz algo que d\u00e9 la impresi\u00f3n de estar recibiendo \u00f3rdenes de \r\n      nuevo.\r\n    <\/p>\r\n    <p>\r\n      - Una vez elegida la actividad, habr\u00e1 que hacer finalmente un desglose \r\n      uno tras otro de las acciones.\r\n    <\/p>\r\n    <h2>\r\n      \u00bfD\u00f3nde encontrar un buen profesor de meditaci\u00f3n de atenci\u00f3n plena?\r\n    <\/h2>\r\n    &nbsp;\r\n\r\n    <p>\r\n      Para los que conf\u00edan en su experiencia y pensamiento cr\u00edtico, hay un \r\n      buen profesor. Lo \u00fanico que tienes que hacer es sentirte completamente \r\n      c\u00f3modo con el profesor que elijas. En caso de que deba responder a \r\n      preguntas poco claras, simplemente debe ejercitar su atenci\u00f3n. Si es \r\n      posible, busca una instituci\u00f3n que est\u00e9 oficialmente afiliada a una \r\n      organizaci\u00f3n, por ejemplo, hay una plataforma donde se pueden encontrar \r\n      profesores de yoga y especialistas en la materia. Poni\u00e9ndose en contacto \r\n      con uno de sus profesionales, es posible sentirse mejor.\r\n    <\/p>\r\n    <p>\r\n      De todos modos, la soluci\u00f3n ideal es meditar al menos un minuto al d\u00eda. \r\n      Luego, hay que aumentar la meditaci\u00f3n poco a poco. S\u00f3lo la pr\u00e1ctica \r\n      permitir\u00e1 que todos florezcan. En este caso, es in\u00fatil perder el tiempo, \r\n      aplique a partir de ahora este tipo de ejercicios para ponerse en mejor \r\n      forma.\r\n    <\/p>\t\t<\/div>\n\t\t\t\t<\/div>\n\t\t\t\t\t<\/div>\n\t\t<\/div>\n\t\t\t\t\t\t\t<\/div>\n\t\t<\/section>\n\t\t\t\t\t\t<\/div>\n\t\t\t\t\t<\/div>\n\t\t","protected":false},"excerpt":{"rendered":"<p>Para tener un f\u00edsico seco, hay que evitar todas las fuentes de estr\u00e9s porque la&hellip;<\/p>\n","protected":false},"author":71,"featured_media":33258,"parent":15268,"menu_order":0,"comment_status":"closed","ping_status":"closed","template":"template_ES.php","meta":[],"_links":{"self":[{"href":"https:\/\/www.ericfavre.com\/lifestyle\/es\/wp-json\/wp\/v2\/pages\/15366"}],"collection":[{"href":"https:\/\/www.ericfavre.com\/lifestyle\/es\/wp-json\/wp\/v2\/pages"}],"about":[{"href":"https:\/\/www.ericfavre.com\/lifestyle\/es\/wp-json\/wp\/v2\/types\/page"}],"author":[{"embeddable":true,"href":"https:\/\/www.ericfavre.com\/lifestyle\/es\/wp-json\/wp\/v2\/users\/71"}],"replies":[{"embeddable":true,"href":"https:\/\/www.ericfavre.com\/lifestyle\/es\/wp-json\/wp\/v2\/comments?post=15366"}],"version-history":[{"count":6,"href":"https:\/\/www.ericfavre.com\/lifestyle\/es\/wp-json\/wp\/v2\/pages\/15366\/revisions"}],"predecessor-version":[{"id":15408,"href":"https:\/\/www.ericfavre.com\/lifestyle\/es\/wp-json\/wp\/v2\/pages\/15366\/revisions\/15408"}],"up":[{"embeddable":true,"href":"https:\/\/www.ericfavre.com\/lifestyle\/es\/wp-json\/wp\/v2\/pages\/15268"}],"wp:featuredmedia":[{"embeddable":true,"href":"https:\/\/www.ericfavre.com\/lifestyle\/es\/wp-json\/wp\/v2\/media\/33258"}],"wp:attachment":[{"href":"https:\/\/www.ericfavre.com\/lifestyle\/es\/wp-json\/wp\/v2\/media?parent=15366"}],"curies":[{"name":"wp","href":"https:\/\/api.w.org\/{rel}","templated":true}]}}