{"id":15660,"date":"2021-06-09T16:12:37","date_gmt":"2021-06-09T14:12:37","guid":{"rendered":"https:\/\/www.ericfavre.com\/lifestyle\/es\/?page_id=15660"},"modified":"2021-09-17T11:10:06","modified_gmt":"2021-09-17T09:10:06","slug":"estres-y-presion","status":"publish","type":"page","link":"https:\/\/www.ericfavre.com\/lifestyle\/es\/bienvenida\/tu-guia-de-recuperacion\/las-emociones-negativas-y-el-deporte\/estres-y-presion\/","title":{"rendered":"Estr\u00e9s y presi\u00f3n"},"content":{"rendered":"\t\t<div data-elementor-type=\"wp-page\" data-elementor-id=\"15660\" class=\"elementor elementor-15660\" data-elementor-settings=\"[]\">\n\t\t\t\t\t\t\t<div class=\"elementor-section-wrap\">\n\t\t\t\t\t\t\t<section class=\"penci-section penci-disSticky penci-structure-10 elementor-section elementor-top-section elementor-element elementor-element-8fb4ba8 elementor-section-boxed elementor-section-height-default elementor-section-height-default\" data-id=\"8fb4ba8\" data-element_type=\"section\">\n\t\t\t\t\t\t<div class=\"elementor-container elementor-column-gap-default\">\n\t\t\t\t\t<div class=\"penci-ercol-100 penci-ercol-order-1 penci-sticky-ct  elementor-column elementor-col-100 elementor-top-column elementor-element elementor-element-a28edd8\" data-id=\"a28edd8\" data-element_type=\"column\">\n\t\t\t<div class=\"elementor-widget-wrap elementor-element-populated\">\n\t\t\t\t\t\t\t\t<div class=\"elementor-element elementor-element-55ab80f elementor-widget elementor-widget-html\" data-id=\"55ab80f\" data-element_type=\"widget\" data-widget_type=\"html.default\">\n\t\t\t\t<div class=\"elementor-widget-container\">\n\t\t\t<p>\r\n      Dolor de est\u00f3mago, palpitaciones, falta de ox\u00edgeno o incluso \r\n      sudoraci\u00f3n...\r\n    <\/p>\r\n    <p>\r\n      Todos nos hemos sentido as\u00ed antes de un examen, una competici\u00f3n o un \r\n      discurso.En cuanto sentimos presi\u00f3n, estr\u00e9s, todos estos s\u00edntomas \r\n      aparecen de repente y pueden hacernos perder todos nuestros medios.\r\n    <\/p>\r\n    <h2>\r\n      PRESI\u00d3N POSITIVA O NEGATIVA ?\r\n    <\/h2>\r\n    <p>\r\n      La presi\u00f3n mal manejada puede ser devastadora hasta el punto de \r\n      impedirnos pensar y expresarnos correctamente Incluso vemos a los \r\n      deportistas muy mermados f\u00edsicamente.Por el contrario, la presi\u00f3n \r\n      controlada puede ayudarte a hacer cosas excepcionales, a crear energ\u00eda \r\n      que puedes utilizar en el momento adecuado.\r\n    <\/p>\r\n    <h2>\r\n      C\u00d3MO REACCIONAR ANTE EL ESTR\u00c9S\r\n    <\/h2>\r\n    <ul>\r\n      <li>\r\n        Conc\u00e9ntrese en su respiraci\u00f3n vac\u00ede su mente.Haz este ejercicio en \r\n        cuanto sientas un poco de tensi\u00f3n en ti, aunque s\u00f3lo dure un minuto.\r\n      <\/li>\r\n    <\/ul>\r\n    <ul>\r\n      <li>\r\n        Lo m\u00e1s importante es jugar a la baja.T\u00f3mate un momento e imagina la \r\n        grandeza, la inmensidad del universo y en este momento sit\u00faate en esta \r\n        extensi\u00f3n infinita.Te dar\u00e1s cuenta de lo insignificante que es el \r\n        objeto de tu estr\u00e9s.\r\n      <\/li>\r\n    <\/ul>\r\n    <h2>\r\n      CRECER EN TI MISMO PARA CONTROLAR TU PRESI\u00d3N\r\n    <\/h2>\r\n    <p>\r\n      Lo \u00fanico que realmente importa No es lo que la gente piensa de ti, sino \r\n      lo que t\u00fa piensas de ti mismo.\r\n    <\/p>\r\n    <p>\r\n      <em>&quot;Quien carece de confianza en s\u00ed mismo est\u00e1 constantemente a merced de \r\n      las opiniones de los dem\u00e1s&quot; Denis st-pierre<br><\/em>\r\n    <\/p>\r\n    <p>\r\n      \r\n    <\/p>\r\n    <p>\r\n      Es tu creencia en tus capacidades lo que te har\u00e1 seguir adelante ante \r\n      las pruebas dif\u00edciles.\r\n    <\/p>\r\n    <p>\r\n      <em>&quot;Un defecto que impide a los hombres actuar es no sentir de lo que son \r\n      capaces&quot; Jacques-B\u00e9nigne Bossuet<\/em>\r\n    <\/p>\r\n    <h2>\r\n      EL TRABAJO AUMENTA LA CONFIANZA\r\n    <\/h2>\r\n    <p>\r\n      La mejor manera de aumentar la confianza en uno mismo es entrenar para \r\n      estar preparado el d\u00eda D.Un boxeador que sube al ring pensando que el \r\n      trabajo realizado durante su preparaci\u00f3n es pobre, no podr\u00e1 tener plena \r\n      confianza en s\u00ed mismo.Mientras que si un boxeador sube al cuadril\u00e1tero \r\n      sabiendo que ha realizado todo el trabajo necesario, tanto en cantidad \r\n      como en calidad, ha engendrado necesariamente la confianza a lo largo de \r\n      su preparaci\u00f3n de que ser\u00e1 capaz de explotar.\r\n    <\/p>\r\n    <p>\r\n      <em>&quot; El genio es un uno por ciento de inspiraci\u00f3n y un noventa y nueve \r\n      por ciento de transpiraci\u00f3n.&quot;Thomas Edison. <\/em>\r\n    <\/p>\r\n    <h2>\r\n      APRENDER A CERRAR LA SESI\u00d3N\r\n    <\/h2>\r\n    <ul>\r\n      <li>\r\n        Aprende a desconectar de tu trabajo, Pasea por el mar, ve a la \r\n        monta\u00f1a, lee libros, etc...Haz cosas que te gusten y te den energ\u00eda.\r\n      <\/li>\r\n      <li>\r\n        T\u00f3mate el tiempo necesario para escuchar tu respiraci\u00f3n, relajarte y \r\n        aflojar los m\u00fasculos.\r\n      <\/li>\r\n      <li>\r\n        Cuando est\u00e9s entrenando (ya sea f\u00edsica o intelectualmente) s\u00e9 100% y \r\n        cuando te diviertas hazlo al 100%.\r\n      <\/li>\r\n      <li>\r\n        Vive y disfruta el momento presente, porque de lo contrario siempre \r\n        estar\u00e1s buscando la felicidad sin llegar a experimentarla.Siempre \r\n        estar\u00e1s entre el pasado y el futuro haci\u00e9ndote preguntas.\r\n      <\/li>\r\n    <\/ul>\r\n    <p>\r\n      <em>&quot;El futuro nos atormenta, el pasado nos retiene, por eso el presente \r\n      se nos escapa&quot; - Gustave Flaubert<\/em>\r\n    <\/p>\r\n    <h2>\r\n      NUNCA SER\u00c1S PERFECTO\r\n    <\/h2>\r\n    <ul>\r\n      <li>\r\n        No pierdas el tiempo intentando alcanzar la perfecci\u00f3n, nunca lo \r\n        conseguir\u00e1s, s\u00f3lo servir\u00e1 para aumentar tu estr\u00e9s.Siempre cometer\u00e1s \r\n        errores, hagas lo que hagas.\r\n      <\/li>\r\n      <li>\r\n        Trabaja una y otra vez para hacer lo menos posible pero no para no \r\n        hacerlo nunca.\r\n      <\/li>\r\n      <li>\r\n        Tu objetivo debe ser llegar a ser lo m\u00e1s perfecto en tu imperfecci\u00f3n.\r\n      <\/li>\r\n    <\/ul>\r\n    <p>\r\n      <em>&quot; He fallado 9000 tiros en mi carrera.Perd\u00ed casi 300 partidos.26 veces \r\n      me confiaron el tiro ganador y fall\u00e9.He fracasado una y otra vez en mi \r\n      vida.Y por eso estoy teniendo \u00e9xito.&quot; Michael Jordan<br><\/em>\r\n    <\/p>\r\n    <p>\r\n      \r\n    <\/p>\r\n    <p>\r\n      Si tienes ambici\u00f3n s\u00f3lo te queda una cosa por hacer: \u00a1\u00a1\u00a1Vive tus \r\n      ambiciones y act\u00faa!!!\r\n    <\/p>\t\t<\/div>\n\t\t\t\t<\/div>\n\t\t\t\t\t<\/div>\n\t\t<\/div>\n\t\t\t\t\t\t\t<\/div>\n\t\t<\/section>\n\t\t\t\t\t\t<\/div>\n\t\t\t\t\t<\/div>\n\t\t","protected":false},"excerpt":{"rendered":"<p>Dolor de est\u00f3mago, palpitaciones, falta de ox\u00edgeno o incluso sudoraci\u00f3n&#8230; Todos nos hemos sentido as\u00ed&hellip;<\/p>\n","protected":false},"author":71,"featured_media":33300,"parent":15562,"menu_order":0,"comment_status":"closed","ping_status":"closed","template":"template_ES.php","meta":[],"_links":{"self":[{"href":"https:\/\/www.ericfavre.com\/lifestyle\/es\/wp-json\/wp\/v2\/pages\/15660"}],"collection":[{"href":"https:\/\/www.ericfavre.com\/lifestyle\/es\/wp-json\/wp\/v2\/pages"}],"about":[{"href":"https:\/\/www.ericfavre.com\/lifestyle\/es\/wp-json\/wp\/v2\/types\/page"}],"author":[{"embeddable":true,"href":"https:\/\/www.ericfavre.com\/lifestyle\/es\/wp-json\/wp\/v2\/users\/71"}],"replies":[{"embeddable":true,"href":"https:\/\/www.ericfavre.com\/lifestyle\/es\/wp-json\/wp\/v2\/comments?post=15660"}],"version-history":[{"count":6,"href":"https:\/\/www.ericfavre.com\/lifestyle\/es\/wp-json\/wp\/v2\/pages\/15660\/revisions"}],"predecessor-version":[{"id":15702,"href":"https:\/\/www.ericfavre.com\/lifestyle\/es\/wp-json\/wp\/v2\/pages\/15660\/revisions\/15702"}],"up":[{"embeddable":true,"href":"https:\/\/www.ericfavre.com\/lifestyle\/es\/wp-json\/wp\/v2\/pages\/15562"}],"wp:featuredmedia":[{"embeddable":true,"href":"https:\/\/www.ericfavre.com\/lifestyle\/es\/wp-json\/wp\/v2\/media\/33300"}],"wp:attachment":[{"href":"https:\/\/www.ericfavre.com\/lifestyle\/es\/wp-json\/wp\/v2\/media?parent=15660"}],"curies":[{"name":"wp","href":"https:\/\/api.w.org\/{rel}","templated":true}]}}