{"id":16129,"date":"2021-06-21T19:00:43","date_gmt":"2021-06-21T17:00:43","guid":{"rendered":"https:\/\/www.ericfavre.com\/lifestyle\/es\/?page_id=16129"},"modified":"2022-07-22T18:43:03","modified_gmt":"2022-07-22T16:43:03","slug":"detox-para-liberarse-del-tabaquismo","status":"publish","type":"page","link":"https:\/\/www.ericfavre.com\/lifestyle\/es\/bienvenida\/detox\/por-que-hacer-una-dieta-de-detox\/detox-para-liberarse-del-tabaquismo\/","title":{"rendered":"Detox Para Liberarse Del Tabaquismo"},"content":{"rendered":"\t\t<div data-elementor-type=\"wp-page\" data-elementor-id=\"16129\" class=\"elementor elementor-16129\" data-elementor-settings=\"[]\">\n\t\t\t\t\t\t\t<div class=\"elementor-section-wrap\">\n\t\t\t\t\t\t\t<section class=\"penci-section penci-disSticky penci-structure-10 elementor-section elementor-top-section elementor-element elementor-element-e3ce9c7 elementor-section-boxed elementor-section-height-default elementor-section-height-default\" data-id=\"e3ce9c7\" data-element_type=\"section\">\n\t\t\t\t\t\t<div class=\"elementor-container elementor-column-gap-default\">\n\t\t\t\t\t<div class=\"penci-ercol-100 penci-ercol-order-1 penci-sticky-ct  elementor-column elementor-col-100 elementor-top-column elementor-element elementor-element-4c053d7\" data-id=\"4c053d7\" data-element_type=\"column\">\n\t\t\t<div class=\"elementor-widget-wrap elementor-element-populated\">\n\t\t\t\t\t\t\t\t<div class=\"elementor-element elementor-element-2b34fd0 elementor-widget elementor-widget-html\" data-id=\"2b34fd0\" data-element_type=\"widget\" data-widget_type=\"html.default\">\n\t\t\t\t<div class=\"elementor-widget-container\">\n\t\t\t<p>\r\n      Hacer una Detox puede tener varios motivos, uno de ellos es el \r\n      tabaquismo.&nbsp;Los fumadores cuyos pulmones est\u00e1n obstruidos por a\u00f1os de \r\n      inhalaci\u00f3n de humo son los m\u00e1s propensos a utilizar DETOX para liberarse \r\n      del estigma del tabaquismo.\r\n    <\/p>\r\n    <h2>\r\n      Detox para eliminar los productos t\u00f3xicos debidos al tabaco\r\n    <\/h2>\r\n    <p>\r\n      Es cierto que se ha identificado un gran n\u00famero de productos t\u00f3xicos en \r\n      el humo de los cigarrillos, entre ellos:\r\n    <\/p>\r\n    <ul>\r\n      <li>\r\n        Del mon\u00f3xido de carbono presente en los gases de escape de los coches.\r\n      <\/li>\r\n      <li>\r\n        De cianuro de hidr\u00f3genoque, se utilizaba en las c\u00e1maras de gas.\r\n      <\/li>\r\n      <li>\r\n        Formaldeh\u00eddo y tolueno, que son disolventes industriales.\r\n      <\/li>\r\n      <li>\r\n        De acetona en decapantes.\r\n      <\/li>\r\n      <li>\r\n        Metanol, que se utiliza en el combustible para cohetes.\r\n      <\/li>\r\n      <li>\r\n        De amoniaco, que es un potente detergente.\r\n      <\/li>\r\n      <li>\r\n        Del cadmio, utilizado en las bater\u00edas de los autom\u00f3viles.\r\n      <\/li>\r\n      <li>\r\n        De mercurio, plomo y arsenico, metales altamente t\u00f3xicos.\r\n      <\/li>\r\n    <\/ul>\r\n    <p>\r\n      Es imposible imaginar los da\u00f1os causados por la acumulaci\u00f3n de estos \r\n      contaminantes qu\u00edmicos en las paredes internas de las mucosas \r\n      respiratorias, hasta la m\u00e1s m\u00ednima involuci\u00f3n de los alv\u00e9olos pulmonares.\r\n    <\/p>\r\n    <p>\r\n      Las radiograf\u00edas del c\u00e1ncer de pulm\u00f3n lo verifican: \u00a1es un horror!\r\n    <\/p>\r\n    <h2>\r\n      DETOX es imprescindible para quienes quieren dejar de fumar.\r\n    <\/h2>\r\n    <p>\r\n      Independientemente del m\u00e9todo para dejar de fumar, una cura prolongada \r\n      de DETOX despejar\u00e1 gradualmente los bronquios mientras dure este \r\n      episodio de abandono del tabaco.\r\n    <\/p>\r\n    <p>\r\n      Sin querer hacerte sentir culpable...\r\n    <\/p>\r\n    <p>\r\n      Es comprensible que uno pueda mirar hacia otro lado leyendo las \r\n      inscripciones que ahora est\u00e1n impresas en letra grande en los paquetes \r\n      de cigarrillos :\r\n    <\/p>\r\n    <ul>\r\n      <li>\r\n        &quot;Fumar perjudica gravemente la salud &quot;\r\n      <\/li>\r\n      <li>\r\n        &quot;Fumar causa c\u00e1ncer &quot;\r\n      <\/li>\r\n      <li>\r\n        &quot;Fumar mata&quot;\r\n      <\/li>\r\n    <\/ul>\r\n    <p>\r\n      Los da\u00f1os del tabaco son conocidos :\r\n    <\/p>\r\n    <ul>\r\n      <li>\r\n        c\u00e1ncer (pulmones,\r\n      <\/li>\r\n      <li>\r\n        artritis (y mayor riesgo de eventos cardiovasculares),\r\n      <\/li>\r\n      <li>\r\n        angina de pecho,\r\n      <\/li>\r\n      <li>\r\n        trastornos respiratorios,\r\n      <\/li>\r\n      <li>\r\n        disfunci\u00f3n er\u00e9ctil ...\r\n      <\/li>\r\n    <\/ul>\r\n    <p>\r\n      Por no hablar de las consecuencias perjudiciales para la belleza, porque \r\n      el tabaco :\r\n    <\/p>\r\n    <ul>\r\n      <li>\r\n        Manos amarillas.\r\n      <\/li>\r\n      <li>\r\n        Dientes amarillos.\r\n      <\/li>\r\n      <li>\r\n        Potencia la formaci\u00f3n de arrugas por mala irrigaci\u00f3n d\u00e9rmica.\r\n      <\/li>\r\n      <li>\r\n        Provoca la ca\u00edda del cabello debido a una mala irrigaci\u00f3n del cuero \r\n        cabelludo.\r\n      <\/li>\r\n      <li>\r\n        Da una tez terrosa, con part\u00edculas de humo que obstruyen los poros.\r\n      <\/li>\r\n    <\/ul>\r\n    <p>\r\n      Sin mencionar el mal aliento.\r\n    <\/p>\r\n    <p>\r\n      Besar a alguien que fuma...ew!\r\n    <\/p>\r\n    <p>\r\n      El deseo de dejar de fumar es en muchos aspectos similar al deseo de \r\n      perder peso. El fumador y el obeso experimentan los mismos avatares \r\n      existenciales: una serie de intentos abortados, reca\u00eddas espectaculares, \r\n      una especie de c\u00edrculo vicioso. Ambos est\u00e1n afectados por el DETOX.\r\n    <\/p>\t\t<\/div>\n\t\t\t\t<\/div>\n\t\t\t\t\t<\/div>\n\t\t<\/div>\n\t\t\t\t\t\t\t<\/div>\n\t\t<\/section>\n\t\t\t\t\t\t<\/div>\n\t\t\t\t\t<\/div>\n\t\t","protected":false},"excerpt":{"rendered":"<p>Hacer una Detox puede tener varios motivos, uno de ellos es el tabaquismo.&nbsp;Los fumadores cuyos&hellip;<\/p>\n","protected":false},"author":71,"featured_media":33342,"parent":16080,"menu_order":0,"comment_status":"closed","ping_status":"closed","template":"template_ES.php","meta":[],"_links":{"self":[{"href":"https:\/\/www.ericfavre.com\/lifestyle\/es\/wp-json\/wp\/v2\/pages\/16129"}],"collection":[{"href":"https:\/\/www.ericfavre.com\/lifestyle\/es\/wp-json\/wp\/v2\/pages"}],"about":[{"href":"https:\/\/www.ericfavre.com\/lifestyle\/es\/wp-json\/wp\/v2\/types\/page"}],"author":[{"embeddable":true,"href":"https:\/\/www.ericfavre.com\/lifestyle\/es\/wp-json\/wp\/v2\/users\/71"}],"replies":[{"embeddable":true,"href":"https:\/\/www.ericfavre.com\/lifestyle\/es\/wp-json\/wp\/v2\/comments?post=16129"}],"version-history":[{"count":10,"href":"https:\/\/www.ericfavre.com\/lifestyle\/es\/wp-json\/wp\/v2\/pages\/16129\/revisions"}],"predecessor-version":[{"id":35822,"href":"https:\/\/www.ericfavre.com\/lifestyle\/es\/wp-json\/wp\/v2\/pages\/16129\/revisions\/35822"}],"up":[{"embeddable":true,"href":"https:\/\/www.ericfavre.com\/lifestyle\/es\/wp-json\/wp\/v2\/pages\/16080"}],"wp:featuredmedia":[{"embeddable":true,"href":"https:\/\/www.ericfavre.com\/lifestyle\/es\/wp-json\/wp\/v2\/media\/33342"}],"wp:attachment":[{"href":"https:\/\/www.ericfavre.com\/lifestyle\/es\/wp-json\/wp\/v2\/media?parent=16129"}],"curies":[{"name":"wp","href":"https:\/\/api.w.org\/{rel}","templated":true}]}}