{"id":16248,"date":"2021-06-21T19:02:19","date_gmt":"2021-06-21T17:02:19","guid":{"rendered":"https:\/\/www.ericfavre.com\/lifestyle\/es\/?page_id=16248"},"modified":"2022-07-22T18:44:58","modified_gmt":"2022-07-22T16:44:58","slug":"detox-para-eliminar-las-sustancias-de-tu-cuerpo","status":"publish","type":"page","link":"https:\/\/www.ericfavre.com\/lifestyle\/es\/bienvenida\/detox\/por-que-hacer-una-dieta-de-detox\/detox-para-eliminar-las-sustancias-de-tu-cuerpo\/","title":{"rendered":"Detox  Para Eliminar Las Sustancias De Tu Cuerpo"},"content":{"rendered":"\t\t<div data-elementor-type=\"wp-page\" data-elementor-id=\"16248\" class=\"elementor elementor-16248\" data-elementor-settings=\"[]\">\n\t\t\t\t\t\t\t<div class=\"elementor-section-wrap\">\n\t\t\t\t\t\t\t<section class=\"penci-section penci-disSticky penci-structure-10 elementor-section elementor-top-section elementor-element elementor-element-0ccb13e elementor-section-boxed elementor-section-height-default elementor-section-height-default\" data-id=\"0ccb13e\" data-element_type=\"section\">\n\t\t\t\t\t\t<div class=\"elementor-container elementor-column-gap-default\">\n\t\t\t\t\t<div class=\"penci-ercol-100 penci-ercol-order-1 penci-sticky-ct  elementor-column elementor-col-100 elementor-top-column elementor-element elementor-element-974b46d\" data-id=\"974b46d\" data-element_type=\"column\">\n\t\t\t<div class=\"elementor-widget-wrap elementor-element-populated\">\n\t\t\t\t\t\t\t\t<div class=\"elementor-element elementor-element-5822db8 elementor-widget elementor-widget-html\" data-id=\"5822db8\" data-element_type=\"widget\" data-widget_type=\"html.default\">\n\t\t\t\t<div class=\"elementor-widget-container\">\n\t\t\t<h2>\r\n      Qu\u00e9 se esconde en los componentes de un champ\u00fa\r\n    <\/h2>\r\n    <p>\r\n      Lo que hemos mencionado para los tensioactivos y la necesidad de \r\n      proceder con regularidad DETOX para eliminar<br>los productos qu\u00edmicos \r\n      incorporados en los geles de ducha y champ\u00fas afectan a todos los \r\n      componentes.<br>Enumerar los componentes de un champ\u00fa &quot;normal&quot; nos desaf\u00eda \r\n      cuando consideramos lo que hay debajo de los nombres ininteligibles y \r\n      las E...escritas en caracteres min\u00fasculos en las etiquetas :\r\n    <\/p>\r\n    <ul>\r\n      <li>\r\n        Ad\u00e9tergente: es el principio activo del champ\u00fa, el producto \r\n        tensioactivo que limpia el cabello eliminando la suciedad.\r\n      <\/li>\r\n      <li>\r\n        Supergrasante: como el detergente es demasiado agresivo para el cuero \r\n        cabelludo (elimina el sebo protector) es necesario a\u00f1adir una \r\n        sustancia grasa que reconstituya las p\u00e9rdidas de sebo. Esto equivale a \r\n        eliminar la grasa mala con el detergente mientras se proporciona la \r\n        grasa buena con el supergrasante, es como el famoso sketch de Coluche \r\n        sobre la colada, pero es la verdad.\r\n      <\/li>\r\n      <li>\r\n        Un estabilizador de espuma: hace que la espuma sea compacta, \r\n        voluminosa, estable.\r\n      <\/li>\r\n      <li>\r\n        Suavizante de espuma: permite que la espuma sea suave y cremosa, \r\n        agradable al tacto.\r\n      <\/li>\r\n      <li>\r\n        Un espesante: hace que el champ\u00fa sea m\u00e1s espeso, para que no sea \r\n        demasiado l\u00edquido.\r\n      <\/li>\r\n      <li>\r\n        Humectante: se utiliza para evitar la evaporaci\u00f3n del agua del champ\u00fa \r\n        para que \u00e9ste conserve la textura que le confiere el espesante.\r\n      <\/li>\r\n      <li>\r\n        Antioxidante: se utiliza para evitar el deterioro del champ\u00fa cuando se \r\n        abre el frasco.\r\n      <\/li>\r\n      <li>\r\n        Un bactericida: impide la proliferaci\u00f3n microbiana dentro del champ\u00fa, \r\n        su fermentaci\u00f3n.\r\n      <\/li>\r\n      <li>\r\n        Colorante: un champ\u00fa blanco y transl\u00facido no se vende, as\u00ed que \r\n        a\u00f1adimos un colorante.\r\n      <\/li>\r\n      <li>\r\n        Agente perlante: el tinte no es suficiente para que el champ\u00fa tenga un \r\n        aspecto favorecedor, por lo que se a\u00f1ade un producto que da un aspecto \r\n        perlado.\r\n      <\/li>\r\n      <li>\r\n        Perfume: se utiliza para enmascarar el olor de todos los componentes, \r\n        que son todos productos qu\u00edmicos, a la vez que da una fragancia \r\n        agradable al champ\u00fa, en relaci\u00f3n con el producto &quot;tratante&quot;.\r\n      <\/li>\r\n      <li>\r\n        Lustrante: como su nombre indica, se utiliza para pulir el cabello \r\n        para que brille.\r\n      <\/li>\r\n      <li>\r\n        El producto se llama &quot;tratamiento&quot;: a conciencia, solemos poner el \r\n        0,5% (o el 1%, a veces el 1,5%)...de un extracto de alg\u00fan principio \r\n        activo, normalmente una planta medicinal, para hacer natural lo que no \r\n        es m\u00e1s que una adici\u00f3n de m\u00faltiples productos qu\u00edmicos.\r\n      <\/li>\r\n    <\/ul>\r\n    <p>\r\n      Desgraciadamente, la difusi\u00f3n de este tipo de champ\u00fas sigue siendo \r\n      demasiado confidencial hoy en d\u00eda, en comparaci\u00f3n con las enormes \r\n      cantidades de champ\u00fas que se venden en los supermercados, y que \r\n      justifican las curas DETOX para eliminar las part\u00edculas qu\u00edmicas que \r\n      puedan haberse infiltrado en el organismo.\r\n    <\/p>\t\t<\/div>\n\t\t\t\t<\/div>\n\t\t\t\t\t<\/div>\n\t\t<\/div>\n\t\t\t\t\t\t\t<\/div>\n\t\t<\/section>\n\t\t\t\t\t\t<\/div>\n\t\t\t\t\t<\/div>\n\t\t","protected":false},"excerpt":{"rendered":"<p>Qu\u00e9 se esconde en los componentes de un champ\u00fa Lo que hemos mencionado para los&hellip;<\/p>\n","protected":false},"author":71,"featured_media":33356,"parent":16080,"menu_order":0,"comment_status":"closed","ping_status":"closed","template":"template_ES.php","meta":[],"_links":{"self":[{"href":"https:\/\/www.ericfavre.com\/lifestyle\/es\/wp-json\/wp\/v2\/pages\/16248"}],"collection":[{"href":"https:\/\/www.ericfavre.com\/lifestyle\/es\/wp-json\/wp\/v2\/pages"}],"about":[{"href":"https:\/\/www.ericfavre.com\/lifestyle\/es\/wp-json\/wp\/v2\/types\/page"}],"author":[{"embeddable":true,"href":"https:\/\/www.ericfavre.com\/lifestyle\/es\/wp-json\/wp\/v2\/users\/71"}],"replies":[{"embeddable":true,"href":"https:\/\/www.ericfavre.com\/lifestyle\/es\/wp-json\/wp\/v2\/comments?post=16248"}],"version-history":[{"count":9,"href":"https:\/\/www.ericfavre.com\/lifestyle\/es\/wp-json\/wp\/v2\/pages\/16248\/revisions"}],"predecessor-version":[{"id":35824,"href":"https:\/\/www.ericfavre.com\/lifestyle\/es\/wp-json\/wp\/v2\/pages\/16248\/revisions\/35824"}],"up":[{"embeddable":true,"href":"https:\/\/www.ericfavre.com\/lifestyle\/es\/wp-json\/wp\/v2\/pages\/16080"}],"wp:featuredmedia":[{"embeddable":true,"href":"https:\/\/www.ericfavre.com\/lifestyle\/es\/wp-json\/wp\/v2\/media\/33356"}],"wp:attachment":[{"href":"https:\/\/www.ericfavre.com\/lifestyle\/es\/wp-json\/wp\/v2\/media?parent=16248"}],"curies":[{"name":"wp","href":"https:\/\/api.w.org\/{rel}","templated":true}]}}