{"id":16297,"date":"2021-06-21T19:03:14","date_gmt":"2021-06-21T17:03:14","guid":{"rendered":"https:\/\/www.ericfavre.com\/lifestyle\/es\/?page_id=16297"},"modified":"2022-07-22T18:45:49","modified_gmt":"2022-07-22T16:45:49","slug":"el-papel-de-la-detox-en-el-sindrome-de-la-fatiga-cronica","status":"publish","type":"page","link":"https:\/\/www.ericfavre.com\/lifestyle\/es\/bienvenida\/detox\/por-que-hacer-una-dieta-de-detox\/el-papel-de-la-detox-en-el-sindrome-de-la-fatiga-cronica\/","title":{"rendered":"El Papel De La Detox  En El Sindrome De La Fatiga Cr\u00f3nica"},"content":{"rendered":"\t\t<div data-elementor-type=\"wp-page\" data-elementor-id=\"16297\" class=\"elementor elementor-16297\" data-elementor-settings=\"[]\">\n\t\t\t\t\t\t\t<div class=\"elementor-section-wrap\">\n\t\t\t\t\t\t\t<section class=\"penci-section penci-disSticky penci-structure-10 elementor-section elementor-top-section elementor-element elementor-element-f48c78e elementor-section-boxed elementor-section-height-default elementor-section-height-default\" data-id=\"f48c78e\" data-element_type=\"section\">\n\t\t\t\t\t\t<div class=\"elementor-container elementor-column-gap-default\">\n\t\t\t\t\t<div class=\"penci-ercol-100 penci-ercol-order-1 penci-sticky-ct  elementor-column elementor-col-100 elementor-top-column elementor-element elementor-element-7c1a743\" data-id=\"7c1a743\" data-element_type=\"column\">\n\t\t\t<div class=\"elementor-widget-wrap elementor-element-populated\">\n\t\t\t\t\t\t\t\t<div class=\"elementor-element elementor-element-667f73d elementor-widget elementor-widget-html\" data-id=\"667f73d\" data-element_type=\"widget\" data-widget_type=\"html.default\">\n\t\t\t\t<div class=\"elementor-widget-container\">\n\t\t\t<p>\r\n      Hay varias razones por las que vale la pena hacer una \r\n      desintoxicaci\u00f3n.&nbsp;Uno de ellos es el s\u00edndrome de fatiga cr\u00f3nica. La cura \r\n      de desintoxicaci\u00f3n juega un papel esencial en este s\u00edndrome, todo se \r\n      explica a continuaci\u00f3n !\r\n    <\/p>\r\n    <h2>\r\n      S\u00edndrome de fatiga cr\u00f3nica\r\n    <\/h2>\r\n    &nbsp;\r\n\r\n    <p>\r\n      &quot;Doctor, estoy cansado&quot; es la primera frase que dicen la mitad \r\n      de las personas que consultan a un m\u00e9dico de cabecera cuando entran en \r\n      la consulta y se sientan frente al facultativo.\r\n    <\/p>\r\n    <p>\r\n      Sin embargo, la acumulaci\u00f3n de residuos metab\u00f3licos es una de las \r\n      principales causas de este estado patol\u00f3gico que ahora llamamos s\u00edndrome \r\n      de fatiga cr\u00f3nica y que forma parte de una cura DETOX para liberar al \r\n      organismo de los elementos t\u00f3xicos que impiden su correcto \r\n      funcionamiento.\r\n    <\/p>\r\n    <h2>\r\n      Principales s\u00edntomas de la fatiga cr\u00f3nica\r\n    <\/h2>\r\n    &nbsp;\r\n\r\n    <p>\r\n      Sin nombrarlos todos, estos son los principales s\u00edntomas de este \r\n      s\u00edndrome de fatiga cr\u00f3nica :\r\n    <\/p>\r\n    <ul>\r\n      <li>\r\n        Trastornos funcionales: falta de energ\u00eda, falta de tono, menor \r\n        resistencia al esfuerzo, dificultad para realizar las tareas \r\n        cotidianas m\u00e1s b\u00e1sicas.\r\n      <\/li>\r\n      <li>\r\n        Trastornos del sue\u00f1o: insomnio, dificultad para conciliar el sue\u00f1o, \r\n        sue\u00f1o inquieto, despertares nocturnos frecuentes, dificultad para \r\n        levantarse.\r\n      <\/li>\r\n      <li>\r\n        Trastornos som\u00e1ticos: opresi\u00f3n en la garganta, dificultad para tragar, \r\n        palpitaciones, mareos, visi\u00f3n baja, visi\u00f3n borrosa, escalofr\u00edos.\r\n      <\/li>\r\n      <li>\r\n        Trastornos digestivos: estre\u00f1imiento cr\u00f3nico, deposiciones \r\n        intempestivas, espasmos gastrointestinales, calambres de est\u00f3mago, \r\n        acidez, gastritis, colitis.\r\n      <\/li>\r\n      <li>\r\n        Trastornos de la alimentaci\u00f3n: deseo de comer dulces, picoteo \r\n        compulsivo, aumento del consumo de alcohol.\r\n      <\/li>\r\n      <li>\r\n        Trastornos musculares: sensaci\u00f3n de pesadez en las piernas, dolor, \r\n        calambres, temblores, agujetas.\r\n      <\/li>\r\n      <li>\r\n        Trastornos sexuales: p\u00e9rdida de deseo, disminuci\u00f3n de la actividad \r\n        sexual, impotencia masculina, frigidez femenina.\r\n      <\/li>\r\n      <li>\r\n        Deterioro cognitivo: p\u00e9rdida de memoria, disminuci\u00f3n del rendimiento \r\n        intelectual, problemas de concentraci\u00f3n, disminuci\u00f3n de la atenci\u00f3n, \r\n        dificultad para tomar decisiones.\r\n      <\/li>\r\n      <li>\r\n        Trastornos emocionales: cambios de humor, crisis de llanto, ansiedad, \r\n        fobias, miedos irracionales, agresividad, irritabilidad, dificultades \r\n        de relaci\u00f3n, intolerancia al ruido\r\n      <\/li>\r\n      <li>\r\n        Trastornos emocionales: des\u00e1nimo, estado de \u00e1nimo deprimido, tristeza, \r\n        pesimismo, disminuci\u00f3n de la iniciativa, desmotivaci\u00f3n, p\u00e9rdida de \r\n        inter\u00e9s por actividades gratificantes.\r\n      <\/li>\r\n    <\/ul>\r\n    <p>\r\n      Esta enumeraci\u00f3n de los principales s\u00edntomas de la fatiga cr\u00f3nica ofrece \r\n      una visi\u00f3n general de las consecuencias polim\u00f3rficas de la lenta \r\n      intoxicaci\u00f3n del organismo por los contaminantes t\u00f3xicos y del inter\u00e9s \r\n      de realizar una cura 4 veces al a\u00f1o (en cada cambio de estaci\u00f3n) DETOX.\r\n    <\/p>\t\t<\/div>\n\t\t\t\t<\/div>\n\t\t\t\t\t<\/div>\n\t\t<\/div>\n\t\t\t\t\t\t\t<\/div>\n\t\t<\/section>\n\t\t\t\t\t\t<\/div>\n\t\t\t\t\t<\/div>\n\t\t","protected":false},"excerpt":{"rendered":"<p>Hay varias razones por las que vale la pena hacer una desintoxicaci\u00f3n.&nbsp;Uno de ellos es&hellip;<\/p>\n","protected":false},"author":71,"featured_media":33363,"parent":16080,"menu_order":0,"comment_status":"closed","ping_status":"closed","template":"template_ES.php","meta":[],"_links":{"self":[{"href":"https:\/\/www.ericfavre.com\/lifestyle\/es\/wp-json\/wp\/v2\/pages\/16297"}],"collection":[{"href":"https:\/\/www.ericfavre.com\/lifestyle\/es\/wp-json\/wp\/v2\/pages"}],"about":[{"href":"https:\/\/www.ericfavre.com\/lifestyle\/es\/wp-json\/wp\/v2\/types\/page"}],"author":[{"embeddable":true,"href":"https:\/\/www.ericfavre.com\/lifestyle\/es\/wp-json\/wp\/v2\/users\/71"}],"replies":[{"embeddable":true,"href":"https:\/\/www.ericfavre.com\/lifestyle\/es\/wp-json\/wp\/v2\/comments?post=16297"}],"version-history":[{"count":8,"href":"https:\/\/www.ericfavre.com\/lifestyle\/es\/wp-json\/wp\/v2\/pages\/16297\/revisions"}],"predecessor-version":[{"id":35826,"href":"https:\/\/www.ericfavre.com\/lifestyle\/es\/wp-json\/wp\/v2\/pages\/16297\/revisions\/35826"}],"up":[{"embeddable":true,"href":"https:\/\/www.ericfavre.com\/lifestyle\/es\/wp-json\/wp\/v2\/pages\/16080"}],"wp:featuredmedia":[{"embeddable":true,"href":"https:\/\/www.ericfavre.com\/lifestyle\/es\/wp-json\/wp\/v2\/media\/33363"}],"wp:attachment":[{"href":"https:\/\/www.ericfavre.com\/lifestyle\/es\/wp-json\/wp\/v2\/media?parent=16297"}],"curies":[{"name":"wp","href":"https:\/\/api.w.org\/{rel}","templated":true}]}}