{"id":16395,"date":"2021-06-21T19:05:17","date_gmt":"2021-06-21T17:05:17","guid":{"rendered":"https:\/\/www.ericfavre.com\/lifestyle\/es\/?page_id=16395"},"modified":"2022-07-22T18:47:18","modified_gmt":"2022-07-22T16:47:18","slug":"detox-en-caso-de-intoxicacion-por-aluminio","status":"publish","type":"page","link":"https:\/\/www.ericfavre.com\/lifestyle\/es\/bienvenida\/detox\/por-que-hacer-una-dieta-de-detox\/detox-en-caso-de-intoxicacion-por-aluminio\/","title":{"rendered":"Detox En Caso De Intoxicaci\u00f3n Por Aluminio"},"content":{"rendered":"\t\t<div data-elementor-type=\"wp-page\" data-elementor-id=\"16395\" class=\"elementor elementor-16395\" data-elementor-settings=\"[]\">\n\t\t\t\t\t\t\t<div class=\"elementor-section-wrap\">\n\t\t\t\t\t\t\t<section class=\"penci-section penci-disSticky penci-structure-10 elementor-section elementor-top-section elementor-element elementor-element-2a9cff6 elementor-section-boxed elementor-section-height-default elementor-section-height-default\" data-id=\"2a9cff6\" data-element_type=\"section\">\n\t\t\t\t\t\t<div class=\"elementor-container elementor-column-gap-default\">\n\t\t\t\t\t<div class=\"penci-ercol-100 penci-ercol-order-1 penci-sticky-ct  elementor-column elementor-col-100 elementor-top-column elementor-element elementor-element-f72e6e3\" data-id=\"f72e6e3\" data-element_type=\"column\">\n\t\t\t<div class=\"elementor-widget-wrap elementor-element-populated\">\n\t\t\t\t\t\t\t\t<div class=\"elementor-element elementor-element-f3cfee5 elementor-widget elementor-widget-html\" data-id=\"f3cfee5\" data-element_type=\"widget\" data-widget_type=\"html.default\">\n\t\t\t\t<div class=\"elementor-widget-container\">\n\t\t\t<p>\r\n      El mercurio y el plomo no son los \u00fanicos metales pesados que justifican \r\n      las curas regulares de DETOX para su descamaci\u00f3n y eliminaci\u00f3n.\r\n    <\/p>\r\n    <p>\r\n      <strong>El aluminio es otro.<\/strong>\r\n    <\/p>\r\n    <h3>\r\n      D\u00e9odorantes anti-transpirantes\r\n    <\/h3>\r\n    <p>\r\n      Est\u00e1n de moda los desodorantes antitranspirantes que supuestamente \r\n      evitan la formaci\u00f3n de los antiest\u00e9ticos anillos en las axilas y los \r\n      olores que los acompa\u00f1an al impedir el proceso de transpiraci\u00f3n.\r\n    <\/p>\r\n    <p>\r\n      \u00bfPor qu\u00e9 proceso? Gracias a una sustancia que bloquea las gl\u00e1ndulas \r\n      sudor\u00edparas: el aluminio. Hoy en d\u00eda, el aluminio est\u00e1, con raz\u00f3n, en el \r\n      banquillo de los acusados. Es el Doctor Darbre quien nos ha alertado.\r\n    <\/p>\r\n    <p>\r\n      En septiembre de 2005, esta investigadora de la Universidad de Reading \r\n      (Reino Unido) se\u00f1al\u00f3 que el aluminio de los desodorantes \r\n      antitranspirantes era sospechoso de promover el c\u00e1ncer de mama. Demostr\u00f3 \r\n      que el clorhidrato de aluminio tiene una actividad estrog\u00e9nica que puede \r\n      aumentar el riesgo de c\u00e1ncer de mama en las mujeres.\r\n    <\/p>\r\n    <p>\r\n      Desde la misma perspectiva, el Dr.Kris McGrath, de la Universidad \r\n      Northwestern de Chicago, estudi\u00f3 los h\u00e1bitos cosm\u00e9ticos de 437 mujeres \r\n      que padec\u00edan c\u00e1ncer de mama y observ\u00f3 que estas mujeres utilizaban un \r\n      desodorante antitranspirante que conten\u00eda sales de aluminio, ya que el \r\n      afeitado de las axilas (en las mujeres) facilita la absorci\u00f3n del \r\n      aluminio porque debilita la barrera cut\u00e1nea.\r\n    <\/p>\r\n    <p>\r\n      Una mujer de 43 a\u00f1os atendida recientemente en el hospital de Poitiers \r\n      que se queja de una inmensa fatiga. Diagn\u00f3stico: hiperaluminemia, exceso \r\n      de aluminio en el organismo. Utilizaba un desodorante que conten\u00eda \r\n      clorhidrato de aluminio, los m\u00e9dicos le pidieron que dejara de usar su \r\n      desodorante.\r\n    <\/p>\r\n    <p>\r\n      Al cabo de tres meses, la fatiga disminuy\u00f3 gradualmente y luego \r\n      desapareci\u00f3, al mismo tiempo, su nivel de aluminio en sangre baj\u00f3. No \r\n      hay duda de que el desodorante fue el \u00fanico responsable de la \r\n      hiperaluminemia.\r\n    <\/p>\r\n    <h3>\r\n      En el cerebro ...\r\n    <\/h3>\r\n    <p>\r\n      El aluminio est\u00e1 omnipresente en nuestra vida cotidiana, es en el \r\n      cerebro donde se concentra en mayor cantidad, sin embargo, las neuronas \r\n      sometidas a un exceso de aluminio sufren una disminuci\u00f3n de la actividad \r\n      enzim\u00e1tica acetilcolinesterasa y una disminuci\u00f3n significativa del \u00e1cido \r\n      ribonucleico.\r\n    <\/p>\r\n    <p>\r\n      Al acumularse en la corteza y en el hipocampo, se cree que el aluminio \r\n      induce la necrosis progresiva de los astrocitos en el sistema nervioso \r\n      central. Estas \u00e1reas rigen los procesos de memoria y el envejecimiento \r\n      del cerebro se acent\u00faa con la acumulaci\u00f3n de aluminio.\r\n    <\/p>\r\n    <p>\r\n      En la enfermedad de Alzheimer, que es una demencia degenerativa, se \r\n      observa que las neuronas de los pacientes afectados contienen una \r\n      concentraci\u00f3n de aluminio muy superior a la normal.\r\n    <\/p>\r\n    <p>\r\n      Una nota ministerial de octubre de 1998 es expl\u00edcita: &quot;<em>Un gran \r\n      n\u00famero de datos experimentales abogan a favor de la intervenci\u00f3n del \r\n      aluminio en el desarrollo de las lesiones cerebrales caracter\u00edsticas de \r\n      las enfermedades degenerativas del sistema nervioso de tipo Alzheimer, \r\n      aunque se desconozca la importancia espec\u00edfica de este factor en \r\n      relaci\u00f3n con los factores gen\u00e9ticos, nutricionales o inmunol\u00f3gicos o su \r\n      posible acci\u00f3n sin\u00e9rgica<\/em>&quot;.\r\n    <\/p>\r\n    <p>\r\n      Una concentraci\u00f3n demasiado alta de aluminio estar\u00eda implicada en estas \r\n      condiciones :\r\n    <\/p>\r\n    <ul>\r\n      <li>\r\n        Enfermedad de Alzheimer\r\n      <\/li>\r\n      <li>\r\n        Enfermedad de Parkinson\r\n      <\/li>\r\n      <li>\r\n        Esclerosis m\u00faltiple\r\n      <\/li>\r\n      <li>\r\n        C\u00e1ncer\r\n      <\/li>\r\n      <li>\r\n        Myopathies\r\n      <\/li>\r\n      <li>\r\n        Enc\u00e9phalites\r\n      <\/li>\r\n      <li>\r\n        Epilepsia\r\n      <\/li>\r\n      <li>\r\n        Anemia\r\n      <\/li>\r\n      <li>\r\n        Fatiga general\r\n      <\/li>\r\n    <\/ul>\r\n    <h3>\r\n      La deriva en la industria alimentaria\r\n    <\/h3>\r\n    <p>\r\n      Las derivaciones del procesamiento de alimentos hacen que el aluminio \r\n      est\u00e9 presente en muchos alimentos y que aumente el nivel de aluminio en \r\n      la sangre.\r\n    <\/p>\r\n    <p>\r\n      Puede encontrarlos en :\r\n    <\/p>\r\n    <ul>\r\n      <li>\r\n        postres,\r\n      <\/li>\r\n      <li>\r\n        refrescos,\r\n      <\/li>\r\n      <li>\r\n        fruta confitada,\r\n      <\/li>\r\n      <li>\r\n        Productos l\u00e1cteos,\r\n      <\/li>\r\n      <li>\r\n        preparaciones a base de clara de huevo,\r\n      <\/li>\r\n      <li>\r\n        productos de cereales,\r\n      <\/li>\r\n      <li>\r\n        sal blanca de mesa,\r\n      <\/li>\r\n      <li>\r\n        agentes blanqueadores para el tratamiento de la harina,\r\n      <\/li>\r\n      <li>\r\n        queso fundido,\r\n      <\/li>\r\n      <li>\r\n        sopas en bolsas,\r\n      <\/li>\r\n      <li>\r\n        la pasteler\u00eda ...\r\n      <\/li>\r\n    <\/ul>\r\n    <p>\r\n      Los aditivos alimentarios que contienen sales de aluminio son: \r\n      00010E173, E520, E521, E522, E523, E541, E554, E555, E556, E559\r\n    <\/p>\r\n    <h3>\r\n      Contaminaci\u00f3n de alimentos por contacto\r\n    <\/h3>\r\n    <p>\r\n      Tambi\u00e9n hay contaminaci\u00f3n de los alimentos por contacto. El aluminio \r\n      puede entrar en los alimentos a trav\u00e9s de las ollas de aluminio, los \r\n      utensilios de cocina y los envases, como los rollos de papel de aluminio \r\n      de uso dom\u00e9stico para proteger los alimentos en el frigor\u00edfico o las \r\n      bandejas de papel de aluminio para los platos del horno.\r\n    <\/p>\r\n    <p>\r\n      Durante el almacenamiento en calor h\u00famedo, el papel de aluminio que \r\n      envuelve los alimentos tiene tendencia a degradarse y a liberar \u00f3xidos \r\n      de al\u00famina.\r\n    <\/p>\r\n    <p>\r\n      Por otra parte, la cocci\u00f3n del pescado en papillote con la adici\u00f3n de \r\n      lim\u00f3n libera, bajo el efecto combinado del calor y del \u00e1cido c\u00edtrico, \r\n      una gran cantidad de citrato de aluminio.\r\n    <\/p>\r\n    <p>\r\n      Los estudios correlacionan la difusi\u00f3n del aluminio en los alimentos \r\n      durante la cocci\u00f3n con las enfermedades del tracto digestivo.\r\n    <\/p>\r\n    <p>\r\n      Esto es m\u00e1s cierto, cuanto que la acidez del medio aumenta la \r\n      solubilidad del aluminio, que pasa m\u00e1s f\u00e1cilmente a trav\u00e9s de la barrera \r\n      intestinal para acabar en el plasma sangu\u00edneo. Las latas sin pintar o \r\n      mal barnizadas presentan los mismos riesgos.\r\n    <\/p>\r\n    <h2>\r\n      Los efectos nocivos de los anti\u00e1cidos\r\n    <\/h2>\r\n    <p>\r\n      Otras travesuras: para aliviar las dolencias debidas a la acidez \r\n      g\u00e1strica, los medicamentos destinados a neutralizarla (familia de los \r\n      anti\u00e1cidos o vendajes g\u00e1stricos) utilizan sales de aluminio, a menudo \r\n      hidr\u00f3xido de aluminio. Un pH \u00e1cido y un revestimiento estomacal \r\n      inflamado facilitan la absorci\u00f3n del aluminio por el organismo.\r\n    <\/p>\r\n    <p>\r\n      Algunos anti\u00e1cidos contienen incluso una dosis muy alta de anti\u00e1cidos. \r\n      El aluminio se encuentra entonces en altos niveles en el cerebro.\r\n    <\/p>\r\n    <p>\r\n      Por ejemplo, la OMS estima que la ingesta de aluminio de los \r\n      consumidores habituales de anti\u00e1cidos podr\u00eda ser de hasta 5 g\/d\u00eda, cifra \r\n      que se alcanza tanto m\u00e1s r\u00e1pidamente cuanto que la mayor\u00eda de los \r\n      ap\u00f3sitos g\u00e1stricos se venden sin receta y no est\u00e1n sometidos a ning\u00fan \r\n      control m\u00e9dico.\r\n    <\/p>\r\n    <p>\r\n      Si los usuarios de vendas g\u00e1stricas est\u00e1n por tanto afectados, su \r\n      descendencia tambi\u00e9n lo est\u00e1, ya que el aluminio intoxicar\u00eda al feto a \r\n      pesar de la barrera placentaria seg\u00fan el laboratorio de toxicolog\u00eda e \r\n      higiene aplicada de la Facultad de Farmacia de Burdeos.\r\n    <\/p>\r\n    <p>\r\n      El aluminio provoca da\u00f1os importantes: como prueba, el caso de una ni\u00f1a \r\n      que, antes de su muerte a los 9 a\u00f1os, sufr\u00eda un grave retraso mental (su \r\n      cerebro s\u00f3lo pesaba 650 g). Su madre la hab\u00eda condenado a consumir \r\n      masivamente durante su embarazo pastillas anti\u00e1cidas.\r\n    <\/p>\r\n    <p>\r\n      En otra secci\u00f3n de este sitio, tratamos ampliamente el controvertido \r\n      tema de la incorporaci\u00f3n del aluminio en las vacunas.\r\n    <\/p>\r\n    <p>\r\n      En total, la contaminaci\u00f3n del organismo por el aluminio es una raz\u00f3n \r\n      importante para realizar regularmente un DETOX.\r\n    <\/p>\t\t<\/div>\n\t\t\t\t<\/div>\n\t\t\t\t\t<\/div>\n\t\t<\/div>\n\t\t\t\t\t\t\t<\/div>\n\t\t<\/section>\n\t\t\t\t\t\t<\/div>\n\t\t\t\t\t<\/div>\n\t\t","protected":false},"excerpt":{"rendered":"<p>El mercurio y el plomo no son los \u00fanicos metales pesados que justifican las curas&hellip;<\/p>\n","protected":false},"author":71,"featured_media":33377,"parent":16080,"menu_order":0,"comment_status":"closed","ping_status":"closed","template":"template_ES.php","meta":[],"_links":{"self":[{"href":"https:\/\/www.ericfavre.com\/lifestyle\/es\/wp-json\/wp\/v2\/pages\/16395"}],"collection":[{"href":"https:\/\/www.ericfavre.com\/lifestyle\/es\/wp-json\/wp\/v2\/pages"}],"about":[{"href":"https:\/\/www.ericfavre.com\/lifestyle\/es\/wp-json\/wp\/v2\/types\/page"}],"author":[{"embeddable":true,"href":"https:\/\/www.ericfavre.com\/lifestyle\/es\/wp-json\/wp\/v2\/users\/71"}],"replies":[{"embeddable":true,"href":"https:\/\/www.ericfavre.com\/lifestyle\/es\/wp-json\/wp\/v2\/comments?post=16395"}],"version-history":[{"count":8,"href":"https:\/\/www.ericfavre.com\/lifestyle\/es\/wp-json\/wp\/v2\/pages\/16395\/revisions"}],"predecessor-version":[{"id":35830,"href":"https:\/\/www.ericfavre.com\/lifestyle\/es\/wp-json\/wp\/v2\/pages\/16395\/revisions\/35830"}],"up":[{"embeddable":true,"href":"https:\/\/www.ericfavre.com\/lifestyle\/es\/wp-json\/wp\/v2\/pages\/16080"}],"wp:featuredmedia":[{"embeddable":true,"href":"https:\/\/www.ericfavre.com\/lifestyle\/es\/wp-json\/wp\/v2\/media\/33377"}],"wp:attachment":[{"href":"https:\/\/www.ericfavre.com\/lifestyle\/es\/wp-json\/wp\/v2\/media?parent=16395"}],"curies":[{"name":"wp","href":"https:\/\/api.w.org\/{rel}","templated":true}]}}