{"id":16444,"date":"2021-06-21T19:05:53","date_gmt":"2021-06-21T17:05:53","guid":{"rendered":"https:\/\/www.ericfavre.com\/lifestyle\/es\/?page_id=16444"},"modified":"2022-07-22T18:48:39","modified_gmt":"2022-07-22T16:48:39","slug":"detox-y-tensionactivos","status":"publish","type":"page","link":"https:\/\/www.ericfavre.com\/lifestyle\/es\/bienvenida\/detox\/por-que-hacer-una-dieta-de-detox\/detox-y-tensionactivos\/","title":{"rendered":"Detox Y Tensionactivos"},"content":{"rendered":"\t\t<div data-elementor-type=\"wp-page\" data-elementor-id=\"16444\" class=\"elementor elementor-16444\" data-elementor-settings=\"[]\">\n\t\t\t\t\t\t\t<div class=\"elementor-section-wrap\">\n\t\t\t\t\t\t\t<section class=\"penci-section penci-disSticky penci-structure-10 elementor-section elementor-top-section elementor-element elementor-element-e07d0d1 elementor-section-boxed elementor-section-height-default elementor-section-height-default\" data-id=\"e07d0d1\" data-element_type=\"section\">\n\t\t\t\t\t\t<div class=\"elementor-container elementor-column-gap-default\">\n\t\t\t\t\t<div class=\"penci-ercol-100 penci-ercol-order-1 penci-sticky-ct  elementor-column elementor-col-100 elementor-top-column elementor-element elementor-element-9f3ceb3\" data-id=\"9f3ceb3\" data-element_type=\"column\">\n\t\t\t<div class=\"elementor-widget-wrap elementor-element-populated\">\n\t\t\t\t\t\t\t\t<div class=\"elementor-element elementor-element-1faffac elementor-widget elementor-widget-html\" data-id=\"1faffac\" data-element_type=\"widget\" data-widget_type=\"html.default\">\n\t\t\t\t<div class=\"elementor-widget-container\">\n\t\t\t<p>\r\n      El aire que respiramos y los alimentos que ingerimos no son los \u00fanicos \r\n      elementos de intoxicaci\u00f3n que amenazan nuestro cuerpo y que requieren \r\n      curas regulares de DETOX.\r\n    <\/p>\r\n    <p>\r\n      Los geles de ducha y los champ\u00fas contienen tensioactivos nocivos que \r\n      pueden entrar en el cuerpo a trav\u00e9s de la interfaz de la piel.\r\n    <\/p>\r\n    <p>\r\n      Los tensioactivos son una de las razones por las que una desintoxicaci\u00f3n.\r\n    <\/p>\r\n    <h2>\r\n      LOS EFECTOS DE LOS TENSIOACTIVOS\r\n    <\/h2>\r\n    <h3>\r\n      Los efectos nocivos de los tensioactivos\r\n    <\/h3>\r\n    <p>\r\n      El aire que respiramos y los alimentos que ingerimos no son los \u00fanicos \r\n      elementos de intoxicaci\u00f3n que amenazan nuestro cuerpo y que requieren \r\n      curas regulares de DETOX.\r\n    <\/p>\r\n    <p>\r\n      Los geles de ducha y los champ\u00fas contienen tensioactivos nocivos que \r\n      pueden entrar en el cuerpo a trav\u00e9s de la interfaz de la piel.\r\n    <\/p>\r\n    <p>\r\n      Un poco de pedagog\u00eda sobre ellos es necesaria en el contexto de un DETOX \r\n      permitiendo estimular los emuntorios excretores de estas mol\u00e9culas, que \r\n      no son nuestros amigos.\r\n    <\/p>\r\n    <h3>\r\n      Sulfato de sodio y laurel\r\n    <\/h3>\r\n    <p>\r\n      El principal tensioactivo es el &quot;Sodium laureth sulfate&quot;, a menudo \r\n      asociado con el &quot;Sodium lauryl sulfate&quot;, que es su primo hermano.\r\n    <\/p>\r\n    <p>\r\n      A veces denominado &quot;surfactante&quot;, un surfactante es un producto que \r\n      modifica la tensi\u00f3n superficial entre dos superficies.\r\n    <\/p>\r\n    <p>\r\n      Es una mol\u00e9cula anfif\u00edlica, es decir, tiene dos partes de diferente \r\n      polaridad, una lipof\u00edlica (que retiene la grasa) y la otra hidrof\u00edlica \r\n      (miscible en agua).\r\n    <\/p>\r\n    <p>\r\n      Tambi\u00e9n conocido como &quot;surfactante&quot;, transposici\u00f3n de la palabra inglesa \r\n      surfactant que es la compresi\u00f3n de<em>agente activo de superficie<\/em>&nbsp;&nbsp;(surfactante \r\n      activo).\r\n    <\/p>\r\n    <p>\r\n      En pocas palabras, los tensioactivos facilitan la extracci\u00f3n de la grasa \r\n      por el agua, sus mol\u00e9culas tienen dos partes antag\u00f3nicas, una parte \r\n      lipof\u00edlica a la que se adhiere la grasa y una parte hidrof\u00edlica que \r\n      permite su transporte en el agua de lavado.\r\n    <\/p>\r\n    <p>\r\n      Llevan las mol\u00e9culas de grasa al agua, una tarea normalmente imposible \r\n      de realizar sin ellas, debido a la no solubilidad de la grasa en el agua.\r\n    <\/p>\r\n    <p>\r\n      Los tensioactivos est\u00e1n destinados a entrar en breve contacto con la \r\n      piel y deben aclararse, lo que indica la sospecha que podemos tener y la \r\n      necesidad de un DETOX. Tienen varias funciones :\r\n    <\/p>\r\n    <h3>\r\n      Funci\u00f3n detergente\r\n    <\/h3>\r\n    <p>\r\n      Como acabamos de escribir, los tensioactivos son capaces de eliminar la \r\n      suciedad, los detergentes pueden eliminar una gran parte de las \r\n      bacterias presentes en las superficies cut\u00e1neas limpias.\r\n    <\/p>\r\n    <h3>\r\n      Funci\u00f3n espumante\r\n    <\/h3>\r\n    <p>\r\n      Los tensioactivos estimulan la formaci\u00f3n de espuma, lo que es \r\n      especialmente importante para los fabricantes de geles de ducha, cuanta \r\n      m\u00e1s espuma, m\u00e1s contenta est\u00e1 la persona porque piensa (err\u00f3neamente) \r\n      que el producto lava mejor.\r\n    <\/p>\r\n    <p>\r\n      NO, por supuesto, la cantidad de espuma no es un criterio determinante.\r\n    <\/p>\r\n    <h3>\r\n      Funci\u00f3n de mojado\r\n    <\/h3>\r\n    <p>\r\n      La humectaci\u00f3n es la propagaci\u00f3n de un l\u00edquido sobre un s\u00f3lido, al \r\n      reducir la tensi\u00f3n superficial, los tensioactivos &quot;humectantes&quot; permiten \r\n      un mejor esparcimiento del gel de ducha.\r\n    <\/p>\r\n    <h3>\r\n      Funci\u00f3n de dispersi\u00f3n\r\n    <\/h3>\r\n    <p>\r\n      Fija part\u00edculas hidrof\u00f3bicas contenidas en una soluci\u00f3n hidrof\u00edlica, \r\n      como el agua, creando una dispersi\u00f3n, una soluci\u00f3n acuosa que contiene \r\n      part\u00edculas en suspensi\u00f3n.\r\n    <\/p>\r\n    <p>\r\n      Estos agentes impiden la floculaci\u00f3n de las part\u00edculas, es decir, su \r\n      agrupaci\u00f3n en partes m\u00e1s grandes, que podr\u00edan sedimentar f\u00e1cilmente en \r\n      el fondo de la soluci\u00f3n...y del frasco de gel de ducha.\r\n    <\/p>\r\n    <h3>\r\n      Funci\u00f3n de emulsi\u00f3n\r\n    <\/h3>\r\n    <p>\r\n      Un emulsionante se utiliza para mezclar dos l\u00edquidos inmiscibles, por \r\n      ejemplo, agua y aceite, uno de los l\u00edquidos se dispersa en el segundo \r\n      l\u00edquido en forma de peque\u00f1as gotas y la mezcla se vuelve homog\u00e9nea.\r\n    <\/p>\r\n    <h3>\r\n      Suspiraci\u00f3n\r\n    <\/h3>\r\n    <p>\r\n      Volviendo al laureth sulfato de sodio, su f\u00f3rmula qu\u00edmica es \r\n      CH3(CH2)10CH2(OCH2CH2)NO SO3Na.\r\n    <\/p>\r\n    <p>\r\n      El lauretano sulfato de sodio es agresivo para la piel y el cuero \r\n      cabelludo. Su excesiva detergencia reseca la piel y causa irritaci\u00f3n.\r\n    <\/p>\r\n    <p>\r\n      Ciertamente, da una espuma abundante y untuosa que da la ilusi\u00f3n de ser \r\n      lavada suavemente, pero esto es s\u00f3lo una ilusi\u00f3n ...\r\n    <\/p>\r\n    <p>\r\n      Seg\u00fan informes cient\u00edficos recientes sobre los efectos a largo plazo del \r\n      uso diario de un producto de higiene personal (gel de ducha o champ\u00fa) \r\n      que contenga laureth sulfato de sodio, existe una sospecha real de una \r\n      acci\u00f3n potencialmente cancer\u00edgena.\r\n    <\/p>\r\n    <p>\r\n      El lauretano sulfato de sodio podr\u00eda aumentar dr\u00e1sticamente los niveles \r\n      de nitrato en la sangre y provocar la entrada de dioxinas en el plasma \r\n      sangu\u00edneo.\r\n    <\/p>\r\n    <p>\r\n      Es todo muy preocupante.\r\n    <\/p>\r\n    <p>\r\n      Nitratos ...Dioxina ...R\u00e1pido: a DETOX en profundidad.\r\n    <\/p>\t\t<\/div>\n\t\t\t\t<\/div>\n\t\t\t\t\t<\/div>\n\t\t<\/div>\n\t\t\t\t\t\t\t<\/div>\n\t\t<\/section>\n\t\t\t\t\t\t<\/div>\n\t\t\t\t\t<\/div>\n\t\t","protected":false},"excerpt":{"rendered":"<p>El aire que respiramos y los alimentos que ingerimos no son los \u00fanicos elementos de&hellip;<\/p>\n","protected":false},"author":71,"featured_media":33384,"parent":16080,"menu_order":0,"comment_status":"closed","ping_status":"closed","template":"template_ES.php","meta":[],"_links":{"self":[{"href":"https:\/\/www.ericfavre.com\/lifestyle\/es\/wp-json\/wp\/v2\/pages\/16444"}],"collection":[{"href":"https:\/\/www.ericfavre.com\/lifestyle\/es\/wp-json\/wp\/v2\/pages"}],"about":[{"href":"https:\/\/www.ericfavre.com\/lifestyle\/es\/wp-json\/wp\/v2\/types\/page"}],"author":[{"embeddable":true,"href":"https:\/\/www.ericfavre.com\/lifestyle\/es\/wp-json\/wp\/v2\/users\/71"}],"replies":[{"embeddable":true,"href":"https:\/\/www.ericfavre.com\/lifestyle\/es\/wp-json\/wp\/v2\/comments?post=16444"}],"version-history":[{"count":7,"href":"https:\/\/www.ericfavre.com\/lifestyle\/es\/wp-json\/wp\/v2\/pages\/16444\/revisions"}],"predecessor-version":[{"id":35831,"href":"https:\/\/www.ericfavre.com\/lifestyle\/es\/wp-json\/wp\/v2\/pages\/16444\/revisions\/35831"}],"up":[{"embeddable":true,"href":"https:\/\/www.ericfavre.com\/lifestyle\/es\/wp-json\/wp\/v2\/pages\/16080"}],"wp:featuredmedia":[{"embeddable":true,"href":"https:\/\/www.ericfavre.com\/lifestyle\/es\/wp-json\/wp\/v2\/media\/33384"}],"wp:attachment":[{"href":"https:\/\/www.ericfavre.com\/lifestyle\/es\/wp-json\/wp\/v2\/media?parent=16444"}],"curies":[{"name":"wp","href":"https:\/\/api.w.org\/{rel}","templated":true}]}}