{"id":16493,"date":"2021-06-21T19:06:56","date_gmt":"2021-06-21T17:06:56","guid":{"rendered":"https:\/\/www.ericfavre.com\/lifestyle\/es\/?page_id=16493"},"modified":"2021-09-30T17:08:53","modified_gmt":"2021-09-30T15:08:53","slug":"los-organos-objetivo-de-la-detoxificacion","status":"publish","type":"page","link":"https:\/\/www.ericfavre.com\/lifestyle\/es\/bienvenida\/detox\/los-organos-objetivo-de-la-detoxificacion\/","title":{"rendered":"Los \u00d3rganos Objetivo De La Detoxificaci\u00f3n"},"content":{"rendered":"\t\t<div data-elementor-type=\"wp-page\" data-elementor-id=\"16493\" class=\"elementor elementor-16493\" data-elementor-settings=\"[]\">\n\t\t\t\t\t\t\t<div class=\"elementor-section-wrap\">\n\t\t\t\t\t\t\t<section class=\"penci-section penci-disSticky penci-structure-10 elementor-section elementor-top-section elementor-element elementor-element-8292fa2 elementor-section-boxed elementor-section-height-default elementor-section-height-default\" data-id=\"8292fa2\" data-element_type=\"section\">\n\t\t\t\t\t\t<div class=\"elementor-container elementor-column-gap-default\">\n\t\t\t\t\t<div class=\"penci-ercol-100 penci-ercol-order-1 penci-sticky-ct  elementor-column elementor-col-100 elementor-top-column elementor-element elementor-element-ace466b\" data-id=\"ace466b\" data-element_type=\"column\">\n\t\t\t<div class=\"elementor-widget-wrap elementor-element-populated\">\n\t\t\t\t\t\t\t\t<div class=\"elementor-element elementor-element-320e003 elementor-widget elementor-widget-html\" data-id=\"320e003\" data-element_type=\"widget\" data-widget_type=\"html.default\">\n\t\t\t\t<div class=\"elementor-widget-container\">\n\t\t\t<h2>\r\n      Los 5 \u00f3rganos espec\u00edficos de la desintoxicaci\u00f3n\r\n    <\/h2>\r\n    <p>\r\n      Los procesos de eliminaci\u00f3n deben ser bien comprendidos para lograr \r\n      evacuar las toxinas<br>Hay 2 categor\u00edas de residuos que pueden da\u00f1ar el \r\n      cuerpo; y hay 5 \u00f3rganos que pueden eliminarlos (\u00f3rganos de \r\n      desintoxicaci\u00f3n o emuntorios) que ser\u00e1n discutidos en este art\u00edculo.\r\n    <\/p>\r\n    <h2>\r\n      Dos tipos de toxinas que pueden contaminar el cuerpo\r\n    <\/h2>\r\n    <p>\r\n      Antes de iniciar el tema sobre los \u00f3rganos de eliminaci\u00f3n de toxinas por \r\n      los que el cuerpo se deshace de sus residuos, debemos conocer primero \r\n      los 2 tipos de residuos que pueden obstruir el cuerpo, que son &quot;las \r\n      colas&quot; y &quot;los cristales&quot;.\r\n    <\/p>\r\n    <p>\r\n      El bi\u00f3logo Pierre Valentin Marchesseau (1911-1994), propagador de la \r\n      naturopat\u00eda en Francia, clasific\u00f3 las toxinas del organismo en &quot;colas&quot; y \r\n      &quot;cristales&quot;. Seg\u00fan \u00e9l y sus seguidores, el primero de los cuales fue \r\n      probablemente Hip\u00f3crates (420-370 a.C.), padre de la medicina moderna, \r\n      esta enfermedad se debe a la obstrucci\u00f3n de los l\u00edquidos que circulan \r\n      por el cuerpo humano (sangre, linfa, intracelular, l\u00edquido y extra). \r\n      Estos l\u00edquidos constituyen lo que se llama &quot;terreno&quot;. Cuando se produce \r\n      una degradaci\u00f3n del terreno causada por el ensuciamiento org\u00e1nico, se \r\n      produce una p\u00e9rdida de salud f\u00edsica y ps\u00edquica.\r\n    <\/p>\r\n    <h3>\r\n      \u00bfDe d\u00f3nde vienen las &quot;colas&quot;?\r\n    <\/h3>\r\n    <p>\r\n      Las colas no tienen una forma definida porque son sustancias blandas, \r\n      viscosas, pegajosas, el\u00e1sticas, redondeadas y pueden ser m\u00e1s o menos \r\n      gruesas.\r\n    <\/p>\r\n    <p>\r\n      Aunque no son agresivos para los tejidos org\u00e1nicos, su masa y grosor, en \r\n      cambio, pueden dificultar la circulaci\u00f3n de los distintos l\u00edquidos del \r\n      organismo (sangre, linfa, l\u00edquido intra o extracelular), o incluso \r\n      bloquear los vasos sangu\u00edneos.&nbsp;\r\n    <\/p>\r\n    <p>\r\n      Tambi\u00e9n hay colas que pueden obstruir las v\u00edas respiratorias, como los \r\n      esputos, los mocos y las flemas, que pueden eliminarse son\u00e1ndose la \r\n      nariz.\r\n    <\/p>\r\n    <p>\r\n      Estas colas son sustancias de origen lip\u00eddico, lo que significa que se \r\n      deben a las grasas (colesterol, grasas saturadas), y de origen gluc\u00eddico \r\n      debido a los residuos del almid\u00f3n mal digerido. Tambi\u00e9n se componen de \r\n      c\u00e9lulas muertas (procedentes de la renovaci\u00f3n celular) y de cad\u00e1veres \r\n      bacterianos (bacterias neutralizadas por el sistema inmunitario).\r\n    <\/p>\r\n    <h3>\r\n      \u00bfY los &quot;cristales&quot;?\r\n    <\/h3>\r\n    <p>\r\n      A diferencia de las colas, los cristales tienen una forma estructurada. \r\n      Son agresivos e irritantes para los tejidos, ya que tienen un car\u00e1cter \r\n      afilado y duro. Esto puede causar lesiones e inflamaci\u00f3n (como en la \r\n      &quot;gota&quot; con sus cristales de urato de sodio). Se puede causar una lesi\u00f3n, \r\n      cuando su contacto es prolongado.\r\n    <\/p>\r\n    <p>\r\n      Tambi\u00e9n est\u00e1n presentes en las articulaciones, que tambi\u00e9n pueden \r\n      acumularse, inflamarlas y luego bloquearlas.\r\n    <\/p>\r\n    <p>\r\n      La transformaci\u00f3n de las prote\u00ednas (\u00e1cido \u00farico, urea, creatinina, \u00e1cido \r\n      ox\u00e1lico), de las grasas (\u00e1cido acetilac\u00e9tico, etc.) y de los az\u00facares \r\n      (\u00e1cido pir\u00favico, \u00e1cido l\u00e1ctico), as\u00ed como de los minerales utilizados \r\n      (f\u00f3sforo, azufre, cloro, etc.) provoca la composici\u00f3n de los cristales, \r\n      es decir, en gran parte de origen proteico.\r\n    <\/p>\r\n    <p>\r\n      Los residuos del organismo se clasifican en colas o cristales seg\u00fan su \r\n      tama\u00f1o y su solubilidad o no en el l\u00edquido.\r\n    <\/p>\r\n    <p>\r\n      Las colas, por su tama\u00f1o, no pueden atravesar muchas de las membranas \r\n      que componen los tejidos, mientras que los cristales, al ser mucho m\u00e1s \r\n      peque\u00f1os, s\u00ed pueden.&nbsp;\r\n    <\/p>\r\n    <p>\r\n      Los cristales son solubles en un l\u00edquido, mientras que las colas no lo \r\n      son debido a su constituci\u00f3n gelatinosa.\r\n    <\/p>\r\n    <h2>\r\n      Los 5 \u00f3rganos que eliminan las toxinas\r\n    <\/h2>\r\n    <p>\r\n      Los 5 \u00f3rganos encargados de eliminar las toxinas se denominan tambi\u00e9n \r\n      \u00f3rganos de desintoxicaci\u00f3n, o emuntorios, u \u00f3rganos filtradores, y \r\n      comprenden el h\u00edgado, los intestinos, los pulmones, los ri\u00f1ones y la \r\n      piel.\r\n    <\/p>\r\n    <p>\r\n      Son los \u00f3rganos que se encargan de la evacuaci\u00f3n de las colas y \r\n      cristales del cuerpo.\r\n    <\/p>\r\n    <p>\r\n      En primer lugar, comienzan por filtrarlas de la sangre que pasa por \r\n      ellas y luego las transforman mediante enzimas espec\u00edficas, para despu\u00e9s \r\n      evacuarlas del cuerpo; de ah\u00ed el nombre de &quot;puertas de salida&quot; del \r\n      organismo.\r\n    <\/p>\r\n    <p>\r\n      Cada emuntorio es capaz de eliminar y tratar uno u otro de los 2 \r\n      desechos, excepto la piel, que est\u00e1 especializada en el tratamiento de \r\n      los 2.&nbsp;\r\n    <\/p>\r\n    <ul>\r\n      <li>\r\n        Por lo tanto, hay emuntorios espec\u00edficos con colas: el h\u00edgado, los \r\n        intestinos y los pulmones\r\n      <\/li>\r\n      <li>\r\n        Emuntorios espec\u00edficos con cristales : los ri\u00f1ones\r\n      <\/li>\r\n      <li>\r\n        Y un emuntorio mixto (colas y cristales): la piel.\r\n      <\/li>\r\n    <\/ul>\r\n    <p>\r\n      Cada \u00f3rgano de la desintoxicaci\u00f3n puede ser potenciado durante el \r\n      trabajo de limpieza. Esto puede hacerse con la ayuda de herramientas de \r\n      drenaje, como plantas, verduras y frutas con virtudes desintoxicantes, \r\n      tambi\u00e9n sauna, ba\u00f1os, enemas, calor, masajes, movimientos, etc.\r\n    <\/p>\r\n    <p>\r\n      Es necesario elegir la herramienta de drenaje en funci\u00f3n del tipo de \r\n      residuo que se va a limpiar (colas o cristales), del estado del \u00f3rgano \r\n      que puede eliminar el tipo de residuo al que se dirige, as\u00ed como del \r\n      nivel de vitalidad.\r\n    <\/p>\r\n    <h2>\r\n      Los 3 \u00f3rganos espec\u00edficos para la eliminaci\u00f3n de colas: el h\u00edgado, los \r\n      intestinos y los pulmones\r\n    <\/h2>\r\n    <p>\r\n      El h\u00edgado es un \u00f3rgano situado en la parte superior de la cavidad \r\n      abdominal, bajo el diafragma y protegido por la caja tor\u00e1cica.\r\n    <\/p>\r\n    <p>\r\n      S\u00f3lo es posible tocar una peque\u00f1a parte de su parte inferior. Est\u00e1 \r\n      irrigada por 2 vasos sangu\u00edneos. La sangre rica en ox\u00edgeno le llega a \r\n      trav\u00e9s de una arteria que procede de la aorta, y una vena, la vena \r\n      porta, le aporta sangre rica en nutrientes extra\u00eddos del bolo \r\n      alimenticio en los intestinos.\r\n    <\/p>\r\n    <p>\r\n      Una vez que toda esta sangre entra en contacto con cada c\u00e9lula del \r\n      h\u00edgado, se proceder\u00e1 a la eliminaci\u00f3n de los nutrientes, pero tambi\u00e9n a \r\n      la depuraci\u00f3n de los residuos que tiene.\r\n    <\/p>\r\n    <p>\r\n      Las funciones del h\u00edgado en la depuraci\u00f3n de la sangre :\r\n    <\/p>\r\n    <h3>\r\n      El h\u00edgado elimina los microbios y los virus y neutraliza sus toxinas.\r\n    <\/h3>\r\n    <p>\r\n      Desactiva los materiales t\u00f3xicos que se han consumido (aditivos \r\n      alimentarios, pesticidas, medicamentos, etc.)\r\n    <\/p>\r\n    <p>\r\n      Elimina de la sangre las c\u00e9lulas muertas, los minerales gastados, los \r\n      cad\u00e1veres bacterianos, el colesterol, etc.\r\n    <\/p>\r\n    <p>\r\n      Es un \u00f3rgano de limpieza.\r\n    <\/p>\r\n    <p>\r\n      El h\u00edgado expulsa las colas gracias a la presencia de la burbuja, por lo \r\n      que est\u00e1 especializado en la eliminaci\u00f3n de colas.\r\n    <\/p>\r\n    <p>\r\n      Los conductos biliares recogen esta bilis y la almacenan en la ves\u00edcula \r\n      biliar, que la vierte en el duodeno (parte superior del intestino \r\n      delgado) durante las comidas. El emuntorio intestinal se har\u00e1 cargo de \r\n      estas colas despu\u00e9s.\r\n    <\/p>\r\n    <p>\r\n      Los intestinos tienen una longitud de unos 7 m y est\u00e1n formados por el \r\n      intestino delgado y el colon.\r\n    <\/p>\r\n    <h3>\r\n      El intestino delgado se encarga de la absorci\u00f3n de los nutrientes de los \r\n      alimentos, una vez digeridos desde el est\u00f3mago.\r\n    <\/h3>\r\n    <p>\r\n      Los nutrientes (amino\u00e1cidos, \u00e1cidos grasos, vitaminas, az\u00facares, \r\n      minerales, etc.) llegan al h\u00edgado a trav\u00e9s de la vena porta atravesando \r\n      la mucosa intestinal. Una vez transformados, el h\u00edgado los libera en el \r\n      torrente sangu\u00edneo para su distribuci\u00f3n al resto del organismo.\r\n    <\/p>\r\n    <p>\r\n      Hay que tener en cuenta que, en circunstancias normales, la mucosa \r\n      intestinal selecciona y deja en la sangre s\u00f3lo las mol\u00e9culas bien \r\n      digeridas. Los residuos t\u00f3xicos y las part\u00edculas grandes que se degradan \r\n      mal se evacuan con las heces. Sin embargo, es posible que esta mucosa \r\n      cambie y se vuelva permeable. Y esta permeabilidad es un factor \r\n      importante en el ensuciamiento del cuerpo.\r\n    <\/p>\r\n    <p>\r\n      La permeabilidad puede ser causada por una intolerancia alimentaria, una \r\n      nutrici\u00f3n inadecuada, productos qu\u00edmicos, medicamentos, estr\u00e9s, etc., \r\n      b\u00e1sicamente cualquier cosa que pueda causar una inflamaci\u00f3n digestiva.\r\n    <\/p>\r\n    <p>\r\n      El procesamiento final del material tiene lugar en el colon. Las \r\n      bacterias locales atacan principalmente las fibras alimentarias y los \r\n      nutrientes recogidos llegan al h\u00edgado a trav\u00e9s de la vena porta. Y el \r\n      resto, es decir, los residuos inutilizables o no digeridos se convierten \r\n      en las sustancias fecales que saldr\u00e1n del organismo.&nbsp;\r\n    <\/p>\r\n    <p>\r\n      Tenga en cuenta que el estre\u00f1imiento tambi\u00e9n es una causa de \r\n      incrustaci\u00f3n org\u00e1nica porque las part\u00edculas se reabsorben y se unen al \r\n      torrente sangu\u00edneo hasta el h\u00edgado. Para evitar una gran reabsorci\u00f3n \r\n      intestinal de toxinas, hay que abordar los factores que provocan el \r\n      estre\u00f1imiento.\r\n    <\/p>\r\n    <p>\r\n      Un intestino que funciona bien se vac\u00eda de 1 a 2 veces al d\u00eda. Si el \r\n      intestino s\u00f3lo se vac\u00eda una vez cada 2 o 3 d\u00edas, es un signo de \r\n      estre\u00f1imiento (mal movimiento intestinal).&nbsp;\r\n    <\/p>\r\n    <p>\r\n      Los pulmones ayudan al cuerpo a respirar. El aire aspirado llega a los \r\n      pulmones a trav\u00e9s de los alv\u00e9olos y pasa por ellos al torrente \r\n      sangu\u00edneo. El di\u00f3xido de carbono y otros productos de desecho vol\u00e1tiles \r\n      son expulsados del cuerpo en la direcci\u00f3n opuesta.\r\n    <\/p>\r\n    <h3>\r\n      La funci\u00f3n de los pulmones es depurar los gases de desecho, \r\n      principalmente el di\u00f3xido de carbono.\r\n    <\/h3>\r\n    <p>\r\n      De hecho, tienen cilios en su membrana mucosa y esto evita la intrusi\u00f3n \r\n      de polvo durante la inspiraci\u00f3n. Tambi\u00e9n excluyen los residuos \r\n      semis\u00f3lidos como los mocos, los esputos, que tambi\u00e9n son colas \r\n      provocadas por una alimentaci\u00f3n demasiado grasa, demasiado dulce, \r\n      feculenta (pan, pasta, cereales, etc.) y sobre todo demasiado abundante.&nbsp;\r\n    <\/p>\r\n    <p>\r\n      Para facilitar la oxigenaci\u00f3n, la evacuaci\u00f3n del di\u00f3xido de carbono y la \r\n      cola, es necesario hacer ejercicio.<br>El emuntorio particular para \r\n      eliminar los cristales: los ri\u00f1ones<br>El cuerpo humano tiene dos ri\u00f1ones. \r\n      Se encuentran a cada lado de la columna vertebral, por debajo de las \r\n      \u00faltimas costillas.\r\n    <\/p>\r\n    <h3>\r\n      Los ri\u00f1ones filtran la sangre y componen la orina tras su filtraci\u00f3n.\r\n    <\/h3>\r\n    <p>\r\n      Y la orina se compone de un 95% de agua de 1,5l al d\u00eda. El resto son \r\n      cristales de desecho, es decir: urea, \u00e1cido \u00farico, creatinina, sales \r\n      minerales, etc.\r\n    <\/p>\r\n    <p>\r\n      Tras su constituci\u00f3n, la vejiga conserva la orina hasta que es expulsada \r\n      durante la micci\u00f3n.\r\n    <\/p>\r\n    <p>\r\n      Si el cuerpo carece de hidrataci\u00f3n, el ritmo de micci\u00f3n es demasiado \r\n      bajo, y esto provocar\u00e1 dolor cuando se expulsen los cristales.\r\n    <\/p>\r\n    <p>\r\n      Esto puede causar irritaci\u00f3n o incluso lesiones en el revestimiento del \r\n      sistema urinario. Y puede incluso formar piedras.\r\n    <\/p>\r\n    <p>\r\n      Una peque\u00f1a aclaraci\u00f3n sobre los c\u00e1lculos: los c\u00e1lculos renales est\u00e1n \r\n      formados principalmente por cristales de desecho, mientras que los \r\n      c\u00e1lculos biliares est\u00e1n formados por colas.&nbsp;<br>Tambi\u00e9n hay que tener \r\n      en cuenta que la filtraci\u00f3n de la sangre por los ri\u00f1ones depende del \r\n      mecanismo de la presi\u00f3n arterial.&nbsp;\r\n    <\/p>\r\n    <p>\r\n      La filtraci\u00f3n es ideal cuando la presi\u00f3n arterial es normal.\r\n    <\/p>\r\n    <p>\r\n      Si se produce un descenso de la presi\u00f3n arterial, la filtraci\u00f3n se \r\n      debilita y provoca retenci\u00f3n de agua y edema debido a la falta de \r\n      expulsi\u00f3n del agua absorbida.\r\n    <\/p>\r\n    <p>\r\n      Y si hay un aumento de la presi\u00f3n arterial, la evacuaci\u00f3n de orina es \r\n      abundante.\r\n    <\/p>\r\n    <h3>\r\n      El \u00fanico emuntorio mixto: la piel\r\n    <\/h3>\r\n    <p>\r\n      La piel es uno de los \u00f3rganos m\u00e1s importantes del cuerpo humano.&nbsp;En un \r\n      adulto, la piel representa 1,8 m2 y pesa 4,5 kg.\r\n    <\/p>\r\n    <p>\r\n      Se compone de 3 capas: la epidermis, la dermis y la hipodermis, la capa \r\n      m\u00e1s profunda.&nbsp;\r\n    <\/p>\r\n    <p>\r\n      La epidermis es la parte que protege la piel. La renovaci\u00f3n de la piel y \r\n      la reparaci\u00f3n de las lesiones tienen lugar en la capa profunda, la capa \r\n      basal.&nbsp;\r\n    <\/p>\r\n    <p>\r\n      La eliminaci\u00f3n de los adhesivos a trav\u00e9s del sebo con la ayuda de las \r\n      gl\u00e1ndulas seb\u00e1ceas tiene lugar en la dermis, que es la sede de la \r\n      actividad purificadora mixta. Las gl\u00e1ndulas sudor\u00edparas tambi\u00e9n son \r\n      responsables de la eliminaci\u00f3n de los cristales a trav\u00e9s del sudor.\r\n    <\/p>\r\n    <p>\r\n      El sebo est\u00e1 compuesto por sustancias grasas y proteicas que provienen \r\n      de la regeneraci\u00f3n de las propias gl\u00e1ndulas seb\u00e1ceas. Y el sudor es una \r\n      mezcla de agua, cloruro de sodio, residuos nitrogenados (urea, \u00e1cido \r\n      \u00farico) comparable a la orina diluida.\r\n    <\/p>\r\n    <p>\r\n      En cuanto a la hipodermis, es la capa m\u00e1s profunda de la piel. Se \r\n      compone en gran parte de c\u00e9lulas grasas.\r\n    <\/p>\r\n    <p>\r\n      Almacenan grasa para su uso.\r\n    <\/p>\r\n    <p>\r\n      Tambi\u00e9n pueden acumular productos de desecho que se mezclan con esta \r\n      grasa, dando lugar a la celulitis.\r\n    <\/p>\r\n    <p>\r\n      Cuando la eliminaci\u00f3n de la cola se realiza gracias al h\u00edgado, el \r\n      intestino, los pulmones y las gl\u00e1ndulas seb\u00e1ceas, los ri\u00f1ones y las \r\n      gl\u00e1ndulas sudor\u00edparas de la piel se encargan de eliminar los cristales.\r\n    <\/p>\t\t<\/div>\n\t\t\t\t<\/div>\n\t\t\t\t\t<\/div>\n\t\t<\/div>\n\t\t\t\t\t\t\t<\/div>\n\t\t<\/section>\n\t\t\t\t\t\t<\/div>\n\t\t\t\t\t<\/div>\n\t\t","protected":false},"excerpt":{"rendered":"<p>Los 5 \u00f3rganos espec\u00edficos de la desintoxicaci\u00f3n Los procesos de eliminaci\u00f3n deben ser bien comprendidos&hellip;<\/p>\n","protected":false},"author":71,"featured_media":33391,"parent":16031,"menu_order":0,"comment_status":"closed","ping_status":"closed","template":"template_ES.php","meta":[],"_links":{"self":[{"href":"https:\/\/www.ericfavre.com\/lifestyle\/es\/wp-json\/wp\/v2\/pages\/16493"}],"collection":[{"href":"https:\/\/www.ericfavre.com\/lifestyle\/es\/wp-json\/wp\/v2\/pages"}],"about":[{"href":"https:\/\/www.ericfavre.com\/lifestyle\/es\/wp-json\/wp\/v2\/types\/page"}],"author":[{"embeddable":true,"href":"https:\/\/www.ericfavre.com\/lifestyle\/es\/wp-json\/wp\/v2\/users\/71"}],"replies":[{"embeddable":true,"href":"https:\/\/www.ericfavre.com\/lifestyle\/es\/wp-json\/wp\/v2\/comments?post=16493"}],"version-history":[{"count":7,"href":"https:\/\/www.ericfavre.com\/lifestyle\/es\/wp-json\/wp\/v2\/pages\/16493\/revisions"}],"predecessor-version":[{"id":35682,"href":"https:\/\/www.ericfavre.com\/lifestyle\/es\/wp-json\/wp\/v2\/pages\/16493\/revisions\/35682"}],"up":[{"embeddable":true,"href":"https:\/\/www.ericfavre.com\/lifestyle\/es\/wp-json\/wp\/v2\/pages\/16031"}],"wp:featuredmedia":[{"embeddable":true,"href":"https:\/\/www.ericfavre.com\/lifestyle\/es\/wp-json\/wp\/v2\/media\/33391"}],"wp:attachment":[{"href":"https:\/\/www.ericfavre.com\/lifestyle\/es\/wp-json\/wp\/v2\/media?parent=16493"}],"curies":[{"name":"wp","href":"https:\/\/api.w.org\/{rel}","templated":true}]}}