{"id":16591,"date":"2021-06-21T19:08:49","date_gmt":"2021-06-21T17:08:49","guid":{"rendered":"https:\/\/www.ericfavre.com\/lifestyle\/es\/?page_id=16591"},"modified":"2021-09-21T08:49:34","modified_gmt":"2021-09-21T06:49:34","slug":"detox-y-beneficios-de-la-diente-de-leon","status":"publish","type":"page","link":"https:\/\/www.ericfavre.com\/lifestyle\/es\/bienvenida\/detox\/los-organos-objetivo-de-la-detoxificacion\/detox-del-higado\/detox-y-beneficios-de-la-diente-de-leon\/","title":{"rendered":"Detox y Beneficios de la diente de l\u00e9on"},"content":{"rendered":"\t\t<div data-elementor-type=\"wp-page\" data-elementor-id=\"16591\" class=\"elementor elementor-16591\" data-elementor-settings=\"[]\">\n\t\t\t\t\t\t\t<div class=\"elementor-section-wrap\">\n\t\t\t\t\t\t\t<section class=\"penci-section penci-disSticky penci-structure-10 elementor-section elementor-top-section elementor-element elementor-element-3f0db04 elementor-section-boxed elementor-section-height-default elementor-section-height-default\" data-id=\"3f0db04\" data-element_type=\"section\">\n\t\t\t\t\t\t<div class=\"elementor-container elementor-column-gap-default\">\n\t\t\t\t\t<div class=\"penci-ercol-100 penci-ercol-order-1 penci-sticky-ct  elementor-column elementor-col-100 elementor-top-column elementor-element elementor-element-a58b322\" data-id=\"a58b322\" data-element_type=\"column\">\n\t\t\t<div class=\"elementor-widget-wrap elementor-element-populated\">\n\t\t\t\t\t\t\t\t<div class=\"elementor-element elementor-element-1b05e10 elementor-widget elementor-widget-html\" data-id=\"1b05e10\" data-element_type=\"widget\" data-widget_type=\"html.default\">\n\t\t\t\t<div class=\"elementor-widget-container\">\n\t\t\t<p>\r\n      A continuaci\u00f3n encontrar\u00e1s c\u00f3mo el diente de le\u00f3n act\u00faa como una cura \r\n      detox en tu h\u00edgado.\r\n    <\/p>\r\n    <h2>\r\n      REVELACI\u00d3N SOBRE: EL DIENTE DE LE\u00d3N Y SU ACCI\u00d3N DESINTOXICANTE\r\n    <\/h2>\r\n    <p>\r\n      El diente de le\u00f3n (<em>Taraxacum officinale<\/em>) es el mejor amigo de \r\n      nuestro h\u00edgado, recibe el apodo de diente de le\u00f3n por la forma de sus \r\n      hojas. Esta planta herb\u00e1cea perenne es muy conocida en nuestros campos e \r\n      incluye :\r\n    <\/p>\r\n    <ul>\r\n      <li>\r\n        Un racin de color marr\u00f3n rojizo, del tama\u00f1o de un dedo, con una carne \r\n        blanca, suculenta y delicadamente amarga.\r\n      <\/li>\r\n      <li>\r\n        Hojas grandes dentadas, todas agrupadas en la base de la planta en \r\n        forma de roseta, son los que comemos en una ensalada.\r\n      <\/li>\r\n      <li>\r\n        flores que aparecen al principio de la primavera y que terminan con \r\n        hermosas cabezas de flores de color amarillo brillante.\r\n      <\/li>\r\n      <li>\r\n        De frutos, una esfera de aquenios con garras de seda que se desprenden \r\n        al madurar por la acci\u00f3n del viento.\r\n      <\/li>\r\n      <li>\r\n        Un suc, l\u00e1tex blanco que fluye despu\u00e9s de la incisi\u00f3n de los tallos.\r\n      <\/li>\r\n    <\/ul>\r\n    <p>\r\n      Todo es bueno en el diente de le\u00f3n y es cosechado por la familia, \r\n      principalmente en la primavera, una temporada importante de depuraci\u00f3n \r\n      despu\u00e9s de que el cuerpo se haya ensuciado y haya estado funcionando al \r\n      ralent\u00ed durante el invierno. Pero son las ra\u00edces, registradas en la \r\n      farmacopea francesa desde 1884, las que concentran los principales \r\n      principios activos \u00fatiles para la salud.\r\n    <\/p>\r\n    <h2>\r\n      COMPOSICI\u00d3N DEL DIENTE DE LE\u00d3N\r\n    <\/h2>\r\n    <p>\r\n      Su composici\u00f3n es de gran riqueza :\r\n    <\/p>\r\n    <ul>\r\n      <li>\r\n        taraxacina y taraxetina que estimulan la funci\u00f3n hepatobiliar,\r\n      <\/li>\r\n      <li>\r\n        inulina (Fructo-Oligo-Sac\u00e1rido con funci\u00f3n prebi\u00f3tica),\r\n      <\/li>\r\n      <li>\r\n        alcaloides,\r\n      <\/li>\r\n      <li>\r\n        clorofila,\r\n      <\/li>\r\n      <li>\r\n        beta-caroteno,\r\n      <\/li>\r\n      <li>\r\n        colina,\r\n      <\/li>\r\n      <li>\r\n        \u00e1cido f\u00f3lico,\r\n      <\/li>\r\n      <li>\r\n        manitol,\r\n      <\/li>\r\n      <li>\r\n        calcio, potasio, magnesio, f\u00f3sforo, s\u00edlice, hierro, azufre ...\r\n      <\/li>\r\n    <\/ul>\r\n    <p>\r\n      Las ra\u00edces del diente de le\u00f3n se arrancan en oto\u00f1o, se lavan para \r\n      quitarles la tierra y luego se pelan, como har\u00edamos con las patatas.\r\n    <\/p>\r\n    <p>\r\n      A continuaci\u00f3n, se cortan en rodajas finas y se secan en el horno de la \r\n      cocina, se hacen decocciones depurativas recomendadas a quienes tienen \r\n      un h\u00edgado perezoso y una ves\u00edcula biliar que trabaja a c\u00e1mara lenta.\r\n    <\/p>\r\n    <p>\r\n      En el pasado, las ra\u00edces de diente de le\u00f3n se tostaban y se mezclaban \r\n      con las de achicoria para a\u00f1adirlas al caf\u00e9 o sustituirlo.\r\n    <\/p>\r\n    <p>\r\n      Muchos de los sustitutos actuales del caf\u00e9 diet\u00e9tico siguen incluyendo \r\n      ra\u00edces de diente de le\u00f3n en su f\u00f3rmula.\r\n    <\/p>\r\n    <p>\r\n      En el sur del Macizo Central se elabora un aperitivo amargo a base de \r\n      diente de le\u00f3n, macerando las ra\u00edces en alcohol.\r\n    <\/p>\r\n    <p>\r\n      En total, el diente de le\u00f3n es un limpiador general del organismo,\r\n    <\/p>\r\n    <ul>\r\n      <li>\r\n        estimulante hepatobiliar,\r\n      <\/li>\r\n      <li>\r\n        diur\u00e9tico,\r\n      <\/li>\r\n      <li>\r\n        laxante,\r\n      <\/li>\r\n      <li>\r\n        hipocolesterolemiante\r\n      <\/li>\r\n    <\/ul>\r\n    <h2>\r\n      RECOMENDACIONES PARA EL DIENTE DE LE\u00d3N EN DETOX\r\n    <\/h2>\r\n    <p>\r\n      Sus recomendaciones son m\u00faltiples :\r\n    <\/p>\r\n    <ul>\r\n      <li>\r\n        Insuficiencia hep\u00e1tica,\r\n      <\/li>\r\n      <li>\r\n        litiasis biliar,\r\n      <\/li>\r\n      <li>\r\n        estre\u00f1imiento funcional cr\u00f3nico,\r\n      <\/li>\r\n      <li>\r\n        estado congestivo del cuerpo,\r\n      <\/li>\r\n      <li>\r\n        digesti\u00f3n dif\u00edcil,\r\n      <\/li>\r\n      <li>\r\n        sobrepeso,\r\n      <\/li>\r\n      <li>\r\n        hypercholest\u00e9rol\u00e9mie,\r\n      <\/li>\r\n      <li>\r\n        dermatosis (eczema, acn\u00e9) ...\r\n      <\/li>\r\n    <\/ul>\t\t<\/div>\n\t\t\t\t<\/div>\n\t\t\t\t\t<\/div>\n\t\t<\/div>\n\t\t\t\t\t\t\t<\/div>\n\t\t<\/section>\n\t\t\t\t\t\t<\/div>\n\t\t\t\t\t<\/div>\n\t\t","protected":false},"excerpt":{"rendered":"<p>A continuaci\u00f3n encontrar\u00e1s c\u00f3mo el diente de le\u00f3n act\u00faa como una cura detox en tu&hellip;<\/p>\n","protected":false},"author":71,"featured_media":33426,"parent":16542,"menu_order":0,"comment_status":"closed","ping_status":"closed","template":"template_ES.php","meta":[],"_links":{"self":[{"href":"https:\/\/www.ericfavre.com\/lifestyle\/es\/wp-json\/wp\/v2\/pages\/16591"}],"collection":[{"href":"https:\/\/www.ericfavre.com\/lifestyle\/es\/wp-json\/wp\/v2\/pages"}],"about":[{"href":"https:\/\/www.ericfavre.com\/lifestyle\/es\/wp-json\/wp\/v2\/types\/page"}],"author":[{"embeddable":true,"href":"https:\/\/www.ericfavre.com\/lifestyle\/es\/wp-json\/wp\/v2\/users\/71"}],"replies":[{"embeddable":true,"href":"https:\/\/www.ericfavre.com\/lifestyle\/es\/wp-json\/wp\/v2\/comments?post=16591"}],"version-history":[{"count":6,"href":"https:\/\/www.ericfavre.com\/lifestyle\/es\/wp-json\/wp\/v2\/pages\/16591\/revisions"}],"predecessor-version":[{"id":16633,"href":"https:\/\/www.ericfavre.com\/lifestyle\/es\/wp-json\/wp\/v2\/pages\/16591\/revisions\/16633"}],"up":[{"embeddable":true,"href":"https:\/\/www.ericfavre.com\/lifestyle\/es\/wp-json\/wp\/v2\/pages\/16542"}],"wp:featuredmedia":[{"embeddable":true,"href":"https:\/\/www.ericfavre.com\/lifestyle\/es\/wp-json\/wp\/v2\/media\/33426"}],"wp:attachment":[{"href":"https:\/\/www.ericfavre.com\/lifestyle\/es\/wp-json\/wp\/v2\/media?parent=16591"}],"curies":[{"name":"wp","href":"https:\/\/api.w.org\/{rel}","templated":true}]}}