{"id":16640,"date":"2021-06-21T19:09:41","date_gmt":"2021-06-21T17:09:41","guid":{"rendered":"https:\/\/www.ericfavre.com\/lifestyle\/es\/?page_id=16640"},"modified":"2021-09-21T08:48:12","modified_gmt":"2021-09-21T06:48:12","slug":"detox-y-beneficios-en-la-hepatitis","status":"publish","type":"page","link":"https:\/\/www.ericfavre.com\/lifestyle\/es\/bienvenida\/detox\/los-organos-objetivo-de-la-detoxificacion\/detox-del-higado\/detox-y-beneficios-en-la-hepatitis\/","title":{"rendered":"Detox Y Beneficios En La Hepatitis"},"content":{"rendered":"\t\t<div data-elementor-type=\"wp-page\" data-elementor-id=\"16640\" class=\"elementor elementor-16640\" data-elementor-settings=\"[]\">\n\t\t\t\t\t\t\t<div class=\"elementor-section-wrap\">\n\t\t\t\t\t\t\t<section class=\"penci-section penci-disSticky penci-structure-10 elementor-section elementor-top-section elementor-element elementor-element-a2b1be9 elementor-section-boxed elementor-section-height-default elementor-section-height-default\" data-id=\"a2b1be9\" data-element_type=\"section\">\n\t\t\t\t\t\t<div class=\"elementor-container elementor-column-gap-default\">\n\t\t\t\t\t<div class=\"penci-ercol-100 penci-ercol-order-1 penci-sticky-ct  elementor-column elementor-col-100 elementor-top-column elementor-element elementor-element-56cf9c5\" data-id=\"56cf9c5\" data-element_type=\"column\">\n\t\t\t<div class=\"elementor-widget-wrap elementor-element-populated\">\n\t\t\t\t\t\t\t\t<div class=\"elementor-element elementor-element-a59be6a elementor-widget elementor-widget-html\" data-id=\"a59be6a\" data-element_type=\"widget\" data-widget_type=\"html.default\">\n\t\t\t\t<div class=\"elementor-widget-container\">\n\t\t\t<p>\r\n      La hepatitis es una inflamaci\u00f3n del h\u00edgado que puede ser causada por un \r\n      virus (hepatitis viral) o por otros factores: abuso de alcohol, \r\n      intolerancia a ciertos medicamentos, inmunodeficiencia, intoxicaci\u00f3n \r\n      qu\u00edmica, infecci\u00f3n por ciertos hongos o par\u00e1sitos. La desintoxicaci\u00f3n \r\n      del h\u00edgado podr\u00eda ser una soluci\u00f3n !\r\n    <\/p>\r\n    <h2>\r\n      Los diferentes tipos de hepatitis\r\n    <\/h2>\r\n    <p>\r\n      Existen 3 hepatitis virales:\r\n    <\/p>\r\n    <h2>\r\n      Hepatitis A.\r\n    <\/h2>\r\n    <p>\r\n      Es el menos grave y la m\u00e1s f\u00e1cil de tratar. Se transmite, principalmente \r\n      en la zona intertropical, por la ingesti\u00f3n de alimentos o agua \r\n      contaminados.\r\n    <\/p>\r\n    <h2>\r\n      Hepatitis B.\r\n    <\/h2>\r\n    <p>\r\n      Es la m\u00e1s extendida del mundo. Se transmite a trav\u00e9s de la sangre y el \r\n      semen, y la contaminaci\u00f3n se produce durante el contacto sexual sin \r\n      protecci\u00f3n, con parejas infectadas o entre los consumidores de drogas, \r\n      durante los intercambios de agujas con personas infectadas.\r\n    <\/p>\r\n    <h2>\r\n      Hepatitis C.\r\n    <\/h2>\r\n    <p>\r\n      Esta es la m\u00e1s peligrosa, porque este virus es el m\u00e1s resistente. Al \r\n      igual que la hepatitis B, se transmite a trav\u00e9s de la sangre y el semen.\r\n    <\/p>\r\n    <p>\r\n      La hepatitis suele ser silenciosa durante mucho tiempo (indolora).\r\n    <\/p>\r\n    <p>\r\n      Puede hasta entonces haber causado estragos cuando aparecen los s\u00edntomas \r\n      de la hepatitis aguda:\r\n    <\/p>\r\n    <ul>\r\n      <li>\r\n        P\u00e9rdida de apetito y dram\u00e1tica p\u00e9rdida de peso.\r\n      <\/li>\r\n      <li>\r\n        Fiebre, sudoraci\u00f3n intensa al final del d\u00eda.\r\n      <\/li>\r\n      <li>\r\n        Dolor abdominal y n\u00e1useas.\r\n      <\/li>\r\n      <li>\r\n        Ictericia (ictericia) que afecta a la piel y al blanco de los ojos.\r\n      <\/li>\r\n      <li>\r\n        Orina oscura y una repentina hinchaz\u00f3n del vientre.\r\n      <\/li>\r\n    <\/ul>\r\n    <p>\r\n      ATENCI\u00d3N: La hepatitis no diagnosticada a tiempo puede tener una \r\n      complicaci\u00f3n muy grave. Esto es hepatitis fulminante.\r\n    <\/p>\r\n    <p>\r\n      Esta forma de complicaci\u00f3n (afortunadamente rara) conduce a la \r\n      mortalidad a corto plazo en el 25% de los casos, debido a la necrosis \r\n      masiva del h\u00edgado (verdadera autodestrucci\u00f3n), s\u00f3lo un trasplante de \r\n      h\u00edgado urgente puede evitar la muerte.\r\n    <\/p>\r\n    <p>\r\n      Los s\u00edntomas de la hepatitis fulminante son hemorragia cut\u00e1nea, \r\n      hemorragia nasal, confusi\u00f3n mental, que implica la hospitalizaci\u00f3n de \r\n      urgencia.\r\n    <\/p>\r\n    <h2>\r\n      Hepatitis y prevenci\u00f3n\r\n    <\/h2>\r\n    <p>\r\n      la prevenci\u00f3n de la hepatitis A es muy conocida. Si viajas a pa\u00edses de \r\n      riesgo, no bebas nunca agua del grifo, sino agua embotellada con el \r\n      tap\u00f3n abierto delante de ti.\r\n    <\/p>\r\n    <p>\r\n      Si no es as\u00ed, esteriliza el agua hirvi\u00e9ndola durante cinco minutos, no \r\n      a\u00f1ada cubitos de hielo a tus bebidas y no coma alimentos crudos, \r\n      ensaladas, pescado crudo, mariscos y crust\u00e1ceos.\r\n    <\/p>\r\n    <p>\r\n      En cuanto a la prevenci\u00f3n de las hepatitis B y C, es elemental, dado su \r\n      modo de contaminaci\u00f3n sexual o sangu\u00ednea, tambi\u00e9n es mejor evitar ser \r\n      tatuado por una persona que no respete la deontolog\u00eda vigente en este \r\n      tipo de pr\u00e1cticas de riesgo.\r\n    <\/p>\r\n    <p>\r\n      M\u00e1s vale prevenir que curar !\r\n    <\/p>\r\n    <p>\r\n      Sea cual sea la hepatitis contra\u00edda (A, B o C) adem\u00e1s del tratamiento, \r\n      un DETOX siempre ser\u00e1 beneficioso, favoreciendo la desintoxicaci\u00f3n del \r\n      \u00f3rgano para que este tratamiento sea a\u00fan m\u00e1s activo.\r\n    <\/p>\t\t<\/div>\n\t\t\t\t<\/div>\n\t\t\t\t\t<\/div>\n\t\t<\/div>\n\t\t\t\t\t\t\t<\/div>\n\t\t<\/section>\n\t\t\t\t\t\t<\/div>\n\t\t\t\t\t<\/div>\n\t\t","protected":false},"excerpt":{"rendered":"<p>La hepatitis es una inflamaci\u00f3n del h\u00edgado que puede ser causada por un virus (hepatitis&hellip;<\/p>\n","protected":false},"author":71,"featured_media":33405,"parent":16542,"menu_order":0,"comment_status":"closed","ping_status":"closed","template":"template_ES.php","meta":[],"_links":{"self":[{"href":"https:\/\/www.ericfavre.com\/lifestyle\/es\/wp-json\/wp\/v2\/pages\/16640"}],"collection":[{"href":"https:\/\/www.ericfavre.com\/lifestyle\/es\/wp-json\/wp\/v2\/pages"}],"about":[{"href":"https:\/\/www.ericfavre.com\/lifestyle\/es\/wp-json\/wp\/v2\/types\/page"}],"author":[{"embeddable":true,"href":"https:\/\/www.ericfavre.com\/lifestyle\/es\/wp-json\/wp\/v2\/users\/71"}],"replies":[{"embeddable":true,"href":"https:\/\/www.ericfavre.com\/lifestyle\/es\/wp-json\/wp\/v2\/comments?post=16640"}],"version-history":[{"count":6,"href":"https:\/\/www.ericfavre.com\/lifestyle\/es\/wp-json\/wp\/v2\/pages\/16640\/revisions"}],"predecessor-version":[{"id":16682,"href":"https:\/\/www.ericfavre.com\/lifestyle\/es\/wp-json\/wp\/v2\/pages\/16640\/revisions\/16682"}],"up":[{"embeddable":true,"href":"https:\/\/www.ericfavre.com\/lifestyle\/es\/wp-json\/wp\/v2\/pages\/16542"}],"wp:featuredmedia":[{"embeddable":true,"href":"https:\/\/www.ericfavre.com\/lifestyle\/es\/wp-json\/wp\/v2\/media\/33405"}],"wp:attachment":[{"href":"https:\/\/www.ericfavre.com\/lifestyle\/es\/wp-json\/wp\/v2\/media?parent=16640"}],"curies":[{"name":"wp","href":"https:\/\/api.w.org\/{rel}","templated":true}]}}