{"id":16689,"date":"2021-06-21T19:10:35","date_gmt":"2021-06-21T17:10:35","guid":{"rendered":"https:\/\/www.ericfavre.com\/lifestyle\/es\/?page_id=16689"},"modified":"2021-09-21T08:48:37","modified_gmt":"2021-09-21T06:48:37","slug":"detox-y-los-beneficios-de-la-l-carnitina","status":"publish","type":"page","link":"https:\/\/www.ericfavre.com\/lifestyle\/es\/bienvenida\/detox\/los-organos-objetivo-de-la-detoxificacion\/detox-del-higado\/detox-y-los-beneficios-de-la-l-carnitina\/","title":{"rendered":"Detox Y Los Beneficios De La L-Carnitina"},"content":{"rendered":"\t\t<div data-elementor-type=\"wp-page\" data-elementor-id=\"16689\" class=\"elementor elementor-16689\" data-elementor-settings=\"[]\">\n\t\t\t\t\t\t\t<div class=\"elementor-section-wrap\">\n\t\t\t\t\t\t\t<section class=\"penci-section penci-disSticky penci-structure-10 elementor-section elementor-top-section elementor-element elementor-element-8a95fbd elementor-section-boxed elementor-section-height-default elementor-section-height-default\" data-id=\"8a95fbd\" data-element_type=\"section\">\n\t\t\t\t\t\t<div class=\"elementor-container elementor-column-gap-default\">\n\t\t\t\t\t<div class=\"penci-ercol-100 penci-ercol-order-1 penci-sticky-ct  elementor-column elementor-col-100 elementor-top-column elementor-element elementor-element-06185c5\" data-id=\"06185c5\" data-element_type=\"column\">\n\t\t\t<div class=\"elementor-widget-wrap elementor-element-populated\">\n\t\t\t\t\t\t\t\t<div class=\"elementor-element elementor-element-65f583d elementor-widget elementor-widget-html\" data-id=\"65f583d\" data-element_type=\"widget\" data-widget_type=\"html.default\">\n\t\t\t\t<div class=\"elementor-widget-container\">\n\t\t\t<p>\r\n      La L-carnitina sintetizada principalmente por el h\u00edgado y los ri\u00f1ones es \r\n      un ingrediente importante DETOX porque es un potente agente de \r\n      lip\u00f3lisis. La L-carnitina es sintetizada principalmente por el h\u00edgado, \r\n      de ah\u00ed su importancia en un tratamiento de Detox del h\u00edgado.\r\n    <\/p>\r\n    <p>\r\n      La L-carnitina es un ingrediente principal DETOX de LIPOXYCUT ERIC FAVRE \r\n      porque es un potente agente de lip\u00f3lisis.\r\n    <\/p>\r\n    <p>\r\n      Esta mol\u00e9cula es sintetizada por el organismo humano en el h\u00edgado (e \r\n      incidentalmente en los ri\u00f1ones) a partir de dos amino\u00e1cidos contenidos \r\n      en nuestros alimentos proteicos: la lisina y la metionina.\r\n    <\/p>\r\n    <p>\r\n      Este proceso no es tan sencillo como parece. Esta s\u00edntesis requiere la \r\n      presencia de varios cofactores: hierro, vitamina C, vitaminas B3 y B6, \r\n      as\u00ed como ciertas enzimas, por ello, la administraci\u00f3n de suplementos de \r\n      L-carnitivo est\u00e1 justificada si existe una mayor necesidad.\r\n    <\/p>\r\n    <h2>\r\n      Lip\u00f3lisis\r\n    <\/h2>\r\n    <p>\r\n      La L-carnitina tiene una funci\u00f3n adelgazante importante porque estimula \r\n      la lip\u00f3lisis. En un protocolo de adelgazamiento, un aporte ex\u00f3geno de \r\n      L-carnitina es pues particularmente juicioso, ya que la s\u00edntesis \r\n      end\u00f3gena de esta verdadera &quot;mol\u00e9cula adelgazante&quot; es insuficiente.\r\n    <\/p>\r\n    <p>\r\n      La funci\u00f3n de la L-carnitina es facilitar el transporte de las grasas \r\n      desde las c\u00e9lulas donde se almacenan en el organismo (adipocitos) hasta \r\n      sus lugares de utilizaci\u00f3n, las mitocondrias del citoplasma celular \r\n      donde se queman, permitiendo la producci\u00f3n de energ\u00eda en forma de \r\n      trifosfato de adenosina (ATP).\r\n    <\/p>\r\n    <p>\r\n      Este transporte encuentra un doble obst\u00e1culo: las membranas que rodean \r\n      las c\u00e9lulas, por un lado, y las membranas mitocondriales, por otro, al \r\n      final de esta migraci\u00f3n, siendo cada mitocondria una entidad en s\u00ed \r\n      misma, un org\u00e1nulo dentro del citoplasma de la c\u00e9lula.\r\n    <\/p>\r\n    <p>\r\n      Sin embargo, es en este doble nivel donde entra en juego la L-carnitina: \r\n      facilita el cruce de estos dos obst\u00e1culos sucesivos de la membrana.\r\n    <\/p>\r\n    <h2>\r\n      L-Carnitina favorece la p\u00e9rdida de peso\r\n    <\/h2>\r\n    <p>\r\n      Con una falta de L-carnitina, la movilizaci\u00f3n de los \u00e1cidos grasos es \r\n      como un curso de lucha, por el contrario, en presencia de L-carnitina, \r\n      las membranas citoplasm\u00e1ticas y mitocondriales se vuelven porosas, lo \r\n      que permite que los \u00e1cidos grasos penetren m\u00e1s f\u00e1cilmente en la c\u00e9lula \r\n      inicialmente y luego en las mitocondrias.\r\n    <\/p>\r\n    <p>\r\n      La L-carnitina act\u00faa sucesivamente promoviendo:\r\n    <\/p>\r\n    <ul>\r\n      <li>\r\n        descamaci\u00f3n de la grasa almacenada en los adipocitos\r\n      <\/li>\r\n      <li>\r\n        su movilizaci\u00f3n (atravesando las membranas celulares)\r\n      <\/li>\r\n      <li>\r\n        su eliminaci\u00f3n dentro de la mitocondria donde se queman\r\n      <\/li>\r\n    <\/ul>\r\n    <p>\r\n      La p\u00e9rdida de peso se acelera entonces por esta despoblaci\u00f3n de grasas.\r\n    <\/p>\r\n    <p>\r\n      Este DETOX es importante para las personas con sobrepeso, especialmente \r\n      las que son obesas.\r\n    <\/p>\t\t<\/div>\n\t\t\t\t<\/div>\n\t\t\t\t\t<\/div>\n\t\t<\/div>\n\t\t\t\t\t\t\t<\/div>\n\t\t<\/section>\n\t\t\t\t\t\t<\/div>\n\t\t\t\t\t<\/div>\n\t\t","protected":false},"excerpt":{"rendered":"<p>La L-carnitina sintetizada principalmente por el h\u00edgado y los ri\u00f1ones es un ingrediente importante DETOX&hellip;<\/p>\n","protected":false},"author":71,"featured_media":33412,"parent":16542,"menu_order":0,"comment_status":"closed","ping_status":"closed","template":"template_ES.php","meta":[],"_links":{"self":[{"href":"https:\/\/www.ericfavre.com\/lifestyle\/es\/wp-json\/wp\/v2\/pages\/16689"}],"collection":[{"href":"https:\/\/www.ericfavre.com\/lifestyle\/es\/wp-json\/wp\/v2\/pages"}],"about":[{"href":"https:\/\/www.ericfavre.com\/lifestyle\/es\/wp-json\/wp\/v2\/types\/page"}],"author":[{"embeddable":true,"href":"https:\/\/www.ericfavre.com\/lifestyle\/es\/wp-json\/wp\/v2\/users\/71"}],"replies":[{"embeddable":true,"href":"https:\/\/www.ericfavre.com\/lifestyle\/es\/wp-json\/wp\/v2\/comments?post=16689"}],"version-history":[{"count":9,"href":"https:\/\/www.ericfavre.com\/lifestyle\/es\/wp-json\/wp\/v2\/pages\/16689\/revisions"}],"predecessor-version":[{"id":16752,"href":"https:\/\/www.ericfavre.com\/lifestyle\/es\/wp-json\/wp\/v2\/pages\/16689\/revisions\/16752"}],"up":[{"embeddable":true,"href":"https:\/\/www.ericfavre.com\/lifestyle\/es\/wp-json\/wp\/v2\/pages\/16542"}],"wp:featuredmedia":[{"embeddable":true,"href":"https:\/\/www.ericfavre.com\/lifestyle\/es\/wp-json\/wp\/v2\/media\/33412"}],"wp:attachment":[{"href":"https:\/\/www.ericfavre.com\/lifestyle\/es\/wp-json\/wp\/v2\/media?parent=16689"}],"curies":[{"name":"wp","href":"https:\/\/api.w.org\/{rel}","templated":true}]}}