{"id":1681,"date":"2021-06-03T19:31:48","date_gmt":"2021-06-03T17:31:48","guid":{"rendered":"https:\/\/www.ericfavre.com\/lifestyle\/es\/?page_id=1681"},"modified":"2021-12-28T16:01:40","modified_gmt":"2021-12-28T15:01:40","slug":"oxido-nitrico","status":"publish","type":"page","link":"https:\/\/www.ericfavre.com\/lifestyle\/es\/bienvenida\/nutricion-deportiva\/complementos-alimenticios\/complementos-alimenticios-segun-sus-objetivos-deportivos\/pre-entrenamiento\/oxido-nitrico\/","title":{"rendered":"OXIDO NITRICO"},"content":{"rendered":"\t\t<div data-elementor-type=\"wp-page\" data-elementor-id=\"1681\" class=\"elementor elementor-1681\" data-elementor-settings=\"[]\">\n\t\t\t\t\t\t\t<div class=\"elementor-section-wrap\">\n\t\t\t\t\t\t\t<section class=\"penci-section penci-disSticky penci-structure-10 elementor-section elementor-top-section elementor-element elementor-element-4796ad7 elementor-section-boxed elementor-section-height-default elementor-section-height-default\" data-id=\"4796ad7\" data-element_type=\"section\">\n\t\t\t\t\t\t<div class=\"elementor-container elementor-column-gap-default\">\n\t\t\t\t\t<div class=\"penci-ercol-100 penci-ercol-order-1 penci-sticky-ct  elementor-column elementor-col-100 elementor-top-column elementor-element elementor-element-c0f95d0\" data-id=\"c0f95d0\" data-element_type=\"column\">\n\t\t\t<div class=\"elementor-widget-wrap elementor-element-populated\">\n\t\t\t\t\t\t\t\t<div class=\"elementor-element elementor-element-928e942 elementor-widget elementor-widget-html\" data-id=\"928e942\" data-element_type=\"widget\" data-widget_type=\"html.default\">\n\t\t\t\t<div class=\"elementor-widget-container\">\n\t\t\t<p>\r\n      El \u00f3xido n\u00edtrico favorece la congesti\u00f3n muscular durante las sesiones de \r\n      entrenamiento. Su uso tiene muchos beneficios para el cuerpo, \r\n      especialmente para los entusiastas del deporte. \u00bfPero qu\u00e9 es \r\n      exactamente? \u00bfY por qu\u00e9 el \u00f3xido n\u00edtrico sirve para mejorar el \r\n      rendimiento deportivo? Para saber m\u00e1s sobre este complemento alimenticio \r\n      que se utiliza a menudo en la pre-sesi\u00f3n, he aqu\u00ed la informaci\u00f3n sobre \r\n      el mismo.\r\n    <\/p>\r\n    <h2>\r\n      Oxido n\u00edtrico, \u00bfqu\u00e9 es?\r\n    <\/h2>\r\n    &nbsp;\r\n\r\n    <p>\r\n      Tambi\u00e9n llamado \u00f3xido n\u00edtrico, el \u00f3xido n\u00edtrico es m\u00e1s precisamente una \r\n      mol\u00e9cula formada por el endotelio, es decir, la capa interna de los \r\n      vasos sangu\u00edneos, tambi\u00e9n la crean el cerebro y los gl\u00f3bulos blancos. El \r\n      \u00f3xido n\u00edtrico funciona como un mensajero qu\u00edmico en los miles de \r\n      millones de c\u00e9lulas que componen el cuerpo.\r\n    <\/p>\r\n    <p>\r\n      En general, el \u00f3xido n\u00edtrico determina la salud de una persona, por eso, \r\n      si un individuo tiene una cantidad elevada de \u00f3xido n\u00edtrico, significa \r\n      que tiene una presi\u00f3n arterial m\u00e1s baja. Esto tambi\u00e9n conduce a una \r\n      reducci\u00f3n del riesgo de enfermedades card\u00edacas y a unas buenas \r\n      estructuras. Por otra parte, una cantidad m\u00ednima de \u00f3xido n\u00edtrico \r\n      aumenta la posibilidad de padecer hipertensi\u00f3n arterial, infarto de \r\n      miocardio y diabetes.\r\n    <\/p>\r\n    &nbsp;\r\n\r\n    <p>\r\n      El \u00f3xido n\u00edtrico se caracteriza por su forma. Dado que el \u00f3xido n\u00edtrico \r\n      es un gas, aparece como tal en las regulaciones normales de presi\u00f3n y \r\n      temperatura. Este tipo de gas no resiste mucho tiempo, su vida \u00fatil es \r\n      de s\u00f3lo unos segundos. La s\u00edntesis del \u00f3xido n\u00edtrico la realiza el \r\n      organismo, m\u00e1s concretamente a partir de la arginina y el ox\u00edgeno.\r\n    <\/p>\r\n    <h2>\r\n      \u00bfCu\u00e1les son los beneficios del consumo de \u00f3xido n\u00edtrico?\r\n    <\/h2>\r\n    &nbsp;\r\n\r\n    <p>\r\n      Como el \u00f3xido n\u00edtrico es un suplemento diet\u00e9tico, naturalmente \r\n      proporciona al cuerpo muchos beneficios.\r\n    <\/p>\r\n    &nbsp;\r\n\r\n    <h3>\r\n      Para todo el mundo\r\n    <\/h3>\r\n    &nbsp;\r\n\r\n    <p>\r\n      El \u00f3xido n\u00edtrico es bueno para la salud y el bienestar. Ayuda a reforzar \r\n      la memoria mediante la difusi\u00f3n de datos entre las neuronas. Tambi\u00e9n \r\n      proporciona fuerza y resistencia. El \u00f3xido n\u00edtrico tambi\u00e9n es excelente \r\n      como regulador de la presi\u00f3n arterial. La persona que lo consuma tendr\u00e1 \r\n      menos riesgo de inflamaci\u00f3n. Adem\u00e1s, la persona que tiene suficiente \r\n      \u00f3xido n\u00edtrico tiene una buena calidad de sue\u00f1o. Adem\u00e1s, su sistema \r\n      inmunitario podr\u00e1 luchar no s\u00f3lo contra las bacterias, sino tambi\u00e9n \r\n      contra los tumores. Tambi\u00e9n tendr\u00e1 una buena motricidad g\u00e1strica y un \r\n      excelente control de la insulina. Adem\u00e1s, sus nutrientes y el ox\u00edgeno se \r\n      distribuyen en mejores condiciones.\r\n    <\/p>\r\n    &nbsp;\r\n\r\n    <h3>\r\n      Para atletas\r\n    <\/h3>\r\n    &nbsp;\r\n\r\n    <p>\r\n      El \u00f3xido n\u00edtrico tambi\u00e9n es adecuado para los deportistas. Para un \r\n      culturista, su consumo tiene varios efectos positivos. En primer lugar, \r\n      aumenta el anabolismo as\u00ed como la velocidad de retracci\u00f3n de las fibras \r\n      da\u00f1adas. Adem\u00e1s, estas consecuencias positivas est\u00e1n relacionadas con la \r\n      vasodilataci\u00f3n provocada por la liberaci\u00f3n de \u00f3xido n\u00edtrico. Como \r\n      resultado, la persona tendr\u00e1 un di\u00e1metro de vaso mayor. Adem\u00e1s, el \r\n      ox\u00edgeno, el agua y los nutrientes estar\u00e1n en grandes cantidades para \r\n      poder producir energ\u00eda y recuperarla despu\u00e9s. El anabolismo de su cuerpo \r\n      y la velocidad de reparaci\u00f3n aumentar\u00e1n despu\u00e9s.\r\n    <\/p>\r\n    <p>\r\n      Con respecto al aumento del \u00f3xido n\u00edtrico, es posible encontrar varios \r\n      ingredientes. La citrulina se considera la m\u00e1s eficaz. En caso de que el \r\n      deportista sienta falta de \u00e1nimo durante el entrenamiento, es \r\n      aconsejable consumir m\u00e1s \u00f3xido n\u00edtrico para que sus m\u00fasculos tengan m\u00e1s \r\n      energ\u00eda. Esto le permitir\u00e1 trabajar activamente.\r\n    <\/p>\r\n    <h2>\r\n      Aumentar los niveles de \u00f3xido n\u00edtrico, \u00bfc\u00f3mo hacerlo?\r\n    <\/h2>\r\n    &nbsp;\r\n\r\n    <p>\r\n      Hay una manera de aumentar naturalmente los niveles de \u00f3xido n\u00edtrico. \r\n      Sobre todo, la pr\u00e1ctica del deporte como el entrenamiento con pesas es \r\n      la primera t\u00e9cnica. Al realizar este tipo de movimiento f\u00edsico, las \r\n      contracciones musculares aumentan la concentraci\u00f3n de este \u00f3xido n\u00edtrico \r\n      en los m\u00fasculos. Habr\u00e1 hinchaz\u00f3n y vascularizaci\u00f3n de los m\u00fasculos, \r\n      tambi\u00e9n llamada congesti\u00f3n muscular.\r\n    <\/p>\r\n    <h2>\r\n      \u00bfQu\u00e9 alimentos producen \u00f3xido n\u00edtrico?\r\n    <\/h2>\r\n    &nbsp;\r\n\r\n    <p>\r\n      N\u00f3tese que el \u00f3xido n\u00edtrico no s\u00f3lo est\u00e1 disponible como suplemento \r\n      diet\u00e9tico, sino tambi\u00e9n en los alimentos. Varios tipos de alimentos \r\n      producen \u00f3xido n\u00edtrico, a saber :\r\n    <\/p>\r\n    <ul>\r\n      almendra, apio y granada pepino, r\u00facula y lechuga perifollo, ruibarbo y \r\n      ajo chocolate negro y sand\u00eda, especialmente la parte blanca de la piel005\r\n    <\/ul>\r\n    <h2 style=\"font-weight: 400\">\r\n      Arginina y citrulina, dos amino\u00e1cidos excelentes para aumentar los \r\n      niveles de \u00f3xido n\u00edtrico\r\n    <\/h2>\r\n    &nbsp;\r\n\r\n    <p>\r\n      Si el individuo desea aumentar radicalmente sus niveles de mon\u00f3xido de \r\n      nitr\u00f3geno, es totalmente posible optar por los amino\u00e1cidos.\r\n    <\/p>\r\n    &nbsp;\r\n\r\n    <h3>\r\n      La Arginina\r\n    <\/h3>\r\n    &nbsp;\r\n\r\n    <p>\r\n      Este tipo de amino\u00e1cido introduce directamente el \u00f3xido n\u00edtrico. Debido \r\n      a su capacidad para aumentar la cantidad de \u00f3xido n\u00edtrico, se utiliza a \r\n      menudo en el tratamiento de las enfermedades del coraz\u00f3n, el colesterol \r\n      y la presi\u00f3n arterial alta. Con su funci\u00f3n de mejorar la sensibilidad a \r\n      la insulina, tambi\u00e9n se utiliza en el tratamiento de la diabetes. Por \r\n      \u00faltimo, su capacidad para ayudar al cuerpo a alejarse del amon\u00edaco le \r\n      permite convertirse en un poderoso desintoxicante. Este mecanismo suele \r\n      producirse durante la dieta alta en prote\u00ednas. As\u00ed, la arginina es un \r\n      amino\u00e1cido de referencia para la multiplicaci\u00f3n del \u00f3xido n\u00edtrico.\r\n    <\/p>\r\n    &nbsp;\r\n\r\n    <h3>\r\n      La citrulina\r\n    <\/h3>\r\n    &nbsp;\r\n\r\n    <p>\r\n      Este tambi\u00e9n es un amino\u00e1cido que aumenta la cantidad de \u00f3xido n\u00edtrico \r\n      de manera m\u00e1s eficiente que el anterior. Adem\u00e1s, tambi\u00e9n puede \r\n      transformarse en arginina. Al contrario que la arginina, puede \r\n      consumirse en dosis elevadas y a largo plazo. Para reducir la tensi\u00f3n y \r\n      el riesgo de enfermedades card\u00edacas, el consumo de citrulina es la mejor \r\n      soluci\u00f3n. Seg\u00fan los consejos de los profesionales de la salud, el \r\n      consumo de citrulina antes de practicar deporte aumenta el rendimiento y \r\n      tambi\u00e9n reduce la fatiga.\r\n    <\/p>\r\n    &nbsp;&nbsp;&nbsp;\r\n\r\n    <p>\r\n      El \u00f3xido n\u00edtrico puede utilizarse para aumentar el rendimiento \r\n      deportivo, especialmente en el culturismo. Este tipo de deporte es \r\n      excelente para la congesti\u00f3n muscular y la propiedad anti\u00e1cida. Adem\u00e1s, \r\n      es el reductor del \u00e1cido l\u00e1ctico acumulado. Por lo tanto, reducir\u00e1 la \r\n      fatiga, mejorar\u00e1 el rendimiento y ayudar\u00e1 a la recuperaci\u00f3n muscular. En \r\n      definitiva, el \u00f3xido n\u00edtrico mejora la utilizaci\u00f3n de la glucosa durante \r\n      los esfuerzos f\u00edsicos.\r\n    <\/p>\t\t<\/div>\n\t\t\t\t<\/div>\n\t\t\t\t\t<\/div>\n\t\t<\/div>\n\t\t\t\t\t\t\t<\/div>\n\t\t<\/section>\n\t\t\t\t\t\t<\/div>\n\t\t\t\t\t<\/div>\n\t\t","protected":false},"excerpt":{"rendered":"<p>El \u00f3xido n\u00edtrico favorece la congesti\u00f3n muscular durante las sesiones de entrenamiento. Su uso tiene&hellip;<\/p>\n","protected":false},"author":71,"featured_media":33706,"parent":1513,"menu_order":0,"comment_status":"closed","ping_status":"closed","template":"template_ES.php","meta":[],"_links":{"self":[{"href":"https:\/\/www.ericfavre.com\/lifestyle\/es\/wp-json\/wp\/v2\/pages\/1681"}],"collection":[{"href":"https:\/\/www.ericfavre.com\/lifestyle\/es\/wp-json\/wp\/v2\/pages"}],"about":[{"href":"https:\/\/www.ericfavre.com\/lifestyle\/es\/wp-json\/wp\/v2\/types\/page"}],"author":[{"embeddable":true,"href":"https:\/\/www.ericfavre.com\/lifestyle\/es\/wp-json\/wp\/v2\/users\/71"}],"replies":[{"embeddable":true,"href":"https:\/\/www.ericfavre.com\/lifestyle\/es\/wp-json\/wp\/v2\/comments?post=1681"}],"version-history":[{"count":6,"href":"https:\/\/www.ericfavre.com\/lifestyle\/es\/wp-json\/wp\/v2\/pages\/1681\/revisions"}],"predecessor-version":[{"id":1723,"href":"https:\/\/www.ericfavre.com\/lifestyle\/es\/wp-json\/wp\/v2\/pages\/1681\/revisions\/1723"}],"up":[{"embeddable":true,"href":"https:\/\/www.ericfavre.com\/lifestyle\/es\/wp-json\/wp\/v2\/pages\/1513"}],"wp:featuredmedia":[{"embeddable":true,"href":"https:\/\/www.ericfavre.com\/lifestyle\/es\/wp-json\/wp\/v2\/media\/33706"}],"wp:attachment":[{"href":"https:\/\/www.ericfavre.com\/lifestyle\/es\/wp-json\/wp\/v2\/media?parent=1681"}],"curies":[{"name":"wp","href":"https:\/\/api.w.org\/{rel}","templated":true}]}}