{"id":17025,"date":"2021-06-21T19:18:54","date_gmt":"2021-06-21T17:18:54","guid":{"rendered":"https:\/\/www.ericfavre.com\/lifestyle\/es\/?page_id=17025"},"modified":"2021-09-21T08:56:08","modified_gmt":"2021-09-21T06:56:08","slug":"composicion-de-las-aguas","status":"publish","type":"page","link":"https:\/\/www.ericfavre.com\/lifestyle\/es\/bienvenida\/detox\/el-agua-y-la-detox\/composicion-de-las-aguas\/","title":{"rendered":"Composici\u00f3n De Las Aguas"},"content":{"rendered":"\t\t<div data-elementor-type=\"wp-page\" data-elementor-id=\"17025\" class=\"elementor elementor-17025\" data-elementor-settings=\"[]\">\n\t\t\t\t\t\t\t<div class=\"elementor-section-wrap\">\n\t\t\t\t\t\t\t<section class=\"penci-section penci-disSticky penci-structure-10 elementor-section elementor-top-section elementor-element elementor-element-5b9bdac elementor-section-boxed elementor-section-height-default elementor-section-height-default\" data-id=\"5b9bdac\" data-element_type=\"section\">\n\t\t\t\t\t\t<div class=\"elementor-container elementor-column-gap-default\">\n\t\t\t\t\t<div class=\"penci-ercol-100 penci-ercol-order-1 penci-sticky-ct  elementor-column elementor-col-100 elementor-top-column elementor-element elementor-element-f8ac9c8\" data-id=\"f8ac9c8\" data-element_type=\"column\">\n\t\t\t<div class=\"elementor-widget-wrap elementor-element-populated\">\n\t\t\t\t\t\t\t\t<div class=\"elementor-element elementor-element-f33b48a elementor-widget elementor-widget-html\" data-id=\"f33b48a\" data-element_type=\"widget\" data-widget_type=\"html.default\">\n\t\t\t\t<div class=\"elementor-widget-container\">\n\t\t\t<p>\r\n      La composici\u00f3n de las aguas minerales y su papel en una Detox\r\n    <\/p>\r\n    <p>\r\n      A continuaci\u00f3n encontrar\u00e1s los res\u00famenes de la composici\u00f3n de las aguas \r\n      minerales del mercado.\r\n    <\/p>\r\n    <p>\r\n      Las cifras se expresan en miligramos por litro.\r\n    <\/p>\r\n    <p>\r\n      Encontrar\u00e1 las respuestas a la pregunta de cu\u00e1l es el mejor agua para tu \r\n      Detox!\r\n    <\/p>\r\n    <h2>\r\n      CALCIO\r\n    <\/h2>\r\n    <h3>\r\n      Contenido de calcio\r\n    <\/h3>\r\n    <table>\r\n      <tr>\r\n        <td>\r\n          Vittel H\u00e9par\r\n        <\/td>\r\n        <td>\r\n          555\r\n        <\/td>\r\n      <\/tr>\r\n      <tr>\r\n        <td>\r\n          Contrex\u00e9ville\r\n        <\/td>\r\n        <td>\r\n          451\r\n        <\/td>\r\n      <\/tr>\r\n      <tr>\r\n        <td>\r\n          Badoit\r\n        <\/td>\r\n        <td>\r\n          272\r\n        <\/td>\r\n      <\/tr>\r\n      <tr>\r\n        <td>\r\n          Fuente grande de Vittel\r\n        <\/td>\r\n        <td>\r\n          202\r\n        <\/td>\r\n      <\/tr>\r\n      <tr>\r\n        <td>\r\n          Perrier\r\n        <\/td>\r\n        <td>\r\n          140\r\n        <\/td>\r\n      <\/tr>\r\n      <tr>\r\n        <td>\r\n          Vichy C\u00e9lestins\r\n        <\/td>\r\n        <td>\r\n          90\r\n        <\/td>\r\n      <\/tr>\r\n      <tr>\r\n        <td>\r\n          Evian Cachat\r\n        <\/td>\r\n        <td>\r\n          78\r\n        <\/td>\r\n      <\/tr>\r\n      <tr>\r\n        <td>\r\n          Vichy Saint-Yorre\r\n        <\/td>\r\n        <td>\r\n          78\r\n        <\/td>\r\n      <\/tr>\r\n      <tr>\r\n        <td>\r\n          Volvic\r\n        <\/td>\r\n        <td>\r\n          10\r\n        <\/td>\r\n      <\/tr>\r\n      <tr>\r\n        <td>\r\n          Monte Roucous\r\n        <\/td>\r\n        <td>\r\n          1.20\r\n        <\/td>\r\n      <\/tr>\r\n    <\/table>\r\n    <p>\r\n      <br>\r\n      <br>\r\n      \r\n    <\/p>\r\n    <h2>\r\n      02\r\n    <\/h2>\r\n    <h2>\r\n      MAGNESIO\r\n    <\/h2>\r\n    <h3>\r\n      Contenido de magnesio\r\n    <\/h3>\r\n    <p>\r\n      Vittel H\u00e9par<br>Badoit<br>Contrex\u00e9ville<br>Fuente grande de Vittel<br>Evian \r\n      Cachat<br>555<br>102<br>66<br>36<br>24<br>Vichy C\u00e9lestins<br>Vichy Saint-Yorre<br>Volvic<br>Perrier<br>Monte \r\n      Roucous<br>9<br>9<br>6<br>3<br>0.20.\r\n    <\/p>\r\n    <h2>\r\n      03\r\n    <\/h2>\r\n    <h2>\r\n      POTASIO\r\n    <\/h2>\r\n    <h3>\r\n      Contenido de potasio\r\n    <\/h3>\r\n    <p>\r\n      Vichy Saint-Yorre<br>Vichy C\u00e9lestins<br>Fuente grande de Vittel<br>Volvic<br>Vittel \r\n      H\u00e9par<br>115<br>71<br>6<br>5<br>4<br>Contrex\u00e9ville<br>Perrier<br>Evian Cachat<br>Badoit<br>Monte \r\n      Roucous<br>3<br>1<br>1<br>1<br>0,4\r\n    <\/p>\r\n    <h2>\r\n      04\r\n    <\/h2>\r\n    <h2>\r\n      M\u00c1S INFORMACI\u00d3N\r\n    <\/h2>\r\n    <h2>\r\n      Contenido de sodio\r\n    <\/h2>\r\n    <p>\r\n      Vichy Saint-Yorre<br>Vichy C\u00e9lestins<br>Badoit<br>Vittel H\u00e9par<br>Perrier<br>11.744<br>14<br>66<br>36<br>24<br>Contrex\u00e9ville<br>Volvic<br>Evian \r\n      Cachat<br>Fuente grande de Vittel<br>Monte Roucous<br>8<br>8<br>5<br>3<br>2,8\r\n    <\/p>\r\n    <h2>\r\n      03\r\n    <\/h2>\r\n    <h2>\r\n      M\u00c1S INFORMACI\u00d3N\r\n    <\/h2>\r\n    <h2>\r\n      Contenido de sulfato\r\n    <\/h2>\r\n    <p>\r\n      Vittel H\u00e9par<br>Contrex\u00e9ville<br>Fuente grande de Vittel<br>Vichy Saint-Yorre<br>Vichy \r\n      C\u00e9lestins<br>1480<br>1058<br>306<br>182<br>129<br>Perrier<br>Evian Cachat<br>Volvic<br>Badoit<br>Monte \r\n      Roucous<br>51<br>10<br>7<br>6<br>3.30\r\n    <\/p>\r\n    <h2>\r\n      03\r\n    <\/h2>\r\n    <h2>\r\n      M\u00c1S INFORMACI\u00d3N\r\n    <\/h2>\r\n    <h2>\r\n      Contenido de bicarbonato\r\n    <\/h2>\r\n    <p>\r\n      Vichy Saint-Yorre<br>Vichy C\u00e9lestins<br>Badoit<br>Vittel H\u00e9par<br>Fuente grande \r\n      de Vittel<br>4263<br>3245<br>17<br>403<br>402<br>Contrex\u00e9ville<br>Volvic<br>Evian Cachat<br>Fuente \r\n      grande de Vittel<br>Monte Roucous<br>386<br>357<br>347<br>64<br>4,9\r\n    <\/p>\r\n    <h2>\r\n      04\r\n    <\/h2>\r\n    <h2>\r\n      OTROS PUNTOS\r\n    <\/h2>\r\n    <h2>\r\n      \u00bfCu\u00e1l es la mejor agua de manantial para su Detox?\r\n    <\/h2>\r\n    <p>\r\n      El agua de manantial Cristalline no aparece en estas tablas por una \r\n      buena raz\u00f3n: esta marca difunde agua de 32 manantiales diferentes, \r\n      situados en todas las regiones francesas, y cada uno de ellos tiene su \r\n      propia composici\u00f3n mineral.\r\n    <\/p>\r\n    <p>\r\n      Para informaci\u00f3n, no tenemos por supuesto ning\u00fan v\u00ednculo profesional con \r\n      Mont Roucous, s\u00f3lo hemos enumerado la composici\u00f3n del agua mineral, lo \r\n      que nos lleva a decir con objetividad que cualquier programa \r\n      00010DETOX00011 debe dar preferencia a esta agua poco mineralizada.\r\n    <\/p>\r\n    <h2>\r\n      0\r\n    <\/h2>\t\t<\/div>\n\t\t\t\t<\/div>\n\t\t\t\t\t<\/div>\n\t\t<\/div>\n\t\t\t\t\t\t\t<\/div>\n\t\t<\/section>\n\t\t\t\t\t\t<\/div>\n\t\t\t\t\t<\/div>\n\t\t","protected":false},"excerpt":{"rendered":"<p>La composici\u00f3n de las aguas minerales y su papel en una Detox A continuaci\u00f3n encontrar\u00e1s&hellip;<\/p>\n","protected":false},"author":71,"featured_media":33433,"parent":16976,"menu_order":0,"comment_status":"closed","ping_status":"closed","template":"template_ES.php","meta":[],"_links":{"self":[{"href":"https:\/\/www.ericfavre.com\/lifestyle\/es\/wp-json\/wp\/v2\/pages\/17025"}],"collection":[{"href":"https:\/\/www.ericfavre.com\/lifestyle\/es\/wp-json\/wp\/v2\/pages"}],"about":[{"href":"https:\/\/www.ericfavre.com\/lifestyle\/es\/wp-json\/wp\/v2\/types\/page"}],"author":[{"embeddable":true,"href":"https:\/\/www.ericfavre.com\/lifestyle\/es\/wp-json\/wp\/v2\/users\/71"}],"replies":[{"embeddable":true,"href":"https:\/\/www.ericfavre.com\/lifestyle\/es\/wp-json\/wp\/v2\/comments?post=17025"}],"version-history":[{"count":6,"href":"https:\/\/www.ericfavre.com\/lifestyle\/es\/wp-json\/wp\/v2\/pages\/17025\/revisions"}],"predecessor-version":[{"id":17067,"href":"https:\/\/www.ericfavre.com\/lifestyle\/es\/wp-json\/wp\/v2\/pages\/17025\/revisions\/17067"}],"up":[{"embeddable":true,"href":"https:\/\/www.ericfavre.com\/lifestyle\/es\/wp-json\/wp\/v2\/pages\/16976"}],"wp:featuredmedia":[{"embeddable":true,"href":"https:\/\/www.ericfavre.com\/lifestyle\/es\/wp-json\/wp\/v2\/media\/33433"}],"wp:attachment":[{"href":"https:\/\/www.ericfavre.com\/lifestyle\/es\/wp-json\/wp\/v2\/media?parent=17025"}],"curies":[{"name":"wp","href":"https:\/\/api.w.org\/{rel}","templated":true}]}}