{"id":17074,"date":"2021-06-21T19:20:05","date_gmt":"2021-06-21T17:20:05","guid":{"rendered":"https:\/\/www.ericfavre.com\/lifestyle\/es\/?page_id=17074"},"modified":"2021-09-21T08:57:10","modified_gmt":"2021-09-21T06:57:10","slug":"contenido-de-agua-de-diferentes-alimentos","status":"publish","type":"page","link":"https:\/\/www.ericfavre.com\/lifestyle\/es\/bienvenida\/detox\/el-agua-y-la-detox\/contenido-de-agua-de-diferentes-alimentos\/","title":{"rendered":"Contenido De Agua De Diferentes Alimentos"},"content":{"rendered":"\t\t<div data-elementor-type=\"wp-page\" data-elementor-id=\"17074\" class=\"elementor elementor-17074\" data-elementor-settings=\"[]\">\n\t\t\t\t\t\t\t<div class=\"elementor-section-wrap\">\n\t\t\t\t\t\t\t<section class=\"penci-section penci-disSticky penci-structure-10 elementor-section elementor-top-section elementor-element elementor-element-4c6e35e elementor-section-boxed elementor-section-height-default elementor-section-height-default\" data-id=\"4c6e35e\" data-element_type=\"section\">\n\t\t\t\t\t\t<div class=\"elementor-container elementor-column-gap-default\">\n\t\t\t\t\t<div class=\"penci-ercol-100 penci-ercol-order-1 penci-sticky-ct  elementor-column elementor-col-100 elementor-top-column elementor-element elementor-element-d61c2fd\" data-id=\"d61c2fd\" data-element_type=\"column\">\n\t\t\t<div class=\"elementor-widget-wrap elementor-element-populated\">\n\t\t\t\t\t\t\t\t<div class=\"elementor-element elementor-element-087cc72 elementor-widget elementor-widget-html\" data-id=\"087cc72\" data-element_type=\"widget\" data-widget_type=\"html.default\">\n\t\t\t\t<div class=\"elementor-widget-container\">\n\t\t\t<h2>\r\n      Contenido de agua de diferentes alimentos\r\n    <\/h2>\r\n    <br>\r\n    \r\n\r\n    <p>\r\n      &nbsp;\r\n    <\/p>\r\n    <p>\r\n      <b>Contenido de humedad de los alimentos<\/b>\r\n    <\/p>\r\n    <p>\r\n      &nbsp;\r\n    <\/p>\r\n    <p>\r\n      Las siguientes tablas se establecen como un porcentaje de<br>peso del \r\n      alimento en cuesti\u00f3n.\r\n    <\/p>\r\n    <p>\r\n      &nbsp;\r\n    <\/p>\r\n    <p>\r\n      Ejemplo: grosella negra = 75% significa que hay un 75% de agua en la \r\n      grosella negra.\r\n    <\/p>\r\n    <p>\r\n      &nbsp;\r\n    <\/p>\r\n    <p>\r\n      Contenido de humedad de la fruta\r\n    <\/p>\r\n    <p>\r\n      &nbsp;\r\n    <\/p>\r\n    <p>\r\n      Albaricoque 86%&nbsp;&nbsp;&nbsp;&nbsp;&nbsp;&nbsp;&nbsp;&nbsp;&nbsp;&nbsp;&nbsp;&nbsp;&nbsp;&nbsp;&nbsp;&nbsp;&nbsp;&nbsp;&nbsp;&nbsp;&nbsp;&nbsp;&nbsp;&nbsp;&nbsp;&nbsp;Mora 83 %\r\n    <\/p>\r\n    <p>\r\n      Albaricoque seco 24%&nbsp;&nbsp;&nbsp;&nbsp;&nbsp;&nbsp;&nbsp;&nbsp;&nbsp;&nbsp;&nbsp;&nbsp;&nbsp;&nbsp;&nbsp;&nbsp;&nbsp;&nbsp;N\u00edspero 74%\r\n    <\/p>\r\n    <p>\r\n      Ar\u00e1ndano 85%&nbsp;&nbsp;&nbsp;&nbsp;&nbsp;&nbsp;&nbsp;&nbsp;&nbsp;&nbsp;&nbsp;&nbsp;&nbsp;&nbsp;&nbsp;&nbsp;&nbsp;&nbsp;&nbsp;&nbsp;&nbsp;&nbsp;&nbsp;&nbsp;&nbsp;&nbsp;&nbsp;&nbsp;&nbsp;Avellana 5%\r\n    <\/p>\r\n    <p>\r\n      Almendra 5 %&nbsp;&nbsp;&nbsp;&nbsp;&nbsp;&nbsp;&nbsp;&nbsp;&nbsp;&nbsp;&nbsp;&nbsp;&nbsp;&nbsp;&nbsp;&nbsp;&nbsp;&nbsp;&nbsp;&nbsp;&nbsp;&nbsp;&nbsp;&nbsp;&nbsp;&nbsp;&nbsp;&nbsp;&nbsp;&nbsp;&nbsp;&nbsp;Nueces 3%\r\n    <\/p>\r\n    <p>\r\n      Pi\u00f1a 86%&nbsp;&nbsp;&nbsp;&nbsp;&nbsp;&nbsp;&nbsp;&nbsp;&nbsp;&nbsp;&nbsp;&nbsp;&nbsp;&nbsp;&nbsp;&nbsp;&nbsp;&nbsp;&nbsp;&nbsp;&nbsp;&nbsp;&nbsp;&nbsp;&nbsp;&nbsp;&nbsp;&nbsp;&nbsp;&nbsp;&nbsp;&nbsp;&nbsp;&nbsp;&nbsp;Anacardos 4%\r\n    <\/p>\r\n    <p>\r\n      Cacahuete 8%&nbsp;&nbsp;&nbsp;&nbsp;&nbsp;&nbsp;&nbsp;&nbsp;&nbsp;&nbsp;&nbsp;&nbsp;&nbsp;&nbsp;&nbsp;&nbsp;&nbsp;&nbsp;&nbsp;&nbsp;&nbsp;&nbsp;&nbsp;&nbsp;&nbsp;&nbsp;&nbsp;&nbsp;Coco 47%\r\n    <\/p>\r\n    <p>\r\n      Aguacate 68%&nbsp;&nbsp;&nbsp;&nbsp;&nbsp;&nbsp;&nbsp;&nbsp;&nbsp;&nbsp;&nbsp;&nbsp;&nbsp;&nbsp;&nbsp;&nbsp;&nbsp;&nbsp;&nbsp;&nbsp;&nbsp;&nbsp;&nbsp;&nbsp;&nbsp;&nbsp;Nueces de Brasil 5%\r\n    <\/p>\r\n    <p>\r\n      Pl\u00e1tano 75%&nbsp;&nbsp;&nbsp;&nbsp;&nbsp;&nbsp;&nbsp;&nbsp;&nbsp;&nbsp;&nbsp;&nbsp;&nbsp;&nbsp;&nbsp;&nbsp;&nbsp;&nbsp;&nbsp;&nbsp;&nbsp;&nbsp;&nbsp;&nbsp;&nbsp;&nbsp;&nbsp;&nbsp;&nbsp;Oliva negra 73%\r\n    <\/p>\r\n    <p>\r\n      Pl\u00e1tano seco 20 %&nbsp;&nbsp;&nbsp;&nbsp;&nbsp;&nbsp;&nbsp;&nbsp;&nbsp;&nbsp;&nbsp;&nbsp;&nbsp;&nbsp;&nbsp;&nbsp;&nbsp;&nbsp;&nbsp;&nbsp;&nbsp;Oliva verde 70%\r\n    <\/p>\r\n    <p>\r\n      Brugnon 83%&nbsp;&nbsp;&nbsp;&nbsp;&nbsp;&nbsp;&nbsp;&nbsp;&nbsp;&nbsp;&nbsp;&nbsp;&nbsp;&nbsp;&nbsp;&nbsp;&nbsp;&nbsp;&nbsp;&nbsp;&nbsp;&nbsp;&nbsp;&nbsp;&nbsp;&nbsp;&nbsp;&nbsp;&nbsp;&nbsp;&nbsp;&nbsp;&nbsp;Naranja 87%\r\n    <\/p>\r\n    <p>\r\n      Grosella negra&nbsp;&nbsp;&nbsp;&nbsp;&nbsp;&nbsp;&nbsp;&nbsp;&nbsp;&nbsp;&nbsp;&nbsp;&nbsp;&nbsp;&nbsp;&nbsp;&nbsp;&nbsp;&nbsp;&nbsp;&nbsp;&nbsp;&nbsp;&nbsp;&nbsp;&nbsp;75% Pomelo 89\r\n    <\/p>\r\n    <p>\r\n      Cereza 82 %&nbsp;&nbsp;&nbsp;&nbsp;&nbsp;&nbsp;&nbsp;&nbsp;&nbsp;&nbsp;&nbsp;&nbsp;&nbsp;&nbsp;&nbsp;&nbsp;&nbsp;&nbsp;&nbsp;&nbsp;&nbsp;&nbsp;&nbsp;&nbsp;&nbsp;&nbsp;&nbsp;&nbsp;&nbsp;&nbsp;&nbsp;&nbsp;&nbsp;&nbsp;Papaya 85 %\r\n    <\/p>\r\n    <p>\r\n      Casta\u00f1a 9 %&nbsp;&nbsp;&nbsp;&nbsp;&nbsp;&nbsp;&nbsp;&nbsp;&nbsp;&nbsp;&nbsp;&nbsp;&nbsp;&nbsp;&nbsp;&nbsp;&nbsp;&nbsp;&nbsp;&nbsp;&nbsp;&nbsp;&nbsp;&nbsp;&nbsp;&nbsp;&nbsp;&nbsp;&nbsp;&nbsp;&nbsp;&nbsp;&nbsp;&nbsp;Sand\u00eda 92 %\r\n    <\/p>\r\n    <p>\r\n      Lim\u00f3n 89%&nbsp;&nbsp;&nbsp;&nbsp;&nbsp;&nbsp;&nbsp;&nbsp;&nbsp;&nbsp;&nbsp;&nbsp;&nbsp;&nbsp;&nbsp;&nbsp;&nbsp;&nbsp;&nbsp;&nbsp;&nbsp;&nbsp;&nbsp;&nbsp;&nbsp;&nbsp;&nbsp;&nbsp;&nbsp;&nbsp;&nbsp;&nbsp;&nbsp;&nbsp;Melocot\u00f3n 86 %\r\n    <\/p>\r\n    <p>\r\n      Membrillo 83%&nbsp;&nbsp;&nbsp;&nbsp;&nbsp;&nbsp;&nbsp;&nbsp;&nbsp;&nbsp;&nbsp;&nbsp;&nbsp;&nbsp;&nbsp;&nbsp;&nbsp;&nbsp;&nbsp;&nbsp;&nbsp;&nbsp;&nbsp;&nbsp;&nbsp;&nbsp;&nbsp;&nbsp;&nbsp;&nbsp;&nbsp;&nbsp;&nbsp;&nbsp;Pi\u00f1\u00f3n 5%\r\n    <\/p>\r\n    <p>\r\n      D\u00e1til 20%&nbsp;&nbsp;&nbsp;&nbsp;&nbsp;&nbsp;&nbsp;&nbsp;&nbsp;&nbsp;&nbsp;&nbsp;&nbsp;&nbsp;&nbsp;&nbsp;&nbsp;&nbsp;&nbsp;&nbsp;&nbsp;&nbsp;&nbsp;&nbsp;&nbsp;&nbsp;&nbsp;&nbsp;&nbsp;&nbsp;&nbsp;&nbsp;&nbsp;&nbsp;Pistacho 5%\r\n    <\/p>\r\n    <p>\r\n      Higo 90 %&nbsp;&nbsp;&nbsp;&nbsp;&nbsp;&nbsp;&nbsp;&nbsp;&nbsp;&nbsp;&nbsp;&nbsp;&nbsp;&nbsp;&nbsp;&nbsp;&nbsp;&nbsp;&nbsp;&nbsp;&nbsp;&nbsp;&nbsp;&nbsp;&nbsp;&nbsp;&nbsp;&nbsp;&nbsp;&nbsp;&nbsp;&nbsp;&nbsp;&nbsp;&nbsp;&nbsp;&nbsp;&nbsp;&nbsp;&nbsp;&nbsp;&nbsp;&nbsp;&nbsp;Pera 83 %\r\n    <\/p>\r\n    <p>\r\n      Higo seco 24 %&nbsp;&nbsp;&nbsp;&nbsp;&nbsp;&nbsp;&nbsp;&nbsp;&nbsp;&nbsp;&nbsp;&nbsp;&nbsp;&nbsp;&nbsp;&nbsp;&nbsp;&nbsp;&nbsp;&nbsp;&nbsp;&nbsp;&nbsp;&nbsp;&nbsp;&nbsp;&nbsp;&nbsp;&nbsp;&nbsp;&nbsp;&nbsp;&nbsp;&nbsp;Pera seca 24 %\r\n    <\/p>\r\n    <p>\r\n      Fresa 90%&nbsp;&nbsp;&nbsp;&nbsp;&nbsp;&nbsp;&nbsp;&nbsp;&nbsp;&nbsp;&nbsp;&nbsp;&nbsp;&nbsp;&nbsp;&nbsp;&nbsp;&nbsp;&nbsp;&nbsp;&nbsp;&nbsp;&nbsp;&nbsp;&nbsp;&nbsp;&nbsp;&nbsp;&nbsp;&nbsp;&nbsp;&nbsp;&nbsp;&nbsp;Manzana 84%\r\n    <\/p>\r\n    <p>\r\n      Frambuesa 8 %&nbsp;&nbsp;&nbsp;&nbsp;&nbsp;&nbsp;&nbsp;&nbsp;&nbsp;&nbsp;&nbsp;&nbsp;Manzana seca 22%\r\n    <\/p>\r\n    <p>\r\n      Guayaba 8%&nbsp;&nbsp;&nbsp;&nbsp;&nbsp;&nbsp;&nbsp;&nbsp;&nbsp;&nbsp;&nbsp;&nbsp;&nbsp;&nbsp;&nbsp;&nbsp;&nbsp;&nbsp;&nbsp;&nbsp;&nbsp;&nbsp;&nbsp;Ciruela85 %\r\n    <\/p>\r\n    <p>\r\n      Grosella 8%&nbsp;&nbsp;&nbsp;&nbsp;&nbsp;&nbsp;&nbsp;&nbsp;&nbsp;&nbsp;&nbsp;&nbsp;&nbsp;&nbsp;&nbsp;&nbsp;&nbsp;&nbsp;&nbsp;&nbsp;&nbsp;&nbsp;&nbsp;Ciruela pasa 24%\r\n    <\/p>\r\n    <p>\r\n      Caqui 8%&nbsp;&nbsp;&nbsp;&nbsp;&nbsp;&nbsp;&nbsp;&nbsp;&nbsp;&nbsp;&nbsp;&nbsp;&nbsp;&nbsp;&nbsp;&nbsp;&nbsp;&nbsp;&nbsp;&nbsp;&nbsp;&nbsp;&nbsp;&nbsp;&nbsp;&nbsp;&nbsp;&nbsp;&nbsp;&nbsp;&nbsp;&nbsp;&nbsp;&nbsp;Uva 81 %\r\n    <\/p>\r\n    <p>\r\n      Litchi 8%&nbsp;&nbsp;&nbsp;&nbsp;&nbsp;&nbsp;&nbsp;&nbsp;&nbsp;&nbsp;&nbsp;&nbsp;&nbsp;&nbsp;&nbsp;&nbsp;&nbsp;&nbsp;&nbsp;&nbsp;&nbsp;&nbsp;&nbsp;&nbsp;&nbsp;&nbsp;&nbsp;&nbsp;&nbsp;&nbsp;&nbsp;&nbsp;&nbsp;&nbsp;pasas 24 %\r\n    <\/p>\r\n    <p>\r\n      Mandarina 8%&nbsp;&nbsp;&nbsp;&nbsp;&nbsp;&nbsp;&nbsp;&nbsp;&nbsp;&nbsp;&nbsp;&nbsp;&nbsp;&nbsp;&nbsp;&nbsp;&nbsp;&nbsp;&nbsp;&nbsp;&nbsp;&nbsp;&nbsp;Ruibarbo 95\r\n    <\/p>\r\n    <p>\r\n      \r\n    <\/p>\r\n    <p>\r\n      \r\n    <\/p>\r\n    <p>\r\n      <b>Contenido de humedad de las verduras<\/b>\r\n    <\/p>\r\n    <p>\r\n      &nbsp;\r\n    <\/p>\r\n    <p>\r\n      Ajo 63%\r\n    <\/p>\r\n    <p>\r\n      Jud\u00eda blanca seca 17 %\r\n    <\/p>\r\n    <p>\r\n      Alcachofa 88%\r\n    <\/p>\r\n    <p>\r\n      Jud\u00eda verde 89 %\r\n    <\/p>\r\n    <p>\r\n      Esp\u00e1rragos 93%<br>Lechuga 94%\r\n    <\/p>\r\n    <p>\r\n      Berenjena 92%<br>Lente 12%\r\n    <\/p>\r\n    <p>\r\n      Bette 91%\r\n    <\/p>\r\n    <p>\r\n      Can\u00f3nigos&nbsp;94 %\r\n    <\/p>\r\n    <p>\r\n      Remolacha 87%\r\n    <\/p>\r\n    <p>\r\n      Granos de ma\u00edz 74%\r\n    <\/p>\r\n    <p>\r\n      Br\u00f3coli 90%\r\n    <\/p>\r\n    <p>\r\n      Mel\u00f3n&nbsp;&nbsp;92 %\r\n    <\/p>\r\n    <p>\r\n      Zanahoria 89%\r\n    <\/p>\r\n    <p>\r\n      Nabo 90 %\r\n    <\/p>\r\n    <p>\r\n      Tallos de apio 93%\r\n    <\/p>\r\n    <p>\r\n      Cebolla 87 %\r\n    <\/p>\r\n    <p>\r\n      Ra\u00edz de apio 80%\r\n    <\/p>\r\n    <p>\r\n      Acedera 90 %\r\n    <\/p>\r\n    <p>\r\n      Perifollo 80%\r\n    <\/p>\r\n    <p>\r\n      Perejil 84 %\r\n    <\/p>\r\n    <p>\r\n      Champi\u00f1\u00f3n 91%\r\n    <\/p>\r\n    <p>\r\n      Guisante 75%\r\n    <\/p>\r\n    <p>\r\n      Escarola rizada 95%\r\n    <\/p>\r\n    <p>\r\n      Pimiento rojo 72%\r\n    <\/p>\r\n    <p>\r\n      Col blanca o verde 93%\r\n    <\/p>\r\n    <p>\r\n      Guindilla verde 80%\r\n    <\/p>\r\n    <p>\r\n      Coles de Bruselas 85%\r\n    <\/p>\r\n    <p>\r\n      Diente de Le\u00f3n 85 %\r\n    <\/p>\r\n    <p>\r\n      Chucrut 93%\r\n    <\/p>\r\n    <p>\r\n      Puerro 88 %\r\n    <\/p>\r\n    <p>\r\n      Cebollino 90%\r\n    <\/p>\r\n    <p>\r\n      Guisantes rotos 11 %\r\n    <\/p>\r\n    <p>\r\n      Calabaza 90%\r\n    <\/p>\r\n    <p>\r\n      Garbanzos 11 %\r\n    <\/p>\r\n    <p>\r\n      Pepino 96%\r\n    <\/p>\r\n    <p>\r\n      Pimienta&nbsp;92 %\r\n    <\/p>\r\n    <p>\r\n      Patata en escabeche 96%\r\n    <\/p>\r\n    <p>\r\n      Calabaza 92%\r\n    <\/p>\r\n    <p>\r\n      R\u00e1bano93 %\r\n    <\/p>\r\n    <p>\r\n      Berro 93%\r\n    <\/p>\r\n    <p>\r\n      R\u00e1bano picante 76 %\r\n    <\/p>\r\n    <p>\r\n      Chalota 80%\r\n    <\/p>\r\n    <p>\r\n      Salsify 80 %\r\n    <\/p>\r\n    <p>\r\n      Escarola 93%<br>Espinacas 92%\r\n    <\/p>\r\n    <p>\r\n      Semillas de soja 8 %\r\n    <\/p>\r\n    <p>\r\n      Hinojo 90%\r\n    <\/p>\r\n    <p>\r\n      Tomate&nbsp;94 %\r\n    <\/p>\r\n    <p>\r\n      &nbsp;\r\n    <\/p>\r\n    <p>\r\n      <b>Contenido de humedad de la carne y las aves de corral<\/b>\r\n    <\/p>\r\n    <p>\r\n      &nbsp;\r\n    <\/p>\r\n    <p>\r\n      Carne de cordero 58%\r\n    <\/p>\r\n    <p>\r\n      Pato 55%\r\n    <\/p>\r\n    <p>\r\n      Carne de vacuno 61%<br>Pavo 58 %\r\n    <\/p>\r\n    <p>\r\n      Carne de oveja 62%\r\n    <\/p>\r\n    <p>\r\n      Caza 72 %\r\n    <\/p>\r\n    <p>\r\n      Cerdo 56%\r\n    <\/p>\r\n    <p>\r\n      Conejo 70 %\r\n    <\/p>\r\n    <p>\r\n      Ternera 69%\r\n    <\/p>\r\n    <p>\r\n      Oca&nbsp;50 %\r\n    <\/p>\r\n    <p>\r\n      H\u00edgado de ternera 70%<br>Pollo 70\r\n    <\/p>\r\n    <p>\r\n      \r\n    <\/p>\r\n    <p>\r\n      <b>Contenido de agua del pescado<\/b>\r\n    <\/p>\r\n    <p>\r\n      Anchoas 65%\r\n    <\/p>\r\n    <p>\r\n      Caballa 68 %\r\n    <\/p>\r\n    <p>\r\n      Lucio 80%<br>Pescadilla 82 %\r\n    <\/p>\r\n    <p>\r\n      Bacalao 82%<br>Pat\u00edn 78 %\r\n    <\/p>\r\n    <p>\r\n      Colin 80%<br>Sardina&nbsp;69 %\r\n    <\/p>\r\n    <p>\r\n      Besugo 81%\r\n    <\/p>\r\n    <p>\r\n      Salm\u00f3n 65 %\r\n    <\/p>\r\n    <p>\r\n      Eglefino 81%\r\n    <\/p>\r\n    <p>\r\n      Lenguado&nbsp;82 %\r\n    <\/p>\r\n    <p>\r\n      Roach 73%\r\n    <\/p>\r\n    <p>\r\n      Tuna 59 %\r\n    <\/p>\r\n    <p>\r\n      Gurnard 78%\r\n    <\/p>\r\n    <p>\r\n      Trucha 77 %\r\n    <\/p>\r\n    <p>\r\n      Arenque 62\r\n    <\/p>\r\n    <p>\r\n      Rodaballo&nbsp;78 %\r\n    <\/p>\r\n    <p>\r\n      &nbsp;\r\n    <\/p>\r\n    <p>\r\n      <b>Contenido de humedad del marisco<\/b>\r\n    <\/p>\r\n    <p>\r\n      &nbsp;\r\n    <\/p>\r\n    <p>\r\n      B\u00edgaro 73%<br>Cangrejo de r\u00edo&nbsp;81 %\r\n    <\/p>\r\n    <p>\r\n      Casco 90%\r\n    <\/p>\r\n    <p>\r\n      Langosta 79 %\r\n    <\/p>\r\n    <p>\r\n      Vieira 80%\r\n    <\/p>\r\n    <p>\r\n      Ostra 83 %\r\n    <\/p>\r\n    <p>\r\n      Cangrejo 77%<br>Mejill\u00f3n 83 %\r\n    <\/p>\r\n    <p>\r\n      Camar\u00f3n 78%<br>Almeja&nbsp;70 %\r\n    <\/p>\r\n    <p>\r\n      &nbsp;\r\n    <\/p>\r\n    <p>\r\n      <b>Contenido de humedad de los embutidos<\/b><br>Tocino 20%.\r\n    <\/p>\r\n    <p>\r\n      Galantine 50%<br>P\u00e2t\u00e9 de H\u00edgado 37%\r\n    <\/p>\r\n    <p>\r\n      Jam\u00f3n crudo 42%<br>\r\n    <\/p>\r\n    <p>\r\n      Jam\u00f3n cocido 55%\r\n    <\/p>\r\n    <p>\r\n      \r\n    <\/p>\r\n    <p>\r\n      &nbsp;\r\n    <\/p>\r\n    <p>\r\n      Contenido de humedad de los productos l\u00e1cteos\r\n    <\/p>\r\n    <p>\r\n      \r\n    <\/p>\r\n    <p>\r\n      Nata 61%<br>Leche entero 87%&nbsp;\r\n    <\/p>\r\n    <p>\r\n      Reques\u00f3n 80%<br>Petit-suisse 70 %\r\n    <\/p>\r\n    <p>\r\n      Leche de cabra 86%<br>Yogur&nbsp;86 %\r\n    <\/p>\r\n    <p>\r\n      Leche desnatada 90%&nbsp;&nbsp;&nbsp;&nbsp;&nbsp;&nbsp;&nbsp;&nbsp;&nbsp;&nbsp;\r\n    <\/p>\r\n    <p>\r\n      &nbsp;\r\n    <\/p>\r\n    <p>\r\n      <b>Contenido de humedad de los quesos<\/b>\r\n    <\/p>\r\n    <p>\r\n      Bleu de Bresse 40 %<br>Emmental 34%\r\n    <\/p>\r\n    <p>\r\n      Brie 57%<br>Queso Gruy\u00e8re 34%\r\n    <\/p>\r\n    <p>\r\n      Camembert 53%<br>Holanda 39 %\r\n    <\/p>\r\n    <p>\r\n      Cantal 37%<br>Livarot 46%.\r\n    <\/p>\r\n    <p>\r\n      Cabra 50%<br>Munster 46%.\r\n    <\/p>\r\n    <p>\r\n      Coulommiers 55%<br>Pont-l'\u00e9v\u00eaque 49%<br>Coulommiers 55\r\n    <\/p>\r\n    <p>\r\n      Cr\u00e8me de gruy\u00e8re 48%<br>Roquefort 40%.\r\n    <\/p>\r\n    <p>\r\n      &nbsp;\r\n    <\/p>\r\n    <p>\r\n      <b>Contenido de humedad de los cereales<\/b>\r\n    <\/p>\r\n    <p>\r\n      &nbsp;\r\n    <\/p>\r\n    <p>\r\n      Pan Rusk 8,5%<br>blanco 34%\r\n    <\/p>\r\n    <p>\r\n      Cereales 13%<br>Pan integral 37%\r\n    <\/p>\r\n    <p>\r\n      Harina de cereales 11,5%\r\n    <\/p>\r\n    <p>\r\n      Pan con especias 19%\r\n    <\/p>\r\n    <p>\r\n      Copos de cereales 11%\r\n    <\/p>\r\n    <p>\r\n      Pasta 9 %\r\n    <\/p>\r\n    <p>\r\n      Harina de ma\u00edz 12%<br>S\u00e9mola de trigo 13 %\r\n    <\/p>\r\n    <p>\r\n      &nbsp;\r\n    <\/p>\r\n    <p>\r\n      Contenido de agua de los dulces\r\n    <\/p>\r\n    <p>\r\n      &nbsp;\r\n    <\/p>\r\n    <p>\r\n      Chocolate negro 1%<br>Miel 20%.\r\n    <\/p>\r\n    <p>\r\n      Chocolate con leche 1%<br>Pastas de frutas 9 %&nbsp;&nbsp;&nbsp;&nbsp;&nbsp;&nbsp;&nbsp;&nbsp;&nbsp;&nbsp;&nbsp;&nbsp;\r\n    <\/p>\r\n    <p>\r\n      Mermelada 30%<br>Az\u00facar blanco 0 %\r\n    <\/p>\r\n    <p>\r\n      Gelatina de frutas 35%<br>Az\u00facar moreno 3 %\r\n    <\/p>\r\n    <p>\r\n      Melaza 25%<br>Jarabe de fruta 24%\r\n    <\/p>\r\n    <p>\r\n      &nbsp;\r\n    <\/p>\r\n    <p>\r\n      &nbsp;\r\n    <\/p>\r\n    <p>\r\n      Estas tablas le permitir\u00e1n ajustar la cantidad de agua que<br>necesitar\u00e1 \r\n      beber entre las comidas dependiendo de su tipo de dieta.\r\n    <\/p>\r\n    <p>\r\n      &nbsp;\r\n    <\/p>\r\n    <p>\r\n      Es obvio que un vegetariano que come principalmente fruta<br>y verduras \r\n      tendr\u00e1 menos necesidad de beber durante el d\u00eda que un<br>una persona que \r\n      come hamburguesas y patatas fritas.\r\n    <\/p>\r\n    <p>\r\n      &nbsp;\r\n    <\/p>\r\n    <p>\r\n      &nbsp;\r\n    <\/p>\t\t<\/div>\n\t\t\t\t<\/div>\n\t\t\t\t\t<\/div>\n\t\t<\/div>\n\t\t\t\t\t\t\t<\/div>\n\t\t<\/section>\n\t\t\t\t\t\t<\/div>\n\t\t\t\t\t<\/div>\n\t\t","protected":false},"excerpt":{"rendered":"<p>Contenido de agua de diferentes alimentos &nbsp; Contenido de humedad de los alimentos &nbsp; Las&hellip;<\/p>\n","protected":false},"author":71,"featured_media":33440,"parent":16976,"menu_order":0,"comment_status":"closed","ping_status":"closed","template":"template_ES.php","meta":[],"_links":{"self":[{"href":"https:\/\/www.ericfavre.com\/lifestyle\/es\/wp-json\/wp\/v2\/pages\/17074"}],"collection":[{"href":"https:\/\/www.ericfavre.com\/lifestyle\/es\/wp-json\/wp\/v2\/pages"}],"about":[{"href":"https:\/\/www.ericfavre.com\/lifestyle\/es\/wp-json\/wp\/v2\/types\/page"}],"author":[{"embeddable":true,"href":"https:\/\/www.ericfavre.com\/lifestyle\/es\/wp-json\/wp\/v2\/users\/71"}],"replies":[{"embeddable":true,"href":"https:\/\/www.ericfavre.com\/lifestyle\/es\/wp-json\/wp\/v2\/comments?post=17074"}],"version-history":[{"count":6,"href":"https:\/\/www.ericfavre.com\/lifestyle\/es\/wp-json\/wp\/v2\/pages\/17074\/revisions"}],"predecessor-version":[{"id":17116,"href":"https:\/\/www.ericfavre.com\/lifestyle\/es\/wp-json\/wp\/v2\/pages\/17074\/revisions\/17116"}],"up":[{"embeddable":true,"href":"https:\/\/www.ericfavre.com\/lifestyle\/es\/wp-json\/wp\/v2\/pages\/16976"}],"wp:featuredmedia":[{"embeddable":true,"href":"https:\/\/www.ericfavre.com\/lifestyle\/es\/wp-json\/wp\/v2\/media\/33440"}],"wp:attachment":[{"href":"https:\/\/www.ericfavre.com\/lifestyle\/es\/wp-json\/wp\/v2\/media?parent=17074"}],"curies":[{"name":"wp","href":"https:\/\/api.w.org\/{rel}","templated":true}]}}