{"id":17172,"date":"2021-06-21T19:22:30","date_gmt":"2021-06-21T17:22:30","guid":{"rendered":"https:\/\/www.ericfavre.com\/lifestyle\/es\/?page_id=17172"},"modified":"2021-09-21T09:06:55","modified_gmt":"2021-09-21T07:06:55","slug":"detox-y-los-beneficios-del-abedul","status":"publish","type":"page","link":"https:\/\/www.ericfavre.com\/lifestyle\/es\/bienvenida\/detox\/plantas-y-detox\/detox-y-los-beneficios-del-abedul\/","title":{"rendered":"Detox Y Los Beneficios Del Abedul"},"content":{"rendered":"\t\t<div data-elementor-type=\"wp-page\" data-elementor-id=\"17172\" class=\"elementor elementor-17172\" data-elementor-settings=\"[]\">\n\t\t\t\t\t\t\t<div class=\"elementor-section-wrap\">\n\t\t\t\t\t\t\t<section class=\"penci-section penci-disSticky penci-structure-10 elementor-section elementor-top-section elementor-element elementor-element-47277bb elementor-section-boxed elementor-section-height-default elementor-section-height-default\" data-id=\"47277bb\" data-element_type=\"section\">\n\t\t\t\t\t\t<div class=\"elementor-container elementor-column-gap-default\">\n\t\t\t\t\t<div class=\"penci-ercol-100 penci-ercol-order-1 penci-sticky-ct  elementor-column elementor-col-100 elementor-top-column elementor-element elementor-element-f62e200\" data-id=\"f62e200\" data-element_type=\"column\">\n\t\t\t<div class=\"elementor-widget-wrap elementor-element-populated\">\n\t\t\t\t\t\t\t\t<div class=\"elementor-element elementor-element-e26a96a elementor-widget elementor-widget-html\" data-id=\"e26a96a\" data-element_type=\"widget\" data-widget_type=\"html.default\">\n\t\t\t\t<div class=\"elementor-widget-container\">\n\t\t\t<b>DESINTOXICACI\u00d3N Y BENEFICIOS DEL ABEDUL <\/b>\r\n\r\n    <p>\r\n      Descubra a continuaci\u00f3n los beneficios del abedul. Una de las plantas \r\n      utilizadas en las curas de desintoxicaci\u00f3n.\r\n    <\/p>\r\n    <h2>\r\n      Enfoque: el abedul\r\n    <\/h2>\r\n    <p>\r\n      En el norte de Europa, despu\u00e9s del ba\u00f1o de hielo que sigue a la sauna, \r\n      nos golpeamos con ramas de abedul (varas) para regenerar el cuerpo, \r\n      tonificarlo, revitalizarlo.\r\n    <\/p>\r\n    <p>\r\n      <em>Betula alba<\/em>&nbsp;es un \u00e1rbol muy extendido en las regiones fr\u00edas, forma \r\n      parte de las armenias, plantas cuyas flores est\u00e1n dispuestas en gatitos \r\n      y reducidas a una escama que cubre estambres y pistilo.\r\n    <\/p>\r\n    <p>\r\n      Estos pistilos son cil\u00edndricos y de color amarillo, el fruto es un \r\n      aquenio alado, el tronco del \u00e1rbol es blanco, gris, ceniciento, la \r\n      corteza es lisa, con hojas finas y las hojas son triangulares y afiladas.\r\n    <\/p>\r\n    <h2>\r\n      El abedul es especialmente beneficioso\r\n    <\/h2>\r\n    <p>\r\n      Contiene:\r\n    <\/p>\r\n    <ul>\r\n      <li>\r\n        Betulina (hasta el 14%) resina tambi\u00e9n llamada alcanfor de abedul.\r\n      <\/li>\r\n      <li>\r\n        Xilitol, apodado az\u00facar de abedul, carbohidrato no cariog\u00e9nico.\r\n      <\/li>\r\n      <li>\r\n        Betul\u00f3sido (sustancia heter\u00f3sida), provitamina A, vitamina C.\r\n      <\/li>\r\n      <li>\r\n        Fitosterina, pentosanos, saponinas, taninos, enzimas.\r\n      <\/li>\r\n      <li>\r\n        Minerales: calcio, potasio, magnesio, cobre, hierro, zinc.\r\n      <\/li>\r\n    <\/ul>\r\n    <p>\r\n      Es un poderoso depurativo, el acto inicial de restauraci\u00f3n de la salud, \r\n      un DETOX que debe realizarse en cada cambio de estaci\u00f3n, adem\u00e1s, el \r\n      abedul recibe el apodo de<em>\u00e1rbol de la sabidur\u00eda<\/em>.\r\n    <\/p>\r\n    <h2>\r\n      Las acciones del abedul en el organismo\r\n    <\/h2>\r\n    <ul>\r\n      <li>\r\n        Diur\u00e9tico, estimula la excreci\u00f3n urinaria.\r\n      <\/li>\r\n      <li>\r\n        Laxante, acelera el tr\u00e1nsito intestinal.\r\n      <\/li>\r\n      <li>\r\n        Colagogo, facilita la funci\u00f3n hep\u00e1tica.\r\n      <\/li>\r\n      <li>\r\n        Expectorante, diluyente de la mucosa bronquial.\r\n      <\/li>\r\n    <\/ul>\r\n    <h2>\r\n      Efectos secundarios de la L-Carnitina\r\n    <\/h2>\r\n    <p>\r\n      Como todo, la suplementaci\u00f3n con L-Carnitina tiene efectos secundarios \r\n      cuando se toma en dosis altas. Puede provocar desde n\u00e1useas hasta \r\n      v\u00f3mitos, calambres abdominales o diarrea, dolores de cabeza, disfunci\u00f3n \r\n      hep\u00e1tica y renal, y un fuerte olor corporal.\r\n    <\/p>\r\n    <h2>\r\n      T\u00e9 verde, L-Carnitina natural\r\n    <\/h2>\r\n    <p>\r\n      El t\u00e9 verde est\u00e1 considerado como uno de los mejores quemadores de \r\n      grasa, y por una buena raz\u00f3n, no corre el riesgo de afectar a los \r\n      m\u00fasculos. Contiene un gran n\u00famero de virtudes, como los amino\u00e1cidos \r\n      lisina, estos desempe\u00f1an un papel importante en el funcionamiento del \r\n      sistema inmunitario, pero tambi\u00e9n, en cohesi\u00f3n con otros amino\u00e1cidos, en \r\n      la s\u00edntesis de prote\u00ednas y la fabricaci\u00f3n de c\u00e9lulas musculares.\r\n    <\/p>\r\n    <p>\r\n      <em>*Ilias I, Manoli I, Blackman MR et al.L-Carnitina y acetil-L-carnitina \r\n      en el tratamiento de las complicaciones asociadas a la infecci\u00f3n por VIH \r\n      y a la terapia antirretroviral.Mitochondrion.2004 Jul;4(2-3):163-8.<\/em>\r\n    <\/p>\t\t<\/div>\n\t\t\t\t<\/div>\n\t\t\t\t\t<\/div>\n\t\t<\/div>\n\t\t\t\t\t\t\t<\/div>\n\t\t<\/section>\n\t\t\t\t\t\t<\/div>\n\t\t\t\t\t<\/div>\n\t\t","protected":false},"excerpt":{"rendered":"<p>DESINTOXICACI\u00d3N Y BENEFICIOS DEL ABEDUL Descubra a continuaci\u00f3n los beneficios del abedul. Una de las&hellip;<\/p>\n","protected":false},"author":71,"featured_media":33454,"parent":17123,"menu_order":0,"comment_status":"closed","ping_status":"closed","template":"template_ES.php","meta":[],"_links":{"self":[{"href":"https:\/\/www.ericfavre.com\/lifestyle\/es\/wp-json\/wp\/v2\/pages\/17172"}],"collection":[{"href":"https:\/\/www.ericfavre.com\/lifestyle\/es\/wp-json\/wp\/v2\/pages"}],"about":[{"href":"https:\/\/www.ericfavre.com\/lifestyle\/es\/wp-json\/wp\/v2\/types\/page"}],"author":[{"embeddable":true,"href":"https:\/\/www.ericfavre.com\/lifestyle\/es\/wp-json\/wp\/v2\/users\/71"}],"replies":[{"embeddable":true,"href":"https:\/\/www.ericfavre.com\/lifestyle\/es\/wp-json\/wp\/v2\/comments?post=17172"}],"version-history":[{"count":6,"href":"https:\/\/www.ericfavre.com\/lifestyle\/es\/wp-json\/wp\/v2\/pages\/17172\/revisions"}],"predecessor-version":[{"id":17214,"href":"https:\/\/www.ericfavre.com\/lifestyle\/es\/wp-json\/wp\/v2\/pages\/17172\/revisions\/17214"}],"up":[{"embeddable":true,"href":"https:\/\/www.ericfavre.com\/lifestyle\/es\/wp-json\/wp\/v2\/pages\/17123"}],"wp:featuredmedia":[{"embeddable":true,"href":"https:\/\/www.ericfavre.com\/lifestyle\/es\/wp-json\/wp\/v2\/media\/33454"}],"wp:attachment":[{"href":"https:\/\/www.ericfavre.com\/lifestyle\/es\/wp-json\/wp\/v2\/media?parent=17172"}],"curies":[{"name":"wp","href":"https:\/\/api.w.org\/{rel}","templated":true}]}}