{"id":17319,"date":"2021-06-21T19:24:45","date_gmt":"2021-06-21T17:24:45","guid":{"rendered":"https:\/\/www.ericfavre.com\/lifestyle\/es\/?page_id=17319"},"modified":"2021-09-21T09:09:47","modified_gmt":"2021-09-21T07:09:47","slug":"detox-y-los-beneficios-de-la-grosella-negra","status":"publish","type":"page","link":"https:\/\/www.ericfavre.com\/lifestyle\/es\/bienvenida\/detox\/plantas-y-detox\/detox-y-los-beneficios-de-la-grosella-negra\/","title":{"rendered":"Detox Y Los Beneficios De La Grosella Negra"},"content":{"rendered":"\t\t<div data-elementor-type=\"wp-page\" data-elementor-id=\"17319\" class=\"elementor elementor-17319\" data-elementor-settings=\"[]\">\n\t\t\t\t\t\t\t<div class=\"elementor-section-wrap\">\n\t\t\t\t\t\t\t<section class=\"penci-section penci-disSticky penci-structure-10 elementor-section elementor-top-section elementor-element elementor-element-9e215b4 elementor-section-boxed elementor-section-height-default elementor-section-height-default\" data-id=\"9e215b4\" data-element_type=\"section\">\n\t\t\t\t\t\t<div class=\"elementor-container elementor-column-gap-default\">\n\t\t\t\t\t<div class=\"penci-ercol-100 penci-ercol-order-1 penci-sticky-ct  elementor-column elementor-col-100 elementor-top-column elementor-element elementor-element-0bcd7ad\" data-id=\"0bcd7ad\" data-element_type=\"column\">\n\t\t\t<div class=\"elementor-widget-wrap elementor-element-populated\">\n\t\t\t\t\t\t\t\t<div class=\"elementor-element elementor-element-2c39c17 elementor-widget elementor-widget-html\" data-id=\"2c39c17\" data-element_type=\"widget\" data-widget_type=\"html.default\">\n\t\t\t\t<div class=\"elementor-widget-container\">\n\t\t\t<p>\r\n      A continuaci\u00f3n encontrar\u00e1 todos los beneficios del hibisco como parte de \r\n      una cura de detox. Es una de las plantas m\u00e1s esenciales.\r\n    <\/p>\r\n    <h2>\r\n      Enfoque en el hibisco\r\n    <\/h2>\r\n    <p>\r\n      El hibisco (<em>Hibiscus sabdariffa<\/em>) es una planta tropical de la \r\n      familia Malvaceae a la que pertenece la malva, su apodo es T\u00e9 rosa de \r\n      Abisinia. Abisinia es el antiguo nombre de Etiop\u00eda, una de las cunas de \r\n      la humanidad, donde una vez floreci\u00f3 un reino tan poderoso que su l\u00edder \r\n      era conocido como el Negus, que significa<em>Rey de los Reyes<\/em>.\r\n    <\/p>\r\n    <p>\r\n      El hibisco tambi\u00e9n era una planta venerada en Centroam\u00e9rica por los \r\n      mayas, pueblo de la pen\u00ednsula de Yucat\u00e1n, y por los aztecas, utilizaron \r\n      todas las partes de la planta :\r\n    <\/p>\r\n    <ul>\r\n      <li>\r\n        Las ra\u00edces como remedio universal, una panacea como el ginseng \r\n        asi\u00e1tico.\r\n      <\/li>\r\n      <li>\r\n        Hojas, como verdura que acompa\u00f1a al ma\u00edz (su grano).\r\n      <\/li>\r\n      <li>\r\n        Flores, como bebida soberana, haci\u00e9ndolas infusiones.\r\n      <\/li>\r\n    <\/ul>\r\n    <p>\r\n      Hibiscus sabdariffa&nbsp;es una planta herb\u00e1cea perenne con un tallo largo y \r\n      puntiagudo, con hojas grandes y aterciopeladas de tres l\u00f3bulos.\r\n    <\/p>\r\n    <p>\r\n      En la axila de las hojas nacen hermosas flores solitarias de color \r\n      p\u00farpura con c\u00e1lices carnosos y lobulados, estas flores se recogen por su \r\n      uso medicinal.\r\n    <\/p>\r\n    <p>\r\n      Despu\u00e9s del secado, los c\u00e1lices de las flores de hibisco conservan su \r\n      color original, que devuelven al agua despu\u00e9s de la infusi\u00f3n, decocci\u00f3n \r\n      o maceraci\u00f3n.\r\n    <\/p>\r\n    <p>\r\n      El agua adquiere entonces ese color caracter\u00edstico que le vali\u00f3 a la \r\n      planta el apodo de &quot;t\u00e9 rosa&quot;.\r\n    <\/p>\r\n    <p>\r\n      Las flores de hibisco son de una \u00fanica riqueza \u00fanica, que contiene:\r\n    <\/p>\r\n    <ul>\r\n      <li>\r\n        \u00c1cido hibisco, \u00e1cido asc\u00f3rbico,\r\n      <\/li>\r\n      <li>\r\n        \u00c1cidos org\u00e1nicos (\u00e1cido c\u00edtrico, \u00e1cido m\u00e1lico, \u00e1cido tart\u00e1rico), \r\n        flavonoides (gosipetina, hibiscitina, sabdaretina),\r\n      <\/li>\r\n      <li>\r\n        Heterosidos (Gositrina, Hibiscitrina, Hibiscina, Delfinidina),\r\n      <\/li>\r\n      <li>\r\n        Betacaroteno pro vitamina A, Vitaminas B1, B2, B3,\r\n      <\/li>\r\n      <li>\r\n        Calcio, Potasio, Magnesio, Hierro,\r\n      <\/li>\r\n      <li>\r\n        Fitosterolina, celulosa, muc\u00edlago.\r\n      <\/li>\r\n    <\/ul>\r\n    <h2>\r\n      Propiedades del Hibiscus\r\n    <\/h2>\r\n    <ul>\r\n      <li>\r\n        Diur\u00e9tico, favorece el drenaje general del cuerpo\r\n      <\/li>\r\n      <li>\r\n        Depurativo, estimulante emuntorio\r\n      <\/li>\r\n      <li>\r\n        Colagogo, que permite la excreci\u00f3n de la bilis del h\u00edgado\r\n      <\/li>\r\n      <li>\r\n        Laxante suave, que acelera el tr\u00e1nsito intestinal\r\n      <\/li>\r\n      <li>\r\n        Agente hipolipid\u00e9mico, activo sobre el colesterol y los triglic\u00e9ridos\r\n      <\/li>\r\n    <\/ul>\r\n    <h3>\r\n      El hibisco provoca una aut\u00e9ntica &quot;liberaci\u00f3n&quot; del cuerpo\r\n    <\/h3>\r\n    <ul>\r\n      <li>\r\n        Desinfiltraci\u00f3n del agua que invade los tejidos\r\n      <\/li>\r\n      <li>\r\n        Descarga de grasas que sobrecargan el organismo\r\n      <\/li>\r\n      <li>\r\n        Desincrustaci\u00f3n de residuos que asfixian a las c\u00e9lulas\r\n      <\/li>\r\n    <\/ul>\r\n    <h3>\r\n      A continuaci\u00f3n, Triple acci\u00f3n DETOX, el hibisco estimulante :\r\n    <\/h3>\r\n    <ul>\r\n      <li>\r\n        El drenaje del agua\r\n      <\/li>\r\n      <li>\r\n        La excreci\u00f3n de grasas\r\n      <\/li>\r\n      <li>\r\n        La eliminaci\u00f3n de toxinas005\r\n      <\/li>\r\n    <\/ul>\r\n    <h2>\r\n      Indicaciones principales de Hibiscus\r\n    <\/h2>\r\n    <ul>\r\n      <li>\r\n        Sobrepeso\r\n      <\/li>\r\n      <li>\r\n        Obesidad, celulitis, edema\r\n      <\/li>\r\n      <li>\r\n        Estados plet\u00f3ricos del organismo\r\n      <\/li>\r\n      <li>\r\n        Estados congestivos e inflamatorios\r\n      <\/li>\r\n      <li>\r\n        Pereza del h\u00edgado\r\n      <\/li>\r\n      <li>\r\n        Litiasis urinaria, Litiasis biliar\r\n      <\/li>\r\n      <li>\r\n        Estre\u00f1imiento funcional cr\u00f3nico\r\n      <\/li>\r\n      <li>\r\n        Hipertensi\u00f3n\r\n      <\/li>\r\n      <li>\r\n        Hiperlipidemia, hipercolesterolemia, hipertrigliceridemia\r\n      <\/li>\r\n    <\/ul>\t\t<\/div>\n\t\t\t\t<\/div>\n\t\t\t\t\t<\/div>\n\t\t<\/div>\n\t\t\t\t\t\t\t<\/div>\n\t\t<\/section>\n\t\t\t\t\t\t<\/div>\n\t\t\t\t\t<\/div>\n\t\t","protected":false},"excerpt":{"rendered":"<p>A continuaci\u00f3n encontrar\u00e1 todos los beneficios del hibisco como parte de una cura de detox.&hellip;<\/p>\n","protected":false},"author":71,"featured_media":33475,"parent":17123,"menu_order":0,"comment_status":"closed","ping_status":"closed","template":"template_ES.php","meta":[],"_links":{"self":[{"href":"https:\/\/www.ericfavre.com\/lifestyle\/es\/wp-json\/wp\/v2\/pages\/17319"}],"collection":[{"href":"https:\/\/www.ericfavre.com\/lifestyle\/es\/wp-json\/wp\/v2\/pages"}],"about":[{"href":"https:\/\/www.ericfavre.com\/lifestyle\/es\/wp-json\/wp\/v2\/types\/page"}],"author":[{"embeddable":true,"href":"https:\/\/www.ericfavre.com\/lifestyle\/es\/wp-json\/wp\/v2\/users\/71"}],"replies":[{"embeddable":true,"href":"https:\/\/www.ericfavre.com\/lifestyle\/es\/wp-json\/wp\/v2\/comments?post=17319"}],"version-history":[{"count":6,"href":"https:\/\/www.ericfavre.com\/lifestyle\/es\/wp-json\/wp\/v2\/pages\/17319\/revisions"}],"predecessor-version":[{"id":17361,"href":"https:\/\/www.ericfavre.com\/lifestyle\/es\/wp-json\/wp\/v2\/pages\/17319\/revisions\/17361"}],"up":[{"embeddable":true,"href":"https:\/\/www.ericfavre.com\/lifestyle\/es\/wp-json\/wp\/v2\/pages\/17123"}],"wp:featuredmedia":[{"embeddable":true,"href":"https:\/\/www.ericfavre.com\/lifestyle\/es\/wp-json\/wp\/v2\/media\/33475"}],"wp:attachment":[{"href":"https:\/\/www.ericfavre.com\/lifestyle\/es\/wp-json\/wp\/v2\/media?parent=17319"}],"curies":[{"name":"wp","href":"https:\/\/api.w.org\/{rel}","templated":true}]}}