{"id":17417,"date":"2021-06-21T19:26:28","date_gmt":"2021-06-21T17:26:28","guid":{"rendered":"https:\/\/www.ericfavre.com\/lifestyle\/es\/?page_id=17417"},"modified":"2021-09-21T09:11:38","modified_gmt":"2021-09-21T07:11:38","slug":"detox-y-los-beneficios-del-sauco","status":"publish","type":"page","link":"https:\/\/www.ericfavre.com\/lifestyle\/es\/bienvenida\/detox\/plantas-y-detox\/detox-y-los-beneficios-del-sauco\/","title":{"rendered":"Detox Y Los Beneficios Del Sa\u00faco"},"content":{"rendered":"\t\t<div data-elementor-type=\"wp-page\" data-elementor-id=\"17417\" class=\"elementor elementor-17417\" data-elementor-settings=\"[]\">\n\t\t\t\t\t\t\t<div class=\"elementor-section-wrap\">\n\t\t\t\t\t\t\t<section class=\"penci-section penci-disSticky penci-structure-10 elementor-section elementor-top-section elementor-element elementor-element-4895160 elementor-section-boxed elementor-section-height-default elementor-section-height-default\" data-id=\"4895160\" data-element_type=\"section\">\n\t\t\t\t\t\t<div class=\"elementor-container elementor-column-gap-default\">\n\t\t\t\t\t<div class=\"penci-ercol-100 penci-ercol-order-1 penci-sticky-ct  elementor-column elementor-col-100 elementor-top-column elementor-element elementor-element-8089281\" data-id=\"8089281\" data-element_type=\"column\">\n\t\t\t<div class=\"elementor-widget-wrap elementor-element-populated\">\n\t\t\t\t\t\t\t\t<div class=\"elementor-element elementor-element-e606c45 elementor-widget elementor-widget-html\" data-id=\"e606c45\" data-element_type=\"widget\" data-widget_type=\"html.default\">\n\t\t\t\t<div class=\"elementor-widget-container\">\n\t\t\t<p>\r\n      Descubre a continuaci\u00f3n los beneficios del sa\u00faco, una planta ideal para \r\n      un tratamiento de detox.\r\n    <\/p>\r\n    <h2>\r\n      El sa\u00faco y sus beneficios en el contexto de una detox\r\n    <\/h2>\r\n    <p>\r\n      La baya del sa\u00faco tiene funciones diur\u00e9ticas y depurativas eficaces que \r\n      son valiosas en un protocolo de DETOX.\r\n    <\/p>\r\n    <p>\r\n      Varios yacimientos arqueol\u00f3gicos de Suiza y el norte de Italia han \r\n      revelado que los humanos consum\u00edan bayas de sa\u00faco ya en la Edad de \r\n      Piedra, en el Paleol\u00edtico, lo que demuestra el temprano inter\u00e9s por \r\n      estas frutas.\r\n    <\/p>\r\n    <p>\r\n      Las virtudes terap\u00e9uticas de las bayas negras del sa\u00faco son muy \r\n      conocidas en la \u00e9poca de Hip\u00f3crates, en el siglo IV a.C., puesto que ya \r\n      se prescrib\u00edan para expulsar la bilis y las gl\u00e1ndulas pituitarias (por \r\n      utilizar los t\u00e9rminos de Hip\u00f3crates), un l\u00edquido mucoso que algunos \r\n      pacientes obesos y con sobrepeso tosen por la ma\u00f1ana al \r\n      levantarse...personas eminentemente preocupadas por un l\u00edquido mucoso.\r\n    <\/p>\r\n    <p>\r\n      M\u00e1s tarde, en la Edad Media, Santa Hildegarde aconsejaba estas mismas \r\n      bayas de sa\u00faco contra la ictericia, en caso de gota y como laxante.\r\n    <\/p>\r\n    <p>\r\n      Esta \u00faltima propiedad est\u00e1 subrayada por esta cita imaginaria del doctor \r\n      Lecoq en 1895: &quot;Las bayas de sa\u00faco producen una evacuaci\u00f3n abundante y \r\n      f\u00e1cil, sin c\u00f3licos ni fatiga&quot;.&quot;El t\u00e9rmino &quot;evacuaci\u00f3n&quot; ilustra el \r\n      t\u00e9rmino contempor\u00e1neo de DETOX.\r\n    <\/p>\r\n    <p>\r\n      .\r\n    <\/p>\r\n    <p>\r\n      La palabra sa\u00faco (<em>Sambucus nigra<\/em>) deriva del griego<em>sambuke<\/em>, \r\n      que es el nombre de un instrumento musical de cuerda pulsada, una \r\n      especie de arpa de la Antig\u00fcedad (conocida aqu\u00ed como sambuk).\r\n    <\/p>\r\n    <p>\r\n      Es tradicional utilizar la madera de sa\u00faco para hacer flautas porque es \r\n      una madera blanda que se puede perforar f\u00e1cilmente para hacer agujeros y \r\n      de la que se puede extraer f\u00e1cilmente la abundante m\u00e9dula central blanca.\r\n    <\/p>\r\n    <p>\r\n      El sa\u00faco es un arbusto de 4 a 5 metros de altura (hasta 10 metros) que \r\n      se extiende en los setos de nuestra campi\u00f1a, a lo largo de los caminos.\r\n    <\/p>\r\n    <p>\r\n      Se divide en numerosas ramitas con corteza amarilla que llevan hojas \r\n      ovaladas y dentadas y flores blancas cremosas y fragantes agrupadas en \r\n      umbelas.\r\n    <\/p>\r\n    <p>\r\n      Estas flores dan lugar a unos frutos caracter\u00edsticos: bayas esf\u00e9ricas de \r\n      5 a 6 mm que primero son de color verde antes de volverse negras \r\n      (te\u00f1idas de p\u00farpura) cuando alcanzan la madurez. Son estas bayas las que \r\n      concentran los principales componentes activos del sa\u00faco.\r\n    <\/p>\r\n    <h2>\r\n      Composici\u00f3n y propiedades del sa\u00faco\r\n    <\/h2>\r\n    <h3>\r\n      Composici\u00f3n\r\n    <\/h3>\r\n    <ul>\r\n      <li>\r\n        Alcaloide: sambucina\r\n      <\/li>\r\n      <li>\r\n        Gluc\u00f3sido cianogen\u00e9tico: sambunigrina\r\n      <\/li>\r\n      <li>\r\n        Rut\u00f3sido\r\n      <\/li>\r\n      <li>\r\n        Emulsina\r\n      <\/li>\r\n      <li>\r\n        Pectina\r\n      <\/li>\r\n      <li>\r\n        Colina\r\n      <\/li>\r\n      <li>\r\n        Diastasa: invertina\r\n      <\/li>\r\n      <li>\r\n        \u00c1cido m\u00e1lico, \u00e1cido tart\u00e1rico, \u00e1cido t\u00e1nico\r\n      <\/li>\r\n      <li>\r\n        \u00c1cido valeri\u00e1nico, \u00e1cido este\u00e1rico, \u00e1cido mir\u00edstico\r\n      <\/li>\r\n      <li>\r\n        Calcio, hierro, magnesio\r\n      <\/li>\r\n      <li>\r\n        S\u00edlice\r\n      <\/li>\r\n      <li>\r\n        Potasio\r\n      <\/li>\r\n    <\/ul>\r\n    <h3>\r\n      &nbsp;\r\n    <\/h3>\r\n    <h3>\r\n      Propiedades\r\n    <\/h3>\r\n    <ul>\r\n      <li>\r\n        Diur\u00e9tico\r\n      <\/li>\r\n      <li>\r\n        Depurativo\r\n      <\/li>\r\n      <li>\r\n        Laxante\r\n      <\/li>\r\n      <li>\r\n        Purgante\r\n      <\/li>\r\n      <li>\r\n        Blanqueador de cloro\r\n      <\/li>\r\n      <li>\r\n        Eliminador de c\u00e1lculos\r\n      <\/li>\r\n      <li>\r\n        Sudorific\r\n      <\/li>\r\n      <li>\r\n        Antiflog\u00edstico (reduce la inflamaci\u00f3n)\r\n      <\/li>\r\n      <li>\r\n        Antirreum\u00e1tico\r\n      <\/li>\r\n      <li>\r\n        Galact\u00f3geno\r\n      <\/li>\r\n    <\/ul>\r\n    <h2>\r\n      \u00bfCu\u00e1ndo utilizar la baya del sa\u00faco en Tu detox?\r\n    <\/h2>\r\n    <ul>\r\n      <li>\r\n        Obesidad\r\n      <\/li>\r\n      <li>\r\n        Celulitis\r\n      <\/li>\r\n      <li>\r\n        Edemas\r\n      <\/li>\r\n      <li>\r\n        Retenci\u00f3n de agua\r\n      <\/li>\r\n      <li>\r\n        Hidropes\u00eda\r\n      <\/li>\r\n      <li>\r\n        Nefritas\r\n      <\/li>\r\n      <li>\r\n        Litiasis urinaria\r\n      <\/li>\r\n      <li>\r\n        Cistitis urinaria\r\n      <\/li>\r\n      <li>\r\n        Litiasis hep\u00e1tica\r\n      <\/li>\r\n      <li>\r\n        Pereza del h\u00edgado\r\n      <\/li>\r\n      <li>\r\n        Estre\u00f1imiento\r\n      <\/li>\r\n      <li>\r\n        Dermatosis (acn\u00e9, furunculosis)\r\n      <\/li>\r\n      <li>\r\n        Gripe\r\n      <\/li>\r\n      <li>\r\n        Fiebres eruptivas infantiles (sarampi\u00f3n, escarlatina)\r\n      <\/li>\r\n      <li>\r\n        Reumatismo\r\n      <\/li>\r\n    <\/ul>\r\n    <h2>\r\n      T\u00e9 verde, L-Carnitina natural\r\n    <\/h2>\r\n    <p>\r\n      El t\u00e9 verde est\u00e1 considerado como uno de los mejores quemadores de \r\n      grasa, y por una buena raz\u00f3n, no corre el riesgo de afectar a los \r\n      m\u00fasculos. Contiene un gran n\u00famero de virtudes, como los amino\u00e1cidos \r\n      lisina, estos desempe\u00f1an un papel importante en el funcionamiento del \r\n      sistema inmunitario, pero tambi\u00e9n, en cohesi\u00f3n con otros amino\u00e1cidos, en \r\n      la s\u00edntesis de prote\u00ednas y la fabricaci\u00f3n de c\u00e9lulas musculares.\r\n    <\/p>\r\n    <p>\r\n      <em>*Ilias I, Manoli I, Blackman MR et al.L-Carnitina y acetil-L-carnitina \r\n      en el tratamiento de las complicaciones asociadas a la infecci\u00f3n por VIH \r\n      y a la terapia antirretroviral.Mitochondrion.2004 Jul;4(2-3):163-8.<\/em>\r\n    <\/p>\t\t<\/div>\n\t\t\t\t<\/div>\n\t\t\t\t\t<\/div>\n\t\t<\/div>\n\t\t\t\t\t\t\t<\/div>\n\t\t<\/section>\n\t\t\t\t\t\t<\/div>\n\t\t\t\t\t<\/div>\n\t\t","protected":false},"excerpt":{"rendered":"<p>Descubre a continuaci\u00f3n los beneficios del sa\u00faco, una planta ideal para un tratamiento de detox.&hellip;<\/p>\n","protected":false},"author":71,"featured_media":33489,"parent":17123,"menu_order":0,"comment_status":"closed","ping_status":"closed","template":"template_ES.php","meta":[],"_links":{"self":[{"href":"https:\/\/www.ericfavre.com\/lifestyle\/es\/wp-json\/wp\/v2\/pages\/17417"}],"collection":[{"href":"https:\/\/www.ericfavre.com\/lifestyle\/es\/wp-json\/wp\/v2\/pages"}],"about":[{"href":"https:\/\/www.ericfavre.com\/lifestyle\/es\/wp-json\/wp\/v2\/types\/page"}],"author":[{"embeddable":true,"href":"https:\/\/www.ericfavre.com\/lifestyle\/es\/wp-json\/wp\/v2\/users\/71"}],"replies":[{"embeddable":true,"href":"https:\/\/www.ericfavre.com\/lifestyle\/es\/wp-json\/wp\/v2\/comments?post=17417"}],"version-history":[{"count":6,"href":"https:\/\/www.ericfavre.com\/lifestyle\/es\/wp-json\/wp\/v2\/pages\/17417\/revisions"}],"predecessor-version":[{"id":17459,"href":"https:\/\/www.ericfavre.com\/lifestyle\/es\/wp-json\/wp\/v2\/pages\/17417\/revisions\/17459"}],"up":[{"embeddable":true,"href":"https:\/\/www.ericfavre.com\/lifestyle\/es\/wp-json\/wp\/v2\/pages\/17123"}],"wp:featuredmedia":[{"embeddable":true,"href":"https:\/\/www.ericfavre.com\/lifestyle\/es\/wp-json\/wp\/v2\/media\/33489"}],"wp:attachment":[{"href":"https:\/\/www.ericfavre.com\/lifestyle\/es\/wp-json\/wp\/v2\/media?parent=17417"}],"curies":[{"name":"wp","href":"https:\/\/api.w.org\/{rel}","templated":true}]}}