{"id":17466,"date":"2021-06-21T19:27:16","date_gmt":"2021-06-21T17:27:16","guid":{"rendered":"https:\/\/www.ericfavre.com\/lifestyle\/es\/?page_id=17466"},"modified":"2021-09-21T09:12:11","modified_gmt":"2021-09-21T07:12:11","slug":"detox-y-los-beneficios-del-guggul","status":"publish","type":"page","link":"https:\/\/www.ericfavre.com\/lifestyle\/es\/bienvenida\/detox\/plantas-y-detox\/detox-y-los-beneficios-del-guggul\/","title":{"rendered":"Detox Y Los Beneficios Del Guggul"},"content":{"rendered":"\t\t<div data-elementor-type=\"wp-page\" data-elementor-id=\"17466\" class=\"elementor elementor-17466\" data-elementor-settings=\"[]\">\n\t\t\t\t\t\t\t<div class=\"elementor-section-wrap\">\n\t\t\t\t\t\t\t<section class=\"penci-section penci-disSticky penci-structure-10 elementor-section elementor-top-section elementor-element elementor-element-ef7c5eb elementor-section-boxed elementor-section-height-default elementor-section-height-default\" data-id=\"ef7c5eb\" data-element_type=\"section\">\n\t\t\t\t\t\t<div class=\"elementor-container elementor-column-gap-default\">\n\t\t\t\t\t<div class=\"penci-ercol-100 penci-ercol-order-1 penci-sticky-ct  elementor-column elementor-col-100 elementor-top-column elementor-element elementor-element-69f53ee\" data-id=\"69f53ee\" data-element_type=\"column\">\n\t\t\t<div class=\"elementor-widget-wrap elementor-element-populated\">\n\t\t\t\t\t\t\t\t<div class=\"elementor-element elementor-element-791c8df elementor-widget elementor-widget-html\" data-id=\"791c8df\" data-element_type=\"widget\" data-widget_type=\"html.default\">\n\t\t\t\t<div class=\"elementor-widget-container\">\n\t\t\t<p>\r\n      Descubre a continuaci\u00f3n todos los beneficios del Guggul. Una de las \r\n      plantas ideales para una cura de detox.\r\n    <\/p>\r\n    <h2>\r\n      La detox y el Guggul: una poderosa planta medicinal\r\n    <\/h2>\r\n    <p>\r\n      El Guggul es una planta medicinal importante en la medicina india para \r\n      prevenir de forma natural (pero muy eficaz) los riesgos cardiovasculares \r\n      causados por el exceso de colesterol.\r\n    <\/p>\r\n    <p>\r\n      Act\u00faa favoreciendo la desincrustaci\u00f3n, movilizaci\u00f3n y eliminaci\u00f3n de los \r\n      dep\u00f3sitos de colesterol que recubren las paredes arteriales, acci\u00f3n \r\n      DETOX importante.\r\n    <\/p>\r\n    <p>\r\n      Apodado incienso indio o mirra india, la Commiphora wightii es m\u00e1s \r\n      conocida por el nombre de su exudado, el Guggul.\r\n    <\/p>\r\n    <p>\r\n      Popular en toda la pen\u00ednsula india, el Guggul se utiliza en la medicina \r\n      ayurv\u00e9dica para reducir los niveles de colesterol y triglic\u00e9ridos.\r\n    <\/p>\r\n    <p>\r\n      El Guggul es un peque\u00f1o \u00e1rbol de ramas espinosas que crece en las \r\n      regiones monta\u00f1osas y semi\u00e1ridas de la India. Varias veces al a\u00f1o, se \r\n      corta su tronco y exuda naturalmente una oleorresina que se solidifica \r\n      al contacto con el aire en concreciones opacas, marrones y con aroma \r\n      bals\u00e1mico.\r\n    <\/p>\r\n    <p>\r\n      Este exudado de Guggul contiene componentes activos :\r\n    <\/p>\r\n    <ul>\r\n      <li>\r\n        Eugenol\r\n      <\/li>\r\n      <li>\r\n        Cr\u00e9sol\r\n      <\/li>\r\n      <li>\r\n        Pineno\r\n      <\/li>\r\n      <li>\r\n        Cadineno\r\n      <\/li>\r\n      <li>\r\n        \u00c1cido mirr\u00f3lico\r\n      <\/li>\r\n    <\/ul>\r\n    <h2>\r\n      Su principal indicaci\u00f3n es, por tanto, la hipercolesterolemia.\r\n    <\/h2>\r\n    <p>\r\n      Es bueno recordar aqu\u00ed algunas nociones sobre el<em>asesino silencioso<\/em>&nbsp;&nbsp;(en \r\n      Estados Unidos se llama as\u00ed al colesterol).\r\n    <\/p>\r\n    <p>\r\n      De hecho, el colesterol es la principal causa de los accidentes \r\n      cardiovasculares, que son la primera causa de muerte en los pa\u00edses \r\n      occidentales (fuente: OMS).\r\n    <\/p>\r\n    <p>\r\n      Silenciosa e insidiosamente, el colesterol mata construyendo agregados \r\n      pat\u00f3genos llamados placas de ateroma en las paredes internas de las \r\n      arterias.\r\n    <\/p>\r\n    <p>\r\n      Inicialmente s\u00f3lo se asientan p\u00fastulas lenticulares en zonas de \r\n      turbulencia arterial, curvaturas, bifurcaciones.\r\n    <\/p>\r\n    <p>\r\n      Los dep\u00f3sitos de colesterol aumentan entonces su volumen y reducen el \r\n      tama\u00f1o de la aorta, de las arterias coronarias y cerebrales, o de las de \r\n      los miembros inferiores.\r\n    <\/p>\r\n    <p>\r\n      Esto forma placas que se calcifican y endurecen las paredes de las \r\n      arterias, que pierden su flexibilidad y se vuelven fr\u00e1giles.\r\n    <\/p>\r\n    <p>\r\n      Pueden romperse, provocando una hemorragia interna (por ejemplo, un \r\n      aneurisma a\u00f3rtico).\r\n    <\/p>\r\n    <p>\r\n      La reducci\u00f3n del lumen arterial perjudica el flujo sangu\u00edneo.\r\n    <\/p>\r\n    <p>\r\n      El coraz\u00f3n, en particular, est\u00e1 insuficientemente irrigado, lo que \r\n      provoca una angina de pecho, una fase sintom\u00e1tica preocupante.\r\n    <\/p>\r\n    <p>\r\n      Entonces se forma un co\u00e1gulo que impide el flujo sangu\u00edneo y provoca el \r\n      accidente s\u00fabito, a menudo mortal: el infarto de miocardio.\r\n    <\/p>\r\n    <p>\r\n      Por no hablar de la apoplej\u00eda o de las complicaciones graves de la \r\n      arteritis (amputaci\u00f3n).\r\n    <\/p>\r\n    <p>\r\n      El Guggul est\u00e1 por tanto indicado en casos muy concretos :\r\n    <\/p>\r\n    <ul>\r\n      <li>\r\n        Hipercolesterolemia (exceso de colesterol malo LDH)\r\n      <\/li>\r\n      <li>\r\n        Hypertriglyc\u00e9rid\u00e9mie\r\n      <\/li>\r\n      <li>\r\n        Hiperlipidemia\r\n      <\/li>\r\n      <li>\r\n        Aterosclerosis\r\n      <\/li>\r\n      <li>\r\n        Angina (<em>angina de pecho<\/em>)\r\n      <\/li>\r\n      <li>\r\n        Prevenci\u00f3n de infartos\r\n      <\/li>\r\n      <li>\r\n        Prevenci\u00f3n de accidentes cerebrovasculares\r\n      <\/li>\r\n      <li>\r\n        Prevenci\u00f3n de la arteritis\r\n      <\/li>\r\n    <\/ul>\r\n    <p>\r\n      El Guggul se tomar\u00e1 a\u00fan m\u00e1s en presencia de factores de riesgo \r\n      adicionales: obesidad, hipertensi\u00f3n, tabaquismo, estr\u00e9s, sedentarismo.\r\n    <\/p>\r\n    <p>\r\n      En todos estos casos, se requiere un DETOX .\r\n    <\/p>\t\t<\/div>\n\t\t\t\t<\/div>\n\t\t\t\t\t<\/div>\n\t\t<\/div>\n\t\t\t\t\t\t\t<\/div>\n\t\t<\/section>\n\t\t\t\t\t\t<\/div>\n\t\t\t\t\t<\/div>\n\t\t","protected":false},"excerpt":{"rendered":"<p>Descubre a continuaci\u00f3n todos los beneficios del Guggul. Una de las plantas ideales para una&hellip;<\/p>\n","protected":false},"author":71,"featured_media":33496,"parent":17123,"menu_order":0,"comment_status":"closed","ping_status":"closed","template":"template_ES.php","meta":[],"_links":{"self":[{"href":"https:\/\/www.ericfavre.com\/lifestyle\/es\/wp-json\/wp\/v2\/pages\/17466"}],"collection":[{"href":"https:\/\/www.ericfavre.com\/lifestyle\/es\/wp-json\/wp\/v2\/pages"}],"about":[{"href":"https:\/\/www.ericfavre.com\/lifestyle\/es\/wp-json\/wp\/v2\/types\/page"}],"author":[{"embeddable":true,"href":"https:\/\/www.ericfavre.com\/lifestyle\/es\/wp-json\/wp\/v2\/users\/71"}],"replies":[{"embeddable":true,"href":"https:\/\/www.ericfavre.com\/lifestyle\/es\/wp-json\/wp\/v2\/comments?post=17466"}],"version-history":[{"count":6,"href":"https:\/\/www.ericfavre.com\/lifestyle\/es\/wp-json\/wp\/v2\/pages\/17466\/revisions"}],"predecessor-version":[{"id":17508,"href":"https:\/\/www.ericfavre.com\/lifestyle\/es\/wp-json\/wp\/v2\/pages\/17466\/revisions\/17508"}],"up":[{"embeddable":true,"href":"https:\/\/www.ericfavre.com\/lifestyle\/es\/wp-json\/wp\/v2\/pages\/17123"}],"wp:featuredmedia":[{"embeddable":true,"href":"https:\/\/www.ericfavre.com\/lifestyle\/es\/wp-json\/wp\/v2\/media\/33496"}],"wp:attachment":[{"href":"https:\/\/www.ericfavre.com\/lifestyle\/es\/wp-json\/wp\/v2\/media?parent=17466"}],"curies":[{"name":"wp","href":"https:\/\/api.w.org\/{rel}","templated":true}]}}