{"id":17515,"date":"2021-06-21T19:28:02","date_gmt":"2021-06-21T17:28:02","guid":{"rendered":"https:\/\/www.ericfavre.com\/lifestyle\/es\/?page_id=17515"},"modified":"2021-09-21T09:12:39","modified_gmt":"2021-09-21T07:12:39","slug":"detox-y-los-beneficios-del-jengibre","status":"publish","type":"page","link":"https:\/\/www.ericfavre.com\/lifestyle\/es\/bienvenida\/detox\/plantas-y-detox\/detox-y-los-beneficios-del-jengibre\/","title":{"rendered":"Detox Y Los Beneficios Del Jengibre"},"content":{"rendered":"\t\t<div data-elementor-type=\"wp-page\" data-elementor-id=\"17515\" class=\"elementor elementor-17515\" data-elementor-settings=\"[]\">\n\t\t\t\t\t\t\t<div class=\"elementor-section-wrap\">\n\t\t\t\t\t\t\t<section class=\"penci-section penci-disSticky penci-structure-10 elementor-section elementor-top-section elementor-element elementor-element-74badfd elementor-section-boxed elementor-section-height-default elementor-section-height-default\" data-id=\"74badfd\" data-element_type=\"section\">\n\t\t\t\t\t\t<div class=\"elementor-container elementor-column-gap-default\">\n\t\t\t\t\t<div class=\"penci-ercol-100 penci-ercol-order-1 penci-sticky-ct  elementor-column elementor-col-100 elementor-top-column elementor-element elementor-element-d49acb8\" data-id=\"d49acb8\" data-element_type=\"column\">\n\t\t\t<div class=\"elementor-widget-wrap elementor-element-populated\">\n\t\t\t\t\t\t\t\t<div class=\"elementor-element elementor-element-5be70bf elementor-widget elementor-widget-html\" data-id=\"5be70bf\" data-element_type=\"widget\" data-widget_type=\"html.default\">\n\t\t\t\t<div class=\"elementor-widget-container\">\n\t\t\t<p>\r\n      A continuaci\u00f3n encontrar\u00e1s todos los beneficios del jengibre, as\u00ed como \r\n      el papel de esta planta en la detox.\r\n    <\/p>\r\n    <h2>\r\n      Jengibre y detox: la combinaci\u00f3n perfecta\r\n    <\/h2>\r\n    <p>\r\n      Al ser muy activo en casos de insuficiencia hep\u00e1tica y trastornos \r\n      digestivos que inducen al meteorismo y a la hinchaz\u00f3n, el jengibre es \r\n      una planta DETOX por excelencia.\r\n    <\/p>\r\n    <p>\r\n      Originario de la India, el jengibre (<em>Zingiber officinale<\/em>) es una \r\n      planta tropical universalmente utilizada en la cocina.\r\n    <\/p>\r\n    <p>\r\n      Se parece a un gladiolo, con hojas que se elevan como la hoja de una \r\n      espada, dispuestas alrededor de un \u00fanico tallo que termina en una \r\n      inflorescencia amarilla parecida a una orqu\u00eddea.\r\n    <\/p>\r\n    <p>\r\n      Son los rizomas los que concentran los principios activos:\r\n    <\/p>\r\n    <ul>\r\n      <li>\r\n        Gingerol\r\n      <\/li>\r\n      <li>\r\n        Jengibre\r\n      <\/li>\r\n      <li>\r\n        Felandreno\r\n      <\/li>\r\n      <li>\r\n        Linalol\r\n      <\/li>\r\n      <li>\r\n        Borneol\r\n      <\/li>\r\n      <li>\r\n        Canfeno\r\n      <\/li>\r\n      <li>\r\n        Citronnelol\r\n      <\/li>\r\n    <\/ul>\r\n    <p>\r\n      Estos rizomas grises, carnosos y nudosos, llamados<em>sringavero<\/em>&nbsp;en \r\n      s\u00e1nscrito (literalmente: con aspecto de astas de ciervo) se reducen a \r\n      polvo y se utilizan en la composici\u00f3n del famoso curry indio.\r\n    <\/p>\r\n    <p>\r\n      Sabemos que los ingleses, que ocuparon este vasto pa\u00eds durante mucho \r\n      tiempo, utilizaron ampliamente el jengibre para aromatizar sus bebidas (<em>cerveza \r\n      de jengibre<\/em>,<em>alcohol de jengibre<\/em>,<em>co\u00f1ac de jengibre<\/em>) o para \r\n      dar este sabor a nada parecido, a pimienta, a las galletas y dulces \r\n      (despu\u00e9s de haberlo confitado) que acompa\u00f1an su legendario<em>t\u00e9 de las \r\n      cinco<\/em>.\r\n    <\/p>\r\n    <p>\r\n      La cocina antillana y africana tambi\u00e9n utiliza el jengibre, en \r\n      asociaci\u00f3n con la pimienta de p\u00e1jaro, para realzar el sabor de los \r\n      platos, facilitar su digesti\u00f3n y ...dar algunas ideas a los comensales \r\n      (en relaci\u00f3n con su acci\u00f3n afrodis\u00edaca).\r\n    <\/p>\r\n    <p>\r\n      Estos usos son muy antiguos pues ya en la antig\u00fcedad Plinio destaca que \r\n      el jengibre es una planta t\u00f3nica para el est\u00f3mago, Diosc\u00f3rides dice que \r\n      &quot;despierta el ardor de los ancianos&quot;.\r\n    <\/p>\r\n    <p>\r\n      Mucho m\u00e1s tarde, Fioraventi y la escuela de Salerno indican que excita \r\n      poderosamente el amor.\r\n    <\/p>\r\n    <p>\r\n      Su vocaci\u00f3n de especia y planta medicinal justifica que el jengibre \r\n      fuera muy pronto objeto de un intenso (y lucrativo) comercio entre \r\n      Oriente y Occidente, transportado en caravanas y luego por mar.\r\n    <\/p>\r\n    <h2>\r\n      \u00bfCu\u00e1ndo utilizar el jengibre en su detox?\r\n    <\/h2>\r\n    <p>\r\n      Hoy en d\u00eda, el jengibre sigue siendo una especia popular, pero es un \r\n      suplemento diet\u00e9tico por derecho propio con m\u00faltiples indicaciones:\r\n    <\/p>\r\n    <ul>\r\n      <li>\r\n        Fatiga general (f\u00edsica y mental)\r\n      <\/li>\r\n      <li>\r\n        Digesti\u00f3n dif\u00edcil\r\n      <\/li>\r\n      <li>\r\n        Flatulencias\r\n      <\/li>\r\n      <li>\r\n        Hinchaz\u00f3n\r\n      <\/li>\r\n      <li>\r\n        Insuficiencia hepatobiliar\r\n      <\/li>\r\n      <li>\r\n        Infecciones intestinales\r\n      <\/li>\r\n      <li>\r\n        Astenia sexual\r\n      <\/li>\r\n      <li>\r\n        Disfunci\u00f3n er\u00e9ctil masculina\r\n      <\/li>\r\n    <\/ul>\t\t<\/div>\n\t\t\t\t<\/div>\n\t\t\t\t\t<\/div>\n\t\t<\/div>\n\t\t\t\t\t\t\t<\/div>\n\t\t<\/section>\n\t\t\t\t\t\t<\/div>\n\t\t\t\t\t<\/div>\n\t\t","protected":false},"excerpt":{"rendered":"<p>A continuaci\u00f3n encontrar\u00e1s todos los beneficios del jengibre, as\u00ed como el papel de esta planta&hellip;<\/p>\n","protected":false},"author":71,"featured_media":33503,"parent":17123,"menu_order":0,"comment_status":"closed","ping_status":"closed","template":"template_ES.php","meta":[],"_links":{"self":[{"href":"https:\/\/www.ericfavre.com\/lifestyle\/es\/wp-json\/wp\/v2\/pages\/17515"}],"collection":[{"href":"https:\/\/www.ericfavre.com\/lifestyle\/es\/wp-json\/wp\/v2\/pages"}],"about":[{"href":"https:\/\/www.ericfavre.com\/lifestyle\/es\/wp-json\/wp\/v2\/types\/page"}],"author":[{"embeddable":true,"href":"https:\/\/www.ericfavre.com\/lifestyle\/es\/wp-json\/wp\/v2\/users\/71"}],"replies":[{"embeddable":true,"href":"https:\/\/www.ericfavre.com\/lifestyle\/es\/wp-json\/wp\/v2\/comments?post=17515"}],"version-history":[{"count":6,"href":"https:\/\/www.ericfavre.com\/lifestyle\/es\/wp-json\/wp\/v2\/pages\/17515\/revisions"}],"predecessor-version":[{"id":17557,"href":"https:\/\/www.ericfavre.com\/lifestyle\/es\/wp-json\/wp\/v2\/pages\/17515\/revisions\/17557"}],"up":[{"embeddable":true,"href":"https:\/\/www.ericfavre.com\/lifestyle\/es\/wp-json\/wp\/v2\/pages\/17123"}],"wp:featuredmedia":[{"embeddable":true,"href":"https:\/\/www.ericfavre.com\/lifestyle\/es\/wp-json\/wp\/v2\/media\/33503"}],"wp:attachment":[{"href":"https:\/\/www.ericfavre.com\/lifestyle\/es\/wp-json\/wp\/v2\/media?parent=17515"}],"curies":[{"name":"wp","href":"https:\/\/api.w.org\/{rel}","templated":true}]}}