{"id":17564,"date":"2021-06-21T19:28:45","date_gmt":"2021-06-21T17:28:45","guid":{"rendered":"https:\/\/www.ericfavre.com\/lifestyle\/es\/?page_id=17564"},"modified":"2021-09-21T09:13:34","modified_gmt":"2021-09-21T07:13:34","slug":"detox-y-los-beneficios-del-enebro","status":"publish","type":"page","link":"https:\/\/www.ericfavre.com\/lifestyle\/es\/bienvenida\/detox\/plantas-y-detox\/detox-y-los-beneficios-del-enebro\/","title":{"rendered":"Detox Y Los Beneficios Del Enebro"},"content":{"rendered":"\t\t<div data-elementor-type=\"wp-page\" data-elementor-id=\"17564\" class=\"elementor elementor-17564\" data-elementor-settings=\"[]\">\n\t\t\t\t\t\t\t<div class=\"elementor-section-wrap\">\n\t\t\t\t\t\t\t<section class=\"penci-section penci-disSticky penci-structure-10 elementor-section elementor-top-section elementor-element elementor-element-a22cc0d elementor-section-boxed elementor-section-height-default elementor-section-height-default\" data-id=\"a22cc0d\" data-element_type=\"section\">\n\t\t\t\t\t\t<div class=\"elementor-container elementor-column-gap-default\">\n\t\t\t\t\t<div class=\"penci-ercol-100 penci-ercol-order-1 penci-sticky-ct  elementor-column elementor-col-100 elementor-top-column elementor-element elementor-element-2b4e5f4\" data-id=\"2b4e5f4\" data-element_type=\"column\">\n\t\t\t<div class=\"elementor-widget-wrap elementor-element-populated\">\n\t\t\t\t\t\t\t\t<div class=\"elementor-element elementor-element-6487bfd elementor-widget elementor-widget-html\" data-id=\"6487bfd\" data-element_type=\"widget\" data-widget_type=\"html.default\">\n\t\t\t\t<div class=\"elementor-widget-container\">\n\t\t\t<p>\r\n      Descubre todas las ventajas del Enebro, esta planta con propiedades \r\n      detox !\r\n    <\/p>\r\n    <h2>\r\n      Enebro y su importancia durante una detox\r\n    <\/h2>\r\n    <p>\r\n      El enebro, potente diur\u00e9tico, es una planta con funci\u00f3n DETOX por \r\n      excelencia.\r\n    <\/p>\r\n    <p>\r\n      Para alejar los &quot;miasmas&quot; de sus casas y purificarlas, los romanos \r\n      sol\u00edan quemar ramas de enebro. Esta palabra pict\u00f3rica evoca la necesidad \r\n      de un DETOX para liberarse de sus miasmas.\r\n    <\/p>\r\n    <p>\r\n      El enebro (<em>Juniperus communis<\/em>) toma su nombre de la palabra celta<em>Junepru<\/em>s \r\n      que significa &quot;picante&quot; en relaci\u00f3n con el particular sabor de las bayas.\r\n    <\/p>\r\n    <p>\r\n      Sus ramas dan cobijo a las liebres, cuando son perseguidas por un perro \r\n      de caza, porque su olor caracter\u00edstico las confunde.\r\n    <\/p>\r\n    <p>\r\n      El enebro es una con\u00edfera de la familia Cupressaceae.\r\n    <\/p>\r\n    <p>\r\n      Es un arbusto frondoso de 50 cm a 5 metros de altura que crece en \r\n      p\u00e1ramos, terrenos bald\u00edos y suelos calc\u00e1reos en toda Europa, de norte a \r\n      sur. Su ra\u00edz es fuerte, remando,\r\n    <\/p>\r\n    <p>\r\n      su tallo est\u00e1 ramificado desde el nivel del suelo, formando un arbusto, \r\n      su corteza es marr\u00f3n, rojiza, rugosa, sus hojas son estrechas, r\u00edgidas, \r\n      siempre verdes, y terminan con una punta afilada, que las hace parecer \r\n      agujas.\r\n    <\/p>\r\n    <p>\r\n      El fruto del enebro es una baya carnosa, de color azul negruzco, del \r\n      tama\u00f1o de un guisante, que contiene tres semillas.\r\n    <\/p>\r\n    <p>\r\n      Adem\u00e1s de su uso medicinal, las bayas de enebro se utilizan para \r\n      elaborar el famoso brandy &quot;Gin&quot; y en la cocina para realzar el sabor de \r\n      ciertos platos, por ejemplo el chucrut.\r\n    <\/p>\r\n    <p>\r\n      Todo es bueno en el enebro, terap\u00e9uticamente hablando: madera, hojas, \r\n      bayas (de las que se extrae un precioso aceite esencial).\r\n    <\/p>\r\n    <p>\r\n      Desde la antig\u00fcedad, el enebro se ha utilizado principalmente por su \r\n      espectacular acci\u00f3n diur\u00e9tica.\r\n    <\/p>\r\n    <p>\r\n      Dioscoride, el m\u00e9dico del emperador Ner\u00f3n, aconsejaba el enebro &quot;<em>para \r\n      hacer orinar<\/em>&nbsp;&quot;, para el est\u00f3mago y para los bronquios.\r\n    <\/p>\r\n    <p>\r\n      Cat\u00f3n, en el libro &quot;De rustica&quot;, menciona el vino de enebro &quot;para \r\n      inducir la orina&quot; y para aliviar el dolor de est\u00f3mago y la hinchaz\u00f3n del \r\n      vientre.\r\n    <\/p>\r\n    <p>\r\n      Matthiole recomienda el enebro como diur\u00e9tico, depurativo, \r\n      antirreum\u00e1tico y desinfectante de las v\u00edas urinarias.\r\n    <\/p>\r\n    <p>\r\n      Hace un siglo, el famoso abad S\u00e9bastien Kneipp hizo del enebro un \r\n      remedio esencial para purificar la sangre (acci\u00f3n 00010DETOX 00011 por \r\n      excelencia) y en las enfermedades de la piel.\r\n    <\/p>\r\n    <p>\r\n      Los herbolarios flamencos elaboraron el legendario &quot;Aceite de Haarlem&quot; \r\n      contra el reumatismo mezclando aceite esencial de enebro con aceite de \r\n      laurel.\r\n    <\/p>\r\n    <h2>\r\n      Composici\u00f3n, propiedades e indicaciones esenciales del Enebro para su \r\n      Detox\r\n    <\/h2>\r\n    <h3>\r\n      Composition\r\n    <\/h3>\r\n    <ul>\r\n      <li>\r\n        Juniperine\r\n      <\/li>\r\n      <li>\r\n        Alcanfor de enebro\r\n      <\/li>\r\n      <li>\r\n        Borneol\r\n      <\/li>\r\n      <li>\r\n        Isoborneol\r\n      <\/li>\r\n      <li>\r\n        Pinene\r\n      <\/li>\r\n      <li>\r\n        Camphene\r\n      <\/li>\r\n      <li>\r\n        Terpineol\r\n      <\/li>\r\n      <li>\r\n        \u00c1cido f\u00f3rmico\r\n      <\/li>\r\n      <li>\r\n        \u00c1cido ac\u00e9tico\r\n      <\/li>\r\n      <li>\r\n        \u00c1cido m\u00e1lico\r\n      <\/li>\r\n      <li>\r\n        Pectina\r\n      <\/li>\r\n      <li>\r\n        Tanino\r\n      <\/li>\r\n    <\/ul>\r\n    <h3>\r\n      &nbsp;\r\n    <\/h3>\r\n    <h3>\r\n      Propriedades\r\n    <\/h3>\r\n    <ul>\r\n      <li>\r\n        Potente diur\u00e9tico (favorece la excreci\u00f3n urinaria)\r\n      <\/li>\r\n      <li>\r\n        Depurativo (act\u00faa especialmente sobre el h\u00edgado emuntorio)\r\n      <\/li>\r\n      <li>\r\n        Antirreum\u00e1tico (favorece la eliminaci\u00f3n del \u00e1cido \u00farico)\r\n      <\/li>\r\n      <li>\r\n        Est\u00f3mago, digestivo, carminativo\r\n      <\/li>\r\n      <li>\r\n        Antis\u00e9ptico digestivo, pulmonar, urinario, sanguinolento\r\n      <\/li>\r\n      <li>\r\n        T\u00f3nico general para las funciones viscerales\r\n      <\/li>\r\n      <li>\r\n        Agente hipoglucemiante\r\n      <\/li>\r\n      <li>\r\n        Sudorifico\r\n      <\/li>\r\n    <\/ul>\r\n    <h3>\r\n      &nbsp;\r\n    <\/h3>\r\n    <h3>\r\n      Indicaciones\r\n    <\/h3>\r\n    <ul>\r\n      <li>\r\n        Obesidad, sobrepeso\r\n      <\/li>\r\n      <li>\r\n        Edemas\r\n      <\/li>\r\n      <li>\r\n        Reumatismo, artrosis, artritis, gota ...\r\n      <\/li>\r\n      <li>\r\n        Dermatosis\r\n      <\/li>\r\n      <li>\r\n        Pereza del h\u00edgado\r\n      <\/li>\r\n      <li>\r\n        Digesti\u00f3n lenta, hinchaz\u00f3n\r\n      <\/li>\r\n      <li>\r\n        Cistitis urinaria\r\n      <\/li>\r\n      <li>\r\n        Albuminuria\r\n      <\/li>\r\n      <li>\r\n        Fermentaciones intestinales\r\n      <\/li>\r\n      <li>\r\n        Colibacilosis\r\n      <\/li>\r\n      <li>\r\n        Aterosclerosis\r\n      <\/li>\r\n      <li>\r\n        Menstruaci\u00f3n dolorosa\r\n      <\/li>\r\n      <li>\r\n        Diabetes\r\n      <\/li>\r\n      <li>\r\n        Coriza, rinitis\r\n      <\/li>\r\n      <li>\r\n        Estados febriles\r\n      <\/li>\r\n    <\/ul>\t\t<\/div>\n\t\t\t\t<\/div>\n\t\t\t\t\t<\/div>\n\t\t<\/div>\n\t\t\t\t\t\t\t<\/div>\n\t\t<\/section>\n\t\t\t\t\t\t<\/div>\n\t\t\t\t\t<\/div>\n\t\t","protected":false},"excerpt":{"rendered":"<p>Descubre todas las ventajas del Enebro, esta planta con propiedades detox ! Enebro y su&hellip;<\/p>\n","protected":false},"author":71,"featured_media":33517,"parent":17123,"menu_order":0,"comment_status":"closed","ping_status":"closed","template":"template_ES.php","meta":[],"_links":{"self":[{"href":"https:\/\/www.ericfavre.com\/lifestyle\/es\/wp-json\/wp\/v2\/pages\/17564"}],"collection":[{"href":"https:\/\/www.ericfavre.com\/lifestyle\/es\/wp-json\/wp\/v2\/pages"}],"about":[{"href":"https:\/\/www.ericfavre.com\/lifestyle\/es\/wp-json\/wp\/v2\/types\/page"}],"author":[{"embeddable":true,"href":"https:\/\/www.ericfavre.com\/lifestyle\/es\/wp-json\/wp\/v2\/users\/71"}],"replies":[{"embeddable":true,"href":"https:\/\/www.ericfavre.com\/lifestyle\/es\/wp-json\/wp\/v2\/comments?post=17564"}],"version-history":[{"count":6,"href":"https:\/\/www.ericfavre.com\/lifestyle\/es\/wp-json\/wp\/v2\/pages\/17564\/revisions"}],"predecessor-version":[{"id":17606,"href":"https:\/\/www.ericfavre.com\/lifestyle\/es\/wp-json\/wp\/v2\/pages\/17564\/revisions\/17606"}],"up":[{"embeddable":true,"href":"https:\/\/www.ericfavre.com\/lifestyle\/es\/wp-json\/wp\/v2\/pages\/17123"}],"wp:featuredmedia":[{"embeddable":true,"href":"https:\/\/www.ericfavre.com\/lifestyle\/es\/wp-json\/wp\/v2\/media\/33517"}],"wp:attachment":[{"href":"https:\/\/www.ericfavre.com\/lifestyle\/es\/wp-json\/wp\/v2\/media?parent=17564"}],"curies":[{"name":"wp","href":"https:\/\/api.w.org\/{rel}","templated":true}]}}