{"id":17613,"date":"2021-06-21T19:29:27","date_gmt":"2021-06-21T17:29:27","guid":{"rendered":"https:\/\/www.ericfavre.com\/lifestyle\/es\/?page_id=17613"},"modified":"2021-09-21T09:14:00","modified_gmt":"2021-09-21T07:14:00","slug":"detox-y-los-beneficios-de-la-garcinia","status":"publish","type":"page","link":"https:\/\/www.ericfavre.com\/lifestyle\/es\/bienvenida\/detox\/plantas-y-detox\/detox-y-los-beneficios-de-la-garcinia\/","title":{"rendered":"Detox Y Los Beneficios De La Garcinia"},"content":{"rendered":"\t\t<div data-elementor-type=\"wp-page\" data-elementor-id=\"17613\" class=\"elementor elementor-17613\" data-elementor-settings=\"[]\">\n\t\t\t\t\t\t\t<div class=\"elementor-section-wrap\">\n\t\t\t\t\t\t\t<section class=\"penci-section penci-disSticky penci-structure-10 elementor-section elementor-top-section elementor-element elementor-element-86cd51f elementor-section-boxed elementor-section-height-default elementor-section-height-default\" data-id=\"86cd51f\" data-element_type=\"section\">\n\t\t\t\t\t\t<div class=\"elementor-container elementor-column-gap-default\">\n\t\t\t\t\t<div class=\"penci-ercol-100 penci-ercol-order-1 penci-sticky-ct  elementor-column elementor-col-100 elementor-top-column elementor-element elementor-element-9562a68\" data-id=\"9562a68\" data-element_type=\"column\">\n\t\t\t<div class=\"elementor-widget-wrap elementor-element-populated\">\n\t\t\t\t\t\t\t\t<div class=\"elementor-element elementor-element-0cc8c83 elementor-widget elementor-widget-html\" data-id=\"0cc8c83\" data-element_type=\"widget\" data-widget_type=\"html.default\">\n\t\t\t\t<div class=\"elementor-widget-container\">\n\t\t\t<p>\r\n      DETOX se asocia muy a menudo, y con raz\u00f3n, con el adelgazamiento, por lo \r\n      que la garcinia, un potente actor de la lipog\u00e9nesis, se encuentra en \r\n      muchos productos adelgazantes.\r\n    <\/p>\r\n    <p>\r\n      La Garcinia cambogia es un \u00e1rbol frutal de la familia Clusaciae, que se \r\n      cultiva en el sur de la India, las islas Sunda, Malasia y Tailandia, \r\n      pa\u00edses asi\u00e1ticos de la zona intertropical donde se conoce como \r\n      mangost\u00e1n. Una gran planta para una cura de detox !\r\n    <\/p>\r\n    <h2>\r\n      Detox y garcinia: una combinaci\u00f3n eficaz\r\n    <\/h2>\r\n    <p>\r\n      La fruta tiene el tama\u00f1o de una clementina grande, su envoltura es una \r\n      c\u00e1scara gruesa, como la de una naranja.\r\n    <\/p>\r\n    <p>\r\n      La pulpa del fruto es blanca. La fruta se divide en varios cuartos, su \r\n      sabor es dulce y recuerda al melocot\u00f3n, la pi\u00f1a y la frambuesa.\r\n    <\/p>\r\n    <p>\r\n      Esta deliciosa fruta es la m\u00e1s famosa en la India, donde se la denomina \r\n      el pr\u00edncipe de las frutas, se vende en los mercados donde tiene un gran \r\n      \u00e9xito.\r\n    <\/p>\r\n    <p>\r\n      Y esta fruta tambi\u00e9n tiene virtudes terap\u00e9uticas. Los boticarios indios \r\n      recetan a las personas cansadas la corteza seca del fruto de la \r\n      Garcinia, que contiene una cantidad importante de vitamina C.\r\n    <\/p>\r\n    <p>\r\n      Pero esta corteza de Garcinia tambi\u00e9n contiene el preciado \u00e1cido \r\n      hidroxic\u00edtrico de la fruta, abreviado como HCA (\u00c1cido Hidroxic\u00edtrico).\r\n    <\/p>\r\n    <p>\r\n      Estudios estadounidenses han demostrado que la Garcinia HCA inhibe la \r\n      acci\u00f3n de la enzima<em>ATP citrasa liasa<\/em>que desempe\u00f1a un papel clave en \r\n      el almacenamiento de los \u00e1cidos grasos del quimo alimentario.\r\n    <\/p>\r\n    <h2>\r\n      La carcinia frena as\u00ed la lipog\u00e9nesis\r\n    <\/h2>\r\n    <p>\r\n      Otros estudios han demostrado experimentalmente que el HCA promueve la \r\n      quema de la grasa almacenada en los adipocitos. Bajo la acci\u00f3n del HCA, \r\n      se facilita eficazmente el metabolismo de la transformaci\u00f3n de los \r\n      l\u00edpidos en energ\u00eda. Se puede decir que el HCA quema las grasas despu\u00e9s \r\n      de contribuir a su despoblamiento.\r\n    <\/p>\r\n    <p>\r\n      As\u00ed es como funciona: el HCA favorece la descomposici\u00f3n de las grasas \r\n      almacenadas en los adipocitos, acelera su movilizaci\u00f3n y facilita su \r\n      cruce de las membranas celulares para llegar a las mitocondrias, las \r\n      centrales t\u00e9rmicas del organismo donde se queman.\r\n    <\/p>\r\n    <h2>\r\n      La Garcinia contribuye as\u00ed activamente a la combusti\u00f3n de las grasas \r\n      responsables de la obesidad\r\n    <\/h2>\r\n    <p>\r\n      Otra serie de estudios (en Estados Unidos) ha demostrado que la Garcinia \r\n      HCA act\u00faa en la reducci\u00f3n del apetito saturando el glucoreceptor \r\n      hep\u00e1tico responsable del almacenamiento de gluc\u00f3geno tras el catabolismo \r\n      de los carbohidratos.\r\n    <\/p>\r\n    <p>\r\n      Un mensaje de saciedad es enviado al cerebro, y la neuro-mediaci\u00f3n \r\n      inducida detiene el impulso de comer, esto hace que la Garcinia sea un \r\n      aut\u00e9ntico supresor del apetito.\r\n    <\/p>\r\n    <p>\r\n      Tiene por tanto un total de 3 acciones complementarias DETOX de \r\n      adelgazamiento.\r\n    <\/p>\t\t<\/div>\n\t\t\t\t<\/div>\n\t\t\t\t\t<\/div>\n\t\t<\/div>\n\t\t\t\t\t\t\t<\/div>\n\t\t<\/section>\n\t\t\t\t\t\t<\/div>\n\t\t\t\t\t<\/div>\n\t\t","protected":false},"excerpt":{"rendered":"<p>DETOX se asocia muy a menudo, y con raz\u00f3n, con el adelgazamiento, por lo que&hellip;<\/p>\n","protected":false},"author":71,"featured_media":33524,"parent":17123,"menu_order":0,"comment_status":"closed","ping_status":"closed","template":"template_ES.php","meta":[],"_links":{"self":[{"href":"https:\/\/www.ericfavre.com\/lifestyle\/es\/wp-json\/wp\/v2\/pages\/17613"}],"collection":[{"href":"https:\/\/www.ericfavre.com\/lifestyle\/es\/wp-json\/wp\/v2\/pages"}],"about":[{"href":"https:\/\/www.ericfavre.com\/lifestyle\/es\/wp-json\/wp\/v2\/types\/page"}],"author":[{"embeddable":true,"href":"https:\/\/www.ericfavre.com\/lifestyle\/es\/wp-json\/wp\/v2\/users\/71"}],"replies":[{"embeddable":true,"href":"https:\/\/www.ericfavre.com\/lifestyle\/es\/wp-json\/wp\/v2\/comments?post=17613"}],"version-history":[{"count":6,"href":"https:\/\/www.ericfavre.com\/lifestyle\/es\/wp-json\/wp\/v2\/pages\/17613\/revisions"}],"predecessor-version":[{"id":17655,"href":"https:\/\/www.ericfavre.com\/lifestyle\/es\/wp-json\/wp\/v2\/pages\/17613\/revisions\/17655"}],"up":[{"embeddable":true,"href":"https:\/\/www.ericfavre.com\/lifestyle\/es\/wp-json\/wp\/v2\/pages\/17123"}],"wp:featuredmedia":[{"embeddable":true,"href":"https:\/\/www.ericfavre.com\/lifestyle\/es\/wp-json\/wp\/v2\/media\/33524"}],"wp:attachment":[{"href":"https:\/\/www.ericfavre.com\/lifestyle\/es\/wp-json\/wp\/v2\/media?parent=17613"}],"curies":[{"name":"wp","href":"https:\/\/api.w.org\/{rel}","templated":true}]}}