{"id":17662,"date":"2021-06-21T19:30:14","date_gmt":"2021-06-21T17:30:14","guid":{"rendered":"https:\/\/www.ericfavre.com\/lifestyle\/es\/?page_id=17662"},"modified":"2021-09-21T09:14:24","modified_gmt":"2021-09-21T07:14:24","slug":"detox-y-los-beneficios-del-fresno","status":"publish","type":"page","link":"https:\/\/www.ericfavre.com\/lifestyle\/es\/bienvenida\/detox\/plantas-y-detox\/detox-y-los-beneficios-del-fresno\/","title":{"rendered":"Detox Y Los Beneficios Del Fresno"},"content":{"rendered":"\t\t<div data-elementor-type=\"wp-page\" data-elementor-id=\"17662\" class=\"elementor elementor-17662\" data-elementor-settings=\"[]\">\n\t\t\t\t\t\t\t<div class=\"elementor-section-wrap\">\n\t\t\t\t\t\t\t<section class=\"penci-section penci-disSticky penci-structure-10 elementor-section elementor-top-section elementor-element elementor-element-1461943 elementor-section-boxed elementor-section-height-default elementor-section-height-default\" data-id=\"1461943\" data-element_type=\"section\">\n\t\t\t\t\t\t<div class=\"elementor-container elementor-column-gap-default\">\n\t\t\t\t\t<div class=\"penci-ercol-100 penci-ercol-order-1 penci-sticky-ct  elementor-column elementor-col-100 elementor-top-column elementor-element elementor-element-a3e874c\" data-id=\"a3e874c\" data-element_type=\"column\">\n\t\t\t<div class=\"elementor-widget-wrap elementor-element-populated\">\n\t\t\t\t\t\t\t\t<div class=\"elementor-element elementor-element-7792918 elementor-widget elementor-widget-html\" data-id=\"7792918\" data-element_type=\"widget\" data-widget_type=\"html.default\">\n\t\t\t\t<div class=\"elementor-widget-container\">\n\t\t\t<p>\r\n      Descubre a continuaci\u00f3n todos los beneficios del fresno, una planta \r\n      desintoxicante.\r\n    <\/p>\r\n    <h2>\r\n      Los beneficios del fresno para tu detox\r\n    <\/h2>\r\n    <p>\r\n      El \u00e1cido \u00farico es un producto de desecho metab\u00f3lico que se deposita en \r\n      particular en el dedo gordo del pie, causando la tan dolorosa gota, pero \r\n      tambi\u00e9n en los tejidos de las c\u00e1psulas articulares, agravando la \r\n      degeneraci\u00f3n del cart\u00edlago caracter\u00edstica de la artrosis.\r\n    <\/p>\r\n    <p>\r\n      La excreci\u00f3n de \u00e1cido \u00farico es, por tanto, un objetivo prioritario del \r\n      DETOX.\r\n    <\/p>\r\n    <p>\r\n      La ceniza contribuye activamente a esta acci\u00f3n DETOX, por lo que se \r\n      encuentra en LIQUID BURNER ERIC FAVRE.\r\n    <\/p>\r\n    <p>\r\n      En la \u00e9poca en que a\u00fan exist\u00edan los herbolarios, las hojas de fresno \r\n      eran la base de todos los preparados para combatir el reumatismo. El \r\n      profesor Binet, decano de la Facultad de Medicina de Par\u00eds, escribi\u00f3 a \r\n      principios del siglo XX que &quot;el fresno es el \u00e1rbol antigolpe y \r\n      antirreum\u00e1tico por excelencia&quot;.\r\n    <\/p>\r\n    <h2>\r\n      Las propiedades del fresno y su acci\u00f3n en la detox\r\n    <\/h2>\r\n    <p>\r\n      Apodada la &quot;quina de Europa&quot; por sus propiedades febr\u00edfugas (baja la \r\n      fiebre) las personas con reumatismo, seg\u00fan las tradiciones populares \r\n      ancestrales, asociaban el fresno, la reina de los prados, el grosellero \r\n      negro y la albura de tilo.\r\n    <\/p>\r\n    <p>\r\n      Este hermoso y esbelto \u00e1rbol (<em>Fraxinus excelsior<\/em>), originario de \r\n      las regiones septentrionales de nuestro continente, es muy conocido \r\n      porque tolera los climas fr\u00edos.\r\n    <\/p>\r\n    <p>\r\n      Para el uso antirreum\u00e1tico, se utilizan las hojas que son ricas en una \r\n      mol\u00e9cula, el rut\u00f3sido, alcaloide con propiedades antiinflamatorias \r\n      comprobadas experimentalmente.\r\n    <\/p>\r\n    <p>\r\n      El alivio de la artrosis se acelera cuando se reabsorbe la inflamaci\u00f3n \r\n      articular.\r\n    <\/p>\r\n    <p>\r\n      Las hojas de fresno tambi\u00e9n contienen dos sustancias con efecto \r\n      diur\u00e9tico y depurativo, la fraxinita y la fraxinina.\r\n    <\/p>\r\n    <p>\r\n      La eficacia del fresno para combatir la gota se debe a esta doble acci\u00f3n \r\n      que permite eliminar el \u00e1cido \u00farico concentrado en el dedo gordo.\r\n    <\/p>\r\n    <p>\r\n      Y en la artrosis, tambi\u00e9n hay una sobrecarga de \u00e1cido \u00farico, que se \r\n      a\u00f1ade a los restos de cart\u00edlago para &quot;obstruir&quot; la articulaci\u00f3n, \r\n      aumentando la inflamaci\u00f3n y el dolor.\r\n    <\/p>\r\n    <p>\r\n      En general, el fresno es beneficioso en cualquier acci\u00f3n DETOX relativa \r\n      a una persona con reumatismo en el sentido m\u00e1s amplio del t\u00e9rmino (que \r\n      no se limita a la gota y la artrosis, hay muchas otras afecciones \r\n      reum\u00e1ticas).\r\n    <\/p>\t\t<\/div>\n\t\t\t\t<\/div>\n\t\t\t\t\t<\/div>\n\t\t<\/div>\n\t\t\t\t\t\t\t<\/div>\n\t\t<\/section>\n\t\t\t\t\t\t<\/div>\n\t\t\t\t\t<\/div>\n\t\t","protected":false},"excerpt":{"rendered":"<p>Descubre a continuaci\u00f3n todos los beneficios del fresno, una planta desintoxicante. Los beneficios del fresno&hellip;<\/p>\n","protected":false},"author":71,"featured_media":33531,"parent":17123,"menu_order":0,"comment_status":"closed","ping_status":"closed","template":"template_ES.php","meta":[],"_links":{"self":[{"href":"https:\/\/www.ericfavre.com\/lifestyle\/es\/wp-json\/wp\/v2\/pages\/17662"}],"collection":[{"href":"https:\/\/www.ericfavre.com\/lifestyle\/es\/wp-json\/wp\/v2\/pages"}],"about":[{"href":"https:\/\/www.ericfavre.com\/lifestyle\/es\/wp-json\/wp\/v2\/types\/page"}],"author":[{"embeddable":true,"href":"https:\/\/www.ericfavre.com\/lifestyle\/es\/wp-json\/wp\/v2\/users\/71"}],"replies":[{"embeddable":true,"href":"https:\/\/www.ericfavre.com\/lifestyle\/es\/wp-json\/wp\/v2\/comments?post=17662"}],"version-history":[{"count":6,"href":"https:\/\/www.ericfavre.com\/lifestyle\/es\/wp-json\/wp\/v2\/pages\/17662\/revisions"}],"predecessor-version":[{"id":17704,"href":"https:\/\/www.ericfavre.com\/lifestyle\/es\/wp-json\/wp\/v2\/pages\/17662\/revisions\/17704"}],"up":[{"embeddable":true,"href":"https:\/\/www.ericfavre.com\/lifestyle\/es\/wp-json\/wp\/v2\/pages\/17123"}],"wp:featuredmedia":[{"embeddable":true,"href":"https:\/\/www.ericfavre.com\/lifestyle\/es\/wp-json\/wp\/v2\/media\/33531"}],"wp:attachment":[{"href":"https:\/\/www.ericfavre.com\/lifestyle\/es\/wp-json\/wp\/v2\/media?parent=17662"}],"curies":[{"name":"wp","href":"https:\/\/api.w.org\/{rel}","templated":true}]}}