{"id":17760,"date":"2021-06-21T19:31:36","date_gmt":"2021-06-21T17:31:36","guid":{"rendered":"https:\/\/www.ericfavre.com\/lifestyle\/es\/?page_id=17760"},"modified":"2021-09-21T09:15:18","modified_gmt":"2021-09-21T07:15:18","slug":"detox-y-los-beneficios-de-la-canela","status":"publish","type":"page","link":"https:\/\/www.ericfavre.com\/lifestyle\/es\/bienvenida\/detox\/plantas-y-detox\/detox-y-los-beneficios-de-la-canela\/","title":{"rendered":"Detox Y Los Beneficios De La Canela"},"content":{"rendered":"\t\t<div data-elementor-type=\"wp-page\" data-elementor-id=\"17760\" class=\"elementor elementor-17760\" data-elementor-settings=\"[]\">\n\t\t\t\t\t\t\t<div class=\"elementor-section-wrap\">\n\t\t\t\t\t\t\t<section class=\"penci-section penci-disSticky penci-structure-10 elementor-section elementor-top-section elementor-element elementor-element-68d83fc elementor-section-boxed elementor-section-height-default elementor-section-height-default\" data-id=\"68d83fc\" data-element_type=\"section\">\n\t\t\t\t\t\t<div class=\"elementor-container elementor-column-gap-default\">\n\t\t\t\t\t<div class=\"penci-ercol-100 penci-ercol-order-1 penci-sticky-ct  elementor-column elementor-col-100 elementor-top-column elementor-element elementor-element-7de9089\" data-id=\"7de9089\" data-element_type=\"column\">\n\t\t\t<div class=\"elementor-widget-wrap elementor-element-populated\">\n\t\t\t\t\t\t\t\t<div class=\"elementor-element elementor-element-0ab1de3 elementor-widget elementor-widget-html\" data-id=\"0ab1de3\" data-element_type=\"widget\" data-widget_type=\"html.default\">\n\t\t\t\t<div class=\"elementor-widget-container\">\n\t\t\t<p>\r\n      Descubre los beneficios y propiedades de la canela como parte de un \r\n      tratamiento de detox. Es una de las plantas ideales para la detox !\r\n    <\/p>\r\n    <h2>\r\n      \u00bfPor qu\u00e9 incorporar la canela a tu detox?\r\n    <\/h2>\r\n    <p>\r\n      Su notable eficacia DETOX (efecto vientre plano) en caso de hinchaz\u00f3n \r\n      digestiva, la estimulaci\u00f3n del tr\u00e1nsito y las secreciones hepatobiliares \r\n      que provoca justifican la presencia de la canela en su detox.\r\n    <\/p>\r\n    <p>\r\n      El \u00e1rbol de la canela (<em>Cinnamomum verum<\/em>) es originario de la India \r\n      y de las islas del Oc\u00e9ano \u00cdndico: Madagascar, Seychelles, Ceil\u00e1n (actual \r\n      Sri Lanka).\r\n    <\/p>\r\n    <p>\r\n      Es un peque\u00f1o \u00e1rbol de hoja perenne.Su parte activa es la corteza, que \r\n      se presenta en forma de tubos delgados y alargados con una superficie \r\n      exterior lisa, marr\u00f3n y finamente estriada, conocida como &quot;bastones&quot;.\r\n    <\/p>\r\n    <p>\r\n      Esta corteza siempre ha fascinado a los hombres, es la famosa \r\n      &quot;emu-canela&quot; mencionada en el Cantar de los Cantares.\r\n    <\/p>\r\n    <p>\r\n      En la antig\u00fcedad era, junto con la pimienta, la especia m\u00e1s codiciada y \r\n      cara. El libro de las<em>Mil y una noches<\/em>&nbsp;la alaba:&quot; La canela no tiene \r\n      rival &quot;.\r\n    <\/p>\r\n    <p>\r\n      Marco Polo en su Libro de las Maravillas escribe &quot;<em>La canela del \r\n      reino indio de Malabar permite hacer una bebida que da la inmortalidad<\/em>&nbsp;&quot;.\r\n    <\/p>\r\n    <p>\r\n      Formaba parte de la composici\u00f3n del hypocras, un vino con especias \r\n      tonificantes y fortificantes mencionado en el Pantagruel de Rabelais.\r\n    <\/p>\r\n    <p>\r\n      En la Edad Media, la mayor\u00eda de los platos se aromatizaban con canela, \r\n      que ten\u00eda fama de afrodis\u00edaca.\r\n    <\/p>\r\n    <p>\r\n      En la medicina tradicional ayurv\u00e9dica, la canela ocupa un lugar \r\n      importante, ya que se utiliza para tratar problemas g\u00e1stricos, diarrea, \r\n      n\u00e1useas, flatulencia, v\u00f3mitos, tambi\u00e9n fiebres, dolores de cabeza, asma, \r\n      bronquitis, anemia, anorexia, debilidad sexual, problemas card\u00edacos, \r\n      diabetes, inflamaci\u00f3n, reumatismo...\r\n    <\/p>\r\n    <h3>\r\n      Es cierto que concentra una serie de mol\u00e9culas beneficiosas:\r\n    <\/h3>\r\n    <ul>\r\n      <li>\r\n        Cinnamaldeh\u00eddos que tienen la propiedad de regular los niveles de \r\n        az\u00facar en sangre\r\n      <\/li>\r\n      <li>\r\n        Proantocianidinas con funci\u00f3n antioxidante\r\n      <\/li>\r\n      <li>\r\n        El eugenol es reconocido como un antis\u00e9ptico natural\r\n      <\/li>\r\n      <li>\r\n        Alcanfor\r\n      <\/li>\r\n      <li>\r\n        Cineol\r\n      <\/li>\r\n      <li>\r\n        Felandreno\r\n      <\/li>\r\n      <li>\r\n        Cariofileno\r\n      <\/li>\r\n    <\/ul>\r\n    <h3>\r\n      Indications\r\n    <\/h3>\r\n    <ul>\r\n      <li>\r\n        <ul>\r\n          <li>\r\n            Diabetes de tipo II, tambi\u00e9n conocida como &quot;diabetes grasa &quot;\r\n          <\/li>\r\n          <li>\r\n            Obesidad\r\n          <\/li>\r\n          <li>\r\n            Hipertensi\u00f3n\r\n          <\/li>\r\n          <li>\r\n            Hypercholest\u00e9rol\u00e9mie\r\n          <\/li>\r\n          <li>\r\n            Hypertriglyc\u00e9rid\u00e9mie\r\n          <\/li>\r\n          <li>\r\n            Hiperlipidemia\r\n          <\/li>\r\n          <li>\r\n            Digesti\u00f3n lenta\r\n          <\/li>\r\n          <li>\r\n            Hinchaz\u00f3n\r\n          <\/li>\r\n          <li>\r\n            Flatulencias\r\n          <\/li>\r\n          <li>\r\n            Espasmos g\u00e1stricos\r\n          <\/li>\r\n          <li>\r\n            Espasmos intestinales\r\n          <\/li>\r\n          <li>\r\n            Insuficiencia hep\u00e1tica\r\n          <\/li>\r\n          <li>\r\n            Ralentizaci\u00f3n del tr\u00e1nsito\r\n          <\/li>\r\n          <li>\r\n            Inmunodepresi\u00f3n\r\n          <\/li>\r\n          <li>\r\n            Condiciones recurrentes\r\n          <\/li>\r\n          <li>\r\n            Estados de la gripe\r\n          <\/li>\r\n        <\/ul>\r\n      <\/li>\r\n    <\/ul>\r\n    <ul>\r\n      <li>\r\n        Par\u00e1sitos intestinales\r\n      <\/li>\r\n      <li>\r\n        Disfunci\u00f3n er\u00e9ctil masculina\r\n      <\/li>\r\n    <\/ul>\t\t<\/div>\n\t\t\t\t<\/div>\n\t\t\t\t\t<\/div>\n\t\t<\/div>\n\t\t\t\t\t\t\t<\/div>\n\t\t<\/section>\n\t\t\t\t\t\t<\/div>\n\t\t\t\t\t<\/div>\n\t\t","protected":false},"excerpt":{"rendered":"<p>Descubre los beneficios y propiedades de la canela como parte de un tratamiento de detox.&hellip;<\/p>\n","protected":false},"author":71,"featured_media":33545,"parent":17123,"menu_order":0,"comment_status":"closed","ping_status":"closed","template":"template_ES.php","meta":[],"_links":{"self":[{"href":"https:\/\/www.ericfavre.com\/lifestyle\/es\/wp-json\/wp\/v2\/pages\/17760"}],"collection":[{"href":"https:\/\/www.ericfavre.com\/lifestyle\/es\/wp-json\/wp\/v2\/pages"}],"about":[{"href":"https:\/\/www.ericfavre.com\/lifestyle\/es\/wp-json\/wp\/v2\/types\/page"}],"author":[{"embeddable":true,"href":"https:\/\/www.ericfavre.com\/lifestyle\/es\/wp-json\/wp\/v2\/users\/71"}],"replies":[{"embeddable":true,"href":"https:\/\/www.ericfavre.com\/lifestyle\/es\/wp-json\/wp\/v2\/comments?post=17760"}],"version-history":[{"count":6,"href":"https:\/\/www.ericfavre.com\/lifestyle\/es\/wp-json\/wp\/v2\/pages\/17760\/revisions"}],"predecessor-version":[{"id":17802,"href":"https:\/\/www.ericfavre.com\/lifestyle\/es\/wp-json\/wp\/v2\/pages\/17760\/revisions\/17802"}],"up":[{"embeddable":true,"href":"https:\/\/www.ericfavre.com\/lifestyle\/es\/wp-json\/wp\/v2\/pages\/17123"}],"wp:featuredmedia":[{"embeddable":true,"href":"https:\/\/www.ericfavre.com\/lifestyle\/es\/wp-json\/wp\/v2\/media\/33545"}],"wp:attachment":[{"href":"https:\/\/www.ericfavre.com\/lifestyle\/es\/wp-json\/wp\/v2\/media?parent=17760"}],"curies":[{"name":"wp","href":"https:\/\/api.w.org\/{rel}","templated":true}]}}