{"id":1779,"date":"2021-06-03T19:34:20","date_gmt":"2021-06-03T17:34:20","guid":{"rendered":"https:\/\/www.ericfavre.com\/lifestyle\/es\/?page_id=1779"},"modified":"2021-12-28T16:02:21","modified_gmt":"2021-12-28T15:02:21","slug":"activos-ernergeticos","status":"publish","type":"page","link":"https:\/\/www.ericfavre.com\/lifestyle\/es\/bienvenida\/nutricion-deportiva\/complementos-alimenticios\/complementos-alimenticios-segun-sus-objetivos-deportivos\/pre-entrenamiento\/activos-ernergeticos\/","title":{"rendered":"ACTIVOS ERNERG\u00c9TICOS"},"content":{"rendered":"\t\t<div data-elementor-type=\"wp-page\" data-elementor-id=\"1779\" class=\"elementor elementor-1779\" data-elementor-settings=\"[]\">\n\t\t\t\t\t\t\t<div class=\"elementor-section-wrap\">\n\t\t\t\t\t\t\t<section class=\"penci-section penci-disSticky penci-structure-10 elementor-section elementor-top-section elementor-element elementor-element-2fb2785 elementor-section-boxed elementor-section-height-default elementor-section-height-default\" data-id=\"2fb2785\" data-element_type=\"section\">\n\t\t\t\t\t\t<div class=\"elementor-container elementor-column-gap-default\">\n\t\t\t\t\t<div class=\"penci-ercol-100 penci-ercol-order-1 penci-sticky-ct  elementor-column elementor-col-100 elementor-top-column elementor-element elementor-element-b8360b6\" data-id=\"b8360b6\" data-element_type=\"column\">\n\t\t\t<div class=\"elementor-widget-wrap elementor-element-populated\">\n\t\t\t\t\t\t\t\t<div class=\"elementor-element elementor-element-8773f02 elementor-widget elementor-widget-html\" data-id=\"8773f02\" data-element_type=\"widget\" data-widget_type=\"html.default\">\n\t\t\t\t<div class=\"elementor-widget-container\">\n\t\t\t<p>\r\n      Con la agitada vida que todos llevamos, es bueno conocer y consumir \r\n      alimentos que nos aporten energ\u00eda.\r\n    <\/p>\r\n    <p>\r\n      Para llenarse de vitalidad, puede contar con las plantas, en cura o \r\n      tratamiento de ataque, las plantas aportan todo lo que el cuerpo \r\n      necesita para regenerarse y alcanzar un tono \u00f3ptimo.\r\n    <\/p>\r\n    <p>\r\n      Cada planta tiene sus propias propiedades especiales y puede utilizarse \r\n      en muchos casos diferentes.\r\n    <\/p>\r\n    <p>\r\n      Ll\u00e9nate de energ\u00eda antes de empezar tu sesi\u00f3n deportiva !\r\n    <\/p>\r\n    <h2>\r\n      PARA APOYAR UN ESFUERZO\r\n    <\/h2>\r\n    <ul>\r\n      <li>\r\n        El ginseng es la planta antifatiga y tonificante por excelencia.Mejora \r\n        el rendimiento tanto f\u00edsico como intelectual y est\u00e1 indicado para \r\n        combatir el exceso de trabajo y la fatiga temporal.\r\n      <\/li>\r\n    <\/ul>\r\n    <p>\r\n      \r\n    <\/p>\r\n    <ul>\r\n      <li>\r\n        La acerola&nbsp;&nbsp;es una planta conocida por su excepcional contenido en \r\n        vitamina C, \u00a1100 veces superior al de la naranja! Es esta riqueza \r\n        natural en vitamina C la que la convierte en una excelente planta \r\n        t\u00f3nica. La acerola refuerza las defensas del organismo, por lo que \r\n        est\u00e1 perfectamente indicada para tratar la fatiga temporal y prevenir \r\n        las infecciones invernales.\r\n      <\/li>\r\n    <\/ul>\r\n    <p>\r\n      \r\n    <\/p>\r\n    <ul>\r\n      <li>\r\n        Las semillas de kola son ricas en cafe\u00edna y teobromina, dos sustancias \r\n        conocidas por sus propiedades estimulantes del sistema nervioso y \r\n        muscular, por ello, la kola se recomienda especialmente como \r\n        estimulante en caso de fatiga f\u00edsica o intelectual.\r\n      <\/li>\r\n    <\/ul>\r\n    <h2>\r\n      PARA AUMENTAR LA RESISTENCIA\r\n    <\/h2>\r\n    <ul>\r\n      <li>\r\n        La baya del sa\u00faco negra protege el organismo contra los virus y los \r\n        microbios, tiene interesantes virtudes depurativas y diur\u00e9ticas para \r\n        eliminar las toxinas.\r\n      <\/li>\r\n    <\/ul>\r\n    <p>\r\n      \r\n    <\/p>\r\n    <ul>\r\n      <li>\r\n        La achicoria ayuda a prevenir los problemas digestivos gracias a su \r\n        concentraci\u00f3n rica en inulina, un az\u00facar vegetal que estimula y \r\n        restaura la flora intestinal, respetando su equilibrio.\r\n      <\/li>\r\n    <\/ul>\r\n    <h2>\r\n      PARA RECARGAR LAS BATER\u00cdAS\r\n    <\/h2>\r\n    <ul>\r\n      <li>\r\n        El germen de trigo es un concentrado de vitaminas y minerales \r\n        esenciales. Especialmente rico en vitamina B, el germen de trigo \r\n        tambi\u00e9n contiene mucha vitamina E, un antioxidante natural.\r\n      <\/li>\r\n    <\/ul>\r\n    <p>\r\n      \r\n    <\/p>\r\n    <ul>\r\n      <li>\r\n        La avena destaca por su riqueza en vitaminas, minerales, prote\u00ednas de \r\n        f\u00e1cil asimilaci\u00f3n y ayuda a combatir el estr\u00e9s y el insomnio.\r\n      <\/li>\r\n    <\/ul>\t\t<\/div>\n\t\t\t\t<\/div>\n\t\t\t\t\t<\/div>\n\t\t<\/div>\n\t\t\t\t\t\t\t<\/div>\n\t\t<\/section>\n\t\t\t\t\t\t<\/div>\n\t\t\t\t\t<\/div>\n\t\t","protected":false},"excerpt":{"rendered":"<p>Con la agitada vida que todos llevamos, es bueno conocer y consumir alimentos que nos&hellip;<\/p>\n","protected":false},"author":71,"featured_media":33720,"parent":1513,"menu_order":0,"comment_status":"closed","ping_status":"closed","template":"template_ES.php","meta":[],"_links":{"self":[{"href":"https:\/\/www.ericfavre.com\/lifestyle\/es\/wp-json\/wp\/v2\/pages\/1779"}],"collection":[{"href":"https:\/\/www.ericfavre.com\/lifestyle\/es\/wp-json\/wp\/v2\/pages"}],"about":[{"href":"https:\/\/www.ericfavre.com\/lifestyle\/es\/wp-json\/wp\/v2\/types\/page"}],"author":[{"embeddable":true,"href":"https:\/\/www.ericfavre.com\/lifestyle\/es\/wp-json\/wp\/v2\/users\/71"}],"replies":[{"embeddable":true,"href":"https:\/\/www.ericfavre.com\/lifestyle\/es\/wp-json\/wp\/v2\/comments?post=1779"}],"version-history":[{"count":9,"href":"https:\/\/www.ericfavre.com\/lifestyle\/es\/wp-json\/wp\/v2\/pages\/1779\/revisions"}],"predecessor-version":[{"id":1842,"href":"https:\/\/www.ericfavre.com\/lifestyle\/es\/wp-json\/wp\/v2\/pages\/1779\/revisions\/1842"}],"up":[{"embeddable":true,"href":"https:\/\/www.ericfavre.com\/lifestyle\/es\/wp-json\/wp\/v2\/pages\/1513"}],"wp:featuredmedia":[{"embeddable":true,"href":"https:\/\/www.ericfavre.com\/lifestyle\/es\/wp-json\/wp\/v2\/media\/33720"}],"wp:attachment":[{"href":"https:\/\/www.ericfavre.com\/lifestyle\/es\/wp-json\/wp\/v2\/media?parent=1779"}],"curies":[{"name":"wp","href":"https:\/\/api.w.org\/{rel}","templated":true}]}}