{"id":17858,"date":"2021-06-21T19:34:14","date_gmt":"2021-06-21T17:34:14","guid":{"rendered":"https:\/\/www.ericfavre.com\/lifestyle\/es\/?page_id=17858"},"modified":"2021-09-30T09:29:33","modified_gmt":"2021-09-30T07:29:33","slug":"detox-y-los-beneficios-de-las-uvas","status":"publish","type":"page","link":"https:\/\/www.ericfavre.com\/lifestyle\/es\/bienvenida\/detox\/plantas-y-detox\/detox-y-los-beneficios-de-las-uvas\/","title":{"rendered":"Detox Y Los Beneficios De Las Uvas"},"content":{"rendered":"\t\t<div data-elementor-type=\"wp-page\" data-elementor-id=\"17858\" class=\"elementor elementor-17858\" data-elementor-settings=\"[]\">\n\t\t\t\t\t\t\t<div class=\"elementor-section-wrap\">\n\t\t\t\t\t\t\t<section class=\"penci-section penci-disSticky penci-structure-10 elementor-section elementor-top-section elementor-element elementor-element-d9e0e09 elementor-section-boxed elementor-section-height-default elementor-section-height-default\" data-id=\"d9e0e09\" data-element_type=\"section\">\n\t\t\t\t\t\t<div class=\"elementor-container elementor-column-gap-default\">\n\t\t\t\t\t<div class=\"penci-ercol-100 penci-ercol-order-1 penci-sticky-ct  elementor-column elementor-col-100 elementor-top-column elementor-element elementor-element-50a3dc3\" data-id=\"50a3dc3\" data-element_type=\"column\">\n\t\t\t<div class=\"elementor-widget-wrap elementor-element-populated\">\n\t\t\t\t\t\t\t\t<div class=\"elementor-element elementor-element-dae234a elementor-widget elementor-widget-html\" data-id=\"dae234a\" data-element_type=\"widget\" data-widget_type=\"html.default\">\n\t\t\t\t<div class=\"elementor-widget-container\">\n\t\t\t<h2>\r\n      \u00bfC\u00f3mo se realiza la cura de la uva?\r\n    <\/h2>\r\n    <p>\r\n      La cura de la uva (tambi\u00e9n llamada cure uvale, uva se dice<em>uva<\/em>&nbsp;en \r\n      lat\u00edn) es la monodieta m\u00e1s practicada, experimentando con raz\u00f3n un gran \r\n      \u00e9xito por los beneficios que aporta, una verdadera purificaci\u00f3n, una \r\n      detox, permitiendo la eliminaci\u00f3n de residuos metab\u00f3licos.\r\n    <\/p>\r\n    <p>\r\n      Act\u00faa estimulando los \u00f3rganos excretores: ri\u00f1ones, intestinos, h\u00edgado, \r\n      pulmones y piel. Al desintoxicarse, el cuerpo recupera su vitalidad, lo \r\n      que aumenta el potencial energ\u00e9tico. A menudo se le llama cura de la \r\n      juventud, lo que habla por s\u00ed mismo.\r\n    <\/p>\r\n    <p>\r\n      Aligera no s\u00f3lo el cuerpo (teniendo una funci\u00f3n de adelgazamiento) \r\n      tambi\u00e9n la mente porque la forma recuperada devuelve la tonicidad al \r\n      plano mental. Sin olvidar las virtudes de la uva, rica en fibra que \r\n      acelera el tr\u00e1nsito, polifenoles antioxidantes, minerales y vitaminas, \r\n      tan preciados para la salud.\r\n    <\/p>\r\n    <h2>\r\n      Preparaci\u00f3n de la cura\r\n    <\/h2>\r\n    <p>\r\n      Esta cura DETOX debe realizarse durante la temporada de maduraci\u00f3n de la \r\n      uva, es decir, en septiembre\/octubre. Antes de empezar, es necesario \r\n      estar psicol\u00f3gicamente disponible, preparado en la cabeza, porque la \r\n      cura induce a las limitaciones. Durante la semana anterior a la cura, es \r\n      \u00fatil aligerar la dieta para iniciar suavemente el proceso.\r\n    <\/p>\r\n    <h2>\r\n      \u00bfCu\u00e1nto debe durar el tratamiento?\r\n    <\/h2>\r\n    <p>\r\n      La duraci\u00f3n de una cura de uva var\u00eda seg\u00fan la motivaci\u00f3n que se tenga, \r\n      desde 3 d\u00edas hasta 3 semanas.\r\n    <\/p>\r\n    <p>\r\n      La primera vez que hacemos este tratamiento, s\u00f3lo se recomiendan 3 d\u00edas, \r\n      para ver c\u00f3mo reacciona nuestro cuerpo a esta monodieta.\r\n    <\/p>\r\n    <p>\r\n      Al a\u00f1o siguiente, cuando se realiza un segundo tratamiento, puede durar \r\n      una semana. En los a\u00f1os siguientes puede durar hasta 3 semanas, sin \r\n      superar esta duraci\u00f3n.\r\n    <\/p>\r\n    <h2>\r\n      \u00bfCu\u00e1ntas uvas hay que consumir?\r\n    <\/h2>\r\n    <p>\r\n      Durante este tratamiento, EXCLUSIVAMENTE se deben comer uvas, con \r\n      exclusi\u00f3n de cualquier otro alimento (este es el principio de una \r\n      monodieta).\r\n    <\/p>\r\n    <p>\r\n      La cantidad ingerida cada d\u00eda depende de la sensaci\u00f3n personal, de las \r\n      reacciones del cuerpo.\r\n    <\/p>\r\n    <p>\r\n      Recomendamos 1 kg ...1,5 kg ...2 kg. Se aconseja dividir el consumo de \r\n      uva de 3 a 6 veces al d\u00eda y masticarla bien, grano a grano, teniendo la \r\n      piel y las semillas sus propias virtudes. Debe lavarse bien antes de \r\n      consumirlo.\r\n    <\/p>\r\n    <p>\r\n      Adem\u00e1s de la uva, es necesario hidratarse bien, 1 litro \u00bd al d\u00eda, \r\n      bebiendo exclusivamente agua, ya sea pura o en forma de infusi\u00f3n de \r\n      plantas diur\u00e9ticas y depurativas.\r\n    <\/p>\r\n    <h2>\r\n      \u00bfQu\u00e9 uva?\r\n    <\/h2>\r\n    <p>\r\n      Blanco o negro, Chasselas o Muscat ...no importa, cada uno debe seguir \r\n      su instinto y preferencias, alternar (cada dos d\u00edas) es posible, pero \r\n      esta uva debe ser:\r\n    <\/p>\r\n    <ul>\r\n      <li>\r\n        De calidad BIOLOGICA, es imperativo, porque sabemos cuanto los \r\n        tratamientos masticables de la vid son peligrosos para la salud.\r\n      <\/li>\r\n      <li>\r\n        Bien madura 011, las uvas demasiado verdes irritan las mucosas \r\n        digestivas, especialmente en las personas con intestinos fr\u00e1giles.\r\n      <\/li>\r\n    <\/ul>\r\n    <h2>\r\n      Efectos\r\n    <\/h2>\r\n    <p>\r\n      Cualquiera que tome una cura de uvas cada a\u00f1o sabe que provoca una serie \r\n      de inconvenientes debido a las toxinas liberadas que circulan por la \r\n      sangre antes de ser excretadas: fatiga, dolores de cabeza, n\u00e1useas, \r\n      zumbidos en los o\u00eddos, congesti\u00f3n nasal, ojos llorosos, erupciones \r\n      cut\u00e1neas.\r\n    <\/p>\r\n    <p>\r\n      Pero esto no es nada comparado con los m\u00faltiples beneficios de la cura \r\n      para el cuerpo precisamente deshacerse de estas toxinas da\u00f1inas. Por \r\n      \u00faltimo, hay que decir que la cura de uva no est\u00e1 recomendada para los \r\n      diab\u00e9ticos (lo que es comprensible dado el aporte masivo de az\u00facar) ni \r\n      para las mujeres embarazadas.\r\n    <\/p>\t\t<\/div>\n\t\t\t\t<\/div>\n\t\t\t\t\t<\/div>\n\t\t<\/div>\n\t\t\t\t\t\t\t<\/div>\n\t\t<\/section>\n\t\t\t\t\t\t<\/div>\n\t\t\t\t\t<\/div>\n\t\t","protected":false},"excerpt":{"rendered":"<p>\u00bfC\u00f3mo se realiza la cura de la uva? La cura de la uva (tambi\u00e9n llamada&hellip;<\/p>\n","protected":false},"author":71,"featured_media":33510,"parent":17123,"menu_order":0,"comment_status":"closed","ping_status":"closed","template":"template_ES.php","meta":[],"_links":{"self":[{"href":"https:\/\/www.ericfavre.com\/lifestyle\/es\/wp-json\/wp\/v2\/pages\/17858"}],"collection":[{"href":"https:\/\/www.ericfavre.com\/lifestyle\/es\/wp-json\/wp\/v2\/pages"}],"about":[{"href":"https:\/\/www.ericfavre.com\/lifestyle\/es\/wp-json\/wp\/v2\/types\/page"}],"author":[{"embeddable":true,"href":"https:\/\/www.ericfavre.com\/lifestyle\/es\/wp-json\/wp\/v2\/users\/71"}],"replies":[{"embeddable":true,"href":"https:\/\/www.ericfavre.com\/lifestyle\/es\/wp-json\/wp\/v2\/comments?post=17858"}],"version-history":[{"count":7,"href":"https:\/\/www.ericfavre.com\/lifestyle\/es\/wp-json\/wp\/v2\/pages\/17858\/revisions"}],"predecessor-version":[{"id":35677,"href":"https:\/\/www.ericfavre.com\/lifestyle\/es\/wp-json\/wp\/v2\/pages\/17858\/revisions\/35677"}],"up":[{"embeddable":true,"href":"https:\/\/www.ericfavre.com\/lifestyle\/es\/wp-json\/wp\/v2\/pages\/17123"}],"wp:featuredmedia":[{"embeddable":true,"href":"https:\/\/www.ericfavre.com\/lifestyle\/es\/wp-json\/wp\/v2\/media\/33510"}],"wp:attachment":[{"href":"https:\/\/www.ericfavre.com\/lifestyle\/es\/wp-json\/wp\/v2\/media?parent=17858"}],"curies":[{"name":"wp","href":"https:\/\/api.w.org\/{rel}","templated":true}]}}