{"id":17907,"date":"2021-06-21T19:35:27","date_gmt":"2021-06-21T17:35:27","guid":{"rendered":"https:\/\/www.ericfavre.com\/lifestyle\/es\/?page_id=17907"},"modified":"2021-09-21T08:41:20","modified_gmt":"2021-09-21T06:41:20","slug":"la-detox-en-la-historia-de-la-medicina","status":"publish","type":"page","link":"https:\/\/www.ericfavre.com\/lifestyle\/es\/bienvenida\/detox\/la-detox-en-la-historia-de-la-medicina\/","title":{"rendered":"La Detox  En La Historia De La Medicina"},"content":{"rendered":"\t\t<div data-elementor-type=\"wp-page\" data-elementor-id=\"17907\" class=\"elementor elementor-17907\" data-elementor-settings=\"[]\">\n\t\t\t\t\t\t\t<div class=\"elementor-section-wrap\">\n\t\t\t\t\t\t\t<section class=\"penci-section penci-disSticky penci-structure-10 elementor-section elementor-top-section elementor-element elementor-element-ffba68c elementor-section-boxed elementor-section-height-default elementor-section-height-default\" data-id=\"ffba68c\" data-element_type=\"section\">\n\t\t\t\t\t\t<div class=\"elementor-container elementor-column-gap-default\">\n\t\t\t\t\t<div class=\"penci-ercol-100 penci-ercol-order-1 penci-sticky-ct  elementor-column elementor-col-100 elementor-top-column elementor-element elementor-element-244c9c3\" data-id=\"244c9c3\" data-element_type=\"column\">\n\t\t\t<div class=\"elementor-widget-wrap elementor-element-populated\">\n\t\t\t\t\t\t\t\t<div class=\"elementor-element elementor-element-46d4fd3 elementor-widget elementor-widget-html\" data-id=\"46d4fd3\" data-element_type=\"widget\" data-widget_type=\"html.default\">\n\t\t\t\t<div class=\"elementor-widget-container\">\n\t\t\t<p>\r\n      Es cierto que&nbsp;&nbsp;la DETOX est\u00e1 de moda a principios del siglo XXI, pero en \r\n      realidad esta necesaria desintoxicaci\u00f3n del organismo tan beneficiosa \r\n      para la salud tiene ra\u00edces que se remontan a varios milenios en la \r\n      historia de la medicina. Las dos evocaciones siguientes lo atestiguan\r\n    <\/p>\r\n    <h2>\r\n      El papiro de Ebers\r\n    <\/h2>\r\n    <p>\r\n      El extraordinario documento titulado &quot;Papiro de Ebers&quot; es el tratado \r\n      m\u00e9dico m\u00e1s antiguo que ha llegado hasta nosotros desde la antig\u00fcedad, \r\n      con 3.500 a\u00f1os de antig\u00fcedad.\r\n    <\/p>\r\n    <p>\r\n      Fue escrito durante el reinado del fara\u00f3n Amenhotep (1.500 a\u00f1os despu\u00e9s \r\n      de Cristo).\r\n    <\/p>\r\n    <p>\r\n      Este papiro fue descubierto por Edwin Smith en Luxor en 1862, y \r\n      posteriormente fue comprado por el egipt\u00f3logo alem\u00e1n Georg Ebers, que le \r\n      dio su nombre porque fue \u00e9l quien tuvo el m\u00e9rito de descifrar los \r\n      jerogl\u00edficos de este precioso papiro que actualmente se conserva en la \r\n      Biblioteca Universitaria de Leipzig.\r\n    <\/p>\r\n    <p>\r\n      Tambi\u00e9n es el documento escrito m\u00e1s largo encontrado del antiguo Egipto.\r\n    <\/p>\r\n    <p>\r\n      Mide m\u00e1s de 20 metros de largo por 30 cent\u00edmetros de ancho, aut\u00e9ntico \r\n      tratado m\u00e9dico de 877 p\u00e1rrafos, en el que se describen enfermedades de \r\n      todas las ramas de la medicina (reumatolog\u00eda, oftalmolog\u00eda, \r\n      gastroenterolog\u00eda, ginecolog\u00eda, dermatolog\u00eda...) con las \r\n      correspondientes prescripciones.\r\n    <\/p>\r\n    <p>\r\n      La farmacopea egipcia de esta \u00e9poca citada en el papiro de Ebers se \r\n      refiere a m\u00e1s de 500 sustancias tomadas del reino vegetal, entre las \r\n      que: mirra, aloe, hojas de ricino, azafr\u00e1n, flores de loto, extracto de \r\n      lirio, jugo de amapola, aceite de b\u00e1lsamo, resina, l\u00e1grimas de incienso, \r\n      bele\u00f1o, c\u00e1\u00f1amo, jugo de acacia, ajo, aloe, benju\u00ed, flores de manzanilla, \r\n      coloquinte, cipr\u00e9s, d\u00e1til, higo, ra\u00edces de genciana, granada, laurel, \r\n      tr\u00e9bol de olor, menta, mostaza, mirra, nuez, cebolla, pistacho, ricino, \r\n      rosa ...\r\n    <\/p>\r\n    <p>\r\n      \u00bfY qu\u00e9 dice el papiro de Ebers?\r\n    <\/p>\r\n    <p>\r\n      &quot;<em>Hay que empezar por purificar el cuerpo eliminando los miasmas<\/em>&quot;.\r\n    <\/p>\r\n    <p>\r\n      Los &quot;miasmas&quot; en cuesti\u00f3n se denominan hoy en d\u00eda de otra manera, son \r\n      los productos de desecho del catabolismo digestivo, los elementos \r\n      t\u00f3xicos de nuestro entorno que respiramos o absorbemos, contenidos en \r\n      nuestra alimentaci\u00f3n, por ejemplo los aditivos alimentarios.\r\n    <\/p>\r\n    <h2>\r\n      Detox y Hyp\u00f3crates\r\n    <\/h2>\r\n    <h3>\r\n      Hip\u00f3crate\r\n    <\/h3>\r\n    <p>\r\n      Hip\u00f3crates (460 - 377 a.C.) es considerado el padre de la medicina. Se \r\n      inspir\u00f3 en la mitolog\u00eda griega.\r\n    <\/p>\r\n    <p>\r\n      El dios griego de la medicina, Aesklapios (Esculapio) tuvo dos hijas:\r\n    <\/p>\r\n    <p>\r\n      # Hygie, que ense\u00f1\u00f3 a los hombres el arte de vivir en armon\u00eda y cerca de \r\n      la naturaleza para mantenerse sanos sin recurrir a la medicina. La \r\n      palabra &quot;higiene&quot; se deriva de este enfoque de la salud.\r\n    <\/p>\r\n    <p>\r\n      # Panacea, que conoc\u00eda el arte de curar con plantas medicinales.\r\n    <\/p>\r\n    <p>\r\n      Hip\u00f3crates describe el arte m\u00e9dico de la siguiente manera:<em>Primum non \r\n      nocere<\/em>&nbsp;(primero, no hacer da\u00f1o) y<em>Natura medicatrix<\/em>&nbsp;(la \r\n      naturaleza cura).\r\n    <\/p>\r\n    <p>\r\n      Sin olvidar este leitmotiv que alimenta los 10 vol\u00famenes que constituyen \r\n      la obra de Hip\u00f3crates &quot;<em>Que tu alimento sea tu medicina<\/em>&nbsp;&quot;.\r\n    <\/p>\r\n    <p>\r\n      La medicina hipocr\u00e1tica tiene un enfoque hol\u00edstico (palabra derivada del \r\n      griego<em>holos<\/em>significado global): el ser humano debe ser considerado \r\n      en su totalidad f\u00edsica, mental y emocional.\r\n    <\/p>\r\n    <p>\r\n      Hip\u00f3crates establece la noci\u00f3n de humorismo.\r\n    <\/p>\r\n    <p>\r\n      Los &quot;humores&quot; de Hip\u00f3crates, redefinidos en t\u00e9rminos contempor\u00e1neos, son \r\n      la sangre, la linfa, los l\u00edquidos intersticiales en los que se ba\u00f1an las \r\n      c\u00e9lulas y los l\u00edquidos intracelulares en los que se ba\u00f1an los org\u00e1nulos \r\n      del citoplasma celular.\r\n    <\/p>\r\n    <p>\r\n      Para curar cualquier enfermedad, Hip\u00f3crates dice que es necesario \r\n      comenzar con un tratamiento previo de desintoxicaci\u00f3n para estimular la \r\n      eliminaci\u00f3n de los &quot;humores viciados&quot; (expresi\u00f3n de Hip\u00f3crates) \r\n      causantes de las enfermedades.\r\n    <\/p>\r\n    <p>\r\n      Ya se trate de los &quot;miasmas&quot; de la medicina egipcia o de los &quot;humores \r\n      viciados&quot; hipocr\u00e1ticos, estas denominaciones actualizadas en t\u00e9rminos \r\n      contempor\u00e1neos (elementos t\u00f3xicos) sugieren, para liberarse de ellos, \r\n      proceder a una DETOX que facilite su eliminaci\u00f3n, etapa inicial del \r\n      restablecimiento de la salud.\r\n    <\/p>\t\t<\/div>\n\t\t\t\t<\/div>\n\t\t\t\t\t<\/div>\n\t\t<\/div>\n\t\t\t\t\t\t\t<\/div>\n\t\t<\/section>\n\t\t\t\t\t\t<\/div>\n\t\t\t\t\t<\/div>\n\t\t","protected":false},"excerpt":{"rendered":"<p>Es cierto que&nbsp;&nbsp;la DETOX est\u00e1 de moda a principios del siglo XXI, pero en realidad&hellip;<\/p>\n","protected":false},"author":71,"featured_media":33328,"parent":16031,"menu_order":0,"comment_status":"closed","ping_status":"closed","template":"template_ES.php","meta":[],"_links":{"self":[{"href":"https:\/\/www.ericfavre.com\/lifestyle\/es\/wp-json\/wp\/v2\/pages\/17907"}],"collection":[{"href":"https:\/\/www.ericfavre.com\/lifestyle\/es\/wp-json\/wp\/v2\/pages"}],"about":[{"href":"https:\/\/www.ericfavre.com\/lifestyle\/es\/wp-json\/wp\/v2\/types\/page"}],"author":[{"embeddable":true,"href":"https:\/\/www.ericfavre.com\/lifestyle\/es\/wp-json\/wp\/v2\/users\/71"}],"replies":[{"embeddable":true,"href":"https:\/\/www.ericfavre.com\/lifestyle\/es\/wp-json\/wp\/v2\/comments?post=17907"}],"version-history":[{"count":6,"href":"https:\/\/www.ericfavre.com\/lifestyle\/es\/wp-json\/wp\/v2\/pages\/17907\/revisions"}],"predecessor-version":[{"id":17949,"href":"https:\/\/www.ericfavre.com\/lifestyle\/es\/wp-json\/wp\/v2\/pages\/17907\/revisions\/17949"}],"up":[{"embeddable":true,"href":"https:\/\/www.ericfavre.com\/lifestyle\/es\/wp-json\/wp\/v2\/pages\/16031"}],"wp:featuredmedia":[{"embeddable":true,"href":"https:\/\/www.ericfavre.com\/lifestyle\/es\/wp-json\/wp\/v2\/media\/33328"}],"wp:attachment":[{"href":"https:\/\/www.ericfavre.com\/lifestyle\/es\/wp-json\/wp\/v2\/media?parent=17907"}],"curies":[{"name":"wp","href":"https:\/\/api.w.org\/{rel}","templated":true}]}}