{"id":18145,"date":"2021-06-22T19:47:20","date_gmt":"2021-06-22T17:47:20","guid":{"rendered":"https:\/\/www.ericfavre.com\/lifestyle\/es\/?page_id=18145"},"modified":"2021-09-30T17:17:53","modified_gmt":"2021-09-30T15:17:53","slug":"la-importancia-de-la-osteopatia-en-el-entrenamiento-con-pesas","status":"publish","type":"page","link":"https:\/\/www.ericfavre.com\/lifestyle\/es\/bienvenida\/musculacion\/lesiones-musculares\/recuperacion-como-cuidar-el-cuerpo\/la-importancia-de-la-osteopatia-en-el-entrenamiento-con-pesas\/","title":{"rendered":"LA IMPORTANCIA DE LA OSTEOPAT\u00cdA EN EL ENTRENAMIENTO CON PESAS"},"content":{"rendered":"\t\t<div data-elementor-type=\"wp-page\" data-elementor-id=\"18145\" class=\"elementor elementor-18145\" data-elementor-settings=\"[]\">\n\t\t\t\t\t\t\t<div class=\"elementor-section-wrap\">\n\t\t\t\t\t\t\t<section class=\"penci-section penci-disSticky penci-structure-10 elementor-section elementor-top-section elementor-element elementor-element-e552c11 elementor-section-boxed elementor-section-height-default elementor-section-height-default\" data-id=\"e552c11\" data-element_type=\"section\">\n\t\t\t\t\t\t<div class=\"elementor-container elementor-column-gap-default\">\n\t\t\t\t\t<div class=\"penci-ercol-100 penci-ercol-order-1 penci-sticky-ct  elementor-column elementor-col-100 elementor-top-column elementor-element elementor-element-b32d25c\" data-id=\"b32d25c\" data-element_type=\"column\">\n\t\t\t<div class=\"elementor-widget-wrap elementor-element-populated\">\n\t\t\t\t\t\t\t\t<div class=\"elementor-element elementor-element-69a1ee7 elementor-widget elementor-widget-html\" data-id=\"69a1ee7\" data-element_type=\"widget\" data-widget_type=\"html.default\">\n\t\t\t\t<div class=\"elementor-widget-container\">\n\t\t\t<b>LA IMPORTANCIA DE LA OSTEOPAT\u00cdA EN EL ENTRENAMIENTO CON PESAS<\/b>\r\n\r\n    <p>\r\n      El entrenamiento con pesas es mucho m\u00e1s que una soluci\u00f3n para aumentar \r\n      la masa muscular, es una actividad apasionante para muchos deportistas, \r\n      sin embargo, su pr\u00e1ctica requiere tomar precauciones para evitar \r\n      lesiones, por lo tanto, nuevos h\u00e1bitos como los recomendados por la \r\n      osteopat\u00eda deben formar parte a partir de ahora de la rutina diaria del \r\n      deportista. Bien conocido y utilizado por muchos profesionales, este \r\n      m\u00e9todo de tratamiento y prevenci\u00f3n de lesiones relacionadas con las \r\n      articulaciones&nbsp;tiene grandes ventajas. \u00bfQu\u00e9 hay que saber sobre el papel \r\n      de la osteopat\u00eda en el culturismo ?\r\n    <\/p>\r\n    <h2>\r\n      \u00bfQu\u00e9 es la osteopat\u00eda?\r\n    <\/h2>\r\n    <p>\r\n      La osteopat\u00eda es una terapia, un conjunto de m\u00e9todos naturales que \r\n      pueden utilizarse en el tratamiento de los traumatismos sufridos por los \r\n      deportistas. Consiste en utilizar la sensibilidad de las manos para \r\n      ayudar al paciente a recuperar la movilidad de un miembro de su cuerpo. \r\n      Este medicamento ayuda a combatir las lesiones y el dolor.\r\n    <\/p>\r\n    <p>\r\n      La osteopat\u00eda permite mejorar el estilo de vida de la persona tratada, \r\n      de hecho, un dolor muy intenso puede afectar seriamente a la movilidad \r\n      de las articulaciones y puede impedir que el deportista contin\u00fae sus \r\n      sesiones de entrenamiento.\r\n    <\/p>\r\n    <h2>\r\n      La osteopat\u00eda, un aliado indispensable para la musculaci\u00f3n\r\n    <\/h2>\r\n    <p>\r\n      Por su eficaz acci\u00f3n sobre las articulaciones y las fascias, la \r\n      osteopat\u00eda es un medio perfecto para ayudar a los deportistas a dar m\u00e1s \r\n      vitalidad a sus extremidades. Es importante no perder de vista que en el \r\n      caso concreto del<em>culturismo<\/em>, el deportista gana peso y tambi\u00e9n \r\n      experimenta periodos de sequedad.\r\n    <\/p>\r\n    <p>\r\n      Esta alternancia puede ser una fuente importante de estr\u00e9s para el \r\n      culturista, cuando se aumenta la masa muscular, las articulaciones del \r\n      cuerpo encuentran algunas dificultades mec\u00e1nicas. Esto impide que el \r\n      atleta ejecute ciertos movimientos de manera eficiente, por otro lado, \r\n      en los periodos de sequ\u00eda, el atleta se siente muy cansado, incluso \r\n      cuando la dieta 0001\r\n    <\/p>\r\n    1 trata de aportar prote\u00ednas en grandes cantidades.\r\n\r\n    <h2>\r\n      \u00bfPor qu\u00e9 optar por un seguimiento osteop\u00e1tico?\r\n    <\/h2>\r\n    <p>\r\n      Adem\u00e1s de facilitar el buen funcionamiento de las articulaciones \r\n      musculares, la osteopat\u00eda ayuda a mejorar la calidad del sue\u00f1o. Durante \r\n      una sesi\u00f3n de entrenamiento con pesas, el deportista intenta levantar \r\n      cargas pesadas, solicita fuertemente los m\u00fasculos as\u00ed como los tendones, \r\n      el<em>sistema vasculo-nervioso<\/em>&nbsp;e incluso todas las c\u00e9lulas. Una fuerte \r\n      intervenci\u00f3n de estas partes del cuerpo conduce en la mayor\u00eda de los \r\n      casos a la destrucci\u00f3n de las fibras musculares.\r\n    <\/p>\r\n    <p>\r\n      Gracias a la osteopat\u00eda, es m\u00e1s f\u00e1cil detectar desequilibrios en las \r\n      articulaciones del cuerpo. La desproporci\u00f3n puede verse en el cuello, \r\n      las piernas, el abdomen, el brazo, los hombros y otros \u00f3rganos. Si esto \r\n      ocurre, lo ideal es hacer un ajuste en el programa de entrenamiento del \r\n      deportista, seg\u00fan el caso, el cese de la actividad deportiva sigue \r\n      siendo la mejor opci\u00f3n.\r\n    <\/p>\r\n    <p>\r\n      La osteopat\u00eda permite tratar zonas de tensi\u00f3n en el cuerpo con el \r\n      objetivo de liberar los puntos de fijaci\u00f3n que est\u00e1n en el origen de las \r\n      contracturas musculares, adem\u00e1s, ayuda a restablecer la flexibilidad del \r\n      cuerpo y a luchar contra los desequilibrios que pueden producirse tras \r\n      los esfuerzos f\u00edsicos. El oste\u00f3pata puede poner en marcha diferentes \r\n      tratamientos: masajes,estiramientos miotensivos,golpes, movimiento, etc.\r\n    <\/p>\t\t<\/div>\n\t\t\t\t<\/div>\n\t\t\t\t\t<\/div>\n\t\t<\/div>\n\t\t\t\t\t\t\t<\/div>\n\t\t<\/section>\n\t\t\t\t\t\t<\/div>\n\t\t\t\t\t<\/div>\n\t\t","protected":false},"excerpt":{"rendered":"<p>LA IMPORTANCIA DE LA OSTEOPAT\u00cdA EN EL ENTRENAMIENTO CON PESAS El entrenamiento con pesas es&hellip;<\/p>\n","protected":false},"author":71,"featured_media":30962,"parent":18096,"menu_order":0,"comment_status":"closed","ping_status":"closed","template":"template_ES.php","meta":[],"_links":{"self":[{"href":"https:\/\/www.ericfavre.com\/lifestyle\/es\/wp-json\/wp\/v2\/pages\/18145"}],"collection":[{"href":"https:\/\/www.ericfavre.com\/lifestyle\/es\/wp-json\/wp\/v2\/pages"}],"about":[{"href":"https:\/\/www.ericfavre.com\/lifestyle\/es\/wp-json\/wp\/v2\/types\/page"}],"author":[{"embeddable":true,"href":"https:\/\/www.ericfavre.com\/lifestyle\/es\/wp-json\/wp\/v2\/users\/71"}],"replies":[{"embeddable":true,"href":"https:\/\/www.ericfavre.com\/lifestyle\/es\/wp-json\/wp\/v2\/comments?post=18145"}],"version-history":[{"count":7,"href":"https:\/\/www.ericfavre.com\/lifestyle\/es\/wp-json\/wp\/v2\/pages\/18145\/revisions"}],"predecessor-version":[{"id":35714,"href":"https:\/\/www.ericfavre.com\/lifestyle\/es\/wp-json\/wp\/v2\/pages\/18145\/revisions\/35714"}],"up":[{"embeddable":true,"href":"https:\/\/www.ericfavre.com\/lifestyle\/es\/wp-json\/wp\/v2\/pages\/18096"}],"wp:featuredmedia":[{"embeddable":true,"href":"https:\/\/www.ericfavre.com\/lifestyle\/es\/wp-json\/wp\/v2\/media\/30962"}],"wp:attachment":[{"href":"https:\/\/www.ericfavre.com\/lifestyle\/es\/wp-json\/wp\/v2\/media?parent=18145"}],"curies":[{"name":"wp","href":"https:\/\/api.w.org\/{rel}","templated":true}]}}