{"id":18537,"date":"2021-06-22T19:54:39","date_gmt":"2021-06-22T17:54:39","guid":{"rendered":"https:\/\/www.ericfavre.com\/lifestyle\/es\/?page_id=18537"},"modified":"2021-09-15T13:29:13","modified_gmt":"2021-09-15T11:29:13","slug":"crioterapia","status":"publish","type":"page","link":"https:\/\/www.ericfavre.com\/lifestyle\/es\/bienvenida\/musculacion\/lesiones-musculares\/recuperacion-como-cuidar-el-cuerpo\/crioterapia\/","title":{"rendered":"CRIOTERAPIA"},"content":{"rendered":"\t\t<div data-elementor-type=\"wp-page\" data-elementor-id=\"18537\" class=\"elementor elementor-18537\" data-elementor-settings=\"[]\">\n\t\t\t\t\t\t\t<div class=\"elementor-section-wrap\">\n\t\t\t\t\t\t\t<section class=\"penci-section penci-disSticky penci-structure-10 elementor-section elementor-top-section elementor-element elementor-element-a7c4fe4 elementor-section-boxed elementor-section-height-default elementor-section-height-default\" data-id=\"a7c4fe4\" data-element_type=\"section\">\n\t\t\t\t\t\t<div class=\"elementor-container elementor-column-gap-default\">\n\t\t\t\t\t<div class=\"penci-ercol-100 penci-ercol-order-1 penci-sticky-ct  elementor-column elementor-col-100 elementor-top-column elementor-element elementor-element-bec943d\" data-id=\"bec943d\" data-element_type=\"column\">\n\t\t\t<div class=\"elementor-widget-wrap elementor-element-populated\">\n\t\t\t\t\t\t\t\t<div class=\"elementor-element elementor-element-5a20b28 elementor-widget elementor-widget-html\" data-id=\"5a20b28\" data-element_type=\"widget\" data-widget_type=\"html.default\">\n\t\t\t\t<div class=\"elementor-widget-container\">\n\t\t\t<b>TODO SOBRE LA CRIOTERAPIA Y SUS BENEFICIOS<\/b>\r\n\r\n    <p>\r\n      La b\u00fasqueda diaria del bienestar es una preocupaci\u00f3n humana recurrente. \r\n      Los <b>m\u00e9todos y pr\u00e1cticas utilizados en esta direcci\u00f3n<\/b>&nbsp;son numerosos. \r\n      Es el caso de la crioterapia, que se inspira en las temperaturas \r\n      extremas para sanar el cuerpo. Es el caso, por ejemplo, del invierno, \r\n      cuando las bajas temperaturas tienen un efecto positivo en el organismo. \r\n      Descubre en este art\u00edculo toda la informaci\u00f3n relevante sobre la \r\n      crioterapia y su impacto en el bienestar.\r\n    <\/p>\r\n    <h2>\r\n      \u00bfCu\u00e1les son los efectos de las bajas temperaturas en el metabolismo del \r\n      cuerpo?\r\n    <\/h2>\r\n    <p>\r\n      La crioterapia es un m\u00e9todo de curaci\u00f3n que utiliza variaciones extremas \r\n      de temperatura. Las bajas temperaturas tienen as\u00ed un impacto consecuente \r\n      en el metabolismo del cuerpo humano, adem\u00e1s, los efectos de la \r\n      crioterapia han sido objeto de un estudio publicado por la revista<em>Bioscience \r\n      Reports.<\/em>\r\n    <\/p>\r\n    <p>\r\n      Los frutos de esta investigaci\u00f3n nos han permitido comprender un poco \r\n      c\u00f3mo funciona este tratamiento, as\u00ed pues, cabe se\u00f1alar que la exposici\u00f3n \r\n      del cuerpo al fr\u00edo acelera la activaci\u00f3n del tejido adiposo marr\u00f3n. Este \r\n      fen\u00f3meno participa entonces en la densidad de las mitocondrias, adem\u00e1s, \r\n      gracias a las bajas temperaturas, el organismo asimila m\u00e1s f\u00e1cilmente el \r\n      ox\u00edgeno.\r\n    <\/p>\r\n    <h2>\r\n      Las ventajas de la crioterapia\r\n    <\/h2>\r\n    <p>\r\n      La crioterapia, a trav\u00e9s de sus diversos efectos sobre el metabolismo \r\n      del cuerpo y el tejido muscular, proporciona muchos beneficios. En \r\n      primer lugar, este tipo de tratamiento optimiza el metabolismo, esto \r\n      hace que sea una mejor soluci\u00f3n para la p\u00e9rdida de peso, adem\u00e1s, las \r\n      personas que se someten a un tratamiento de crioterapia encuentran sus \r\n      articulaciones cada vez m\u00e1s fuertes. La circulaci\u00f3n sangu\u00ednea y el \r\n      sistema inmunitario mejoran a\u00fan m\u00e1s.\r\n    <\/p>\r\n    <p>\r\n      La crioterapia es tambi\u00e9n una de las soluciones m\u00e1s eficaces para \r\n      combatir el estr\u00e9s, la depresi\u00f3n y la ansiedad, permite potenciar las \r\n      capacidades intelectuales al aumentar el nivel de concentraci\u00f3n mental y \r\n      de atenci\u00f3n.\r\n    <\/p>\r\n    <p>\r\n      La crioterapia tambi\u00e9n est\u00e1 designada como un tratamiento bien indicado \r\n      para los deportistas, permite recuperar la salud despu\u00e9s de una lesi\u00f3n, \r\n      pero tambi\u00e9n reducir la inflamaci\u00f3n, adem\u00e1s, ayudan a acelerar el \r\n      proceso de recuperaci\u00f3n muscular y articular. Es muy \u00fatil por su papel \r\n      analg\u00e9sico en esguinces, hematomas, tendinitis y contusiones.\r\n    <\/p>\r\n    <p>\r\n      En cuanto a sus beneficios para la salud, la crioterapia ayuda a reducir \r\n      los niveles de cortisol y mejorar los s\u00edntomas del eczema y la \r\n      psoriasis, tambi\u00e9n ayuda a combatir el aumento del estr\u00e9s oxidativo.\r\n    <\/p>\r\n    <h2>\r\n      \u00bfC\u00f3mo aplicar la crioterapia?\r\n    <\/h2>\r\n    <p>\r\n      Aunque la crioterapia es una pr\u00e1ctica interesante en varios aspectos, \r\n      requiere un cierto saber hacer en su aplicaci\u00f3n. Ya hay que se\u00f1alar que \r\n      se utiliza de varias maneras, hoy en d\u00eda, existen cabinas de crioterapia \r\n      instaladas en gimnasios o spas para ser tratados, aparte de esta opci\u00f3n, \r\n      el tratamiento tambi\u00e9n puede realizarse mediante choques t\u00e9rmicos u \r\n      otras alternativas.Podemos citar:\r\n    <\/p>\r\n    <ul>\r\n      <li>\r\n        El uso de una bolsa de hielo o de congelaci\u00f3n;\r\n      <\/li>\r\n      <li>\r\n        Aplicaci\u00f3n de una toalla congelada;\r\n      <\/li>\r\n      <li>\r\n        Un masaje con cubitos de hielo;\r\n      <\/li>\r\n      <li>\r\n        Una sesi\u00f3n deportiva en un entorno fr\u00edo y con poca ropa;\r\n      <\/li>\r\n      <li>\r\n        Nadar en el mar cuando la temperatura es lo suficientemente baja;\r\n      <\/li>\r\n      <li>\r\n        Una ducha fr\u00eda;\r\n      <\/li>\r\n      <li>\r\n        La reducci\u00f3n del sistema de calefacci\u00f3n durante el invierno.\r\n      <\/li>\r\n    <\/ul>\r\n    <p>\r\n      Las diferentes opciones mencionadas anteriormente deben aplicarse en un \r\n      tiempo breve (entre 10 y 20 minutos), adem\u00e1s, no todo el mundo puede \r\n      recibir tratamientos de crioterapia, por ejemplo, los ni\u00f1os peque\u00f1os, \r\n      las mujeres embarazadas, las personas con latidos card\u00edacos d\u00e9biles o \r\n      las personas con presi\u00f3n arterial alta no deben someterse a la \r\n      crioterapia.\r\n    <\/p>\r\n    <h2>\r\n      Precauciones que deben tomarse\r\n    <\/h2>\r\n    <p>\r\n      La vasoconstricci\u00f3n aguda es uno de los efectos de las bajas \r\n      temperaturas, puede ser muy peligroso para quienes tienen una salud muy \r\n      precaria. Para esta categor\u00eda de personas, basta con una ducha fr\u00eda muy \r\n      corta, por lo tanto, es necesario escuchar a su cuerpo escuchar a su \r\n      cuerpo, porque al forzar los l\u00edmites, es posible que se da\u00f1e a s\u00ed mismo.\r\n    <\/p>\r\n    <h3>\r\n      La crioterapia, una forma de perder peso ?\r\n    <\/h3>\r\n    <p>\r\n      Para perder peso, hay que quemar la mayor cantidad de grasa posible, \r\n      gracias a la crioterapia, que aumenta considerablemente la cantidad de \r\n      mitocondrias en el tejido adiposo, el organismo consigue eliminar la \r\n      grasa. Este tratamiento permite quemar la grasa produciendo calor. Como \r\n      recordatorio, existe una t\u00e9cnica local llamada<em>criolip\u00f3lisis<\/em>. Esto \r\n      provoca la muerte de las c\u00e9lulas grasas.\r\n    <\/p>\r\n    <h3>\r\n      Aumento del metabolismo de la grasa parda\r\n    <\/h3>\r\n    <p>\r\n      Las duchas fr\u00edas potencian el metabolismo de la grasa parda, \r\n      proporcionan una cierta sensaci\u00f3n de contracci\u00f3n que permite calentar. \r\n      La clave para permanecer el mayor tiempo posible durante una ducha fr\u00eda \r\n      es seguir respirando, esto significa inhalar y exhalar profundamente.\r\n    <\/p>\r\n    <h2>\r\n      Y \u00bfhabr\u00eda alguna restricci\u00f3n en el uso de la crioterapia?\r\n    <\/h2>\r\n    <p>\r\n      Para aplicar la crioterapia de la mejor manera posible, deben cumplirse \r\n      ciertas condiciones. Partiendo del principio de que los ejercicios de \r\n      fitness conducen a un aumento de la masa muscular. La pr\u00e1ctica de la \r\n      crioterapia dificulta la consecuci\u00f3n de este objetivo, las bajas \r\n      temperaturas queman grasa y m\u00e1s bien conducen a la p\u00e9rdida de peso.Por \r\n      lo tanto, es necesario evitar este tratamiento justo despu\u00e9s del \r\n      entrenamiento.\r\n    <\/p>\r\n    <p>\r\n      Como la crioterapia puede ser contradictoria para un programa de \r\n      entrenamiento, se recomienda que los deportistas pasen unas horas en una \r\n      sauna. Esta alternativa aportar\u00eda una ventaja considerable a la toma de \r\n      masa muscular, adem\u00e1s, tambi\u00e9n ayuda a eliminar las toxinas que pueden \r\n      perjudicar la funci\u00f3n mitocondrial.\r\n    <\/p>\r\n    <h2>\r\n      El impacto general de la crioterapia en la salud\r\n    <\/h2>\r\n    <p>\r\n      En primer lugar, la crioterapia permite optimizar las funciones vitales \r\n      del organismo, al exponerse a esta condici\u00f3n de temperatura, el estado \r\n      de salud mejora cada vez m\u00e1s. Una de las formas m\u00e1s accesibles de \r\n      practicar esta terapia es tomar duchas fr\u00edas, estos muestran un \r\n      fortalecimiento de las mitocondrias\r\n    <\/p>\r\n    <p>\r\n      Las mitocondrias ayudan a regenerar la energ\u00eda de las c\u00e9lulas, y ayudan \r\n      a reducir ciertas dolencias. Cuando las mitocondrias est\u00e1n da\u00f1adas, los \r\n      riesgos patol\u00f3gicos son a\u00fan mayores.\r\n    <\/p>\t\t<\/div>\n\t\t\t\t<\/div>\n\t\t\t\t\t<\/div>\n\t\t<\/div>\n\t\t\t\t\t\t\t<\/div>\n\t\t<\/section>\n\t\t\t\t\t\t<\/div>\n\t\t\t\t\t<\/div>\n\t\t","protected":false},"excerpt":{"rendered":"<p>TODO SOBRE LA CRIOTERAPIA Y SUS BENEFICIOS La b\u00fasqueda diaria del bienestar es una preocupaci\u00f3n&hellip;<\/p>\n","protected":false},"author":71,"featured_media":31067,"parent":18096,"menu_order":0,"comment_status":"closed","ping_status":"closed","template":"template_ES.php","meta":[],"_links":{"self":[{"href":"https:\/\/www.ericfavre.com\/lifestyle\/es\/wp-json\/wp\/v2\/pages\/18537"}],"collection":[{"href":"https:\/\/www.ericfavre.com\/lifestyle\/es\/wp-json\/wp\/v2\/pages"}],"about":[{"href":"https:\/\/www.ericfavre.com\/lifestyle\/es\/wp-json\/wp\/v2\/types\/page"}],"author":[{"embeddable":true,"href":"https:\/\/www.ericfavre.com\/lifestyle\/es\/wp-json\/wp\/v2\/users\/71"}],"replies":[{"embeddable":true,"href":"https:\/\/www.ericfavre.com\/lifestyle\/es\/wp-json\/wp\/v2\/comments?post=18537"}],"version-history":[{"count":6,"href":"https:\/\/www.ericfavre.com\/lifestyle\/es\/wp-json\/wp\/v2\/pages\/18537\/revisions"}],"predecessor-version":[{"id":18579,"href":"https:\/\/www.ericfavre.com\/lifestyle\/es\/wp-json\/wp\/v2\/pages\/18537\/revisions\/18579"}],"up":[{"embeddable":true,"href":"https:\/\/www.ericfavre.com\/lifestyle\/es\/wp-json\/wp\/v2\/pages\/18096"}],"wp:featuredmedia":[{"embeddable":true,"href":"https:\/\/www.ericfavre.com\/lifestyle\/es\/wp-json\/wp\/v2\/media\/31067"}],"wp:attachment":[{"href":"https:\/\/www.ericfavre.com\/lifestyle\/es\/wp-json\/wp\/v2\/media?parent=18537"}],"curies":[{"name":"wp","href":"https:\/\/api.w.org\/{rel}","templated":true}]}}