{"id":1898,"date":"2021-06-03T19:37:50","date_gmt":"2021-06-03T17:37:50","guid":{"rendered":"https:\/\/www.ericfavre.com\/lifestyle\/es\/?page_id=1898"},"modified":"2021-12-28T16:02:54","modified_gmt":"2021-12-28T15:02:54","slug":"diureticos-y-deporte","status":"publish","type":"page","link":"https:\/\/www.ericfavre.com\/lifestyle\/es\/bienvenida\/nutricion-deportiva\/complementos-alimenticios\/complementos-alimenticios-segun-sus-objetivos-deportivos\/como-tener-exito-en-el-adelgazamiento\/diureticos-y-deporte\/","title":{"rendered":"DIUR\u00c9TICOS Y DEPORTE"},"content":{"rendered":"\t\t<div data-elementor-type=\"wp-page\" data-elementor-id=\"1898\" class=\"elementor elementor-1898\" data-elementor-settings=\"[]\">\n\t\t\t\t\t\t\t<div class=\"elementor-section-wrap\">\n\t\t\t\t\t\t\t<section class=\"penci-section penci-disSticky penci-structure-10 elementor-section elementor-top-section elementor-element elementor-element-a01c994 elementor-section-boxed elementor-section-height-default elementor-section-height-default\" data-id=\"a01c994\" data-element_type=\"section\">\n\t\t\t\t\t\t<div class=\"elementor-container elementor-column-gap-default\">\n\t\t\t\t\t<div class=\"penci-ercol-100 penci-ercol-order-1 penci-sticky-ct  elementor-column elementor-col-100 elementor-top-column elementor-element elementor-element-d308b5a\" data-id=\"d308b5a\" data-element_type=\"column\">\n\t\t\t<div class=\"elementor-widget-wrap elementor-element-populated\">\n\t\t\t\t\t\t\t\t<div class=\"elementor-element elementor-element-8bc335f elementor-widget elementor-widget-html\" data-id=\"8bc335f\" data-element_type=\"widget\" data-widget_type=\"html.default\">\n\t\t\t\t<div class=\"elementor-widget-container\">\n\t\t\tienen muchas contraindicaciones y efectos adversos, \r\n      especialmente relacionados con la p\u00e9rdida de electrolitos, y no son para \r\n      personas &quot;sanas&quot;. Algunos se prescriben y se utilizan como &quot;agentes \r\n      enmascaradores&quot;, para excretar productos il\u00edcitos que pueden pasar por \r\n      la orina o la sangre m\u00e1s r\u00e1pidamente. El aumento del volumen de orina \r\n      disminuir\u00e1 la concentraci\u00f3n de los productos prohibidos de tal manera \r\n      que la detecci\u00f3n por m\u00e9todos anal\u00edticos, se hace imposible por estar por \r\n      debajo de los umbrales de detecci\u00f3n, tambi\u00e9n puede cambiar el pH de la \r\n      orina, haci\u00e9ndola m\u00e1s \u00e1cida, lo que hace mucho m\u00e1s dif\u00edcil detectar los \r\n      productos dopantes.\r\n    <\/p>\r\n    <h2>\r\n      Los diur\u00e9ticos aumentan el volumen de orina\r\n    <\/h2>\r\n    <p>\r\n      Los diur\u00e9ticos, naturales o no, estimulan la excreci\u00f3n urinaria, en \r\n      otras palabras, aumentan el volumen de orina, haciendo que el agua salga \r\n      del cuerpo, por v\u00eda subcut\u00e1nea. Se entiende mejor su uso para el secado, \r\n      la p\u00e9rdida de peso y el desarrollo muscular. No hay que confundir los \r\n      medicamentos con las plantas de acci\u00f3n diur\u00e9tica y drenante, presentes \r\n      en algunos complementos alimenticios, cuyas propiedades son reconocidas \r\n      y utilizadas tradicionalmente desde hace siglos\r\n    <\/p>\r\n    <h2>\r\n      SOLUCIONES EXISTENTES\r\n    <\/h2>\r\n    <p>\r\n      Estas plantas favorecer\u00e1n la eliminaci\u00f3n de agua por mecanismos \r\n      similares pero con una p\u00e9rdida mucho menos importante y\/o complementaria \r\n      de electrolitos, al favorecer en particular la circulaci\u00f3n venosa y \r\n      linf\u00e1tica, que permitir\u00e1 una p\u00e9rdida de agua de forma homog\u00e9nea y sobre \r\n      todos los tejidos, una soluci\u00f3n ideal, especialmente durante los \r\n      per\u00edodos de sequ\u00eda.\r\n    <\/p>\t\t<\/div>\n\t\t\t\t<\/div>\n\t\t\t\t\t<\/div>\n\t\t<\/div>\n\t\t\t\t\t\t\t<\/div>\n\t\t<\/section>\n\t\t\t\t\t\t<\/div>\n\t\t\t\t\t<\/div>\n\t\t","protected":false},"excerpt":{"rendered":"<p>ienen muchas contraindicaciones y efectos adversos, especialmente relacionados con la p\u00e9rdida de electrolitos, y no&hellip;<\/p>\n","protected":false},"author":71,"featured_media":33734,"parent":1849,"menu_order":0,"comment_status":"closed","ping_status":"closed","template":"template_ES.php","meta":[],"_links":{"self":[{"href":"https:\/\/www.ericfavre.com\/lifestyle\/es\/wp-json\/wp\/v2\/pages\/1898"}],"collection":[{"href":"https:\/\/www.ericfavre.com\/lifestyle\/es\/wp-json\/wp\/v2\/pages"}],"about":[{"href":"https:\/\/www.ericfavre.com\/lifestyle\/es\/wp-json\/wp\/v2\/types\/page"}],"author":[{"embeddable":true,"href":"https:\/\/www.ericfavre.com\/lifestyle\/es\/wp-json\/wp\/v2\/users\/71"}],"replies":[{"embeddable":true,"href":"https:\/\/www.ericfavre.com\/lifestyle\/es\/wp-json\/wp\/v2\/comments?post=1898"}],"version-history":[{"count":6,"href":"https:\/\/www.ericfavre.com\/lifestyle\/es\/wp-json\/wp\/v2\/pages\/1898\/revisions"}],"predecessor-version":[{"id":1940,"href":"https:\/\/www.ericfavre.com\/lifestyle\/es\/wp-json\/wp\/v2\/pages\/1898\/revisions\/1940"}],"up":[{"embeddable":true,"href":"https:\/\/www.ericfavre.com\/lifestyle\/es\/wp-json\/wp\/v2\/pages\/1849"}],"wp:featuredmedia":[{"embeddable":true,"href":"https:\/\/www.ericfavre.com\/lifestyle\/es\/wp-json\/wp\/v2\/media\/33734"}],"wp:attachment":[{"href":"https:\/\/www.ericfavre.com\/lifestyle\/es\/wp-json\/wp\/v2\/media?parent=1898"}],"curies":[{"name":"wp","href":"https:\/\/api.w.org\/{rel}","templated":true}]}}