{"id":19027,"date":"2021-06-22T20:06:20","date_gmt":"2021-06-22T18:06:20","guid":{"rendered":"https:\/\/www.ericfavre.com\/lifestyle\/es\/?page_id=19027"},"modified":"2021-09-15T13:36:40","modified_gmt":"2021-09-15T11:36:40","slug":"la-inflamacion-un-mal-que-no-hay-que-descuidar","status":"publish","type":"page","link":"https:\/\/www.ericfavre.com\/lifestyle\/es\/bienvenida\/musculacion\/lesiones-musculares\/traumatismo-relacionados-con-la-practica-del-culturismo\/la-tendinitis-la-enfermedad-del-deportista\/la-inflamacion-un-mal-que-no-hay-que-descuidar\/","title":{"rendered":"LA INFLAMACI\u00d3N, UN MAL QUE NO HAY QUE DESCUIDAR"},"content":{"rendered":"\t\t<div data-elementor-type=\"wp-page\" data-elementor-id=\"19027\" class=\"elementor elementor-19027\" data-elementor-settings=\"[]\">\n\t\t\t\t\t\t\t<div class=\"elementor-section-wrap\">\n\t\t\t\t\t\t\t<section class=\"penci-section penci-disSticky penci-structure-10 elementor-section elementor-top-section elementor-element elementor-element-6c958c8 elementor-section-boxed elementor-section-height-default elementor-section-height-default\" data-id=\"6c958c8\" data-element_type=\"section\">\n\t\t\t\t\t\t<div class=\"elementor-container elementor-column-gap-default\">\n\t\t\t\t\t<div class=\"penci-ercol-100 penci-ercol-order-1 penci-sticky-ct  elementor-column elementor-col-100 elementor-top-column elementor-element elementor-element-5621be1\" data-id=\"5621be1\" data-element_type=\"column\">\n\t\t\t<div class=\"elementor-widget-wrap elementor-element-populated\">\n\t\t\t\t\t\t\t\t<div class=\"elementor-element elementor-element-91e1155 elementor-widget elementor-widget-html\" data-id=\"91e1155\" data-element_type=\"widget\" data-widget_type=\"html.default\">\n\t\t\t\t<div class=\"elementor-widget-container\">\n\t\t\t<p>\r\n      Ante una agresi\u00f3n externa, el organismo, m\u00e1s concretamente, su sistema \r\n      inmunitario, reacciona, a su reacci\u00f3n se le llama inflamaci\u00f3n. Se \r\n      produce, por ejemplo, durante lesiones,<b>tendinitis<\/b>, etc. Descubre \r\n      todo lo que necesitas saber sobre la inflamaci\u00f3n en este art\u00edculo.\r\n    <\/p>\r\n    <h2>\r\n      \u00bfCU\u00c1LES SON LAS CAUSAS DE LA INFLAMACI\u00d3N?\r\n    <\/h2>\r\n    <p>\r\n      La inflamaci\u00f3n es la respuesta de un tejido vivo y vascularizado a una \r\n      agresi\u00f3n. Esta agresi\u00f3n puede ser causada por:\r\n    <\/p>\r\n    <p>\r\n      &gt; F\u00edsica (caliente o fr\u00edo)\r\n    <\/p>\r\n    <p>\r\n      &gt; Qu\u00edmica (sustancia demasiado \u00e1cida o b\u00e1sica)\r\n    <\/p>\r\n    <p>\r\n      &gt; Infecciosas (virus, bacterias, par\u00e1sitos, hongos...) En general, tras \r\n      una agresi\u00f3n constituida por una lesi\u00f3n, una infecci\u00f3n o un traumatismo, \r\n      el organismo crea lo que se llama inflamaci\u00f3n.\r\n    <\/p>\r\n    <p>\r\n      T\u00edpicamente, una inflamaci\u00f3n se manifiesta por cuatro signos \r\n      principales: &gt; Rojez, &gt; Calor, &gt; Hinchaz\u00f3n, &gt; Dolor.\r\n    <\/p>\r\n    <p>\r\n      Cuando esta inflamaci\u00f3n empeora o si se deja sin tratar, pueden aparecer \r\n      problemas fisiol\u00f3gicos m\u00e1s o menos importantes.\r\n    <\/p>\r\n    <p>\r\n      Estos problemas incluyen:\r\n    <\/p>\r\n    <p>\r\n      Fatiga intensa, &gt; Fiebre alta, &gt; P\u00e9rdida de apetito, &gt; P\u00e9rdida de peso...\r\n    <\/p>\r\n    <h2>\r\n      \u00bfQU\u00c9 SOLUCIONES EXISTEN?\r\n    <\/h2>\r\n    <p>\r\n      Un antiinflamatorio es un medicamento para combatir la inflamaci\u00f3n. \r\n      Est\u00e1n destinados a tratar una reacci\u00f3n inflamatoria y las enfermedades \r\n      resultantes.\r\n    <\/p>\r\n    <p>\r\n      Los antiinflamatorios est\u00e1n entre los medicamentos m\u00e1s vendidos. No s\u00f3lo \r\n      es elevado el n\u00famero de enfermedades inflamatorias, sino que cada vez \r\n      hay m\u00e1s personas que las padecen, y de forma m\u00e1s grave.\r\n    <\/p>\r\n    <p>\r\n      A pesar de la eficacia de estos productos, pueden provocar efectos \r\n      secundarios y pueden causar intoxicaciones, especialmente por sobredosis \r\n      o por interacci\u00f3n con otros medicamentos, as\u00ed como alergias.\r\n    <\/p>\r\n    <p>\r\n      Los efectos secundarios incluyen: &gt; Trastornos digestivos: n\u00e1useas, \r\n      v\u00f3mitos,\r\n    <\/p>\r\n    <p>\r\n      diarrea, hemorragia digestiva...&gt; Fen\u00f3menos al\u00e9rgicos: erupciones,\r\n    <\/p>\r\n    <p>\r\n      angioedema, ataque de asma...&gt; Trastornos neurops\u00edquicos: v\u00e9rtigo,\r\n    <\/p>\r\n    <p>\r\n      ac\u00fafenos, astenia...&gt;Trastornos diversos: edemas, hipertensi\u00f3n\r\n    <\/p>\r\n    <p>\r\n      arterial...\r\n    <\/p>\t\t<\/div>\n\t\t\t\t<\/div>\n\t\t\t\t\t<\/div>\n\t\t<\/div>\n\t\t\t\t\t\t\t<\/div>\n\t\t<\/section>\n\t\t\t\t\t\t<\/div>\n\t\t\t\t\t<\/div>\n\t\t","protected":false},"excerpt":{"rendered":"<p>Ante una agresi\u00f3n externa, el organismo, m\u00e1s concretamente, su sistema inmunitario, reacciona, a su reacci\u00f3n&hellip;<\/p>\n","protected":false},"author":71,"featured_media":31046,"parent":18733,"menu_order":0,"comment_status":"closed","ping_status":"closed","template":"template_ES.php","meta":[],"_links":{"self":[{"href":"https:\/\/www.ericfavre.com\/lifestyle\/es\/wp-json\/wp\/v2\/pages\/19027"}],"collection":[{"href":"https:\/\/www.ericfavre.com\/lifestyle\/es\/wp-json\/wp\/v2\/pages"}],"about":[{"href":"https:\/\/www.ericfavre.com\/lifestyle\/es\/wp-json\/wp\/v2\/types\/page"}],"author":[{"embeddable":true,"href":"https:\/\/www.ericfavre.com\/lifestyle\/es\/wp-json\/wp\/v2\/users\/71"}],"replies":[{"embeddable":true,"href":"https:\/\/www.ericfavre.com\/lifestyle\/es\/wp-json\/wp\/v2\/comments?post=19027"}],"version-history":[{"count":6,"href":"https:\/\/www.ericfavre.com\/lifestyle\/es\/wp-json\/wp\/v2\/pages\/19027\/revisions"}],"predecessor-version":[{"id":19069,"href":"https:\/\/www.ericfavre.com\/lifestyle\/es\/wp-json\/wp\/v2\/pages\/19027\/revisions\/19069"}],"up":[{"embeddable":true,"href":"https:\/\/www.ericfavre.com\/lifestyle\/es\/wp-json\/wp\/v2\/pages\/18733"}],"wp:featuredmedia":[{"embeddable":true,"href":"https:\/\/www.ericfavre.com\/lifestyle\/es\/wp-json\/wp\/v2\/media\/31046"}],"wp:attachment":[{"href":"https:\/\/www.ericfavre.com\/lifestyle\/es\/wp-json\/wp\/v2\/media?parent=19027"}],"curies":[{"name":"wp","href":"https:\/\/api.w.org\/{rel}","templated":true}]}}