{"id":19496,"date":"2021-06-22T20:17:07","date_gmt":"2021-06-22T18:17:07","guid":{"rendered":"https:\/\/www.ericfavre.com\/lifestyle\/es\/?page_id=19496"},"modified":"2021-09-15T13:45:17","modified_gmt":"2021-09-15T11:45:17","slug":"todo-sobre-las-lesiones-de-rodilla","status":"publish","type":"page","link":"https:\/\/www.ericfavre.com\/lifestyle\/es\/bienvenida\/musculacion\/lesiones-musculares\/traumatismo-relacionados-con-la-practica-del-culturismo\/todo-sobre-las-lesiones-de-rodilla\/","title":{"rendered":"TODO SOBRE LAS LESIONES DE RODILLA"},"content":{"rendered":"\t\t<div data-elementor-type=\"wp-page\" data-elementor-id=\"19496\" class=\"elementor elementor-19496\" data-elementor-settings=\"[]\">\n\t\t\t\t\t\t\t<div class=\"elementor-section-wrap\">\n\t\t\t\t\t\t\t<section class=\"penci-section penci-disSticky penci-structure-10 elementor-section elementor-top-section elementor-element elementor-element-0b1e2df elementor-section-boxed elementor-section-height-default elementor-section-height-default\" data-id=\"0b1e2df\" data-element_type=\"section\">\n\t\t\t\t\t\t<div class=\"elementor-container elementor-column-gap-default\">\n\t\t\t\t\t<div class=\"penci-ercol-100 penci-ercol-order-1 penci-sticky-ct  elementor-column elementor-col-100 elementor-top-column elementor-element elementor-element-debd00c\" data-id=\"debd00c\" data-element_type=\"column\">\n\t\t\t<div class=\"elementor-widget-wrap elementor-element-populated\">\n\t\t\t\t\t\t\t\t<div class=\"elementor-element elementor-element-b51972c elementor-widget elementor-widget-html\" data-id=\"b51972c\" data-element_type=\"widget\" data-widget_type=\"html.default\">\n\t\t\t\t<div class=\"elementor-widget-container\">\n\t\t\t<p>\r\n      La estructura de la rodilla est\u00e1 formada principalmente por ligamentos y \r\n      m\u00fasculos. Es gracias a la potencia de los m\u00fasculos de esta parte del \r\n      cuerpo que los atletas pueden realizar ejercicios de carrera, salto y \r\n      flexi\u00f3n, sin embargo, la rodilla suele estar sujeta a<b>lesiones<\/b>, \r\n      especialmente cuando se dobla a medias durante mucho tiempo. Este \r\n      archivo proporciona todas las explicaciones necesarias para identificar \r\n      las diferentes lesiones de rodilla.\r\n    <\/p>\r\n    <h2>\r\n      \u00bfQu\u00e9 es la luxaci\u00f3n de rodilla?\r\n    <\/h2>\r\n    <p>\r\n      La luxaci\u00f3n de rodilla es un accidente muy raro que suele producirse \r\n      durante la pr\u00e1ctica de la actividad deportiva 011, suele manifestarse \r\n      como una deformaci\u00f3n de la articulaci\u00f3n. El deportista que la padece \r\n      siente un fuerte dolor y es totalmente incapaz de realizar movimientos \r\n      de rodilla, en el peor de los casos, es incluso imposible volver a \r\n      ponerse en pie.\r\n    <\/p>\r\n    <h2>\r\n      \u00bfQu\u00e9 hay que saber sobre los esguinces de rodilla?\r\n    <\/h2>\r\n    <p>\r\n      Los esguinces de rodilla pueden ser confusos.Por lo general, se trata de<em>hidroartrosis<\/em>&nbsp;&nbsp;o \r\n      de<em>hemartrosis<\/em>. Independientemente de que el esguince haya sido \r\n      causado por un accidente grave o por un movimiento leve, el dolor se \r\n      presenta en 3 etapas diferentes:\r\n    <\/p>\r\n    <ul>\r\n      <li>\r\n        Se siente un dolor importante en el momento del accidente;\r\n      <\/li>\r\n      <li>\r\n        Poco despu\u00e9s, el dolor se reduce significativamente y luego desaparece;\r\n      <\/li>\r\n      <li>\r\n        M\u00e1s tarde, el dolor vuelve a agravarse, poniendo al sujeto en una \r\n        situaci\u00f3n de grave impotencia funcional.\r\n      <\/li>\r\n    <\/ul>\r\n    <p>\r\n      Cuando se producen esguinces de rodilla, es aconsejable dejar de \r\n      practicar deporte inmediatamente.\r\n    <\/p>\r\n    <h2>\r\n      \u00bfC\u00f3mo se manifiestan las lesiones meniscales?\r\n    <\/h2>\r\n    <p>\r\n      Las lesiones graves de menisco se manifiestan por un bloqueo de la \r\n      rodilla. El deportista que la padece, por ejemplo, ya no tiene la \r\n      posibilidad de extender la articulaci\u00f3n, si la fractura no es \r\n      importante, la articulaci\u00f3n de la rodilla sigue siendo funcional aunque \r\n      se sienta dolor. Hay que se\u00f1alar que un simple desprendimiento no es \r\n      sin\u00f3nimo de una lesi\u00f3n importante del menisco.\r\n    <\/p>\r\n    <h2>\r\n      \u00bfC\u00f3mo explicar las inestabilidades cr\u00f3nicas de la rodilla?\r\n    <\/h2>\r\n    <p>\r\n      Tras un accidente, los deportistas suelen someterse a un tratamiento \r\n      para poder retomar sus actividades, sin embargo, es bastante normal \r\n      sentir dolor no s\u00f3lo en el hueso, sino tambi\u00e9n en los m\u00fasculos.\r\n    <\/p>\r\n    <p>\r\n      Las inestabilidades cr\u00f3nicas pueden ser a\u00fan mayores tras un caso de \r\n      s\u00edndrome de debilidad del cuadriceps, de hecho, despu\u00e9s de este tipo de \r\n      lesi\u00f3n, el dolor de rodilla sigue produci\u00e9ndose. El t\u00e9rmino \r\n      &quot;perturbaci\u00f3n interna&quot; se utiliza a menudo para describir este tipo de \r\n      dolor postraum\u00e1tico.\r\n    <\/p>\r\n    <p>\r\n      Mantener inactiva una rodilla enferma puede resultar fatal con el \r\n      tiempo, por lo tanto, para ayudar a los deportistas que puedan \r\n      padecerlo, es aconsejable realizar un diagn\u00f3stico para identificar si el \r\n      traumatismo es de causa local o m\u00e1s grave.\r\n    <\/p>\r\n    <h2>\r\n      \u00bfQu\u00e9 pasa con las roturas de r\u00f3tula?\r\n    <\/h2>\r\n    <p>\r\n      La r\u00f3tula no est\u00e1 precisamente libre de da\u00f1os. Las fracturas de la \r\n      r\u00f3tula s\u00f3lo son sensibles a la palpaci\u00f3n, en casos extremos, pueden \r\n      provocar una deformaci\u00f3n de la parte anterior de la articulaci\u00f3n de la \r\n      rodilla. Las funciones de extensi\u00f3n tambi\u00e9n pueden verse gravemente \r\n      afectadas por las fracturas de r\u00f3tula.\r\n    <\/p>\r\n    <h2>\r\n      \u00bfQu\u00e9 es la condropat\u00eda?\r\n    <\/h2>\r\n    <p>\r\n      Una<em>condropat\u00eda<\/em>&nbsp;es un tipo de lesi\u00f3n que puede producirse en el \r\n      cart\u00edlago, de tama\u00f1o muy peque\u00f1o, aparece m\u00e1s precisamente en la r\u00f3tula \r\n      y la tr\u00f3clea. La condropat\u00eda puede provocar fuertes dolores e incluso \r\n      llevar al deportista que la padece a abandonar su actividad deportiva, \r\n      de hecho, el dolor se siente principalmente durante un movimiento de \r\n      salto, durante una carrera, o incluso al bajar las escaleras.\r\n    <\/p>\r\n    <p>\r\n      Este tipo de lesi\u00f3n no tiene marcas aparentes en la rodilla, ya que, \r\n      conserva su forma normal, por lo tanto, un diagn\u00f3stico m\u00e9dico es \r\n      esencial para obtener im\u00e1genes de la estructura de la articulaci\u00f3n como \r\n      preparaci\u00f3n para la cirug\u00eda.\r\n    <\/p>\t\t<\/div>\n\t\t\t\t<\/div>\n\t\t\t\t\t<\/div>\n\t\t<\/div>\n\t\t\t\t\t\t\t<\/div>\n\t\t<\/section>\n\t\t\t\t\t\t<\/div>\n\t\t\t\t\t<\/div>\n\t\t","protected":false},"excerpt":{"rendered":"<p>La estructura de la rodilla est\u00e1 formada principalmente por ligamentos y m\u00fasculos. Es gracias a&hellip;<\/p>\n","protected":false},"author":71,"featured_media":31207,"parent":18684,"menu_order":0,"comment_status":"closed","ping_status":"closed","template":"template_ES.php","meta":[],"_links":{"self":[{"href":"https:\/\/www.ericfavre.com\/lifestyle\/es\/wp-json\/wp\/v2\/pages\/19496"}],"collection":[{"href":"https:\/\/www.ericfavre.com\/lifestyle\/es\/wp-json\/wp\/v2\/pages"}],"about":[{"href":"https:\/\/www.ericfavre.com\/lifestyle\/es\/wp-json\/wp\/v2\/types\/page"}],"author":[{"embeddable":true,"href":"https:\/\/www.ericfavre.com\/lifestyle\/es\/wp-json\/wp\/v2\/users\/71"}],"replies":[{"embeddable":true,"href":"https:\/\/www.ericfavre.com\/lifestyle\/es\/wp-json\/wp\/v2\/comments?post=19496"}],"version-history":[{"count":6,"href":"https:\/\/www.ericfavre.com\/lifestyle\/es\/wp-json\/wp\/v2\/pages\/19496\/revisions"}],"predecessor-version":[{"id":19538,"href":"https:\/\/www.ericfavre.com\/lifestyle\/es\/wp-json\/wp\/v2\/pages\/19496\/revisions\/19538"}],"up":[{"embeddable":true,"href":"https:\/\/www.ericfavre.com\/lifestyle\/es\/wp-json\/wp\/v2\/pages\/18684"}],"wp:featuredmedia":[{"embeddable":true,"href":"https:\/\/www.ericfavre.com\/lifestyle\/es\/wp-json\/wp\/v2\/media\/31207"}],"wp:attachment":[{"href":"https:\/\/www.ericfavre.com\/lifestyle\/es\/wp-json\/wp\/v2\/media?parent=19496"}],"curies":[{"name":"wp","href":"https:\/\/api.w.org\/{rel}","templated":true}]}}