{"id":19594,"date":"2021-06-22T20:18:34","date_gmt":"2021-06-22T18:18:34","guid":{"rendered":"https:\/\/www.ericfavre.com\/lifestyle\/es\/?page_id=19594"},"modified":"2021-09-15T13:46:25","modified_gmt":"2021-09-15T11:46:25","slug":"como-lidiar-mejor-con-el-dolor-de-espalda","status":"publish","type":"page","link":"https:\/\/www.ericfavre.com\/lifestyle\/es\/bienvenida\/musculacion\/lesiones-musculares\/traumatismo-relacionados-con-la-practica-del-culturismo\/como-lidiar-mejor-con-el-dolor-de-espalda\/","title":{"rendered":"C\u00d3MO LIDIAR MEJOR CON EL DOLOR DE ESPALDA."},"content":{"rendered":"\t\t<div data-elementor-type=\"wp-page\" data-elementor-id=\"19594\" class=\"elementor elementor-19594\" data-elementor-settings=\"[]\">\n\t\t\t\t\t\t\t<div class=\"elementor-section-wrap\">\n\t\t\t\t\t\t\t<section class=\"penci-section penci-disSticky penci-structure-10 elementor-section elementor-top-section elementor-element elementor-element-76dda2a elementor-section-boxed elementor-section-height-default elementor-section-height-default\" data-id=\"76dda2a\" data-element_type=\"section\">\n\t\t\t\t\t\t<div class=\"elementor-container elementor-column-gap-default\">\n\t\t\t\t\t<div class=\"penci-ercol-100 penci-ercol-order-1 penci-sticky-ct  elementor-column elementor-col-100 elementor-top-column elementor-element elementor-element-164c6ab\" data-id=\"164c6ab\" data-element_type=\"column\">\n\t\t\t<div class=\"elementor-widget-wrap elementor-element-populated\">\n\t\t\t\t\t\t\t\t<div class=\"elementor-element elementor-element-2f71469 elementor-widget elementor-widget-html\" data-id=\"2f71469\" data-element_type=\"widget\" data-widget_type=\"html.default\">\n\t\t\t\t<div class=\"elementor-widget-container\">\n\t\t\t<p>\r\n      El dolor de espalda es uno de los motivos de malestar en la vida diaria \r\n      de los culturistas. Una simple lesi\u00f3n&nbsp;puede obligar a un deportista a \r\n      poner fin a su carrera y provocar muchas otras consecuencias \r\n      psicol\u00f3gicas. Por lo tanto, es importante estar informado y tomar las \r\n      medidas adecuadas. Conozca las causas, manifestaciones y posibles \r\n      soluciones de la lumbalgia.\r\n    <\/p>\r\n    <h2>\r\n      El dolor de espalda, un problema com\u00fan en los seres humanos\r\n    <\/h2>\r\n    &nbsp;\r\n\r\n    <p>\r\n      Nadie se libra realmente del dolor de columna. A menudo o\u00edmos hablar de \r\n      aplastamiento de discos, pinzamiento de nervios, deslizamiento de \r\n      discos, y mucho m\u00e1s. Pero en realidad, el uso de estas expresiones es a \r\n      menudo err\u00f3neo. Por ejemplo, es absurdo afirmar que los discos se han \r\n      deslizado. Esto se debe a que los discos est\u00e1n tan bien conectados a las \r\n      v\u00e9rtebras que el hueso puede romperse antes de que el disco se mueva.\r\n    <\/p>\r\n    <p>\r\n      Aunque puede ser muy confuso, no hay mucha informaci\u00f3n precisa sobre las \r\n      causas o manifestaciones del dolor de espalda. Sin embargo, lo que s\u00ed es \r\n      cierto es que un deportista que intenta superar sus l\u00edmites puede sufrir \r\n      tras un esfuerzo f\u00edsico. Los problemas que a menudo se encuentran en la \r\n      regi\u00f3n lumbar pueden ser el resultado de un simple gesto anodino que \r\n      debe haber tomado una gran magnitud.\r\n    <\/p>\r\n    <p>\r\n      Por ejemplo, un deportista puede sufrir problemas en la articulaci\u00f3n de \r\n      la espalda s\u00f3lo por intentar atarse los cordones de las zapatillas. El \r\n      dolor de columna puede ocurrirle a cualquiera. Sin embargo, con algunas \r\n      precauciones, es posible reducir considerablemente el riesgo de \r\n      lesiones. Pero mucho antes de hablar de las diferentes formas de tratar \r\n      estas dolencias, que pueden cambiar todo un estilo de vida o arruinar \r\n      una carrera deportiva, es importante entender la anatom\u00eda de la espalda.\r\n    <\/p>\r\n    <h2>\r\n      La anatom\u00eda de la espalda y su funcionamiento\r\n    <\/h2>\r\n    &nbsp;\r\n\r\n    <p>\r\n      La estructura de la espalda es una de las m\u00e1s fuertes del cuerpo. Aunque \r\n      pueden producirse muchas lesiones en la columna vertebral, no pueden ser \r\n      causadas por debilidades en la estructura de esta parte del cuerpo.\r\n    <\/p>\r\n    <h3>\r\n      La estructura trasera\r\n    <\/h3>\r\n    &nbsp;\r\n\r\n    <p>\r\n      En primer lugar, hay que se\u00f1alar que la columna vertebral funciona como \r\n      un sistema mec\u00e1nico. Est\u00e1 formado por m\u00fasculos, huesos y nervios. La \r\n      c\t\t<\/div>\n\t\t\t\t<\/div>\n\t\t\t\t\t<\/div>\n\t\t<\/div>\n\t\t\t\t\t\t\t<\/div>\n\t\t<\/section>\n\t\t\t\t\t\t<\/div>\n\t\t\t\t\t<\/div>\n\t\t","protected":false},"excerpt":{"rendered":"<p>El dolor de espalda es uno de los motivos de malestar en la vida diaria&hellip;<\/p>\n","protected":false},"author":71,"featured_media":31011,"parent":18684,"menu_order":0,"comment_status":"closed","ping_status":"closed","template":"template_ES.php","meta":[],"_links":{"self":[{"href":"https:\/\/www.ericfavre.com\/lifestyle\/es\/wp-json\/wp\/v2\/pages\/19594"}],"collection":[{"href":"https:\/\/www.ericfavre.com\/lifestyle\/es\/wp-json\/wp\/v2\/pages"}],"about":[{"href":"https:\/\/www.ericfavre.com\/lifestyle\/es\/wp-json\/wp\/v2\/types\/page"}],"author":[{"embeddable":true,"href":"https:\/\/www.ericfavre.com\/lifestyle\/es\/wp-json\/wp\/v2\/users\/71"}],"replies":[{"embeddable":true,"href":"https:\/\/www.ericfavre.com\/lifestyle\/es\/wp-json\/wp\/v2\/comments?post=19594"}],"version-history":[{"count":6,"href":"https:\/\/www.ericfavre.com\/lifestyle\/es\/wp-json\/wp\/v2\/pages\/19594\/revisions"}],"predecessor-version":[{"id":19636,"href":"https:\/\/www.ericfavre.com\/lifestyle\/es\/wp-json\/wp\/v2\/pages\/19594\/revisions\/19636"}],"up":[{"embeddable":true,"href":"https:\/\/www.ericfavre.com\/lifestyle\/es\/wp-json\/wp\/v2\/pages\/18684"}],"wp:featuredmedia":[{"embeddable":true,"href":"https:\/\/www.ericfavre.com\/lifestyle\/es\/wp-json\/wp\/v2\/media\/31011"}],"wp:attachment":[{"href":"https:\/\/www.ericfavre.com\/lifestyle\/es\/wp-json\/wp\/v2\/media?parent=19594"}],"curies":[{"name":"wp","href":"https:\/\/api.w.org\/{rel}","templated":true}]}}