{"id":19930,"date":"2021-06-22T20:28:22","date_gmt":"2021-06-22T18:28:22","guid":{"rendered":"https:\/\/www.ericfavre.com\/lifestyle\/es\/?page_id=19930"},"modified":"2021-09-15T13:50:39","modified_gmt":"2021-09-15T11:50:39","slug":"prevencion-de-lesiones-para-los-deportes-de-invierno","status":"publish","type":"page","link":"https:\/\/www.ericfavre.com\/lifestyle\/es\/bienvenida\/musculacion\/lesiones-musculares\/como-reducir-el-riesgo-de-lesiones-durante-el-entrenamiento-con-pesas\/prevencion-de-lesiones-para-los-deportes-de-invierno\/","title":{"rendered":"PREVENCI\u00d3N DE LESIONES PARA LOS DEPORTES DE INVIERNO"},"content":{"rendered":"\t\t<div data-elementor-type=\"wp-page\" data-elementor-id=\"19930\" class=\"elementor elementor-19930\" data-elementor-settings=\"[]\">\n\t\t\t\t\t\t\t<div class=\"elementor-section-wrap\">\n\t\t\t\t\t\t\t<section class=\"penci-section penci-disSticky penci-structure-10 elementor-section elementor-top-section elementor-element elementor-element-9977c91 elementor-section-boxed elementor-section-height-default elementor-section-height-default\" data-id=\"9977c91\" data-element_type=\"section\">\n\t\t\t\t\t\t<div class=\"elementor-container elementor-column-gap-default\">\n\t\t\t\t\t<div class=\"penci-ercol-100 penci-ercol-order-1 penci-sticky-ct  elementor-column elementor-col-100 elementor-top-column elementor-element elementor-element-256bf2d\" data-id=\"256bf2d\" data-element_type=\"column\">\n\t\t\t<div class=\"elementor-widget-wrap elementor-element-populated\">\n\t\t\t\t\t\t\t\t<div class=\"elementor-element elementor-element-dd5bfec elementor-widget elementor-widget-html\" data-id=\"dd5bfec\" data-element_type=\"widget\" data-widget_type=\"html.default\">\n\t\t\t\t<div class=\"elementor-widget-container\">\n\t\t\t<b>PREVENCI\u00d3N DE LESIONES PARA LOS DEPORTES DE INVIERNO &nbsp;<\/b>&nbsp;150.000 \r\n    es la media de heridos en las pistas en invierno. Los principiantes, \r\n    especialmente durante los primeros cuatro d\u00edas de pr\u00e1ctica, tienen el \r\n    doble de posibilidades de lesionarse&quot;. Descubre en este art\u00edculo, algunos<b>consejos \r\n    para evitar lesiones<\/b>&nbsp;durante la pr\u00e1ctica f\u00edsica en invierno.\r\n\r\n    <h2>\r\n      LA OPINI\u00d3N DEL PROFESIONAL &gt; Sandra Arpin, fisioterapeuta en Bourg Saint \r\n      Maurice\r\n    <\/h2>\r\n    &nbsp;\r\n\r\n    <p>\r\n      <em>MACS7\u00ae: \u00bfCu\u00e1les son los accidentes articulares\/musculares m\u00e1s \r\n      frecuentes en los deportes de invierno?\u2028<\/em>\r\n    <\/p>\r\n    <p>\r\n      Tanto en los deportistas aficionados como en los confirmados, las \r\n      lesiones de rodilla con rotura del ligamento cruzado anterior son las \r\n      m\u00e1s frecuentes en los deportes de invierno. El siguiente tipo de lesi\u00f3n \r\n      m\u00e1s frecuente es el traumatismo de hombro.\r\n    <\/p>\r\n    <p>\r\n      <em>MACS7\u00ae: \u00bfA qu\u00e9 cree que se debe?<\/em>\r\n    <\/p>\r\n    <p>\r\n      En general, esto se debe a la falta de actividad f\u00edsica durante todo el \r\n      a\u00f1o, pero tambi\u00e9n a la calidad de la nieve. Cuando es dura, suele haber \r\n      m\u00e1s traumatismos en el hombro tras las ca\u00eddas, mientras que cuando es \r\n      m\u00e1s bien blanda, hay m\u00e1s traumatismos por torsi\u00f3n y, por tanto, m\u00e1s \r\n      problemas en la rodilla.\r\n    <\/p>\r\n    <p>\r\n      <em>MACS7\u00ae: \u00bfCu\u00e1les son las consecuencias en el organismo a corto y largo \r\n      plazo?\u2028<\/em>\r\n    <\/p>\r\n    <p>\r\n      Las consecuencias a corto plazo son, por supuesto, el cese de toda \r\n      actividad f\u00edsica y el dolor. A largo plazo, la principal consecuencia \r\n      sigue siendo el riesgo de artrosis debido a la degradaci\u00f3n de los \r\n      ligamentos y el cart\u00edlago.\r\n    <\/p>\r\n    <p>\r\n      <em>MACS7\u00ae: \u00bfCu\u00e1l es el tiempo medio de rehabilitaci\u00f3n de las lesiones?\u2028<\/em>\r\n    <\/p>\r\n    <p>\r\n      En el caso de una rotura del ligamento cruzado anterior, la \r\n      rehabilitaci\u00f3n dura una media de 6 meses despu\u00e9s de la operaci\u00f3n. Para \r\n      otros traumatismos (esguince, contusi\u00f3n), se necesita una media de 1 mes \r\n      y medio.\r\n    <\/p>\r\n    <p>\r\n      <em>MACS7\u00ae: \u00bfCu\u00e1les son las precauciones o gestos preventivos que hay que \r\n      tener antes de ir a las pistas?<\/em>\r\n    <\/p>\r\n    <p>\r\n      \r\n      \r\n      La principal precauci\u00f3n es mantenerse f\u00edsicamente activo durante todo el \r\n      a\u00f1o. Es importante llegar a los deportes de invierno con un m\u00ednimo de \r\n      condici\u00f3n f\u00edsica porque no hay que olvidar que el cuerpo est\u00e1 a una \r\n      altitud de unos 1800m, a la que no est\u00e1 acostumbrado, por eso, si se le \r\n      pide un esfuerzo f\u00edsico al que no est\u00e1 acostumbrado, el accidente se \r\n      produce muy r\u00e1pidamente.\r\n    <\/p>\r\n    <h2>\r\n      NUESTRO CONSEJO: SAL CON EL EQUIPO ADECUADO.\r\n    <\/h2>\r\n    &nbsp;\r\n\r\n    <p>\r\n      Antes de la salida, es imprescindible comprobar que se tiene todo el \r\n      material adecuado: ropa ni demasiado caliente ni demasiado fr\u00eda, hay que \r\n      tener la posibilidad de cubrirse o descubrirse seg\u00fan la evoluci\u00f3n del \r\n      tiempo, muy cambiante en la monta\u00f1a.\r\n    <\/p>\r\n    <p>\r\n      Para luchar contra el fr\u00edo, hay que dar prioridad a:\r\n    <\/p>\r\n    <p>\r\n      Tres capas: una que deja pasar la transpiraci\u00f3n, otra que protege del \r\n      fr\u00edo y otra que corta el viento;<br>\r\n    <\/p>\r\n    <p>\r\n      S\u00f3lo un par de calcetines y guantes no muy ajustados;<br>\r\n    <\/p>\r\n    <p>\r\n      Protecciones: un casco para todos y protecciones para las mu\u00f1ecas de los \r\n      snowboarders;<br>\r\n    <\/p>\r\n    <p>\r\n      Equipo en buen estado y&nbsp;&nbsp;adaptado a tu nivel : si tienes tus propios \r\n      esqu\u00eds, aseg\u00farate de que cada a\u00f1o un profesional ajuste las fijaciones. \r\n      M\u00e1s de un esguince de rodilla de cada dos es consecuencia de una \r\n      fijaci\u00f3n mal ajustada. Aseg\u00farate tambi\u00e9n de elegir bien tus botas de \r\n      esqu\u00ed.\r\n    <\/p>\t\t<\/div>\n\t\t\t\t<\/div>\n\t\t\t\t\t<\/div>\n\t\t<\/div>\n\t\t\t\t\t\t\t<\/div>\n\t\t<\/section>\n\t\t\t\t\t\t<\/div>\n\t\t\t\t\t<\/div>\n\t\t","protected":false},"excerpt":{"rendered":"<p>PREVENCI\u00d3N DE LESIONES PARA LOS DEPORTES DE INVIERNO &nbsp;&nbsp;150.000 es la media de heridos en&hellip;<\/p>\n","protected":false},"author":71,"featured_media":31151,"parent":19783,"menu_order":0,"comment_status":"closed","ping_status":"closed","template":"template_ES.php","meta":[],"_links":{"self":[{"href":"https:\/\/www.ericfavre.com\/lifestyle\/es\/wp-json\/wp\/v2\/pages\/19930"}],"collection":[{"href":"https:\/\/www.ericfavre.com\/lifestyle\/es\/wp-json\/wp\/v2\/pages"}],"about":[{"href":"https:\/\/www.ericfavre.com\/lifestyle\/es\/wp-json\/wp\/v2\/types\/page"}],"author":[{"embeddable":true,"href":"https:\/\/www.ericfavre.com\/lifestyle\/es\/wp-json\/wp\/v2\/users\/71"}],"replies":[{"embeddable":true,"href":"https:\/\/www.ericfavre.com\/lifestyle\/es\/wp-json\/wp\/v2\/comments?post=19930"}],"version-history":[{"count":6,"href":"https:\/\/www.ericfavre.com\/lifestyle\/es\/wp-json\/wp\/v2\/pages\/19930\/revisions"}],"predecessor-version":[{"id":19972,"href":"https:\/\/www.ericfavre.com\/lifestyle\/es\/wp-json\/wp\/v2\/pages\/19930\/revisions\/19972"}],"up":[{"embeddable":true,"href":"https:\/\/www.ericfavre.com\/lifestyle\/es\/wp-json\/wp\/v2\/pages\/19783"}],"wp:featuredmedia":[{"embeddable":true,"href":"https:\/\/www.ericfavre.com\/lifestyle\/es\/wp-json\/wp\/v2\/media\/31151"}],"wp:attachment":[{"href":"https:\/\/www.ericfavre.com\/lifestyle\/es\/wp-json\/wp\/v2\/media?parent=19930"}],"curies":[{"name":"wp","href":"https:\/\/api.w.org\/{rel}","templated":true}]}}