{"id":20714,"date":"2021-06-23T19:06:15","date_gmt":"2021-06-23T17:06:15","guid":{"rendered":"https:\/\/www.ericfavre.com\/lifestyle\/es\/?page_id=20714"},"modified":"2021-09-16T11:11:01","modified_gmt":"2021-09-16T09:11:01","slug":"entrenamiento-de-ritmo-parte-iii","status":"publish","type":"page","link":"https:\/\/www.ericfavre.com\/lifestyle\/es\/bienvenida\/musculacion\/anatomia-metodos-y-ejercicios-de-musculacion\/metodo-de-entrenamiento-con-pesas\/la-importancia-del-ritmo-en-el-entrenamiento-con-pesas\/entrenamiento-de-ritmo-parte-iii\/","title":{"rendered":"ENTRENAMIENTO DE RITMO (PARTE III)"},"content":{"rendered":"\t\t<div data-elementor-type=\"wp-page\" data-elementor-id=\"20714\" class=\"elementor elementor-20714\" data-elementor-settings=\"[]\">\n\t\t\t\t\t\t\t<div class=\"elementor-section-wrap\">\n\t\t\t\t\t\t\t<section class=\"penci-section penci-disSticky penci-structure-10 elementor-section elementor-top-section elementor-element elementor-element-540ae59 elementor-section-boxed elementor-section-height-default elementor-section-height-default\" data-id=\"540ae59\" data-element_type=\"section\">\n\t\t\t\t\t\t<div class=\"elementor-container elementor-column-gap-default\">\n\t\t\t\t\t<div class=\"penci-ercol-100 penci-ercol-order-1 penci-sticky-ct  elementor-column elementor-col-100 elementor-top-column elementor-element elementor-element-975e875\" data-id=\"975e875\" data-element_type=\"column\">\n\t\t\t<div class=\"elementor-widget-wrap elementor-element-populated\">\n\t\t\t\t\t\t\t\t<div class=\"elementor-element elementor-element-fcf0747 elementor-widget elementor-widget-html\" data-id=\"fcf0747\" data-element_type=\"widget\" data-widget_type=\"html.default\">\n\t\t\t\t<div class=\"elementor-widget-container\">\n\t\t\t<p>\r\n      Hemos visto, en los dos art\u00edculos anteriores dedicados al entrenamiento \r\n      de<b>tempo<\/b>&nbsp;y a la luz de los estudios m\u00e1s recientes, que la duraci\u00f3n \r\n      de la tensi\u00f3n muscular, la duraci\u00f3n que se da a las diferentes fases de \r\n      la contracci\u00f3n muscular durante un movimiento (fases exc\u00e9ntricas, \r\n      conc\u00e9ntricas e intermedias) podr\u00eda ser una herramienta muy interesante \r\n      para el desarrollo muscular y, por tanto, para el desarrollo de las \r\n      diferentes cualidades f\u00edsicas que lo acompa\u00f1an, es decir: fuerza m\u00e1xima, \r\n      potencia, hipertrofia y resistencia a la fuerza.\r\n    <\/p>\r\n    <h2>\r\n      Fase de contracci\u00f3n muscular y tiempo de encendido\r\n    <\/h2>\r\n    &nbsp;\r\n\r\n    <p>\r\n      Al asignar una duraci\u00f3n determinada a estas diferentes fases \r\n      (conc\u00e9ntrica, exc\u00e9ntrica e intermedia) del movimiento, se puede integrar \r\n      un nuevo par\u00e1metro muy eficaz...La duraci\u00f3n del encendido (DMST)\r\n    <\/p>\r\n    <p>\r\n      La elecci\u00f3n del tempo consiste en decidir el tiempo que se debe dedicar \r\n      al esfuerzo en cada fase de un movimiento. Los estudios nos demuestran \r\n      que este par\u00e1metro no es insignificante y que, l\u00f3gicamente, encuentra su \r\n      lugar junto a los dem\u00e1s par\u00e1metros del rendimiento deportivo, como la \r\n      intensidad, las interacciones entre los modos de contracci\u00f3n y las \r\n      t\u00e9cnicas de entrenamiento.\r\n    <\/p>\r\n    <p>\r\n      Como se explic\u00f3 en el art\u00edculo anterior, se utilizan cuatro d\u00edgitos, \r\n      cada uno de los cuales representa la duraci\u00f3n de una fase del \r\n      movimiento. Convencionalmente la primera cifra indica la duraci\u00f3n de la \r\n      fase exc\u00e9ntrica, la segunda de la fase intermedia 1, la tercera de la \r\n      fase conc\u00e9ntrica y la cuarta de la fase intermedia 2.\r\n    <\/p>\r\n    <p>\r\n      La disposici\u00f3n de los tiempos de conexi\u00f3n permite responder a diferentes \r\n      estrategias de accionamiento. Dada la multiplicidad de estas \r\n      estrategias, s\u00f3lo es posible dar algunas indicaciones a modo de ejemplo. \r\n      El factor m\u00e1s importante, con mucho, son las observaciones realizadas \r\n      sobre el terreno.\r\n    <\/p>\r\n    <p>\r\n      <b>Para la fuerza m\u00e1xima<\/b>\r\n    <\/p>\r\n    <p>\r\n      N\u00famero de repeticiones: 1 a 6\r\n    <\/p>\r\n    <p>\r\n      DMST por serie: menos de 25 a 35 segundos\r\n    <\/p>\r\n    <p>\r\n      <b>Para la potencia (fuerza explosiva)<\/b>\r\n    <\/p>\r\n    <p>\r\n      N\u00famero de repeticiones: de 1 a 20 repeticiones\r\n    <\/p>\r\n    <p>\r\n      DMST por serie: hasta 30 segundos\r\n    <\/p>\r\n    <p>\r\n      <b>Para la resistencia de la fuerza<\/b>\r\n    <\/p>\r\n    <p>\r\n      N\u00famero de repeticiones: 12 repeticiones y m\u00e1s\r\n    <\/p>\r\n    <p>\r\n      DMST por serie: 60 a 120 segundos\r\n    <\/p>\r\n    <p>\r\n      <b>Para la hipertrofia<\/b>\r\n    <\/p>\r\n    <ul>\r\n      <li>\r\n        Miofibrilares o hipertrofia funcional (puesta a tierra)\r\n      <\/li>\r\n    <\/ul>\r\n    <p>\r\n      N\u00famero de repeticiones: 6 a 10\r\n    <\/p>\r\n    <p>\r\n      DMST por serie: 25 a 60 segundos\r\n    <\/p>\r\n    <ul>\r\n      <li>\r\n        Para la hipertrofia sarcopl\u00e1smica (toma de volumen)\r\n      <\/li>\r\n    <\/ul>\r\n    <p>\r\n      N\u00famero de repeticiones : 10 a 15\r\n    <\/p>\r\n    <p>\r\n      DMST por serie: 45 a 90 segundos\r\n    <\/p>\r\n    <p>\r\n      <em>Estas cifras son s\u00f3lo indicaciones para ayudarte a estar lo m\u00e1s cerca \r\n      posible de lo que quieres conseguir. Evidentemente, depender\u00e1n de lo que \r\n      se haya hecho antes y de lo que se haga despu\u00e9s. Por ello, deber\u00e1n \r\n      adaptarse al contenido de la sesi\u00f3n. Sin embargo, al menos tienen el \r\n      m\u00e9rito de ponerte en la direcci\u00f3n correcta y permitirte obtener una \r\n      buena informaci\u00f3n.<\/em>\r\n    <\/p>\t\t<\/div>\n\t\t\t\t<\/div>\n\t\t\t\t\t<\/div>\n\t\t<\/div>\n\t\t\t\t\t\t\t<\/div>\n\t\t<\/section>\n\t\t\t\t\t\t<\/div>\n\t\t\t\t\t<\/div>\n\t\t","protected":false},"excerpt":{"rendered":"<p>Hemos visto, en los dos art\u00edculos anteriores dedicados al entrenamiento detempo&nbsp;y a la luz de&hellip;<\/p>\n","protected":false},"author":71,"featured_media":31823,"parent":20567,"menu_order":0,"comment_status":"closed","ping_status":"closed","template":"template_ES.php","meta":[],"_links":{"self":[{"href":"https:\/\/www.ericfavre.com\/lifestyle\/es\/wp-json\/wp\/v2\/pages\/20714"}],"collection":[{"href":"https:\/\/www.ericfavre.com\/lifestyle\/es\/wp-json\/wp\/v2\/pages"}],"about":[{"href":"https:\/\/www.ericfavre.com\/lifestyle\/es\/wp-json\/wp\/v2\/types\/page"}],"author":[{"embeddable":true,"href":"https:\/\/www.ericfavre.com\/lifestyle\/es\/wp-json\/wp\/v2\/users\/71"}],"replies":[{"embeddable":true,"href":"https:\/\/www.ericfavre.com\/lifestyle\/es\/wp-json\/wp\/v2\/comments?post=20714"}],"version-history":[{"count":6,"href":"https:\/\/www.ericfavre.com\/lifestyle\/es\/wp-json\/wp\/v2\/pages\/20714\/revisions"}],"predecessor-version":[{"id":20756,"href":"https:\/\/www.ericfavre.com\/lifestyle\/es\/wp-json\/wp\/v2\/pages\/20714\/revisions\/20756"}],"up":[{"embeddable":true,"href":"https:\/\/www.ericfavre.com\/lifestyle\/es\/wp-json\/wp\/v2\/pages\/20567"}],"wp:featuredmedia":[{"embeddable":true,"href":"https:\/\/www.ericfavre.com\/lifestyle\/es\/wp-json\/wp\/v2\/media\/31823"}],"wp:attachment":[{"href":"https:\/\/www.ericfavre.com\/lifestyle\/es\/wp-json\/wp\/v2\/media?parent=20714"}],"curies":[{"name":"wp","href":"https:\/\/api.w.org\/{rel}","templated":true}]}}