{"id":2143,"date":"2021-06-03T19:43:59","date_gmt":"2021-06-03T17:43:59","guid":{"rendered":"https:\/\/www.ericfavre.com\/lifestyle\/es\/?page_id=2143"},"modified":"2021-12-28T16:04:28","modified_gmt":"2021-12-28T15:04:28","slug":"neopuntia-una-materia-prima-exclusiva","status":"publish","type":"page","link":"https:\/\/www.ericfavre.com\/lifestyle\/es\/bienvenida\/nutricion-deportiva\/complementos-alimenticios\/complementos-alimenticios-segun-sus-objetivos-deportivos\/como-tener-exito-en-el-adelgazamiento\/neopuntia-una-materia-prima-exclusiva\/","title":{"rendered":"NEOPUNTIA, UNA MATERIA PRIMA EXCLUSIVA"},"content":{"rendered":"\t\t<div data-elementor-type=\"wp-page\" data-elementor-id=\"2143\" class=\"elementor elementor-2143\" data-elementor-settings=\"[]\">\n\t\t\t\t\t\t\t<div class=\"elementor-section-wrap\">\n\t\t\t\t\t\t\t<section class=\"penci-section penci-disSticky penci-structure-10 elementor-section elementor-top-section elementor-element elementor-element-e58c10d elementor-section-boxed elementor-section-height-default elementor-section-height-default\" data-id=\"e58c10d\" data-element_type=\"section\">\n\t\t\t\t\t\t<div class=\"elementor-container elementor-column-gap-default\">\n\t\t\t\t\t<div class=\"penci-ercol-100 penci-ercol-order-1 penci-sticky-ct  elementor-column elementor-col-100 elementor-top-column elementor-element elementor-element-109e6d9\" data-id=\"109e6d9\" data-element_type=\"column\">\n\t\t\t<div class=\"elementor-widget-wrap elementor-element-populated\">\n\t\t\t\t\t\t\t\t<div class=\"elementor-element elementor-element-14409dc elementor-widget elementor-widget-html\" data-id=\"14409dc\" data-element_type=\"widget\" data-widget_type=\"html.default\">\n\t\t\t\t<div class=\"elementor-widget-container\">\n\t\t\t <p>\r\n      Neopuntia\u00ae (nopal) es el ingrediente saludable m\u00e1s innovador \r\n      (galardonado con el trofeo de plata HIE 2004). Neopuntia\u00ae se elabora a \r\n      partir de hojas de cactus Opuntia ficus-indica deshidratadas mediante un \r\n      proceso de fabricaci\u00f3n patentado que no utiliza disolventes ni productos \r\n      qu\u00edmicos. Est\u00e1 compuesto por una combinaci\u00f3n \u00f3ptima de fibras solubles e \r\n      insolubles con capacidad para unirse en el est\u00f3mago a parte de la grasa \r\n      ingerida durante la comida. La grasa as\u00ed captada se elimina de forma \r\n      natural. Neopuntia\u00ae tambi\u00e9n contiene amino\u00e1cidos, vitaminas y minerales.\r\n    <\/p>\r\n    <h2>\r\n      Grasas\r\n    <\/h2>\r\n    <p>\r\n      La propiedad lipof\u00edlica es un t\u00e9rmino que explica la particularidad de \r\n      la Neopuntia\u00ae (nopal) de aspirar y retener las grasas presentes en el \r\n      organismo. Este car\u00e1cter lipof\u00edlico es identificable por su capacidad de \r\n      disolverse en los l\u00edpidos, de hecho tienen una fuerte afinidad con las \r\n      grasas.\r\n    <\/p>\r\n    <p>\r\n      Numerosos estudios cient\u00edficos y medicinales certifican los resultados \r\n      de absorci\u00f3n de Neopuntia\u00ae, y su indispensable ayuda en los reg\u00edmenes de \r\n      sobrepeso y obesidad con total seguridad.\r\n    <\/p>\r\n    <p>\r\n      Las pruebas in vitro han demostrado que las fibras solubles e insolubles \r\n      de Neopuntia\u00ae (nopal) interact\u00faan f\u00edsicamente con la grasa. Esto crea \r\n      una interferencia y conduce a una disoluci\u00f3n de los dos materiales \r\n      (lipof\u00edlicos y grasa) en contacto. Gracias a estas originales \r\n      propiedades, Neopuntia\u00ae ayuda a reducir la absorci\u00f3n de las grasas \r\n      ingeridas en el est\u00f3mago. Un estudio cl\u00ednico demostr\u00f3 que las \r\n      propiedades lipof\u00edlicas de Neopuntia\u00ae pod\u00edan aumentar la eliminaci\u00f3n de \r\n      la grasa, en un 27% de media, ingerida durante una comida.\r\n    <\/p>\r\n    <h2>\r\n      Az\u00facares\r\n    <\/h2>\r\n    <p>\r\n      Al igual que muchos productos naturales para la salud ricos en fibra \r\n      diet\u00e9tica, parece que el nopal act\u00faa principalmente disminuyendo la \r\n      absorci\u00f3n de glucosa.<br>En un ensayo preliminar a doble ciego publicado \r\n      en 2010, (tomando 400mg de Neopuntia\u00ae al d\u00eda durante 16 semanas), el \r\n      nopal fue m\u00e1s eficaz que el placebo.\r\n    <\/p>\r\n    <p>\r\n      Al igual que muchos productos naturales para la salud ricos en fibra \r\n      diet\u00e9tica, parece que el nopal act\u00faa principalmente disminuyendo la \r\n      absorci\u00f3n de glucosa.<br>En un ensayo preliminar a doble ciego publicado \r\n      en 2010, (tomando 400mg de Neopuntia\u00ae al d\u00eda durante 16 semanas), el \r\n      nopal fue m\u00e1s eficaz que el placebo.<br>En los sujetos que tomaron el \r\n      extracto de Neopuntia\u00ae 30 minutos antes de consumir un l\u00edquido que \r\n      conten\u00eda 75g de az\u00facar, la respuesta de la glucosa en sangre fue menor \r\n      que en los que tomaron un placebo.<br>Esto sugiere un efecto agudo de \r\n      reducci\u00f3n de la glucosa en sangre despu\u00e9s de una comida.\r\n    <\/p>\t\t<\/div>\n\t\t\t\t<\/div>\n\t\t\t\t\t<\/div>\n\t\t<\/div>\n\t\t\t\t\t\t\t<\/div>\n\t\t<\/section>\n\t\t\t\t\t\t<\/div>\n\t\t\t\t\t<\/div>\n\t\t","protected":false},"excerpt":{"rendered":"<p>Neopuntia\u00ae (nopal) es el ingrediente saludable m\u00e1s innovador (galardonado con el trofeo de plata HIE&hellip;<\/p>\n","protected":false},"author":71,"featured_media":33769,"parent":1849,"menu_order":0,"comment_status":"closed","ping_status":"closed","template":"template_ES.php","meta":[],"_links":{"self":[{"href":"https:\/\/www.ericfavre.com\/lifestyle\/es\/wp-json\/wp\/v2\/pages\/2143"}],"collection":[{"href":"https:\/\/www.ericfavre.com\/lifestyle\/es\/wp-json\/wp\/v2\/pages"}],"about":[{"href":"https:\/\/www.ericfavre.com\/lifestyle\/es\/wp-json\/wp\/v2\/types\/page"}],"author":[{"embeddable":true,"href":"https:\/\/www.ericfavre.com\/lifestyle\/es\/wp-json\/wp\/v2\/users\/71"}],"replies":[{"embeddable":true,"href":"https:\/\/www.ericfavre.com\/lifestyle\/es\/wp-json\/wp\/v2\/comments?post=2143"}],"version-history":[{"count":6,"href":"https:\/\/www.ericfavre.com\/lifestyle\/es\/wp-json\/wp\/v2\/pages\/2143\/revisions"}],"predecessor-version":[{"id":2185,"href":"https:\/\/www.ericfavre.com\/lifestyle\/es\/wp-json\/wp\/v2\/pages\/2143\/revisions\/2185"}],"up":[{"embeddable":true,"href":"https:\/\/www.ericfavre.com\/lifestyle\/es\/wp-json\/wp\/v2\/pages\/1849"}],"wp:featuredmedia":[{"embeddable":true,"href":"https:\/\/www.ericfavre.com\/lifestyle\/es\/wp-json\/wp\/v2\/media\/33769"}],"wp:attachment":[{"href":"https:\/\/www.ericfavre.com\/lifestyle\/es\/wp-json\/wp\/v2\/media?parent=2143"}],"curies":[{"name":"wp","href":"https:\/\/api.w.org\/{rel}","templated":true}]}}