{"id":21645,"date":"2021-06-23T19:19:21","date_gmt":"2021-06-23T17:19:21","guid":{"rendered":"https:\/\/www.ericfavre.com\/lifestyle\/es\/?page_id=21645"},"modified":"2021-09-16T11:31:01","modified_gmt":"2021-09-16T09:31:01","slug":"entrenamiento-exentrico","status":"publish","type":"page","link":"https:\/\/www.ericfavre.com\/lifestyle\/es\/bienvenida\/musculacion\/anatomia-metodos-y-ejercicios-de-musculacion\/metodo-de-entrenamiento-con-pesas\/los-diferentes-tipos-de-contracciones-musculares\/entrenamiento-exentrico\/","title":{"rendered":"ENTRENAMIENTO EXENTRICO"},"content":{"rendered":"\t\t<div data-elementor-type=\"wp-page\" data-elementor-id=\"21645\" class=\"elementor elementor-21645\" data-elementor-settings=\"[]\">\n\t\t\t\t\t\t\t<div class=\"elementor-section-wrap\">\n\t\t\t\t\t\t\t<section class=\"penci-section penci-disSticky penci-structure-10 elementor-section elementor-top-section elementor-element elementor-element-0f193c8 elementor-section-boxed elementor-section-height-default elementor-section-height-default\" data-id=\"0f193c8\" data-element_type=\"section\">\n\t\t\t\t\t\t<div class=\"elementor-container elementor-column-gap-default\">\n\t\t\t\t\t<div class=\"penci-ercol-100 penci-ercol-order-1 penci-sticky-ct  elementor-column elementor-col-100 elementor-top-column elementor-element elementor-element-224b917\" data-id=\"224b917\" data-element_type=\"column\">\n\t\t\t<div class=\"elementor-widget-wrap elementor-element-populated\">\n\t\t\t\t\t\t\t\t<div class=\"elementor-element elementor-element-85078d5 elementor-widget elementor-widget-html\" data-id=\"85078d5\" data-element_type=\"widget\" data-widget_type=\"html.default\">\n\t\t\t\t<div class=\"elementor-widget-container\">\n\t\t\t<p>\r\n      El trabajo exc\u00e9ntrico es la tercera fase de un ejercicio de \r\n      entrenamiento de fuerza, despu\u00e9s de la fase conc\u00e9ntrica y la fase \r\n      est\u00e1tica. Tambi\u00e9n se denomina fase negativa. Se caracteriza por un \r\n      retorno de la<b>contracci\u00f3n<\/b>&nbsp;a la fase de elongaci\u00f3n. Si durante la \r\n      contracci\u00f3n conc\u00e9ntrica el m\u00fasculo se acorta para producir fuerza, \r\n      durante la contracci\u00f3n exc\u00e9ntrica se contrae alej\u00e1ndose de los puntos de \r\n      inserci\u00f3n. Como resultado, se contrae mientras se estira. Si durante el \r\n      trabajo conc\u00e9ntrico el m\u00fasculo empuja una carga, durante el trabajo \r\n      exc\u00e9ntrico se limita a retener la carga para no dejarla caer, con el \r\n      objetivo de ralentizar el estiramiento del m\u00fasculo en cuesti\u00f3n.\r\n    <\/p>\r\n    <p>\r\n      En contra de la creencia popular, la fase exc\u00e9ntrica es a\u00fan m\u00e1s dif\u00edcil \r\n      que las otras fases de la musculaci\u00f3n. Durante el entrenamiento \r\n      exc\u00e9ntrico, la musculatura explota todo su potencial. El trabajo \r\n      exc\u00e9ntrico ayuda a optimizar la ganancia de fuerza y el r\u00e1pido \r\n      desarrollo de los m\u00fasculos.\r\n    <\/p>\r\n    <h2>\r\n      \u00bfCu\u00e1les son las ventajas de la contracci\u00f3n exc\u00e9ntrica en la musculaci\u00f3n?\r\n    <\/h2>\r\n    &nbsp;\r\n\r\n    <p>\r\n      El trabajo exc\u00e9ntrico proporciona varios beneficios al deportista, por \r\n      ello, varias salas de formaci\u00f3n no dudan en incluirlo en su programa de \r\n      formaci\u00f3n. Este m\u00e9todo ya ha demostrado su eficacia.\r\n    <\/p>\r\n    <p>\r\n      Los ejercicios de contracci\u00f3n exc\u00e9ntrica no s\u00f3lo utilizan los m\u00fasculos, \r\n      tambi\u00e9n afectan a las fibras musculares. Por ello, este m\u00e9todo se \r\n      utiliza para aliviar el dolor de las dolencias y las contracturas. El \r\n      m\u00e9todo de contracci\u00f3n tambi\u00e9n es una t\u00e9cnica muy beneficiosa para ayudar \r\n      al atleta a ganar fuerza. El m\u00fasculo se somete a una tensi\u00f3n a\u00fan mayor \r\n      durante el trabajo exc\u00e9ntrico. Es posible agotarlo m\u00e1s f\u00e1cilmente que \r\n      durante una contracci\u00f3n conc\u00e9ntrica. La actividad f\u00edsica es entonces m\u00e1s \r\n      intensa, lo que ayuda al deportista a ganar fuerza y tono.\r\n    <\/p>\r\n    <p>\r\n      Sin embargo, hay que tener mucho cuidado al realizar un entrenamiento \r\n      exc\u00e9ntrico. Al requerir m\u00e1s fuerza, este m\u00e9todo puede cansar al atleta \r\n      muy r\u00e1pidamente, y requiere mucho tiempo de recuperaci\u00f3n para que los \r\n      m\u00fasculos y las articulaciones no se da\u00f1en, adem\u00e1s, el entrenamiento \r\n      exc\u00e9ntrico no debe utilizarse solo. Debe ir acompa\u00f1ado de un m\u00e9todo \r\n      conc\u00e9ntrico para optimizar el resultado.\r\n    <\/p>\r\n    <h2>\r\n      Ejemplo de trabajo exc\u00e9ntrico\r\n    <\/h2>\r\n    &nbsp;\r\n\r\n    <p>\r\n      El descenso es un trabajo exc\u00e9ntrico muy eficaz, que puede ser realizado \r\n      por todos los deportistas. Para que los m\u00fasculos afectados trabajen, hay \r\n      que intentar reducir la velocidad durante el ejercicio. De este modo, la \r\n      fuerza de contracci\u00f3n del m\u00fasculo es menor que la fuerza de resistencia \r\n      que empuja hacia delante. Los movimientos deben ser t\u00e9cnicamente \r\n      correctos para evitar accidentes y para que los m\u00fasculos que se relajan \r\n      con el peso apliquen m\u00e1s fuerza.\r\n    <\/p>\r\n    <p>\r\n      La sentadilla es tambi\u00e9n un trabajo de contracci\u00f3n exc\u00e9ntrica que puede \r\n      realizarse en cualquier lugar. Cuando doblas las piernas e intentas \r\n      bajar los gl\u00fateos al suelo, los m\u00fasculos implicados se contraen \r\n      exc\u00e9ntricamente. Hay que intentar hacer el ejercicio de forma lenta y \r\n      correcta para optimizar el resultado, el objetivo es conservar la \r\n      relajaci\u00f3n.\r\n    <\/p>\r\n    <p>\r\n      Si eres nuevo en el entrenamiento con pesas, intenta optar por \r\n      ejercicios m\u00e1s f\u00e1ciles, ya sean conc\u00e9ntricos o exc\u00e9ntricos. Los m\u00fasculos \r\n      deben acostumbrarse a estas t\u00e9cnicas antes de intensificar el ritmo.\r\n    <\/p>\t\t<\/div>\n\t\t\t\t<\/div>\n\t\t\t\t\t<\/div>\n\t\t<\/div>\n\t\t\t\t\t\t\t<\/div>\n\t\t<\/section>\n\t\t\t\t\t\t<\/div>\n\t\t\t\t\t<\/div>\n\t\t","protected":false},"excerpt":{"rendered":"<p>El trabajo exc\u00e9ntrico es la tercera fase de un ejercicio de entrenamiento de fuerza, despu\u00e9s&hellip;<\/p>\n","protected":false},"author":71,"featured_media":31942,"parent":21596,"menu_order":0,"comment_status":"closed","ping_status":"closed","template":"template_ES.php","meta":[],"_links":{"self":[{"href":"https:\/\/www.ericfavre.com\/lifestyle\/es\/wp-json\/wp\/v2\/pages\/21645"}],"collection":[{"href":"https:\/\/www.ericfavre.com\/lifestyle\/es\/wp-json\/wp\/v2\/pages"}],"about":[{"href":"https:\/\/www.ericfavre.com\/lifestyle\/es\/wp-json\/wp\/v2\/types\/page"}],"author":[{"embeddable":true,"href":"https:\/\/www.ericfavre.com\/lifestyle\/es\/wp-json\/wp\/v2\/users\/71"}],"replies":[{"embeddable":true,"href":"https:\/\/www.ericfavre.com\/lifestyle\/es\/wp-json\/wp\/v2\/comments?post=21645"}],"version-history":[{"count":6,"href":"https:\/\/www.ericfavre.com\/lifestyle\/es\/wp-json\/wp\/v2\/pages\/21645\/revisions"}],"predecessor-version":[{"id":21687,"href":"https:\/\/www.ericfavre.com\/lifestyle\/es\/wp-json\/wp\/v2\/pages\/21645\/revisions\/21687"}],"up":[{"embeddable":true,"href":"https:\/\/www.ericfavre.com\/lifestyle\/es\/wp-json\/wp\/v2\/pages\/21596"}],"wp:featuredmedia":[{"embeddable":true,"href":"https:\/\/www.ericfavre.com\/lifestyle\/es\/wp-json\/wp\/v2\/media\/31942"}],"wp:attachment":[{"href":"https:\/\/www.ericfavre.com\/lifestyle\/es\/wp-json\/wp\/v2\/media?parent=21645"}],"curies":[{"name":"wp","href":"https:\/\/api.w.org\/{rel}","templated":true}]}}