{"id":2192,"date":"2021-06-03T19:47:06","date_gmt":"2021-06-03T17:47:06","guid":{"rendered":"https:\/\/www.ericfavre.com\/lifestyle\/es\/?page_id=2192"},"modified":"2021-12-28T16:04:47","modified_gmt":"2021-12-28T15:04:47","slug":"los-diferentes-tipos-de-aminoacidos","status":"publish","type":"page","link":"https:\/\/www.ericfavre.com\/lifestyle\/es\/bienvenida\/nutricion-deportiva\/complementos-alimenticios\/complementos-alimenticios-segun-sus-objetivos-deportivos\/los-diferentes-tipos-de-aminoacidos\/","title":{"rendered":"LOS DIFERENTES TIPOS DE AMINO\u00c1CIDOS"},"content":{"rendered":"\t\t<div data-elementor-type=\"wp-page\" data-elementor-id=\"2192\" class=\"elementor elementor-2192\" data-elementor-settings=\"[]\">\n\t\t\t\t\t\t\t<div class=\"elementor-section-wrap\">\n\t\t\t\t\t\t\t<section class=\"penci-section penci-disSticky penci-structure-10 elementor-section elementor-top-section elementor-element elementor-element-44a0dc3 elementor-section-boxed elementor-section-height-default elementor-section-height-default\" data-id=\"44a0dc3\" data-element_type=\"section\">\n\t\t\t\t\t\t<div class=\"elementor-container elementor-column-gap-default\">\n\t\t\t\t\t<div class=\"penci-ercol-100 penci-ercol-order-1 penci-sticky-ct  elementor-column elementor-col-100 elementor-top-column elementor-element elementor-element-6df7e73\" data-id=\"6df7e73\" data-element_type=\"column\">\n\t\t\t<div class=\"elementor-widget-wrap elementor-element-populated\">\n\t\t\t\t\t\t\t\t<div class=\"elementor-element elementor-element-390ca62 elementor-widget elementor-widget-html\" data-id=\"390ca62\" data-element_type=\"widget\" data-widget_type=\"html.default\">\n\t\t\t\t<div class=\"elementor-widget-container\">\n\t\t\t<p>\r\n      Los amino\u00e1cidos son mol\u00e9culas que entran en la composici\u00f3n de las \r\n      prote\u00ednas. Son fundamentales en el funcionamiento del cuerpo humano, por \r\n      eso suelen ser un complemento alimenticio ideal para los deportistas. En \r\n      general, su funci\u00f3n es transportar y almacenar todos los nutrientes, \r\n      como agua, l\u00edpidos, prote\u00ednas, carbohidratos, vitaminas y minerales.\r\n    <\/p>\r\n    <p>\r\n      Antes de enumerar los diferentes tipos de amino\u00e1cidos, es necesario \r\n      hacer una aclaraci\u00f3n. Los amino\u00e1cidos se dividen en 2 grupos: no \r\n      esenciales y esenciales.\r\n    <\/p>\r\n    <h2>\r\n      Amino\u00e1cidos esenciales\r\n    <\/h2>\r\n    <p>\r\n      Hay un total de 9 amino\u00e1cidos esenciales. Se dice que son esenciales \r\n      porque el cuerpo es incapaz de producirlos por s\u00ed mismo, por lo tanto, \r\n      es obligatorio encontrarlos a trav\u00e9s de los alimentos.\r\n    <\/p>\r\n    <ul>\r\n      <li>\r\n        Leucina: desempe\u00f1a un papel muy importante en el culturismo, ya que \r\n        participa en la reconstrucci\u00f3n muscular, tambi\u00e9n participa en la \r\n        regeneraci\u00f3n de tejidos y huesos. Se encuentra principalmente en la \r\n        carne roja, el pavo o el at\u00fan.\r\n      <\/li>\r\n      <li>\r\n        Isoleucina: permite a los m\u00fasculos recuperarse despu\u00e9s de un esfuerzo \r\n        f\u00edsico. La isoleucina tambi\u00e9n favorece el transporte de gl\u00f3bulos rojos \r\n        y, por tanto, de ox\u00edgeno en el organismo. Se encuentra en las \r\n        verduras, los frutos secos o en los cereales integrales.\r\n      <\/li>\r\n      <li>\r\n        Valina: es una fuente de energ\u00eda para los m\u00fasculos, mejora su \r\n        recuperaci\u00f3n, pero tambi\u00e9n es un estimulante para el sistema nervioso. \r\n        Se encuentra principalmente en la carne y los productos l\u00e1cteos.\r\n      <\/li>\r\n      <li>\r\n        Lisina: interviene en el desarrollo \u00f3seo y participa en la secreci\u00f3n \r\n        de anticuerpos y col\u00e1geno. La lisina se encuentra en la carne, la \r\n        leche, los huevos, las legumbres, etc.\r\n      <\/li>\r\n      <li>\r\n        Metionina: participa en la s\u00edntesis de prote\u00ednas y desempe\u00f1a un papel \r\n        en la supervivencia celular. La metionina est\u00e1 presente en los huevos, \r\n        la carne, la soja...(tambi\u00e9n forma<b>taurina<\/b>).\r\n      <\/li>\r\n      <li>\r\n        Tript\u00f3fano: participa en la secreci\u00f3n de serotonina y melatonina, una \r\n        deficiencia puede provocar un peligroso problema de humor (serotonina) \r\n        y\/o de sue\u00f1o (melatonina). El pescado o los frutos secos son alimentos \r\n        ricos en tript\u00f3fano.\r\n      <\/li>\r\n      <li>\r\n        Treonina: es un amino\u00e1cido esencial en la regulaci\u00f3n del colesterol en \r\n        la sangre. La treonina se encuentra en abundancia en la trucha, la \r\n        ternera o el pulpo.\r\n      <\/li>\r\n      <li>\r\n        La Fenilalanina: desempe\u00f1a un papel en el sistema nervioso, aliviando \r\n        el dolor y participando en la s\u00edntesis de ciertos neurotransmisores. \r\n        La fenilalanina tambi\u00e9n es un estimulante intelectual, se encuentra en \r\n        el pescado, la carne y algunos productos l\u00e1cteos.\r\n      <\/li>\r\n      <li>\r\n        Tirosina: interviene en la gesti\u00f3n del estr\u00e9s: estimula la producci\u00f3n \r\n        de dopamina, adrenalina y noradrenalina. La tirosina se encuentra en \r\n        muchos alimentos como las aves de corral, las almendras, los pl\u00e1tanos, \r\n        los aguacates...\r\n      <\/li>\r\n    <\/ul>\r\n    <h2>\r\n      Amino\u00e1cidos en los ni\u00f1os\r\n    <\/h2>\r\n    <ul>\r\n      <li>\r\n        Histidina: esencial s\u00f3lo en los lactantes, que la encuentran en la \r\n        leche materna, la histidina une el cobre y el zinc, es esencial para \r\n        el buen funcionamiento del sistema inmunitario. Participa en la \r\n        producci\u00f3n de gl\u00f3bulos rojos y blancos, protege los nervios y limita \r\n        los riesgos de alergia.\r\n      <\/li>\r\n    <\/ul>\r\n    <h2>\r\n      Amino\u00e1cidos no esenciales\r\n    <\/h2>\r\n    <p>\r\n      A diferencia de los mencionados anteriormente, los amino\u00e1cidos no \r\n      esenciales son sintetizados por el cuerpo humano, sin embargo, si su \r\n      producci\u00f3n es muy baja, pueden encontrarse en los alimentos.\r\n    <\/p>\r\n    <ul>\r\n      <li>\r\n        Arginina: desempe\u00f1a un papel en el sistema inmunitario, pero sobre \r\n        todo favorece la secreci\u00f3n de hormonas de crecimiento, adem\u00e1s, es un \r\n        vaso-dilatador natural: dilatar\u00e1 la pared de los vasos sangu\u00edneos y \r\n        provocar\u00e1 un aumento del flujo sangu\u00edneo.\r\n      <\/li>\r\n      <li>\r\n        Ciste\u00edna: aunque est\u00e9 presente en peque\u00f1as cantidades en las \r\n        prote\u00ednas, la ciste\u00edna desempe\u00f1a un papel importante en la s\u00edntesis de \r\n        la melanina (piel y cabello), pero tambi\u00e9n tiene un papel \r\n        antiinflamatorio.\r\n      <\/li>\r\n      <li>\r\n        Alanina: es un neurotransmisor que proporciona la energ\u00eda necesaria \r\n        para el funcionamiento del h\u00edgado.\r\n      <\/li>\r\n      <li>\r\n        Asparagina: participa en el buen funcionamiento del sistema nervioso.\r\n      <\/li>\r\n      <li>\r\n        Glutamina: muy \u00fatil en el culturismo, desempe\u00f1a un papel en la \r\n        s\u00edntesis de prote\u00ednas, lo que significa que se utiliza durante la \r\n        contracci\u00f3n muscular, tiene un efecto anab\u00f3lico que provoca el aumento \r\n        y la expansi\u00f3n de las c\u00e9lulas musculares, ayuda a mantener la barrera \r\n        intestinal.\r\n      <\/li>\r\n      <li>\r\n        Glicina: tiene muchas funciones en el organismo (neuromediador, \r\n        desintoxicante, antioxidante...)\r\n      <\/li>\r\n      <li>\r\n        Prolina: permite la s\u00edntesis del col\u00e1geno, una prote\u00edna que da \r\n        resistencia a la piel, los tendones y las articulaciones.\r\n      <\/li>\r\n      <li>\r\n        \u00c1cido asp\u00e1rtico: este amino\u00e1cido participa en lo que se denomina el \r\n        ciclo de la urea, esto significa que permite que los productos de \r\n        desecho de las prote\u00ednas producidas por el h\u00edgado sean &quot;clasificados&quot; \r\n        para que puedan ser filtrados por los ri\u00f1ones y finalmente eliminados \r\n        en la orina.\r\n      <\/li>\r\n      <li>\r\n        \u00c1cido glut\u00e1mico: es un neurotransmisor que estimula el sistema \r\n        nervioso central, un exceso de \u00e1cido glut\u00e1mico en la sangre puede \r\n        da\u00f1ar las neuronas y provocar ataques epil\u00e9pticos.\r\n      <\/li>\r\n      <li>\r\n        Serina: es un amino\u00e1cido muy com\u00fan en las prote\u00ednas y tiene un papel \r\n        importante en los sistemas nervioso e inmunitario.\r\n      <\/li>\r\n    <\/ul>\r\n    <h2>\r\n      Los amino\u00e1cidos en la musculaci\u00f3n\r\n    <\/h2>\r\n    <p>\r\n      Por supuesto, no debes centrarte en todos estos amino\u00e1cidos; la mayor\u00eda \r\n      de ellos se encuentran en sus comidas diarias. En el culturismo, los \r\n      amino\u00e1cidos m\u00e1s importantes son la leucina, la isoleucina y la valina, \r\n      que son los amino\u00e1cidos que componen la mayor\u00eda de los suplementos \r\n      diet\u00e9ticos llamados<b>BCAA<\/b>, de hecho, a partir de estos tres \r\n      amino\u00e1cidos, el cuerpo humano puede sintetizar glucosa. La <b>glutamina<\/b>&nbsp;&nbsp;y \r\n      la <b>arginina<\/b>&nbsp;tambi\u00e9n se utilizan regularmente y otros como la <b>teanina<\/b>, \r\n      el HMB, o el \u00e1cido asp\u00e1rtico\r\n    <\/p>\t\t<\/div>\n\t\t\t\t<\/div>\n\t\t\t\t\t<\/div>\n\t\t<\/div>\n\t\t\t\t\t\t\t<\/div>\n\t\t<\/section>\n\t\t\t\t\t\t<\/div>\n\t\t\t\t\t<\/div>\n\t\t","protected":false},"excerpt":{"rendered":"<p>Los amino\u00e1cidos son mol\u00e9culas que entran en la composici\u00f3n de las prote\u00ednas. Son fundamentales en&hellip;<\/p>\n","protected":false},"author":71,"featured_media":33776,"parent":421,"menu_order":0,"comment_status":"closed","ping_status":"closed","template":"template_ES.php","meta":[],"_links":{"self":[{"href":"https:\/\/www.ericfavre.com\/lifestyle\/es\/wp-json\/wp\/v2\/pages\/2192"}],"collection":[{"href":"https:\/\/www.ericfavre.com\/lifestyle\/es\/wp-json\/wp\/v2\/pages"}],"about":[{"href":"https:\/\/www.ericfavre.com\/lifestyle\/es\/wp-json\/wp\/v2\/types\/page"}],"author":[{"embeddable":true,"href":"https:\/\/www.ericfavre.com\/lifestyle\/es\/wp-json\/wp\/v2\/users\/71"}],"replies":[{"embeddable":true,"href":"https:\/\/www.ericfavre.com\/lifestyle\/es\/wp-json\/wp\/v2\/comments?post=2192"}],"version-history":[{"count":7,"href":"https:\/\/www.ericfavre.com\/lifestyle\/es\/wp-json\/wp\/v2\/pages\/2192\/revisions"}],"predecessor-version":[{"id":35608,"href":"https:\/\/www.ericfavre.com\/lifestyle\/es\/wp-json\/wp\/v2\/pages\/2192\/revisions\/35608"}],"up":[{"embeddable":true,"href":"https:\/\/www.ericfavre.com\/lifestyle\/es\/wp-json\/wp\/v2\/pages\/421"}],"wp:featuredmedia":[{"embeddable":true,"href":"https:\/\/www.ericfavre.com\/lifestyle\/es\/wp-json\/wp\/v2\/media\/33776"}],"wp:attachment":[{"href":"https:\/\/www.ericfavre.com\/lifestyle\/es\/wp-json\/wp\/v2\/media?parent=2192"}],"curies":[{"name":"wp","href":"https:\/\/api.w.org\/{rel}","templated":true}]}}