{"id":22086,"date":"2021-06-23T19:28:10","date_gmt":"2021-06-23T17:28:10","guid":{"rendered":"https:\/\/www.ericfavre.com\/lifestyle\/es\/?page_id=22086"},"modified":"2021-09-30T17:16:51","modified_gmt":"2021-09-30T15:16:51","slug":"culturismo-para-quien","status":"publish","type":"page","link":"https:\/\/www.ericfavre.com\/lifestyle\/es\/bienvenida\/musculacion\/culturismo-para-quien\/","title":{"rendered":"CULTURISMO \u00bfPARA QUI\u00c9N?"},"content":{"rendered":"\t\t<div data-elementor-type=\"wp-page\" data-elementor-id=\"22086\" class=\"elementor elementor-22086\" data-elementor-settings=\"[]\">\n\t\t\t\t\t\t\t<div class=\"elementor-section-wrap\">\n\t\t\t\t\t\t\t<section class=\"penci-section penci-disSticky penci-structure-10 elementor-section elementor-top-section elementor-element elementor-element-42b0115 elementor-section-boxed elementor-section-height-default elementor-section-height-default\" data-id=\"42b0115\" data-element_type=\"section\">\n\t\t\t\t\t\t<div class=\"elementor-container elementor-column-gap-default\">\n\t\t\t\t\t<div class=\"penci-ercol-100 penci-ercol-order-1 penci-sticky-ct  elementor-column elementor-col-100 elementor-top-column elementor-element elementor-element-0618093\" data-id=\"0618093\" data-element_type=\"column\">\n\t\t\t<div class=\"elementor-widget-wrap elementor-element-populated\">\n\t\t\t\t\t\t\t\t<div class=\"elementor-element elementor-element-423efcf elementor-widget elementor-widget-image\" data-id=\"423efcf\" data-element_type=\"widget\" data-widget_type=\"image.default\">\n\t\t\t\t<div class=\"elementor-widget-container\">\n\t\t\t\t\t\t\t\t\t\t\t\t\t\t\t<img src=\"https:\/\/www.ericfavre.com\/lifestyle\/es\/wp-content\/uploads\/sites\/8\/2021\/07\/musculation-pour-qui.jpg\" title=\"\" alt=\"\" \/>\t\t\t\t\t\t\t\t\t\t\t\t\t\t\t<\/div>\n\t\t\t\t<\/div>\n\t\t\t\t<div class=\"elementor-element elementor-element-2573e2c elementor-widget elementor-widget-html\" data-id=\"2573e2c\" data-element_type=\"widget\" data-widget_type=\"html.default\">\n\t\t\t\t<div class=\"elementor-widget-container\">\n\t\t\t<p>\r\n      El entrenamiento con pesas es una disciplina realmente indispensable \r\n      para el mantenimiento del cuerpo. Como los m\u00fasculos engordan las fuerzas \r\n      para la movilidad de nuestro cuerpo as\u00ed como la resistencia en las \r\n      actividades f\u00edsicas, siempre es importante mantener su flexibilidad, \r\n      adem\u00e1s, mediante el entrenamiento muscular tambi\u00e9n podemos retrasar la \r\n      vejez porque nos mantiene en forma o mejora nuestro aspecto f\u00edsico.\r\n    <\/p>\r\n    <h2>\r\n      \u00bfPARA QUI\u00c9N ES EL ENTRENAMIENTO CON PESAS ?\r\n    <\/h2>\r\n    <p>\r\n      El entrenamiento con pesas se percibe como una actividad f\u00edsica s\u00f3lo \r\n      para j\u00f3venes, porque ya no es posible esculpir una buena forma a los \r\n      cuarenta a\u00f1os, sin embargo, sigue siendo practicable para las personas \r\n      de m\u00e1s de 40 a\u00f1os, porque siempre se puede mejorar la forma. En efecto, \r\n      sigue siendo esencial dominar los ejercicios adaptados a esta edad y las \r\n      diferentes reglas que deben adoptarse durante la pr\u00e1ctica de la \r\n      musculaci\u00f3n.\r\n    <\/p>\r\n    <p>\r\n      Del mismo modo, los menores tambi\u00e9n pueden iniciar actividades de \r\n      musculaci\u00f3n, pero necesitan m\u00e1s supervisi\u00f3n. Para evitar traumas en los \r\n      m\u00fasculos de un cuerpo en crecimiento, es importante limitar los \r\n      ejercicios musculares a edades m\u00e1s tempranas, por este motivo, es \r\n      necesario el entrenamiento antes de los 18 a\u00f1os, para aconsejar sobre \r\n      los mejores ejercicios a realizar y los comportamientos correctos a \r\n      adoptar para obtener los beneficios del entrenamiento de fuerza.\r\n    <\/p>\r\n    <p>\r\n      Adem\u00e1s<b>los modelos de moda y de fitness<\/b>&nbsp;son seguramente los \u00eddolos y \r\n      a\u00fan m\u00e1s las motivaciones de la mayor\u00eda de los practicantes de \r\n      culturismo, algunas personas se preguntar\u00e1n para qu\u00e9 se entrenan para \r\n      conseguir un cuerpo tan impecable. Tanto si se trata de una modelo de \r\n      moda como de una modelo de fitness, ambas tienen entrenamientos \r\n      espec\u00edficos para mantenerse secas durante todo el a\u00f1o, en el caso de las \r\n      modelos de moda, y para mantener su f\u00edsico durante todo el a\u00f1o, en el \r\n      caso de las modelos de fitness. A la par del entrenamiento, cada uno \r\n      tiene su propio estilo de vida para mantener su f\u00edsico.\r\n    <\/p>\r\n    <p>\r\n      Ante todo esto, hay quienes hacen culturismo para parecerse a sus \r\n      modelos, pero hay quienes piensan que no pueden hacer nada y se \r\n      conforman con admirar, estos \u00faltimos son <b>las personas con \r\n      discapacidades.<\/b>&nbsp;Este tipo de personas pueden tener discapacidades \r\n      f\u00edsicas o mentales que les impiden seguir actividades f\u00edsicas, sin \r\n      embargo, necesitan el deporte tanto como las personas sanas para superar \r\n      las dificultades que pueden encontrar en la vida cotidiana, ya que la \r\n      ganancia de fuerza les permite ser m\u00e1s activos. Especialmente las \r\n      personas con discapacidades f\u00edsicas pueden recuperar su autoestima en la \r\n      vida a trav\u00e9s del deporte, para las personas con discapacidades mentales \r\n      como el autismo, pueden descubrir otras experiencias de aprendizaje, \r\n      como las habilidades sensoriales y motoras, por lo tanto, el deporte \r\n      puede hacer que las personas discapacitadas sean m\u00e1s aut\u00f3nomas, les \r\n      aporta un enfoque de confianza, estimulante y alentador, pero las \r\n      actividades deben adaptarse efectivamente a las facultades de los \r\n      discapacitados. Antes de empezar a hacer deporte, las personas con \r\n      discapacidad deben estar acompa\u00f1adas por acciones educativas que les \r\n      ayuden a dar el paso.\r\n    <\/p>\r\n    <p>\r\n      Para todos, la primera entrada en un gimnasio no es muy evidente. La \r\n      elecci\u00f3n de la metodolog\u00eda correcta, la elecci\u00f3n de los ejercicios \r\n      adecuados y la capacidad de realizarlos pueden ser fuentes de estr\u00e9s, de \r\n      hecho, es importante entonces controlar este estado emocional para \r\n      lograr los objetivos. Hay que estar preparado, ya que hay que tener en \r\n      cuenta las metodolog\u00edas tanto para el profesional como para el educador \r\n      con el fin de superar estas barreras, tambi\u00e9n es \u00fatil conocer la \r\n      elecci\u00f3n de los ejercicios para la primera sesi\u00f3n, en particular, un <b>principiante<\/b>&nbsp;&nbsp;no \r\n      deber\u00eda precipitarse tambi\u00e9n desde la primera sesi\u00f3n de entrenamiento \r\n      con pesas. El n\u00famero de ejercicios, la secuencia de los mismos y la \r\n      autonom\u00eda de los movimientos siguen siendo algunos de los aspectos \r\n      esenciales que hay que conocer antes de entrar por primera vez en un \r\n      gimnasio.\r\n    <\/p>\r\n    <p>\r\n      En la actualidad, las<b>mujeres<\/b>&nbsp;se han vuelto cada vez m\u00e1s valientes \r\n      en la pr\u00e1ctica del deporte, est\u00e1n presentes en casi todas las \r\n      disciplinas deportivas. Conscientes de las ventajas que les ofrece el \r\n      deporte, no s\u00f3lo en el aspecto f\u00edsico y morfol\u00f3gico, sino tambi\u00e9n a \r\n      nivel de su salud fisiol\u00f3gica. Los hombres suelen ser los m\u00e1s aclamados \r\n      en el \u00e1mbito del deporte, pero las mujeres tambi\u00e9n tienen ventajas en la \r\n      realizaci\u00f3n de determinados ejercicios. Entre las grandes ventajas de \r\n      las mujeres est\u00e1 la flexibilidad de las articulaciones, que les permite \r\n      realizar diferentes movimientos, pero adem\u00e1s, son m\u00e1s fuertes en el \r\n      trabajo de resistencia, a pesar de estas importantes capacidades, las \r\n      mujeres tambi\u00e9n tienen debilidades que pueden ser l\u00edmites en la pr\u00e1ctica \r\n      del deporte. Por la noche, la fragilidad \u00f3sea y la baja masa muscular \r\n      son m\u00e1s dominantes en las mujeres, pero en principio, la pr\u00e1ctica del \r\n      deporte tiene muchas ventajas para las mujeres, como el control de su \r\n      cuerpo, la adquisici\u00f3n de experiencia social a trav\u00e9s de las \r\n      competiciones y muchas otras. Las mujeres son muy activas desde la \r\n      adolescencia para brillar en la sociedad a trav\u00e9s del deporte, pero a \r\n      medida que madura, se producen cambios en su morfolog\u00eda. En general, a \r\n      partir de los 30 a los 40 a\u00f1os, los ejercicios f\u00edsicos que ejercen las \r\n      mujeres deben adaptarse en relaci\u00f3n con los cambios que se producen.\r\n    <\/p>\r\n    <p>\r\n      Es por esta causa que es importante hablar del deporte <b>para mayores<\/b>porque \r\n      el deporte no es s\u00f3lo para los j\u00f3venes.&nbsp;Mantener la pr\u00e1ctica del deporte \r\n      en la edad adulta es muy interesante para frenar los diversos perjuicios \r\n      del envejecimiento. No debemos olvidar que la capacidad f\u00edsica ya no \r\n      estar\u00e1 al mismo nivel que la que ten\u00edamos en las edades j\u00f3venes, por \r\n      eso, antes de cualquier ejercicio, es realmente obligatorio evaluar las \r\n      aptitudes atl\u00e9ticas para elegir los ejercicios adaptados al perfil \r\n      f\u00edsico. Lo m\u00e1s frecuente es que los ejercicios cl\u00e1sicos sean los m\u00e1s \r\n      recomendados para las personas mayores.&nbsp;La evaluaci\u00f3n del estado de \r\n      salud y el respeto de las instrucciones de los profesionales son tambi\u00e9n \r\n      puntos a tener en cuenta para una buena pr\u00e1ctica del deporte. \r\n      Independientemente de la edad, el deporte, como parte de la disciplina \r\n      de ocio, debe ser ante todo una fuente de atracci\u00f3n.\r\n    <\/p>\t\t<\/div>\n\t\t\t\t<\/div>\n\t\t\t\t\t<\/div>\n\t\t<\/div>\n\t\t\t\t\t\t\t<\/div>\n\t\t<\/section>\n\t\t\t\t\t\t<\/div>\n\t\t\t\t\t<\/div>\n\t\t","protected":false},"excerpt":{"rendered":"<p>El entrenamiento con pesas es una disciplina realmente indispensable para el mantenimiento del cuerpo. Como&hellip;<\/p>\n","protected":false},"author":71,"featured_media":32467,"parent":18005,"menu_order":0,"comment_status":"closed","ping_status":"closed","template":"template_ES.php","meta":[],"_links":{"self":[{"href":"https:\/\/www.ericfavre.com\/lifestyle\/es\/wp-json\/wp\/v2\/pages\/22086"}],"collection":[{"href":"https:\/\/www.ericfavre.com\/lifestyle\/es\/wp-json\/wp\/v2\/pages"}],"about":[{"href":"https:\/\/www.ericfavre.com\/lifestyle\/es\/wp-json\/wp\/v2\/types\/page"}],"author":[{"embeddable":true,"href":"https:\/\/www.ericfavre.com\/lifestyle\/es\/wp-json\/wp\/v2\/users\/71"}],"replies":[{"embeddable":true,"href":"https:\/\/www.ericfavre.com\/lifestyle\/es\/wp-json\/wp\/v2\/comments?post=22086"}],"version-history":[{"count":11,"href":"https:\/\/www.ericfavre.com\/lifestyle\/es\/wp-json\/wp\/v2\/pages\/22086\/revisions"}],"predecessor-version":[{"id":35709,"href":"https:\/\/www.ericfavre.com\/lifestyle\/es\/wp-json\/wp\/v2\/pages\/22086\/revisions\/35709"}],"up":[{"embeddable":true,"href":"https:\/\/www.ericfavre.com\/lifestyle\/es\/wp-json\/wp\/v2\/pages\/18005"}],"wp:featuredmedia":[{"embeddable":true,"href":"https:\/\/www.ericfavre.com\/lifestyle\/es\/wp-json\/wp\/v2\/media\/32467"}],"wp:attachment":[{"href":"https:\/\/www.ericfavre.com\/lifestyle\/es\/wp-json\/wp\/v2\/media?parent=22086"}],"curies":[{"name":"wp","href":"https:\/\/api.w.org\/{rel}","templated":true}]}}